{"id":15060,"date":"2025-06-03T15:45:39","date_gmt":"2025-06-03T08:45:39","guid":{"rendered":"https:\/\/serverhot.vn\/-product-\/laptop-lenovo-thinkpad-e14-gen-6-21m7004yvn-intel-core-ultra-7-155h-16gb-512gb-14-inch-wuxga-win-11-den-ma-san-pham-21m7004yvn\/"},"modified":"2025-06-03T15:45:40","modified_gmt":"2025-06-03T08:45:40","slug":"laptop-lenovo-thinkpad-e14-gen-6-21m7004yvn-intel-core-ultra-7-155h-16gb-512gb-14-inch-wuxga-win-11-den-ma-san-pham-21m7004yvn","status":"publish","type":"product","link":"https:\/\/serverhot.vn\/ur\/-product-\/laptop-lenovo-thinkpad-e14-gen-6-21m7004yvn-intel-core-ultra-7-155h-16gb-512gb-14-inch-wuxga-win-11-den-ma-san-pham-21m7004yvn\/","title":{"rendered":"Laptop Lenovo ThinkPad E14 Gen 6 21M7004YVN (Intel Core Ultra 7 155H | 16GB | 512GB | 14 inch WUXGA | Win 11 | \u0110en) M\u00e3 s\u1ea3n ph\u1ea9m: 21M7004YVN"},"content":{"rendered":"<div class=\"showText tabs\" id=\"tab2\">\n<div class=\"box_right_pro_view\">\n<div class=\"thongso_pro a_technical\" style=\"max-height: fit-content\">\n<p>H\u00e3ng s\u1ea3n xu\u1ea5t<\/p>\n<p>\u00a0<\/p>\n<p>Laptop Lenovo<\/p>\n<p>\u00a0<\/p>\n<p>T\u00ean s\u1ea3n ph\u1ea9m\u00a0 \u00a0<\/p>\n<p>\u00a0<\/p>\n<p>Laptop Lenovo ThinkPad E14 Gen 6 21M7004YVN<\/p>\n<p>D\u00f2ng Laptop<\/p>\n<p>\u00a0<\/p>\n<p>Laptop | Lenovo ThinkPad | Laptop V\u0103n Ph\u00f2ng\u00a0\u00a0<\/p>\n<p>\u00a0<\/p>\n<p>B\u1ed9 vi x\u1eed l\u00fd\u00a0<\/p>\n<p>\u00a0<\/p>\n<p>C\u00f4ng ngh\u1ec7 CPU<\/p>\n<p>\u00a0<\/p>\n<p>Intel\u00ae Core\u2122 Ultra 7 155H<\/p>\n<p>\u00a0<\/p>\n<p>S\u1ed1 nh\u00e2n<\/p>\n<p>\u00a0<\/p>\n<p>16<\/p>\n<p>\u00a0<\/p>\n<p>S\u1ed1 lu\u1ed3ng<\/p>\n<p>\u00a0<\/p>\n<p>22<\/p>\n<p>\u00a0<\/p>\n<p>T\u1ed1c \u0111\u1ed9 t\u1ed1i \u0111a<\/p>\n<p>\u00a0<\/p>\n<p>4.8GHz<\/p>\n<p>\u00a0<\/p>\n<p>B\u1ed9 nh\u1edb \u0111\u1ec7m<\/p>\n<p>\u00a0<\/p>\n<p>24 MB<\/p>\n<p>\u00a0<\/p>\n<p>B\u1ed9 nh\u1edb trong (RAM)<\/p>\n<p>\u00a0<\/p>\n<p>RAM<\/p>\n<p>\u00a0<\/p>\n<p>2x 8GB SO-DIMM DDR5-5600<\/p>\n<p>\u00a0<\/p>\n<p>Lo\u1ea1i RAM<\/p>\n<p>\u00a0<\/p>\n<p>DDR5<\/p>\n<p>\u00a0<\/p>\n<p>T\u1ed1c \u0111\u1ed9 Bus RAM<\/p>\n<p>\u00a0<\/p>\n<p>5600Hz<\/p>\n<p>\u00a0<\/p>\n<p>S\u1ed1 khe c\u1eafm<\/p>\n<p>\u00a0<\/p>\n<p>2 khe<\/p>\n<p>\u00a0<\/p>\n<p>H\u1ed7 tr\u1ee3 RAM t\u1ed1i \u0111a<\/p>\n<p>\u00a0<\/p>\n<p>Up to 64GB DDR5-5600<\/p>\n<p>\u00a0<\/p>\n<p>\u1ed4 c\u1ee9ng\u00a0<\/p>\n<p>\u00a0<\/p>\n<p>Dung l\u01b0\u1ee3ng<\/p>\n<p>\u00a0<\/p>\n<p>512GB SSD M.2 2242 PCIe\u00ae 4.0&#215;4 NVMe\u00ae Opal 2.0<\/p>\n<p>\u00a0<\/p>\n<p>T\u1ed1c \u0111\u1ed9 v\u00f2ng quay<\/p>\n<p>\u00a0<\/p>\n<p>\u00a0<\/p>\n<p>\u00a0<\/p>\n<p>Khe c\u1eafm SSD m\u1edf r\u1ed9ng<\/p>\n<p>\u00a0<\/p>\n<p>Up to two drives, 2x M.2 SSD<\/p>\n<p>\u00a0<\/p>\n<p>\u2022 M.2 2242 SSD up to 1TB<\/p>\n<p>\u00a0<\/p>\n<p>\u2022 M.2 2280 SSD up to 1TB<\/p>\n<p>\u00a0<\/p>\n<p>\u1ed4 \u0111\u0129a quang (ODD)\u00a0<\/p>\n<p>\u00a0<\/p>\n<p>Kh\u00f4ng c\u00f3<\/p>\n<p>\u00a0<\/p>\n<p>M\u00e0n h\u00ecnh<\/p>\n<p>\u00a0<\/p>\n<p>K\u00edch th\u01b0\u1edbc m\u00e0n h\u00ecnh<\/p>\n<p>\u00a0<\/p>\n<p>14 inch\u00a0<\/p>\n<p>\u00a0<\/p>\n<p>\u0110\u1ed9 ph\u00e2n gi\u1ea3i<\/p>\n<p>\u00a0<\/p>\n<p>(1920&#215;1200)<\/p>\n<p>\u00a0<\/p>\n<p>T\u1ea7n s\u1ed1 qu\u00e9t<\/p>\n<p>\u00a0<\/p>\n<p>\u00a0<\/p>\n<p>\u00a0<\/p>\n<p>C\u00f4ng ngh\u1ec7 m\u00e0n h\u00ecnh<\/p>\n<p>\u00a0<\/p>\n<p>IPS 300nits Anti-glare, 45% NTSC<\/p>\n<p>\u00a0<\/p>\n<p>\u0110\u1ed3 H\u1ecda (VGA)\u00a0<\/p>\n<p>\u00a0<\/p>\n<p>Card m\u00e0n h\u00ecnh<\/p>\n<p>\u00a0<\/p>\n<p>Integrated Intel\u00ae Arc\u2122 Graphics<\/p>\n<p>\u00a0<\/p>\n<p>K\u1ebft n\u1ed1i (Network)\u00a0<\/p>\n<p>\u00a0<\/p>\n<p>Wireless<\/p>\n<p>\u00a0<\/p>\n<p>Intel\u00ae Wi-Fi\u00ae 6E AX211, 802.11ax 2&#215;2<\/p>\n<p>\u00a0<\/p>\n<p>LAN<\/p>\n<p>\u00a0<\/p>\n<p>100\/1000M (RJ-45)<\/p>\n<p>\u00a0<\/p>\n<p>Bluetooth<\/p>\n<p>\u00a0<\/p>\n<p>BT5.3<\/p>\n<p>\u00a0<\/p>\n<p>B\u00e0n ph\u00edm , Chu\u1ed9t\u00a0<\/p>\n<p>\u00a0<\/p>\n<p>Ki\u1ec3u b\u00e0n ph\u00edm<\/p>\n<p>\u00a0<\/p>\n<p>B\u00e0n ph\u00edm ti\u00eau chu\u1ea9n &#8211; \u0110\u00e8n n\u1ec1n b\u00e0n ph\u00edm<\/p>\n<p>\u00a0<\/p>\n<p>Chu\u1ed9t<\/p>\n<p>\u00a0<\/p>\n<p>C\u1ea3m \u1ee9ng \u0111a \u0111i\u1ec3m<\/p>\n<p>\u00a0<\/p>\n<p>Giao ti\u1ebfp m\u1edf r\u1ed9ng\u00a0<\/p>\n<p>\u00a0<\/p>\n<p>K\u1ebft n\u1ed1i USB<\/p>\n<p>\u00a0<\/p>\n<p>1x USB-A (USB 5Gbps \/ USB 3.2 Gen 1)<\/p>\n<p>1x USB-A (USB 10Gbps \/ USB 3.2 Gen 2), Always On<\/p>\n<p>1x USB-C\u00ae (USB 20Gbps \/ USB 3.2 Gen 2&#215;2), with USB PD 3.0 and DisplayPort\u2122 1.4<\/p>\n<p>1x USB-C\u00ae (Thunderbolt\u2122 4 \/ USB4\u00ae 40Gbps), with USB PD 3.0 and DisplayPort\u2122 2.1<\/p>\n<p>1x HDMI\u00ae 2.1, up to 4K\/60Hz<\/p>\n<p>1x Headphone \/ microphone combo jack (3.5mm)<\/p>\n<p>1x Ethernet (RJ-45)<\/p>\n<p>\u00a0<\/p>\n<p>\u00a0<\/p>\n<p>K\u1ebft n\u1ed1i HDMI\/VGA<\/p>\n<p>\u00a0<\/p>\n<p>1x HDMI\u00ae 2.1, up to 4K\/60Hz<\/p>\n<p>\u00a0<\/p>\n<p>Tai nghe<\/p>\n<p>\u00a0<\/p>\n<p>1x Headphone \/ microphone combo jack (3.5mm)<\/p>\n<p>\u00a0<\/p>\n<p>Camera<\/p>\n<p>\u00a0<\/p>\n<p>FHD 1080p + IR Hybrid with Privacy Shutter<\/p>\n<p>\u00a0<\/p>\n<p>Card m\u1edf r\u1ed9ng<\/p>\n<p>\u00a0<\/p>\n<p>&#8211;<\/p>\n<p>\u00a0<\/p>\n<p>LOA<\/p>\n<p>\u00a0<\/p>\n<p>2 Loa<\/p>\n<p>\u00a0<\/p>\n<p>Ki\u1ec3u Pin<\/p>\n<p>\u00a0<\/p>\n<p>3 cell \/47Wh<\/p>\n<p>\u00a0<\/p>\n<p>S\u1ea1c pin<\/p>\n<p>\u00a0<\/p>\n<p>\u0110i k\u00e8m<\/p>\n<p>\u00a0<\/p>\n<p>H\u1ec7 \u0111i\u1ec1u h\u00e0nh (b\u1ea3n quy\u1ec1n) \u0111i k\u00e8m\u00a0<\/p>\n<p>\u00a0<\/p>\n<p>Windows\u00ae 11 Home Single Language<\/p>\n<p>K\u00edch th\u01b0\u1edbc (D\u00e0i x R\u1ed9ng x Cao)<\/p>\n<p>\u00a0<\/p>\n<p>313 x 219.3 x 17.99 mm (12.32 x 8.63 x 0.71 inches)<\/p>\n<p>\u00a0<\/p>\n<p>Tr\u1ecdng L\u01b0\u1ee3ng<\/p>\n<p>\u00a0<\/p>\n<p>1.44 kg<\/p>\n<p>\u00a0<\/p>\n<p>M\u00e0u s\u1eafc<\/p>\n<p>\u00a0<\/p>\n<p>\u0110en<\/p>\n<p>\u00a0<\/p>\n<p>Xu\u1ea5t X\u1ee9<\/p>\n<p>\u00a0<\/p>\n<p>Trung Qu\u1ed1c<\/p>\n<\/p><\/div>\n<p>                            <!--                            <\/p>\n<div class=\"xemthem_id_r\">--><br \/>\n                            <!--                                <a><!--\/show\/?token=--><br \/>\n                            <!--\"--><br \/>\n                            <!--                                   class=\"preview fancybox fancybox.ajax\" rel=\"nofollow\"&gt;Xem th&#234;m th&#244;ng s&#7889; k&#7929; thu&#7853;t<\/a>--><br \/>\n                            <!--                            <\/div>\n<p>-->\n                        <\/p><\/div>\n<\/p><\/div>","protected":false},"excerpt":{"rendered":"<ul>\n<p>CPU: Intel Core Ultra 7 155H, 16C (6P + 8E + 2LPE) \/ 22T, Max Turbo up to 4.8GHz, 24MB<\/p>\n<p>RAM: 2x 8GB SO-DIMM DDR5-5600 (Up to 64GB DDR5-5600)<\/p>\n<p>\u1ed4 c\u1ee9ng: 512GB SSD M.2 2242 PCIe\u00ae 4.0&#215;4 NVMe\u00ae Opal 2.0<\/p>\n<p>VGA: Integrated Intel\u00ae Arc\u2122 Graphics<\/p>\n<p>M\u00e0n h\u00ecnh: 14&#8243; WUXGA (1920&#215;1200) IPS 300nits Anti-glare, 45% NTSC<\/p>\n<p>Pin: 3 cell\/47Wh<\/p>\n<p>C\u00e2n n\u1eb7ng: 1.44 kg<\/p>\n<p>T\u00ednh n\u0103ng: B\u1ea3o m\u1eadt v\u00e2n tay, \u0111\u00e8n n\u1ec1n b\u00e0n ph\u00edm<\/p>\n<p>M\u00e0u s\u1eafc: \u0110en<\/p>\n<p>OS: Windows 11 Home Single Language<\/p>\n<\/ul>","protected":false},"featured_media":15061,"comment_status":"closed","ping_status":"closed","template":"","meta":[],"pwb-brand":[],"product_cat":[2892],"product_tag":[55,2852],"class_list":{"0":"post-15060","1":"product","2":"type-product","3":"status-publish","4":"has-post-thumbnail","6":"product_cat-lenovo-laptop","7":"product_tag-run","8":"product_tag-wireless","10":"first","11":"instock","12":"shipping-taxable","13":"product-type-simple"},"brands":[],"_links":{"self":[{"href":"https:\/\/serverhot.vn\/ur\/wp-json\/wp\/v2\/product\/15060","targetHints":{"allow":["GET"]}}],"collection":[{"href":"https:\/\/serverhot.vn\/ur\/wp-json\/wp\/v2\/product"}],"about":[{"href":"https:\/\/serverhot.vn\/ur\/wp-json\/wp\/v2\/types\/product"}],"replies":[{"embeddable":true,"href":"https:\/\/serverhot.vn\/ur\/wp-json\/wp\/v2\/comments?post=15060"}],"wp:featuredmedia":[{"embeddable":true,"href":"https:\/\/serverhot.vn\/ur\/wp-json\/wp\/v2\/media\/15061"}],"wp:attachment":[{"href":"https:\/\/serverhot.vn\/ur\/wp-json\/wp\/v2\/media?parent=15060"}],"wp:term":[{"taxonomy":"pwb-brand","embeddable":true,"href":"https:\/\/serverhot.vn\/ur\/wp-json\/wp\/v2\/pwb-brand?post=15060"},{"taxonomy":"product_cat","embeddable":true,"href":"https:\/\/serverhot.vn\/ur\/wp-json\/wp\/v2\/product_cat?post=15060"},{"taxonomy":"product_tag","embeddable":true,"href":"https:\/\/serverhot.vn\/ur\/wp-json\/wp\/v2\/product_tag?post=15060"}],"curies":[{"name":"wp","href":"https:\/\/api.w.org\/{rel}","templated":true}]}}