{"id":10957,"date":"2024-06-29T13:04:10","date_gmt":"2024-06-29T06:04:10","guid":{"rendered":"https:\/\/serverhot.vn\/product\/uncategorized\/bo-thu-phat-song-khong-day-cho-thang-may-hikvision-ds-5wf200ct-2n-ma-san-pham-ds-5wf200ct-2n\/"},"modified":"2024-06-29T13:04:11","modified_gmt":"2024-06-29T06:04:11","slug":"bo-thu-phat-song-khong-day-cho-thang-may-hikvision-ds-5wf200ct-2n-ma-san-pham-ds-5wf200ct-2n","status":"publish","type":"product","link":"https:\/\/serverhot.vn\/vi\/-product-\/bo-thu-phat-song-khong-day-cho-thang-may-hikvision-ds-5wf200ct-2n-ma-san-pham-ds-5wf200ct-2n\/","title":{"rendered":"B\u00f4\u0323 Thu Pha\u0301t So\u0301ng Kh\u00f4ng D\u00e2y Cho Thang Ma\u0301y HIKVISION DS-5WF200CT-2N M\u00e3 s\u1ea3n ph\u1ea9m: DS-5WF200CT-2N"},"content":{"rendered":"<div class=\"showText tabs\" id=\"tab2\">\n                                    <\/div>\n","protected":false},"excerpt":{"rendered":"<ul>\n<ul>\n<li style=\"text-align: justify\"><span style=\"font-size: 18px\">Thi\u1ebft k\u1ebf \u0111\u00ea\u0309 truy\u00ea\u0300n ti\u0301n hi\u00ea\u0323u kh\u00f4ng d\u00e2y cho camera trong thang m\u00e1y, kho\u1ea3ng c\u00e1ch truy\u1ec1n d\u1eabn t\u1ed1i \u0111a \u0111\u1ebfn 500 m\u00e9t.<\/span><\/li>\n<li style=\"text-align: justify\"><span style=\"font-size: 18px\">C\u1ea5u h\u00ecnh Zero &#8211; m\u1ed7i c\u1eb7p c\u00f3 1 ID m\u1ea1ng duy nh\u1ea5t, t\u1ef1 \u0111\u1ed9ng t\u00ecm ki\u1ebfm v\u00e0 kh\u1edbp t\u1ea7n s\u1ed1 (v\u01a1\u0301i 1 b\u00f4\u0323 nguy\u00ean ba\u0309n)<\/span><\/li>\n<li style=\"text-align: justify\"><span style=\"font-size: 18px\">H\u1ed7 tr\u1ee3 chu\u1ea9n IEEE 802.11b\/g\/n (2T2R 300Mbps).<\/span><\/li>\n<li style=\"text-align: justify\"><span style=\"font-size: 18px\">T\u00edch h\u1ee3p \u0103nten H: 65\u00b0, V: 60\u00b0.<\/span><\/li>\n<li style=\"text-align: justify\"><span style=\"font-size: 18px\">B\u1ea3o m\u1eadt : L\u1ecdc IP\/MAC, \u1ea9n SSID, c\u00e1ch li giao di\u1ec7n.<\/span><\/li>\n<li style=\"text-align: justify\"><span style=\"font-size: 18px\">Cho ph\u00e9p truy c\u1eadp qua web.<\/span><\/li>\n<li style=\"text-align: justify\"><span style=\"font-size: 18px\">H\u1ed7 tr\u1ee3 ngu\u1ed3n PoE.<\/span><\/li>\n<\/ul>\n<\/ul>\n","protected":false},"featured_media":10958,"comment_status":"closed","ping_status":"closed","template":"","meta":[],"pwb-brand":[],"product_cat":[2902],"product_tag":[],"class_list":{"0":"post-10957","1":"product","2":"type-product","3":"status-publish","4":"has-post-thumbnail","6":"product_cat-hikvison","8":"first","9":"instock","10":"shipping-taxable","11":"product-type-simple"},"brands":[],"_links":{"self":[{"href":"https:\/\/serverhot.vn\/vi\/wp-json\/wp\/v2\/product\/10957","targetHints":{"allow":["GET"]}}],"collection":[{"href":"https:\/\/serverhot.vn\/vi\/wp-json\/wp\/v2\/product"}],"about":[{"href":"https:\/\/serverhot.vn\/vi\/wp-json\/wp\/v2\/types\/product"}],"replies":[{"embeddable":true,"href":"https:\/\/serverhot.vn\/vi\/wp-json\/wp\/v2\/comments?post=10957"}],"wp:featuredmedia":[{"embeddable":true,"href":"https:\/\/serverhot.vn\/vi\/wp-json\/wp\/v2\/media\/10958"}],"wp:attachment":[{"href":"https:\/\/serverhot.vn\/vi\/wp-json\/wp\/v2\/media?parent=10957"}],"wp:term":[{"taxonomy":"pwb-brand","embeddable":true,"href":"https:\/\/serverhot.vn\/vi\/wp-json\/wp\/v2\/pwb-brand?post=10957"},{"taxonomy":"product_cat","embeddable":true,"href":"https:\/\/serverhot.vn\/vi\/wp-json\/wp\/v2\/product_cat?post=10957"},{"taxonomy":"product_tag","embeddable":true,"href":"https:\/\/serverhot.vn\/vi\/wp-json\/wp\/v2\/product_tag?post=10957"}],"curies":[{"name":"wp","href":"https:\/\/api.w.org\/{rel}","templated":true}]}}