{"id":11055,"date":"2024-06-29T13:16:31","date_gmt":"2024-06-29T06:16:31","guid":{"rendered":"https:\/\/serverhot.vn\/product\/uncategorized\/card-man-hinh-asus-gt1030-sl-2g-brk-ma-san-pham-gt1030-sl-2g-brk\/"},"modified":"2024-06-29T13:16:32","modified_gmt":"2024-06-29T06:16:32","slug":"card-man-hinh-asus-gt1030-sl-2g-brk-ma-san-pham-gt1030-sl-2g-brk","status":"publish","type":"product","link":"https:\/\/serverhot.vn\/vi\/-product-\/card-man-hinh-asus-gt1030-sl-2g-brk-ma-san-pham-gt1030-sl-2g-brk\/","title":{"rendered":"Card m\u00e0n h\u00ecnh ASUS GT1030-SL-2G-BRK M\u00e3 s\u1ea3n ph\u1ea9m: GT1030-SL-2G-BRK"},"content":{"rendered":"<div class=\"showText tabs\" id=\"tab2\">\n                                    <\/div>\n","protected":false},"excerpt":{"rendered":"<ul>\n                                                    <\/ul>\n","protected":false},"featured_media":11056,"comment_status":"closed","ping_status":"closed","template":"","meta":[],"pwb-brand":[],"product_cat":[2914],"product_tag":[],"class_list":{"0":"post-11055","1":"product","2":"type-product","3":"status-publish","4":"has-post-thumbnail","6":"product_cat-vga-card-man-hinh","8":"first","9":"instock","10":"shipping-taxable","11":"product-type-simple"},"brands":[],"_links":{"self":[{"href":"https:\/\/serverhot.vn\/vi\/wp-json\/wp\/v2\/product\/11055","targetHints":{"allow":["GET"]}}],"collection":[{"href":"https:\/\/serverhot.vn\/vi\/wp-json\/wp\/v2\/product"}],"about":[{"href":"https:\/\/serverhot.vn\/vi\/wp-json\/wp\/v2\/types\/product"}],"replies":[{"embeddable":true,"href":"https:\/\/serverhot.vn\/vi\/wp-json\/wp\/v2\/comments?post=11055"}],"wp:featuredmedia":[{"embeddable":true,"href":"https:\/\/serverhot.vn\/vi\/wp-json\/wp\/v2\/media\/11056"}],"wp:attachment":[{"href":"https:\/\/serverhot.vn\/vi\/wp-json\/wp\/v2\/media?parent=11055"}],"wp:term":[{"taxonomy":"pwb-brand","embeddable":true,"href":"https:\/\/serverhot.vn\/vi\/wp-json\/wp\/v2\/pwb-brand?post=11055"},{"taxonomy":"product_cat","embeddable":true,"href":"https:\/\/serverhot.vn\/vi\/wp-json\/wp\/v2\/product_cat?post=11055"},{"taxonomy":"product_tag","embeddable":true,"href":"https:\/\/serverhot.vn\/vi\/wp-json\/wp\/v2\/product_tag?post=11055"}],"curies":[{"name":"wp","href":"https:\/\/api.w.org\/{rel}","templated":true}]}}