{"id":11091,"date":"2024-06-29T13:23:02","date_gmt":"2024-06-29T06:23:02","guid":{"rendered":"https:\/\/serverhot.vn\/product\/uncategorized\/linksys-re4100w-n300-dual-band-wi-fi-range-extender-ma-san-pham-re4100w-n300\/"},"modified":"2024-06-29T13:23:03","modified_gmt":"2024-06-29T06:23:03","slug":"linksys-re4100w-n300-dual-band-wi-fi-range-extender-ma-san-pham-re4100w-n300","status":"publish","type":"product","link":"https:\/\/serverhot.vn\/vi\/-product-\/linksys-re4100w-n300-dual-band-wi-fi-range-extender-ma-san-pham-re4100w-n300\/","title":{"rendered":"Linksys RE4100W N300 Dual Band Wi-Fi Range Extender M\u00e3 s\u1ea3n ph\u1ea9m: RE4100W-N300"},"content":{"rendered":"<div class=\"showText tabs\" id=\"tab2\">\n                                    <\/div>\n","protected":false},"excerpt":{"rendered":"<ul>\n<p><span>\u2022 B\u1ed9 ti\u1ebfp s\u00f3ng kh\u00f4ng d\u00e2y chu\u1ea9n AC1200 b\u0103ng t\u1ea7n k\u00e9p, ph\u1ee7 s\u00f3ng 700m2.<\/span><\/p>\n<p><span>\u2022 T\u1ed1c \u0111\u1ed9 truy\u1ec1n t\u1ea3i l\u00ean t\u1edbi 1200Mbps (N300Mbps + AC867Mbps).<\/span><\/p>\n<p><span>\u2022 1 x 10\/100\/1000Mbps c\u1ed5ng Giagbit Ethernet.<\/span><\/p>\n<p><span>\u2022 2 B\u0103ng t\u1ea7n ho\u1eb7t \u0111\u1ed9ng c\u00f9ng l\u00fac 2.4Ghz + 5Ghz, v\u1edbi 2 \u0103ng-ten r\u1eddi g\u1eafn ngo\u00e0i c\u00f4ng su\u1ea5t cao.<\/span><\/p>\n<p><span>\u2022 Chu\u1ea9n m\u00e3 ho\u00e1 WEP\/WPA\/WPA2 m\u1ea1nh nh\u1ea5t v\u00e0 t\u01b0\u1eddng l\u1eeda SPI ch\u1ee7 \u0111\u1ed9ng ng\u0103n ng\u1eeba t\u1ea5n c\u00f4ng DoS. <\/span><\/p>\n<p><span>\u2022 B\u1ea3o h\u00e0nh 3 n\u0103m 1 \u0111\u1ed5i 1<br \/><\/span><\/p>\n<p><span>&#8211; B\u0103ng t\u1ea7n h\u1ed7 tr\u1ee3: 2.4 GHz \/ 5 GHz\u00a0<\/span><br \/><span>&#8211; Chu\u1ea9n k\u1ebft n\u1ed1i: 802.11 a\/b\/g\/n<\/span><\/p>\n<\/ul>\n","protected":false},"featured_media":11092,"comment_status":"closed","ping_status":"closed","template":"","meta":[],"pwb-brand":[],"product_cat":[2907],"product_tag":[],"class_list":{"0":"post-11091","1":"product","2":"type-product","3":"status-publish","4":"has-post-thumbnail","6":"product_cat-linksys","8":"first","9":"instock","10":"shipping-taxable","11":"product-type-simple"},"brands":[],"_links":{"self":[{"href":"https:\/\/serverhot.vn\/vi\/wp-json\/wp\/v2\/product\/11091","targetHints":{"allow":["GET"]}}],"collection":[{"href":"https:\/\/serverhot.vn\/vi\/wp-json\/wp\/v2\/product"}],"about":[{"href":"https:\/\/serverhot.vn\/vi\/wp-json\/wp\/v2\/types\/product"}],"replies":[{"embeddable":true,"href":"https:\/\/serverhot.vn\/vi\/wp-json\/wp\/v2\/comments?post=11091"}],"wp:featuredmedia":[{"embeddable":true,"href":"https:\/\/serverhot.vn\/vi\/wp-json\/wp\/v2\/media\/11092"}],"wp:attachment":[{"href":"https:\/\/serverhot.vn\/vi\/wp-json\/wp\/v2\/media?parent=11091"}],"wp:term":[{"taxonomy":"pwb-brand","embeddable":true,"href":"https:\/\/serverhot.vn\/vi\/wp-json\/wp\/v2\/pwb-brand?post=11091"},{"taxonomy":"product_cat","embeddable":true,"href":"https:\/\/serverhot.vn\/vi\/wp-json\/wp\/v2\/product_cat?post=11091"},{"taxonomy":"product_tag","embeddable":true,"href":"https:\/\/serverhot.vn\/vi\/wp-json\/wp\/v2\/product_tag?post=11091"}],"curies":[{"name":"wp","href":"https:\/\/api.w.org\/{rel}","templated":true}]}}