{"id":11255,"date":"2024-06-29T14:00:55","date_gmt":"2024-06-29T07:00:55","guid":{"rendered":"https:\/\/serverhot.vn\/product\/uncategorized\/thiet-bi-mang-switch-cisco-business-24-ports-1ge-4-ports-1g-sfp-uplink-cbs220-24t-4g-eu-ma-san-pham-cbs220-24t-4g-eu\/"},"modified":"2024-06-29T14:00:57","modified_gmt":"2024-06-29T07:00:57","slug":"thiet-bi-mang-switch-cisco-business-24-ports-1ge-4-ports-1g-sfp-uplink-cbs220-24t-4g-eu-ma-san-pham-cbs220-24t-4g-eu","status":"publish","type":"product","link":"https:\/\/serverhot.vn\/vi\/-product-\/thiet-bi-mang-switch-cisco-business-24-ports-1ge-4-ports-1g-sfp-uplink-cbs220-24t-4g-eu-ma-san-pham-cbs220-24t-4g-eu\/","title":{"rendered":"Thi\u1ebft B\u1ecb M\u1ea1ng Switch Cisco Business 24 Ports 1GE 4 Ports 1G SFP Uplink CBS220-24T-4G-EU M\u00e3 s\u1ea3n ph\u1ea9m: CBS220-24T-4G-EU"},"content":{"rendered":"<div class=\"showText tabs\" id=\"tab2\">\n                                    <\/div>\n","protected":false},"excerpt":{"rendered":"<ul>\n<ul>\n<li>Switch\u00a0<strong>CBS220-24T-4G-EU<\/strong>\u00a0\u0111\u01b0\u1ee3c thi\u1ebft v\u1edbi gi\u1ea3i ph\u00e1p c\u1eafm v\u00e0 ch\u1ea1y\u00a0c\u1ee7a Cisco cung c\u1ea5p c\u00e1c\u00a0d\u1ecbch v\u1ee5 \u0111\u01a1n gi\u1ea3n, an to\u00e0n, h\u1ee3p nh\u1ea5t\u00a0\u0111\u1ec3 d\u1ec5 d\u00e0ng tri\u1ec3n khai thi\u1ebft b\u1ecb m\u1edbi.<\/li>\n<li>Qu\u1ea3n l\u00fd \u0111\u01a1n gi\u1ea3n qua\u00a0giao di\u1ec7n web ho\u1eb7c \u1ee9ng d\u1ee5ng \u0111i\u1ec7n tho\u1ea1i, cho ph\u00e9p ng\u01b0\u1eddi d\u00f9ng kh\u00f4ng c\u00f3 chuy\u00ean m\u00f4n s\u00e2u v\u1ec1 CNTT c\u00f3 th\u1ec3 \u0111\u1ecbnh c\u1ea5u h\u00ecnh, qu\u1ea3n l\u00fd v\u00e0 kh\u1eafc ph\u1ee5c s\u1ef1 c\u1ed1.<\/li>\n<\/ul>\n<\/ul>\n","protected":false},"featured_media":11256,"comment_status":"closed","ping_status":"closed","template":"","meta":[],"pwb-brand":[],"product_cat":[2893],"product_tag":[2847,2849],"class_list":{"0":"post-11255","1":"product","2":"type-product","3":"status-publish","4":"has-post-thumbnail","6":"product_cat-cisco","7":"product_tag-cisco","8":"product_tag-switch","10":"first","11":"instock","12":"shipping-taxable","13":"product-type-simple"},"brands":[],"_links":{"self":[{"href":"https:\/\/serverhot.vn\/vi\/wp-json\/wp\/v2\/product\/11255","targetHints":{"allow":["GET"]}}],"collection":[{"href":"https:\/\/serverhot.vn\/vi\/wp-json\/wp\/v2\/product"}],"about":[{"href":"https:\/\/serverhot.vn\/vi\/wp-json\/wp\/v2\/types\/product"}],"replies":[{"embeddable":true,"href":"https:\/\/serverhot.vn\/vi\/wp-json\/wp\/v2\/comments?post=11255"}],"wp:featuredmedia":[{"embeddable":true,"href":"https:\/\/serverhot.vn\/vi\/wp-json\/wp\/v2\/media\/11256"}],"wp:attachment":[{"href":"https:\/\/serverhot.vn\/vi\/wp-json\/wp\/v2\/media?parent=11255"}],"wp:term":[{"taxonomy":"pwb-brand","embeddable":true,"href":"https:\/\/serverhot.vn\/vi\/wp-json\/wp\/v2\/pwb-brand?post=11255"},{"taxonomy":"product_cat","embeddable":true,"href":"https:\/\/serverhot.vn\/vi\/wp-json\/wp\/v2\/product_cat?post=11255"},{"taxonomy":"product_tag","embeddable":true,"href":"https:\/\/serverhot.vn\/vi\/wp-json\/wp\/v2\/product_tag?post=11255"}],"curies":[{"name":"wp","href":"https:\/\/api.w.org\/{rel}","templated":true}]}}