{"id":11291,"date":"2024-06-29T14:05:59","date_gmt":"2024-06-29T07:05:59","guid":{"rendered":"https:\/\/serverhot.vn\/product\/uncategorized\/thiet-bi-mang-switch-8-ports-ubiquiti-unifi-gigabit-us%e2%80%918-ma-san-pham-us%e2%80%918\/"},"modified":"2024-06-29T14:06:01","modified_gmt":"2024-06-29T07:06:01","slug":"thiet-bi-mang-switch-8-ports-ubiquiti-unifi-gigabit-us%e2%80%918-ma-san-pham-us%e2%80%918","status":"publish","type":"product","link":"https:\/\/serverhot.vn\/vi\/-product-\/thiet-bi-mang-switch-8-ports-ubiquiti-unifi-gigabit-us%e2%80%918-ma-san-pham-us%e2%80%918\/","title":{"rendered":"Thi\u1ebft B\u1ecb M\u1ea1ng Switch 8 Ports Ubiquiti UniFi Gigabit US\u20118 M\u00e3 s\u1ea3n ph\u1ea9m: US\u20118"},"content":{"rendered":"<div class=\"showText tabs\" id=\"tab2\">\n                                    <\/div>\n","protected":false},"excerpt":{"rendered":"<ul>\n<p>&#8211; UniFi US 8 l\u00e0 thi\u1ebft b\u1ecb Switch chuy\u1ec3n ti\u1ebfp th\u00f4ng minh, qu\u1ea3n l\u00fd d\u1ec5 d\u00e0ng v\u1edbi ph\u1ea7n m\u1ec1m . UniFi Controller t\u00edch h\u1ee3p s\u1eb5n h\u1ebft s\u1ee9c tr\u1ef1c quan v\u00e0 sinh \u0111\u1ed9ng. Qu\u1ea3n l\u00fd v\u00e0 gi\u00e1m s\u00e1t l\u01b0u l\u01b0\u1ee3ng, hi\u1ec7u su\u1ea5t t\u1ea5t c\u1ea3 c\u00e1c c\u1ed5ng d\u1eef li\u1ec7u tr\u00ean giao di\u1ec7n web m\u1ed9t c\u00e1ch \u0111\u01a1n gi\u1ea3n d\u1ec5 d\u00e0ng c\u1ed9ng v\u1edbi hi\u1ec7u su\u1ea5t m\u1ea1nh m\u1ebd v\u00e0 nhi\u1ec1u t\u00ednh n\u0103ng kh\u00e1c th\u00edch h\u1ee3p s\u1eed d\u1ee5ng cho c\u00e1c doanh nghi\u1ec7p v\u1eeba v\u00e0 l\u1edbn, kh\u00e1ch s\u1ea1n, v\u0103n ph\u00f2ng, tr\u01b0\u1eddng h\u1ecdc&#8230;<\/p>\n<\/ul>\n","protected":false},"featured_media":11292,"comment_status":"closed","ping_status":"closed","template":"","meta":[],"pwb-brand":[],"product_cat":[2901],"product_tag":[2849],"class_list":{"0":"post-11291","1":"product","2":"type-product","3":"status-publish","4":"has-post-thumbnail","6":"product_cat-ubiquiti","7":"product_tag-switch","9":"first","10":"instock","11":"shipping-taxable","12":"product-type-simple"},"brands":[],"_links":{"self":[{"href":"https:\/\/serverhot.vn\/vi\/wp-json\/wp\/v2\/product\/11291","targetHints":{"allow":["GET"]}}],"collection":[{"href":"https:\/\/serverhot.vn\/vi\/wp-json\/wp\/v2\/product"}],"about":[{"href":"https:\/\/serverhot.vn\/vi\/wp-json\/wp\/v2\/types\/product"}],"replies":[{"embeddable":true,"href":"https:\/\/serverhot.vn\/vi\/wp-json\/wp\/v2\/comments?post=11291"}],"wp:featuredmedia":[{"embeddable":true,"href":"https:\/\/serverhot.vn\/vi\/wp-json\/wp\/v2\/media\/11292"}],"wp:attachment":[{"href":"https:\/\/serverhot.vn\/vi\/wp-json\/wp\/v2\/media?parent=11291"}],"wp:term":[{"taxonomy":"pwb-brand","embeddable":true,"href":"https:\/\/serverhot.vn\/vi\/wp-json\/wp\/v2\/pwb-brand?post=11291"},{"taxonomy":"product_cat","embeddable":true,"href":"https:\/\/serverhot.vn\/vi\/wp-json\/wp\/v2\/product_cat?post=11291"},{"taxonomy":"product_tag","embeddable":true,"href":"https:\/\/serverhot.vn\/vi\/wp-json\/wp\/v2\/product_tag?post=11291"}],"curies":[{"name":"wp","href":"https:\/\/api.w.org\/{rel}","templated":true}]}}