{"id":11339,"date":"2024-06-29T14:12:02","date_gmt":"2024-06-29T07:12:02","guid":{"rendered":"https:\/\/serverhot.vn\/product\/uncategorized\/thiet-bi-mang-switch-16-ports-planet-10-100tx-802-3at-poe-2-port-gigabit-tp-sfp-combo-managed-ethernet-fgsw-1816hps-ma-san-pham-fgsw-1816hps\/"},"modified":"2024-06-29T14:12:03","modified_gmt":"2024-06-29T07:12:03","slug":"thiet-bi-mang-switch-16-ports-planet-10-100tx-802-3at-poe-2-port-gigabit-tp-sfp-combo-managed-ethernet-fgsw-1816hps-ma-san-pham-fgsw-1816hps","status":"publish","type":"product","link":"https:\/\/serverhot.vn\/vi\/-product-\/thiet-bi-mang-switch-16-ports-planet-10-100tx-802-3at-poe-2-port-gigabit-tp-sfp-combo-managed-ethernet-fgsw-1816hps-ma-san-pham-fgsw-1816hps\/","title":{"rendered":"Thi\u1ebft B\u1ecb M\u1ea1ng Switch 16-Ports Planet 10\/100TX 802.3at PoE + 2-Port Gigabit TP\/SFP Combo Managed Ethernet FGSW-1816HPS M\u00e3 s\u1ea3n ph\u1ea9m: FGSW-1816HPS"},"content":{"rendered":"<div class=\"showText tabs\" id=\"tab2\">\n<div class=\"box_right_pro_view\">\n<div class=\"thongso_pro a_technical\" style=\"max-height: fit-content\">\n<table border=\"1\" cellspacing=\"0\" cellpadding=\"0\">\n<tbody>\n<tr>\n<td class=\"xl65\" colspan=\"2\" height=\"25\"><span>Hardware Specifications<\/span><\/td>\n<\/tr>\n<tr>\n<td class=\"xl65\" height=\"50\">10\/100Mbps Copper Ports<\/td>\n<td class=\"xl65\">16 10\/100Base-TX RJ-45 Auto-MDI\/MDI-X ports<\/td>\n<\/tr>\n<tr>\n<td class=\"xl65\" height=\"50\">Gigabit Copper Ports<\/td>\n<td class=\"xl65\">2 10\/100\/1000Base-T RJ-45 Auto-MDI\/MDI-X ports<\/td>\n<\/tr>\n<tr>\n<td class=\"xl65\" height=\"50\">SFP\/mini-GBIC Slots<\/td>\n<td class=\"xl65\">2 1000Base-X SFP interfaces, shared with Port-17 to Port-18<\/td>\n<\/tr>\n<tr>\n<td class=\"xl65\" height=\"25\">Switch Architecture<\/td>\n<td class=\"xl65\">Store-and-Forward<\/td>\n<\/tr>\n<tr>\n<td class=\"xl65\" height=\"25\">Switch Fabric<\/td>\n<td class=\"xl65\">7.2Gbps \/ non-blocking<\/td>\n<\/tr>\n<tr>\n<td class=\"xl65\" height=\"25\">Throughput<\/td>\n<td class=\"xl65\">5.35Mpps@64Bytes<\/td>\n<\/tr>\n<tr>\n<td class=\"xl65\" height=\"50\">Address Table<\/td>\n<td class=\"xl65\">4K entries, automatic source address learning and ageing<\/td>\n<\/tr>\n<tr>\n<td class=\"xl65\" height=\"50\">Share Data Buffer<\/td>\n<td class=\"xl65\">2.75Mb embedded memory for packet buffers<\/td>\n<\/tr>\n<tr>\n<td class=\"xl65\" rowspan=\"2\" height=\"75\">Flow Control<\/td>\n<td class=\"xl65\">IEEE 802.3x pause frame for full-duplex<\/td>\n<\/tr>\n<tr>\n<td class=\"xl65\" height=\"25\">Back pressure for half-duplex<\/td>\n<\/tr>\n<tr>\n<td class=\"xl65\" height=\"50\">Maximum Transmit Unit size (MTU size)<\/td>\n<td class=\"xl65\">1536 Bytes<\/td>\n<\/tr>\n<tr>\n<td class=\"xl65\" rowspan=\"2\" height=\"50\">Reset Button<\/td>\n<td class=\"xl65\">&lt; 5 sec: System reboot<\/td>\n<\/tr>\n<tr>\n<td class=\"xl65\" height=\"25\">&gt; 5 sec: Factory Default<\/td>\n<\/tr>\n<tr>\n<td class=\"xl65\" height=\"25\">Dimensions<span>\u00a0<\/span><\/td>\n<td class=\"xl65\">440 x 200 x 44.5 mm, 1U height<\/td>\n<\/tr>\n<tr>\n<td class=\"xl65\" height=\"25\">Weight<\/td>\n<td class=\"xl65\">2.55kg<\/td>\n<\/tr>\n<tr>\n<td class=\"xl65\" rowspan=\"9\" height=\"300\">LED<\/td>\n<td class=\"xl65\">System:<\/td>\n<\/tr>\n<tr>\n<td class=\"xl65\" height=\"25\">Power (Green)<\/td>\n<\/tr>\n<tr>\n<td class=\"xl65\" height=\"50\">10\/100Base-TX RJ45 Interfaces\u00a0(Port1 to Port16)<\/td>\n<\/tr>\n<tr>\n<td class=\"xl65\" height=\"25\">10\/100Mbps LNK\/ACT (Green)<\/td>\n<\/tr>\n<tr>\n<td class=\"xl65\" height=\"25\">PoE In-Use (Orange)<\/td>\n<\/tr>\n<tr>\n<td class=\"xl65\" height=\"50\">10\/100\/1000Base-T RJ45 \/ SFP Interfaces\u00a0(Port17 to Port18):<\/td>\n<\/tr>\n<tr>\n<td class=\"xl65\" height=\"25\">LNK\/ACT (Green)<\/td>\n<\/tr>\n<tr>\n<td class=\"xl65\" height=\"25\">100\/1000 (Green)<\/td>\n<\/tr>\n<tr>\n<td class=\"xl65\" height=\"50\">PoE Usage: 50W, 100W, 150W, 190W (Orange)<\/td>\n<\/tr>\n<tr>\n<td class=\"xl65\" rowspan=\"3\" height=\"150\">Cable Twisted-Pair<\/td>\n<td class=\"xl65\">10Base-T: 2-Pair UTP CAT. 3, 4, 5, up to 100 meters<\/td>\n<\/tr>\n<tr>\n<td class=\"xl65\" height=\"50\">100Base-TX: 2-Pair UTP CAT. 5, 5e up to 100 meters<\/td>\n<\/tr>\n<tr>\n<td class=\"xl65\" height=\"50\">1000Base-T: 4-Pair UTP CAT. 5e, 6 up to 100 meters<\/td>\n<\/tr>\n<tr>\n<td class=\"xl65\" rowspan=\"6\" height=\"275\">Cable Fiber-Optic Cable<\/td>\n<td class=\"xl65\">1000Base-SX:<\/td>\n<\/tr>\n<tr>\n<td class=\"xl65\" height=\"75\">50\/125\u03bcm or 62.5\/125\u03bcm multi-mode fiber optic cable, up to 550m\u00a0<\/td>\n<\/tr>\n<tr>\n<td class=\"xl65\" height=\"25\">(varying on SFP module)<\/td>\n<\/tr>\n<tr>\n<td class=\"xl65\" height=\"25\">1000Base-LX :<\/td>\n<\/tr>\n<tr>\n<td class=\"xl65\" height=\"75\">9\/125\u03bcm single-mode fiber optic cable, up to 10\/20\/30\/40\/50\/70\/120\u00a0<\/td>\n<\/tr>\n<tr>\n<td class=\"xl65\" height=\"50\">kilometers (varying on SFP module)<\/td>\n<\/tr>\n<tr>\n<td class=\"xl65\" height=\"25\">Power Requirements<\/td>\n<td class=\"xl65\">100~240VAC, 50\/60Hz, 4A<\/td>\n<\/tr>\n<tr>\n<td class=\"xl65\" height=\"25\">Power Consumption<\/td>\n<td class=\"xl65\">Max. 240 watts \/ 816 BTU<\/td>\n<\/tr>\n<tr>\n<td class=\"xl65\" height=\"25\">ESD Protection<\/td>\n<td class=\"xl65\">2KVDC<\/td>\n<\/tr>\n<tr>\n<td class=\"xl65\" colspan=\"2\" height=\"25\"><span>Power over Ethernet<\/span><\/td>\n<\/tr>\n<tr>\n<td class=\"xl65\" height=\"25\">PoE Standard<\/td>\n<td class=\"xl65\">IEEE 802.3af \/ 802.3at PoE \/ PSE<\/td>\n<\/tr>\n<tr>\n<td class=\"xl65\" height=\"25\">PoE Power Supply Type<\/td>\n<td class=\"xl65\">End-span<\/td>\n<\/tr>\n<tr>\n<td class=\"xl65\" height=\"50\">PoE Power Output<\/td>\n<td class=\"xl65\">Per Port 52V DC, Max. 30.8 watts<\/td>\n<\/tr>\n<tr>\n<td class=\"xl65\" height=\"25\">Power Pin Assignment<\/td>\n<td class=\"xl65\">1\/2(+), 3\/6(-)<\/td>\n<\/tr>\n<tr>\n<td class=\"xl65\" height=\"25\">PoE Power Budget<\/td>\n<td class=\"xl65\">220 watts (max.)<\/td>\n<\/tr>\n<tr>\n<td class=\"xl65\" height=\"25\">PoE Ability PD @ 7 watts<\/td>\n<td class=\"xl65\">16 units<\/td>\n<\/tr>\n<tr>\n<td class=\"xl65\" height=\"50\">PoE Ability PD @ 15.4 watts<\/td>\n<td class=\"xl65\">14 units<\/td>\n<\/tr>\n<tr>\n<td class=\"xl65\" height=\"50\">PoE Ability PD @ 30.8 watts<\/td>\n<td class=\"xl65\">7 units<\/td>\n<\/tr>\n<tr>\n<td class=\"xl65\" colspan=\"2\" height=\"25\"><span>Layer 2 Functions<\/span><\/td>\n<\/tr>\n<tr>\n<td class=\"xl65\" rowspan=\"3\" height=\"125\">Port Configuration<\/td>\n<td class=\"xl65\">Port disable \/ enable<\/td>\n<\/tr>\n<tr>\n<td class=\"xl65\" height=\"75\">Auto-negotiation 10\/100\/1000Mbps full and half duplex mode selection<\/td>\n<\/tr>\n<tr>\n<td class=\"xl65\" height=\"25\">Flow Control disable \/ enable<\/td>\n<\/tr>\n<tr>\n<td class=\"xl65\" height=\"100\">Port Status<\/td>\n<td class=\"xl65\">Display each port\u2019s speed duplex mode, link status, flow control status, auto negotiation status and trunk status<\/td>\n<\/tr>\n<tr>\n<td class=\"xl65\" rowspan=\"2\" height=\"50\">Port Mirroring<\/td>\n<td class=\"xl65\">TX \/ RX \/ Both<\/td>\n<\/tr>\n<tr>\n<td class=\"xl65\" height=\"25\">Many-to-1 monitor<\/td>\n<\/tr>\n<tr>\n<td class=\"xl65\" rowspan=\"3\" height=\"150\">VLAN<\/td>\n<td class=\"xl65\">802.1Q tagged-based VLAN, up to 32 VLAN groups, out of 4094 VLAN IDs<\/td>\n<\/tr>\n<tr>\n<td class=\"xl65\" height=\"50\">Port-based VLAN, up to 18 VLAN groups<\/td>\n<\/tr>\n<tr>\n<td class=\"xl65\" height=\"25\">MTU VLAN<\/td>\n<\/tr>\n<tr>\n<td class=\"xl65\" rowspan=\"2\" height=\"125\">Link Aggregation<\/td>\n<td class=\"xl65\">2 groups of 4-Port 10\/100Base-TX trunk supported<\/td>\n<\/tr>\n<tr>\n<td class=\"xl65\" height=\"75\">1 group of 2-Port 10\/100\/1000Base-T trunk supported<\/td>\n<\/tr>\n<tr>\n<td class=\"xl65\" rowspan=\"2\" height=\"125\">QoS<\/td>\n<td class=\"xl65\">Allow to assign low \/ high priority on each port<\/td>\n<\/tr>\n<tr>\n<td class=\"xl65\" height=\"75\">First-In-First-Out, All-High-before-Low, Weight-Round-Robin QoS policy<\/td>\n<\/tr>\n<tr>\n<td class=\"xl65\" height=\"50\">IGMP Snooping<\/td>\n<td class=\"xl65\">IGMP (v1\/v2) Snooping, up to 32 multicast groups<\/td>\n<\/tr>\n<tr>\n<td class=\"xl65\" rowspan=\"2\" height=\"50\">Security Control<\/td>\n<td class=\"xl65\">MAC address binding<\/td>\n<\/tr>\n<tr>\n<td class=\"xl65\" height=\"25\">TCP &amp; UDP filter<\/td>\n<\/tr>\n<tr>\n<td class=\"xl65\" colspan=\"2\" height=\"25\"><span>Management Functions<\/span><\/td>\n<\/tr>\n<tr>\n<td class=\"xl65\" height=\"50\">Basic Management Interfaces<\/td>\n<td class=\"xl65\">Web Browser, SNMP v1<\/td>\n<\/tr>\n<tr>\n<td class=\"xl65\" colspan=\"2\" height=\"25\"><span>Standards Conformance<\/span><\/td>\n<\/tr>\n<tr>\n<td class=\"xl65\" height=\"25\">Regulation Compliance<\/td>\n<td class=\"xl65\">FCC Part 15 Class A, CE<\/td>\n<\/tr>\n<tr>\n<td class=\"xl65\" rowspan=\"11\" height=\"400\">Standards Compliance<\/td>\n<td class=\"xl65\">IEEE 802.3 Ethernet<\/td>\n<\/tr>\n<tr>\n<td class=\"xl65\" height=\"25\">IEEE 802.3u Fast Ethernet<\/td>\n<\/tr>\n<tr>\n<td class=\"xl65\" height=\"25\">IEEE 802.3ab Gigabit Ethernet<\/td>\n<\/tr>\n<tr>\n<td class=\"xl65\" height=\"25\">IEEE 802.3z Gigabit Ethernet<\/td>\n<\/tr>\n<tr>\n<td class=\"xl65\" height=\"50\">IEEE 802.3x Full-duplex flow control<\/td>\n<\/tr>\n<tr>\n<td class=\"xl65\" height=\"25\">IEEE 802.1Q VLAN<\/td>\n<\/tr>\n<tr>\n<td class=\"xl65\" height=\"25\">IEEE 802.1p QoS<\/td>\n<\/tr>\n<tr>\n<td class=\"xl65\" height=\"50\">IEEE 802.1D Spanning Tree Protocol<\/td>\n<\/tr>\n<tr>\n<td class=\"xl65\" height=\"50\">IEEE 802.1w Rapid Spanning Tree Protocol<\/td>\n<\/tr>\n<tr>\n<td class=\"xl65\" height=\"50\">IEEE 802.3af Power over Ethernet<\/td>\n<\/tr>\n<tr>\n<td class=\"xl65\" height=\"50\">IEEE 802.3at Power over Ethernet Plus<\/td>\n<\/tr>\n<\/tbody>\n<\/table><\/div>\n<p>                            <!--                            <\/p>\n<div class=\"xemthem_id_r\">--><br \/>\n                            <!--                                <a><!--\/show\/?token=--><br \/>\n                            <!--\"--><br \/>\n                            <!--                                   class=\"preview fancybox fancybox.ajax\" rel=\"nofollow\"&gt;Xem th&#234;m th&#244;ng s&#7889; k&#7929; thu&#7853;t<\/a>--><br \/>\n                            <!--                            <\/div>\n<p>-->\n                        <\/p><\/div>\n<\/p><\/div>\n","protected":false},"excerpt":{"rendered":"<ul>\n<ul>\n<li class=\"p1\" style=\"font-size: 12px;line-height: normal;font-family: 'Helvetica Neue'\"><span style=\"font-size: 16px\">10\/100Mbps Copper Ports : 16 10\/100Base-TX RJ-45 Auto-MDI\/MDI-X ports<\/span><\/li>\n<li class=\"p1\" style=\"font-size: 12px;line-height: normal;font-family: 'Helvetica Neue'\"><span style=\"font-size: 16px\">Gigabit Copper Ports : 2 10\/100\/1000Base-T RJ-45 Auto-MDI\/MDI-X ports<\/span><\/li>\n<li class=\"p1\" style=\"font-size: 12px;line-height: normal;font-family: 'Helvetica Neue'\"><span style=\"font-size: 16px\">SFP\/mini-GBIC Slots : 2 1000Base-X SFP interfaces, shared with Port-17 to Port-18<\/span><\/li>\n<li class=\"p1\" style=\"font-size: 12px;line-height: normal;font-family: 'Helvetica Neue'\"><span style=\"font-size: 16px\">FGSW-1816HPS cung c\u1ea5p ngu\u1ed3n PoE tr\u00ean 16 c\u1ed5ng v\u01a1i c\u00f4ng su\u1ea5t 30W IEEE 802.3at th\u00f4ng qua giao di\u1ec7n RJ-45 v\u00e0 2 c\u1ed5ng combo TP\/SFP h\u1ed7 tr\u1ee3 t\u1ed1c \u0111\u1ed9 truy\u1ec1n cao cho gi\u00e1m s\u00e1t h\u00ecnh \u1ea3nh<\/span><\/li>\n<li class=\"p1\" style=\"font-size: 12px;line-height: normal;font-family: 'Helvetica Neue'\"><span style=\"font-size: 16px\">H\u1ed7 tr\u1ee3 24 c\u1ed5ng 10\/100 Mbps Base-T v\u1edbi t\u00ednh n\u0103ng c\u1ea5p ngu\u1ed3n PoE IEEE 802.3at\/af<\/span><\/li>\n<li class=\"p1\" style=\"font-size: 12px;line-height: normal;font-family: 'Helvetica Neue'\"><span style=\"font-size: 16px\">H\u1ed7 tr\u1ee3 2 c\u1ed5ng 10\/100\/1000 Base-T<\/span><\/li>\n<li class=\"p1\" style=\"font-size: 12px;line-height: normal;font-family: 'Helvetica Neue'\"><span style=\"font-size: 16px\">H\u1ed7 tr\u1ee3 2 khe c\u1eafm mini gbic 1000 Base-X. shared v\u1edbi c\u1ed5ng 25, 26<\/span><\/li>\n<li class=\"p1\" style=\"font-size: 12px;line-height: normal;font-family: 'Helvetica Neue'\"><span style=\"font-size: 16px\">H\u1ed7 tr\u1ee3 ph\u00edm reset cho ph\u00e9p thi\u1ebft l\u1eadp l\u1ea1i c\u1ea5u h\u00ecnh m\u0103c \u0111inh<\/span><\/li>\n<\/ul>\n<\/ul>\n","protected":false},"featured_media":11340,"comment_status":"closed","ping_status":"closed","template":"","meta":[],"pwb-brand":[],"product_cat":[2903],"product_tag":[50,25,55,2849],"class_list":{"0":"post-11339","1":"product","2":"type-product","3":"status-publish","4":"has-post-thumbnail","6":"product_cat-planet","7":"product_tag-green","8":"product_tag-man","9":"product_tag-run","10":"product_tag-switch","12":"first","13":"instock","14":"shipping-taxable","15":"product-type-simple"},"brands":[],"_links":{"self":[{"href":"https:\/\/serverhot.vn\/vi\/wp-json\/wp\/v2\/product\/11339","targetHints":{"allow":["GET"]}}],"collection":[{"href":"https:\/\/serverhot.vn\/vi\/wp-json\/wp\/v2\/product"}],"about":[{"href":"https:\/\/serverhot.vn\/vi\/wp-json\/wp\/v2\/types\/product"}],"replies":[{"embeddable":true,"href":"https:\/\/serverhot.vn\/vi\/wp-json\/wp\/v2\/comments?post=11339"}],"wp:featuredmedia":[{"embeddable":true,"href":"https:\/\/serverhot.vn\/vi\/wp-json\/wp\/v2\/media\/11340"}],"wp:attachment":[{"href":"https:\/\/serverhot.vn\/vi\/wp-json\/wp\/v2\/media?parent=11339"}],"wp:term":[{"taxonomy":"pwb-brand","embeddable":true,"href":"https:\/\/serverhot.vn\/vi\/wp-json\/wp\/v2\/pwb-brand?post=11339"},{"taxonomy":"product_cat","embeddable":true,"href":"https:\/\/serverhot.vn\/vi\/wp-json\/wp\/v2\/product_cat?post=11339"},{"taxonomy":"product_tag","embeddable":true,"href":"https:\/\/serverhot.vn\/vi\/wp-json\/wp\/v2\/product_tag?post=11339"}],"curies":[{"name":"wp","href":"https:\/\/api.w.org\/{rel}","templated":true}]}}