{"id":11439,"date":"2024-06-29T14:24:07","date_gmt":"2024-06-29T07:24:07","guid":{"rendered":"https:\/\/serverhot.vn\/product\/uncategorized\/thiet-bi-mang-router-linksys-ea8100-ah-max-stream-ac2600-mu-mimo-gigabit-ma-san-pham-ea8100\/"},"modified":"2024-06-29T14:24:08","modified_gmt":"2024-06-29T07:24:08","slug":"thiet-bi-mang-router-linksys-ea8100-ah-max-stream-ac2600-mu-mimo-gigabit-ma-san-pham-ea8100","status":"publish","type":"product","link":"https:\/\/serverhot.vn\/vi\/-product-\/thiet-bi-mang-router-linksys-ea8100-ah-max-stream-ac2600-mu-mimo-gigabit-ma-san-pham-ea8100\/","title":{"rendered":"Thi\u1ebft B\u1ecb M\u1ea1ng Router Linksys EA8100 &#8211; AH Max-Stream\u2122 AC2600 MU-MIMO Gigabit M\u00e3 s\u1ea3n ph\u1ea9m: EA8100"},"content":{"rendered":"<div class=\"showText tabs\" id=\"tab2\">\n<div class=\"box_right_pro_view\">\n<div class=\"thongso_pro a_technical\" style=\"max-height: fit-content\">\n<table border=\"1\" width=\"692\">\n<tbody>\n<tr>\n<td width=\"177\">S\u1ea3n ph\u1ea9m<\/td>\n<td width=\"515\">B\u00f4\u0323 pha\u0301t wifi<\/td>\n<\/tr>\n<tr>\n<td>H\u00e3ng s\u1ea3n xu\u1ea5t<\/td>\n<td>Linksys<\/td>\n<\/tr>\n<tr>\n<td>Model<\/td>\n<td>Mesh EA8100-AH MAX-STREAM AC2600<\/td>\n<\/tr>\n<tr>\n<td>T\u1ed1c \u0111\u1ed9 LAN<\/td>\n<td>10\/100\/1000Mbps<\/td>\n<\/tr>\n<tr>\n<td>T\u1ed1c \u0111\u1ed9 WIFI<\/td>\n<td>AC2600 (N800 + AC1733)<\/td>\n<\/tr>\n<tr>\n<td>Angten\u00a0<\/td>\n<td>4 \u0103ng ten r\u01a1\u0300i<\/td>\n<\/tr>\n<tr>\n<td>C\u1ed5ng giao ti\u1ebfp<\/td>\n<td>1 WAN &amp; 4 LAN Giga<\/td>\n<\/tr>\n<\/tbody>\n<\/table><\/div>\n<p>                            <!--                            <\/p>\n<div class=\"xemthem_id_r\">--><br \/>\n                            <!--                                <a><!--\/show\/?token=--><br \/>\n                            <!--\"--><br \/>\n                            <!--                                   class=\"preview fancybox fancybox.ajax\" rel=\"nofollow\"&gt;Xem th&#234;m th&#244;ng s&#7889; k&#7929; thu&#7853;t<\/a>--><br \/>\n                            <!--                            <\/div>\n<p>-->\n                        <\/p><\/div>\n<\/p><\/div>\n","protected":false},"excerpt":{"rendered":"<ul>\n<ul>\n<li>Wi-Fi chu\u1ea9n AC m\u1edbi nh\u1ea5t v\u1edbi MU-MIMO \u0111\u1ed9t ph\u00e1 (170m2; 15 thi\u1ebft b\u1ecb)<\/li>\n<li>T\u1ed1c \u0111\u1ed9 cao 2600Mbps (N600 + AC1300)<\/li>\n<li>Vi x\u1eed l\u00fd l\u00f5i k\u00e9p @880 MHz, RAM 128 MB, Flash 128 MB<\/li>\n<li>4 c\u1ed5ng LAN Gigabit (10\/100\/1000Mbps)<\/li>\n<li>2 b\u0103ng t\u1ea7n ph\u00e1t s\u00f3ng 2.4GHz + 5GHz<\/li>\n<li>2 c\u1ed5ng USB 3.0 cho k\u1ebft n\u1ed1i thi\u1ebft b\u1ecb l\u01b0u tr\u1eef, m\u00e1y in<\/li>\n<\/ul>\n<\/ul>\n","protected":false},"featured_media":11440,"comment_status":"closed","ping_status":"closed","template":"","meta":[],"pwb-brand":[],"product_cat":[2907],"product_tag":[],"class_list":{"0":"post-11439","1":"product","2":"type-product","3":"status-publish","4":"has-post-thumbnail","6":"product_cat-linksys","8":"first","9":"instock","10":"shipping-taxable","11":"product-type-simple"},"brands":[],"_links":{"self":[{"href":"https:\/\/serverhot.vn\/vi\/wp-json\/wp\/v2\/product\/11439","targetHints":{"allow":["GET"]}}],"collection":[{"href":"https:\/\/serverhot.vn\/vi\/wp-json\/wp\/v2\/product"}],"about":[{"href":"https:\/\/serverhot.vn\/vi\/wp-json\/wp\/v2\/types\/product"}],"replies":[{"embeddable":true,"href":"https:\/\/serverhot.vn\/vi\/wp-json\/wp\/v2\/comments?post=11439"}],"wp:featuredmedia":[{"embeddable":true,"href":"https:\/\/serverhot.vn\/vi\/wp-json\/wp\/v2\/media\/11440"}],"wp:attachment":[{"href":"https:\/\/serverhot.vn\/vi\/wp-json\/wp\/v2\/media?parent=11439"}],"wp:term":[{"taxonomy":"pwb-brand","embeddable":true,"href":"https:\/\/serverhot.vn\/vi\/wp-json\/wp\/v2\/pwb-brand?post=11439"},{"taxonomy":"product_cat","embeddable":true,"href":"https:\/\/serverhot.vn\/vi\/wp-json\/wp\/v2\/product_cat?post=11439"},{"taxonomy":"product_tag","embeddable":true,"href":"https:\/\/serverhot.vn\/vi\/wp-json\/wp\/v2\/product_tag?post=11439"}],"curies":[{"name":"wp","href":"https:\/\/api.w.org\/{rel}","templated":true}]}}