{"id":11937,"date":"2024-06-29T15:39:55","date_gmt":"2024-06-29T08:39:55","guid":{"rendered":"https:\/\/serverhot.vn\/product\/uncategorized\/microsoft-office-home-and-student-2021-all-lng-apac-em-pk-lic-online-dwnld-nr-79g-05337-ma-san-pham-79g-05337\/"},"modified":"2024-06-29T15:40:07","modified_gmt":"2024-06-29T08:40:07","slug":"microsoft-office-home-and-student-2021-all-lng-apac-em-pk-lic-online-dwnld-nr-79g-05337-ma-san-pham-79g-05337","status":"publish","type":"product","link":"https:\/\/serverhot.vn\/vi\/-product-\/microsoft-office-home-and-student-2021-all-lng-apac-em-pk-lic-online-dwnld-nr-79g-05337-ma-san-pham-79g-05337\/","title":{"rendered":"Microsoft Office Home and Student 2021 All Lng APAC EM PK Lic Online DwnLd NR 79G-05337 M\u00e3 s\u1ea3n ph\u1ea9m: 79G-05337"},"content":{"rendered":"<div id=\"tab2\">\n<div class=\"nd\">\n<h3>Ph\u00e2\u0300n m\u00ea\u0300m Microsoft Office Home and Student 2021 AllLng APAC EM PK Lic Online (79G-05337) Key \u0111i\u00ea\u0323n t\u01b0\u0309<\/h3>\n<p>Ho\u00e0n th\u00e0nh nhanh nhi\u1ec1u c\u00f4ng vi\u1ec7c h\u01a1n nh\u1edd c\u00f3 c\u00e1c \u1ee9ng d\u1ee5ng\u00a0<strong>ph\u1ea7n m\u1ec1m Microsoft Office<\/strong>\u00a0cao c\u1ea5p, v\u1edbi\u00a0<strong>ph\u1ea7n m\u1ec1m\u00a0Microsoft\u00a0Home and Student 2021<\/strong>\u00a0&#8211; chuy\u00ean d\u00f9ng cho c\u00e1 nh\u00e2n, t\u01b0\u01a1ng th\u00edch v\u1edbi\u00a0<strong>h\u1ec7 \u0111i\u1ec1u h\u00e0nh Window 11<\/strong>\u00a0m\u1edbi nh\u1ea5t.<\/p>\n<p><img decoding=\"async\" src=\"http:\/\/serverhot.vn\/wp-content\/uploads\/2024\/06\/student-e.jpg\" title=\"student-e\"><\/p>\n<p><strong>C\u00e1c t\u00ednh n\u0103ng v\u00e0 d\u1ecbch v\u1ee5<\/strong><\/p>\n<p><strong>Microsoft Office Home and Student<\/strong>\u00a0\u0111\u01b0\u1ee3c trang b\u1ecb\u00a0c\u00e1c t\u00ednh n\u0103ng cao c\u1ea5p trong nh\u1eefng \u1ee9ng d\u1ee5ng v\u00e0 d\u1ecbch v\u1ee5 sau:<\/p>\n<p>&#8211; Mua 01 l\u1ea7n &#8211; d\u00f9ng tr\u1ecdn \u0111\u1eddi b\u1ed9 \u1ee9ng d\u1ee5ng Office c\u01a1 b\u1ea3n 2021, d\u00e0nh cho 1 ng\u01b0\u1eddi, c\u00e0i \u0111\u1eb7t tr\u00ean 1 thi\u1ebft b\u1ecb M\u00e1y t\u00ednh ho\u1eb7c m\u00e1y Mac<br \/>&#8211; B\u1ed9 \u1ee9ng d\u1ee5ng c\u01a1 b\u1ea3n 2021: Word, Excel, PowerPoint, c\u00f9ng t\u00ednh n\u0103ng c\u1ed9ng th\u00eam OneNote<\/p>\n<p>-Truy c\u1eadp office.com\/systemrequirements \u0111\u1ec3 xem c\u00e1c phi\u00ean b\u1ea3n Windows 10 v\u00e0 macOS t\u01b0\u01a1ng th\u00edch, c\u0169ng nh\u01b0 c\u00e1c y\u00eau c\u1ea7u t\u00ednh n\u0103ng kh\u00e1c.<\/p>\n<p><img decoding=\"async\" src=\"http:\/\/serverhot.vn\/wp-content\/uploads\/2024\/06\/microsoftofficehomeandstudent.jpg\" title=\"microsoftofficehomeandstudent\"><\/p>\n<p>T\u1ea1o d\u1ea5u \u1ea5n ri\u00eang c\u1ee7a m\u1ed7i ng\u01b0\u1eddi d\u00f9ng v\u1edbi n\u1ed9i dung c\u00f3 ch\u1ea5t l\u01b0\u1ee3ng h\u00e0ng \u0111\u1ea7u trong kho\u1ea3ng th\u1eddi gian ng\u1eafn h\u01a1n nh\u1edd c\u00f3 Word, Excel v\u00e0 PowerPoint trong\u00a0<strong>Microsoft\u00a0Office Home and Student<\/strong>.<\/p>\n<p>Ph\u00f9 h\u1ee3p v\u1edbi h\u1ec7 \u0111i\u1ec1u h\u00e0nh Windows v\u00e0 Mac OS, nh\u1edd\u00a0<strong>ph\u1ea7n m\u1ec1m Microsoft\u00a0Office Home and Student<\/strong>\u00a0ho\u1ea1t \u0111\u1ed9ng tr\u00ean M\u00e1y t\u00ednh, m\u00e1y Mac.<\/p>\n<p><img decoding=\"async\" src=\"http:\/\/serverhot.vn\/wp-content\/uploads\/2024\/06\/w.jpg\" title=\"w\"><\/p>\n<p>S\u1eed d\u1ee5ng\u00a0<strong>ph\u1ea7m m\u1ec1m b\u1ea3n quy\u1ec1n<\/strong>\u00a0ch\u00ednh h\u00e3ng \u0111\u1ec3 \u0111\u01b0\u1ee3c b\u1ea3o v\u1ec7 th\u00f4ng tin, d\u1eef li\u1ec7u v\u00e0 li\u00ean t\u1ee5c c\u1eadp nh\u1eadt nh\u1eefng t\u00ednh n\u0103ng m\u1edbi nh\u1ea5t.<\/p>\n<p>\u0110\u1ec3 c\u00f3 th\u1ec3 ch\u1ecdn \u0111\u01b0\u1ee3c s\u1ea3n ph\u1ea9m Office 2021 ph\u00f9 h\u1ee3p v\u1edbi m\u1ee5c \u0111\u00edch s\u1eed d\u1ee5ng c\u1ee7a m\u00ecnh. B\u1ea1n c\u00f3 th\u1ec3 tham kh\u1ea3o m\u1ed9t s\u1ed1 th\u00f4ng tin\u00a0t\u1ea1i \u0111\u00e2y.<\/p>\n<p>M\u1ed9t s\u1ed1 t\u00ednh n\u0103ng v\u00e0 \u0111\u1eb7c \u0111i\u1ec3m\u00a0kh\u00e1c nhau c\u1ee7a\u00a0<strong>ph\u1ea7n m\u1ec1m Microsoft\u00a0Office<\/strong>\u00a0v\u00e0\u00a0<strong>ph\u1ea7n m\u1ec1m Microsoft 365<\/strong>\u00a0c\u00f3 th\u1ec3 t\u00ecm hi\u1ec3u th\u00eam\u00a0t\u1ea1i \u0111\u00e2y.<\/p>\n<\/div>\n<\/div>\n<div class=\"showText tabs\" id=\"tab2\">\n<div class=\"box_right_pro_view\">\n<div class=\"thongso_pro a_technical\" style=\"max-height: fit-content\">\n<p>\u00a0<\/p>\n<table dir=\"ltr\" border=\"1\" cellspacing=\"0\" cellpadding=\"0\" data-sheets-root=\"1\">\n<colgroup>\n<col width=\"498\">\n<col width=\"780\"><\/colgroup>\n<tbody>\n<tr>\n<td data-sheets-value=\"{\">Lo\u1ea1i ph\u1ea7n m\u1ec1m<\/td>\n<td data-sheets-value=\"{\">Microsoft Office<\/td>\n<\/tr>\n<tr>\n<td data-sheets-value=\"{\">Th\u1eddi gian b\u1ea3n quy\u1ec1n<\/td>\n<td data-sheets-value=\"{\">V\u0129nh vi\u1ec5n<\/td>\n<\/tr>\n<tr>\n<td data-sheets-value=\"{\">S\u1ed1 thi\u1ebft b\u1ecb s\u1eed d\u1ee5ng<\/td>\n<td data-sheets-value=\"{\">1 thi\u1ebft b\u1ecb<\/td>\n<\/tr>\n<tr>\n<td data-sheets-value=\"{\">S\u1eed d\u1ee5ng cho thi\u1ebft b\u1ecb<\/td>\n<td data-sheets-value=\"{\">Laptop<br \/>MacBook<br \/>Mac<br \/>M\u00e1y t\u00ednh \u0111\u1ec3 b\u00e0n<\/td>\n<\/tr>\n<tr>\n<td colspan=\"2\" rowspan=\"1\" data-sheets-value=\"{\">*Truy c\u1eadp aka.ms\/systemrequirements \u0111\u1ec3 bi\u1ebft c\u00e1c phi\u00ean b\u1ea3n t\u01b0\u01a1ng th\u00edch c\u1ee7a Windows 11, Windows 10 v\u00e0 macOS v\u00e0 \u0111\u1ec3 bi\u1ebft c\u00e1c y\u00eau c\u1ea7u v\u1ec1 t\u00ednh n\u0103ng kh\u00e1c.<\/td>\n<\/tr>\n<\/tbody>\n<\/table><\/div>\n<p>                            <!--                            <\/p>\n<div class=\"xemthem_id_r\">--><br \/>\n                            <!--                                <a><!--\/show\/?token=--><br \/>\n                            <!--\"--><br \/>\n                            <!--                                   class=\"preview fancybox fancybox.ajax\" rel=\"nofollow\"&gt;Xem th&#234;m th&#244;ng s&#7889; k&#7929; thu&#7853;t<\/a>--><br \/>\n                            <!--                            <\/div>\n<p>-->\n                        <\/p><\/div>\n<\/p><\/div>\n","protected":false},"excerpt":{"rendered":"<ul>\n<p>Office Home &amp; Student 2021- D\u00e0nh cho h\u1ecdc vi\u00ean v\u00e0 gia \u0111\u00ecnh mu\u1ed1n c\u00e0i \u0111\u1eb7t c\u00e1c \u1ee9ng d\u1ee5ng Office c\u1ed5 \u0111i\u1ec3n tr\u00ean m\u1ed9t PC ho\u1eb7c m\u00e1y Mac \u0111\u1ec3 s\u1eed d\u1ee5ng t\u1ea1i nh\u00e0 ho\u1eb7c tr\u01b0\u1eddng h\u1ecdc.<\/p>\n<ul>\n<li>Phi\u00ean b\u1ea3n Word, Excel, PowerPoint v\u00e0 OneNote<\/li>\n<li>T\u01b0\u01a1ng th\u00edch v\u1edbi Windows 10, Windows 11, v\u00e0 MacOs<\/li>\n<li>Da\u0300nh cho 1 Ma\u0301y ti\u0301nh, Cho 1 ng\u01b0\u1eddi<\/li>\n<\/ul>\n<\/ul>\n","protected":false},"featured_media":11938,"comment_status":"closed","ping_status":"closed","template":"","meta":[],"pwb-brand":[],"product_cat":[2917],"product_tag":[2662],"class_list":{"0":"post-11937","1":"product","2":"type-product","3":"status-publish","4":"has-post-thumbnail","6":"product_cat-microsoft","7":"product_tag-tinh-nang-moi","9":"first","10":"instock","11":"shipping-taxable","12":"product-type-simple"},"brands":[],"_links":{"self":[{"href":"https:\/\/serverhot.vn\/vi\/wp-json\/wp\/v2\/product\/11937","targetHints":{"allow":["GET"]}}],"collection":[{"href":"https:\/\/serverhot.vn\/vi\/wp-json\/wp\/v2\/product"}],"about":[{"href":"https:\/\/serverhot.vn\/vi\/wp-json\/wp\/v2\/types\/product"}],"replies":[{"embeddable":true,"href":"https:\/\/serverhot.vn\/vi\/wp-json\/wp\/v2\/comments?post=11937"}],"wp:featuredmedia":[{"embeddable":true,"href":"https:\/\/serverhot.vn\/vi\/wp-json\/wp\/v2\/media\/11938"}],"wp:attachment":[{"href":"https:\/\/serverhot.vn\/vi\/wp-json\/wp\/v2\/media?parent=11937"}],"wp:term":[{"taxonomy":"pwb-brand","embeddable":true,"href":"https:\/\/serverhot.vn\/vi\/wp-json\/wp\/v2\/pwb-brand?post=11937"},{"taxonomy":"product_cat","embeddable":true,"href":"https:\/\/serverhot.vn\/vi\/wp-json\/wp\/v2\/product_cat?post=11937"},{"taxonomy":"product_tag","embeddable":true,"href":"https:\/\/serverhot.vn\/vi\/wp-json\/wp\/v2\/product_tag?post=11937"}],"curies":[{"name":"wp","href":"https:\/\/api.w.org\/{rel}","templated":true}]}}