{"id":11946,"date":"2024-06-29T15:42:52","date_gmt":"2024-06-29T08:42:52","guid":{"rendered":"https:\/\/serverhot.vn\/product\/uncategorized\/may-tinh-intel-nuc-11-tiger-canyon-bnuc11tnki70000-i7-1165g7-ma-san-pham-bnuc11tnki70000\/"},"modified":"2024-06-29T15:42:54","modified_gmt":"2024-06-29T08:42:54","slug":"may-tinh-intel-nuc-11-tiger-canyon-bnuc11tnki70000-i7-1165g7-ma-san-pham-bnuc11tnki70000","status":"publish","type":"product","link":"https:\/\/serverhot.vn\/vi\/-product-\/may-tinh-intel-nuc-11-tiger-canyon-bnuc11tnki70000-i7-1165g7-ma-san-pham-bnuc11tnki70000\/","title":{"rendered":"M\u00e1y T\u00ednh Intel NUC 11 TIGER CANYON BNUC11TNKI70000 &#8211; i7 (1165G7) M\u00e3 s\u1ea3n ph\u1ea9m: BNUC11TNKI70000"},"content":{"rendered":"<div class=\"showText tabs\" id=\"tab2\">\n<div class=\"box_right_pro_view\">\n<div class=\"thongso_pro a_technical\" style=\"max-height: fit-content\">\n<table class=\"MsoNormalTable\" border=\"1\" cellspacing=\"0\" cellpadding=\"0\">\n<tbody>\n<tr>\n<td width=\"396\"><span> <\/span><\/p>\n<p class=\"MsoNormal\" align=\"right\"><span><strong><span>Nh\u00e0 s\u1ea3n xu\u1ea5t<\/span><\/strong><\/span><\/p>\n<p><span> <\/span><\/td>\n<td width=\"396\"><span> <\/span><\/p>\n<p class=\"MsoNormal\"><span><strong><span>INTEL<\/span><\/strong><\/span><\/p>\n<p><span> <\/span><\/td>\n<\/tr>\n<tr>\n<td width=\"396\"><span> <\/span><\/p>\n<p class=\"MsoNormal\" align=\"right\"><span><strong><span>M\u00e3 s\u1ea3n ph\u1eabm<\/span><\/strong><\/span><\/p>\n<p><span> <\/span><\/td>\n<td width=\"396\"><span> <\/span><\/p>\n<p class=\"MsoNormal\"><span><span>BNUC11TNKI70000<\/span><\/span><\/p>\n<p><span> <\/span><\/td>\n<\/tr>\n<tr>\n<td width=\"396\"><span> <\/span><\/p>\n<p class=\"MsoNormal\" align=\"right\"><span><strong><span>H\u1ec7 \u0111i\u1ec1u h\u00e0nh<\/span><\/strong><\/span><\/p>\n<p><span> <\/span><\/td>\n<td width=\"396\"><span> <\/span><\/p>\n<p class=\"MsoNormal\"><span><span>No OS<\/span><\/span><\/p>\n<p><span> <\/span><\/td>\n<\/tr>\n<tr>\n<td width=\"396\"><span> <\/span><\/p>\n<p class=\"MsoNormal\" align=\"right\"><span><strong><span>CPU<\/span><\/strong><\/span><\/p>\n<p><span> <\/span><\/td>\n<td width=\"396\"><span> <\/span><\/p>\n<p class=\"MsoNormal\"><span><span>Intel Core i7-1165G7 (Up to 4.7GHz ) 4 Cores 8 Threads<\/span><\/span><\/p>\n<p><span> <\/span><\/td>\n<\/tr>\n<tr>\n<td width=\"396\"><span> <\/span><\/p>\n<p class=\"MsoNormal\" align=\"right\"><span><strong><span>Chipset<\/span><\/strong><\/span><\/p>\n<p><span> <\/span><\/td>\n<td width=\"396\"><span> <\/span><\/p>\n<p class=\"MsoNormal\"><span><span>Integrated<\/span><\/span><\/p>\n<p><span> <\/span><\/td>\n<\/tr>\n<tr>\n<td width=\"396\"><span> <\/span><\/p>\n<p class=\"MsoNormal\" align=\"right\"><span><strong><span>Card \u0111\u1ed3 h\u1ecda<\/span><\/strong><\/span><\/p>\n<p><span> <\/span><\/td>\n<td width=\"396\"><span> <\/span><\/p>\n<p class=\"MsoNormal\"><span><span>Integrated &#8211; Intel Iris Xe Graphics<\/span><\/span><\/p>\n<p><span> <\/span><\/td>\n<\/tr>\n<tr>\n<td width=\"396\"><span> <\/span><\/p>\n<p class=\"MsoNormal\" align=\"right\"><span><strong><span>Memory<\/span><\/strong><\/span><\/p>\n<p><span> <\/span><\/td>\n<td width=\"396\"><span> <\/span><\/p>\n<p class=\"MsoNormal\"><span><span>2 x DDR4 3200Mhz (maximum 64GB)<\/span><\/span><\/p>\n<p><span> <\/span><\/td>\n<\/tr>\n<tr>\n<td width=\"396\"><span> <\/span><\/p>\n<p class=\"MsoNormal\" align=\"right\"><span><strong><span>\u1ed4 c\u1ee9ng<\/span><\/strong><\/span><\/p>\n<p><span> <\/span><\/td>\n<td width=\"396\"><span> <\/span><\/p>\n<p class=\"MsoNormal\"><span><!-- [if !supportLists]--><span><span>\u00b7<span>\u00a0\u00a0\u00a0\u00a0\u00a0\u00a0\u00a0\u00a0 <\/span><\/span><\/span><!--[endif]--><span>M.2 SSD PCIe Gen3.0 x4\/ 4.0 x4<\/span><\/span><\/p>\n<p><span> <\/span><\/p>\n<p class=\"MsoNormal\"><span><!-- [if !supportLists]--><span><span>\u00b7<span>\u00a0\u00a0\u00a0\u00a0\u00a0\u00a0\u00a0\u00a0 <\/span><\/span><\/span><!--[endif]--><span>M.2 2242 SSD PCIe Gen3 \/SATA<\/span><\/span><\/p>\n<p><span> <\/span><\/td>\n<\/tr>\n<tr>\n<td width=\"396\"><span> <\/span><\/p>\n<p class=\"MsoNormal\" align=\"right\"><span><strong><span>Wireless Data Network<\/span><\/strong><\/span><\/p>\n<p><span> <\/span><\/td>\n<td width=\"396\"><span> <\/span><\/p>\n<p class=\"MsoNormal\"><span><!-- [if !supportLists]--><span><span>\u00b7<span>\u00a0\u00a0\u00a0\u00a0\u00a0\u00a0\u00a0\u00a0 <\/span><\/span><\/span><!--[endif]--><span>Intel\u00ae Wi-Fi 6 AX201<\/span><\/span><\/p>\n<p><span> <\/span><\/p>\n<p class=\"MsoNormal\"><span><!-- [if !supportLists]--><span><span>\u00b7<span>\u00a0\u00a0\u00a0\u00a0\u00a0\u00a0\u00a0\u00a0 <\/span><\/span><\/span><!--[endif]--><span>Bluetooth 5.0<\/span><\/span><\/p>\n<p><span> <\/span><\/td>\n<\/tr>\n<tr>\n<td width=\"396\"><span> <\/span><\/p>\n<p class=\"MsoNormal\" align=\"right\"><span><strong><span>LAN<\/span><\/strong><\/span><\/p>\n<p><span> <\/span><\/td>\n<td width=\"396\"><span> <\/span><\/p>\n<p class=\"MsoNormal\"><span><span>Intel\u00ae Ethernet Controller i225-LM<\/span><\/span><\/p>\n<p><span> <\/span><\/td>\n<\/tr>\n<tr>\n<td width=\"396\"><span> <\/span><\/p>\n<p class=\"MsoNormal\" align=\"right\"><span><strong><span>C\u1ed5ng k\u1ebft n\u1ed1i m\u1eb7t tr\u01b0\u1edbc<\/span><\/strong><\/span><\/p>\n<p><span> <\/span><\/td>\n<td width=\"396\"><span> <\/span><\/p>\n<p class=\"MsoNormal\"><span><!-- [if !supportLists]--><span><span>\u00b7<span>\u00a0\u00a0\u00a0\u00a0\u00a0\u00a0\u00a0\u00a0 <\/span><\/span><\/span><!--[endif]--><span>2 x\u00a0USB 3.2\u00a0Type-A<\/span><\/span><\/p>\n<p><span> <\/span><\/p>\n<p class=\"MsoNormal\"><span><!-- [if !supportLists]--><span><span>\u00b7<span>\u00a0\u00a0\u00a0\u00a0\u00a0\u00a0\u00a0\u00a0 <\/span><\/span><\/span><!--[endif]--><span>Power Button<\/span><\/span><\/p>\n<p><span> <\/span><\/td>\n<\/tr>\n<tr>\n<td width=\"396\"><span> <\/span><\/p>\n<p class=\"MsoNormal\" align=\"right\"><span><strong><span>C\u1ed5ng k\u1ebft n\u1ed1i m\u1eb7t sau<\/span><\/strong><\/span><\/p>\n<p><span> <\/span><\/td>\n<td width=\"396\"><span> <\/span><\/p>\n<p class=\"MsoNormal\"><span><!-- [if !supportLists]--><span><span>\u00b7<span>\u00a0\u00a0\u00a0\u00a0\u00a0\u00a0\u00a0\u00a0 <\/span><\/span><\/span><!--[endif]--><span>2 x HDMI 2.0b<\/span><\/span><\/p>\n<p><span> <\/span><\/p>\n<p class=\"MsoNormal\"><span><!-- [if !supportLists]--><span><span>\u00b7<span>\u00a0\u00a0\u00a0\u00a0\u00a0\u00a0\u00a0\u00a0 <\/span><\/span><\/span><!--[endif]--><span>1 x\u00a0Thunderbolt\u2122 4<\/span><\/span><\/p>\n<p><span> <\/span><\/p>\n<p class=\"MsoNormal\"><span><!-- [if !supportLists]--><span><span>\u00b7<span>\u00a0\u00a0\u00a0\u00a0\u00a0\u00a0\u00a0\u00a0 <\/span><\/span><\/span><!--[endif]--><span>1 x\u00a0Thunderbolt\u2122 3<\/span><\/span><\/p>\n<p><span> <\/span><\/p>\n<p class=\"MsoNormal\"><span><!-- [if !supportLists]--><span><span>\u00b7<span>\u00a0\u00a0\u00a0\u00a0\u00a0\u00a0\u00a0\u00a0 <\/span><\/span><\/span><!--[endif]--><span>2 x USB 3.2\u00a0Type-A<\/span><\/span><\/p>\n<p><span> <\/span><\/p>\n<p class=\"MsoNormal\"><span><!-- [if !supportLists]--><span><span>\u00b7<span>\u00a0\u00a0\u00a0\u00a0\u00a0\u00a0\u00a0\u00a0 <\/span><\/span><\/span><!--[endif]--><span>1 x\u00a0Intel Thernet Port<\/span><\/span><\/p>\n<p><span> <\/span><\/p>\n<p class=\"MsoNormal\"><span><!-- [if !supportLists]--><span><span>\u00b7<span>\u00a0\u00a0\u00a0\u00a0\u00a0\u00a0\u00a0\u00a0 <\/span><\/span><\/span><!--[endif]--><span>1 x DC-in<\/span><\/span><\/p>\n<p><span> <\/span><\/td>\n<\/tr>\n<tr>\n<td width=\"396\"><span> <\/span><\/p>\n<p class=\"MsoNormal\" align=\"right\"><span><strong><span>Ngu\u1ed3n v\u00e0o<\/span><\/strong><\/span><\/p>\n<p><span> <\/span><\/td>\n<td width=\"396\"><span> <\/span><\/p>\n<p class=\"MsoNormal\"><span><span>19Vdc, 120W Power Adapter<\/span><\/span><\/p>\n<p><span> <\/span><\/td>\n<\/tr>\n<tr>\n<td width=\"396\"><span> <\/span><\/p>\n<p class=\"MsoNormal\" align=\"right\"><span><strong><span>K\u00edch th\u01b0\u1edbc<\/span><\/strong><\/span><\/p>\n<p><span> <\/span><\/td>\n<td width=\"396\"><span> <\/span><\/p>\n<p class=\"MsoNormal\"><span><span>117 x 112 x 37 mm<\/span><\/span><\/p>\n<p><span> <\/span><\/td>\n<\/tr>\n<tr>\n<td width=\"396\"><span> <\/span><\/p>\n<p class=\"MsoNormal\" align=\"right\"><span><strong><span>M\u00e0u s\u1eafc<\/span><\/strong><\/span><\/p>\n<p><span> <\/span><\/td>\n<td width=\"396\"><span> <\/span><\/p>\n<p class=\"MsoNormal\"><span><span>\u0110en<\/span><\/span><\/p>\n<p><span> <\/span><\/td>\n<\/tr>\n<tr>\n<td width=\"396\"><span> <\/span><\/p>\n<p class=\"MsoNormal\" align=\"right\"><span><strong><span>B\u1ea3o h\u00e0nh<\/span><\/strong><\/span><\/p>\n<p><span> <\/span><\/td>\n<td width=\"396\"><span> <\/span><\/p>\n<p class=\"MsoNormal\"><span><strong><span>3 n\u0103m ch\u00ednh h\u00e3ng<\/span><\/strong><\/span><\/p>\n<p><span> <\/span><\/td>\n<\/tr>\n<\/tbody>\n<\/table><\/div>\n<p>                            <!--                            <\/p>\n<div class=\"xemthem_id_r\">--><br \/>\n                            <!--                                <a><!--\/show\/?token=--><br \/>\n                            <!--\"--><br \/>\n                            <!--                                   class=\"preview fancybox fancybox.ajax\" rel=\"nofollow\"&gt;Xem th&#234;m th&#244;ng s&#7889; k&#7929; thu&#7853;t<\/a>--><br \/>\n                            <!--                            <\/div>\n<p>-->\n                        <\/p><\/div>\n<\/p><\/div>\n","protected":false},"excerpt":{"rendered":"<ul>\n<ul>\n<li style=\"text-align: justify\"><span style=\"font-size: 18px\">CPU: Intel Core i7 (2.80 GHz &#8211; 4.70 GHz\/12MB\/4 nh\u00e2n, 8 lu\u00f4\u0300ng)<\/span><\/li>\n<li style=\"text-align: justify\"><span style=\"font-size: 18px\">RAM: DDR4 3200MHz (2 Khe c\u1eafm, H\u1ed7 tr\u1ee3 t\u1ed1i \u0111a 64GB)<\/span><\/li>\n<li style=\"text-align: justify\"><span style=\"font-size: 18px\">\u0110\u1ed3 h\u1ecda: Intel Iris Graphics <\/span><\/li>\n<li style=\"text-align: justify\"><span style=\"font-size: 18px\">L\u01b0u tr\u1eef: Option M.2 SSD PCIe Gen3.0 x4\/ 4.0 x4,HDD<\/span><\/li>\n<\/ul>\n<\/ul>\n","protected":false},"featured_media":11947,"comment_status":"closed","ping_status":"closed","template":"","meta":[],"pwb-brand":[],"product_cat":[2889],"product_tag":[2841,2852],"class_list":{"0":"post-11946","1":"product","2":"type-product","3":"status-publish","4":"has-post-thumbnail","6":"product_cat-intel","7":"product_tag-hdd","8":"product_tag-wireless","10":"first","11":"instock","12":"shipping-taxable","13":"product-type-simple"},"brands":[],"_links":{"self":[{"href":"https:\/\/serverhot.vn\/vi\/wp-json\/wp\/v2\/product\/11946","targetHints":{"allow":["GET"]}}],"collection":[{"href":"https:\/\/serverhot.vn\/vi\/wp-json\/wp\/v2\/product"}],"about":[{"href":"https:\/\/serverhot.vn\/vi\/wp-json\/wp\/v2\/types\/product"}],"replies":[{"embeddable":true,"href":"https:\/\/serverhot.vn\/vi\/wp-json\/wp\/v2\/comments?post=11946"}],"wp:featuredmedia":[{"embeddable":true,"href":"https:\/\/serverhot.vn\/vi\/wp-json\/wp\/v2\/media\/11947"}],"wp:attachment":[{"href":"https:\/\/serverhot.vn\/vi\/wp-json\/wp\/v2\/media?parent=11946"}],"wp:term":[{"taxonomy":"pwb-brand","embeddable":true,"href":"https:\/\/serverhot.vn\/vi\/wp-json\/wp\/v2\/pwb-brand?post=11946"},{"taxonomy":"product_cat","embeddable":true,"href":"https:\/\/serverhot.vn\/vi\/wp-json\/wp\/v2\/product_cat?post=11946"},{"taxonomy":"product_tag","embeddable":true,"href":"https:\/\/serverhot.vn\/vi\/wp-json\/wp\/v2\/product_tag?post=11946"}],"curies":[{"name":"wp","href":"https:\/\/api.w.org\/{rel}","templated":true}]}}