{"id":12122,"date":"2024-06-29T16:23:34","date_gmt":"2024-06-29T09:23:34","guid":{"rendered":"https:\/\/serverhot.vn\/product\/uncategorized\/24-port-10-100mbps-poe-switch-planet-fnsw-2400ps-ma-san-pham-fnsw-2400ps\/"},"modified":"2024-06-29T16:23:36","modified_gmt":"2024-06-29T09:23:36","slug":"24-port-10-100mbps-poe-switch-planet-fnsw-2400ps-ma-san-pham-fnsw-2400ps","status":"publish","type":"product","link":"https:\/\/serverhot.vn\/vi\/-product-\/24-port-10-100mbps-poe-switch-planet-fnsw-2400ps-ma-san-pham-fnsw-2400ps\/","title":{"rendered":"24-port 10\/100Mbps PoE Switch PLANET FNSW-2400PS M\u00e3 s\u1ea3n ph\u1ea9m: FNSW-2400PS"},"content":{"rendered":"<div class=\"showText tabs\" id=\"tab2\">\n                                    <\/div>\n","protected":false},"excerpt":{"rendered":"<ul>\n<p><strong>24-port 10\/100Mbps PoE Switch PLANET FNSW-2400PS<\/strong><br \/><span>\u0110\u1ec3 t\u0103ng c\u01b0\u1eddng qu\u1ea3n l\u00fd m\u1ea1ng v\u1edbi chi ph\u00ed ti\u1ebft ki\u1ec7m \u0111\u1ed1i v\u1edbi kh\u00e1ch h\u00e0ng, t\u1eadp \u0111o\u00e0n PLANET ph\u00e1t h\u00e0nh d\u00f2ng s\u1ea3n ph\u1ea9m m\u1edbi FNSW-2400PS, \u0111\u00e2y l\u00e0 lo\u1ea1i Switch qu\u1ea3n l\u00fd l\u1edbp 2 qua giao di\u1ec7n Web th\u00f4ng minh v\u1edbi PoE injector. FNSW-2400PS \u0111\u01b0\u1ee3c trang b\u1ecb 24 c\u1ed5ng Fast Ethernet t\u00edch h\u1ee3p t\u00ednh n\u0103ng PoE. V\u1edbi t\u1ed5ng c\u00f4ng su\u1ea5t PoE 125Watts, thi\u1ebft b\u1ecb mang l\u1ea1i gi\u1ea3i ph\u00e1p hi\u1ec7u qu\u1ea3, g\u1ecdn nh\u1eb9, an to\u00e0n v\u00e0 \u0111\u00e1ng tin c\u1eady \u0111\u1ed1i v\u1edbi c\u00e1c doanh nghi\u1ec7p v\u1eeba v\u00e0 nh\u1ecf.<\/span><br \/><span>H\u1ed7 tr\u1ee3 IEEE 802.3af Power over Ethernet<\/span><br \/><span>C\u00f4ng su\u1ea5t PoE truy\u1ec1n trong \u0111\u01b0\u1eddng d\u00e2y theo chu\u1ea9n IEEE 802.3af, FNSW-2400PS c\u00f3 th\u1ec3 c\u1ea5p \u0111i\u1ec7n cho 24 thi\u1ebft b\u1ecb t\u01b0\u01a1ng th\u00edch v\u1edbi PoE t\u1ea1i kho\u1ea3ng c\u00e1ch l\u00ean \u0111\u1ebfn 100 m\u00e9t th\u00f4ng qua d\u00e2y c\u00e1p c\u00f3 4 c\u1eb7p xo\u1eafn \u0111\u00f4i Cat 5\/5e UTP. N\u00f3 t\u1ed1i \u01b0u cho vi\u1ec7c l\u1eafp \u0111\u1eb7t v\u00e0 qu\u1ea3n l\u00fd \u0111i\u1ec7n n\u0103ng an to\u00e0n c\u1ee7a c\u00e1c thi\u1ebft b\u1ecb m\u1ea1ng nh\u01b0 l\u00e0 c\u00e1c \u0111i\u1ec3m truy c\u1eadp kh\u00f4ng d\u00e2y (AP), \u0111i\u1ec7n tho\u1ea1i qua IP (VoIP) v\u00e0 c\u00e1c camera gi\u00e1m s\u00e1t IP. V\u1edbi t\u00ednh n\u0103ng c\u1ea5p ngu\u1ed3n qua c\u00e1c c\u1ed5ng chuy\u1ec3n m\u1ea1ch, hi\u1ec7u qu\u1ea3 mang l\u1ea1i \u0111\u1ed1i v\u1edbi FNSW-2400PS c\u00f2n t\u1ed1t h\u01a1n nhi\u1ec1u so v\u1edbi 24 adapter \u0111i\u1ec7n khi ho\u1ea1t \u0111\u1ed9ng l\u00e2u d\u00e0i v\u00e0 mang l\u1ea1i cho kh\u00e1ch h\u00e0ng l\u1ee3i \u00edch quan tr\u1ecdng \u0111\u00f3 l\u00e0 ti\u1ebft ki\u1ec7m \u0111i\u1ec7n.<\/span><br \/><span>L\u1eafp \u0111\u1eb7t c\u00e1p d\u1ec5 d\u00e0ng<\/span><br \/><span>C\u00f4ng ngh\u1ec7 PoE cho ph\u00e9p d\u00e2y Ethernet c\u00f3 th\u1ec3 mang trong n\u00f3 c\u1ea3 hai t\u00edn hi\u1ec7u \u0111i\u1ec7n v\u00e0 d\u1eef li\u1ec7u. Khi t\u00edn hi\u1ec7u \u0111i\u1ec7n v\u00e0 d\u1eef li\u1ec7u qua Ethernet \u0111\u01b0\u1ee3c truy\u1ec1n t\u1eeb m\u1ed9t kh\u1ed1i, FNSW-2400PS s\u1ebd l\u00e0m gi\u1ea3m chi ph\u00ed, th\u1eddi gian l\u1eafp \u0111\u1eb7t c\u00e1p v\u00e0 \u0111\u1ed3ng th\u1eddi lo\u1ea1i b\u1ecf s\u1ef1 c\u1ea7n thi\u1ebft c\u1ee7a c\u00e1c \u1ed5 c\u1eafm \u0111i\u1ec7n tr\u00ean t\u01b0\u1eddng, tr\u1ea7n nh\u00e0 ho\u1eb7c b\u1ea5t k\u1ef3 v\u1ecb tr\u00ed n\u00e0o m\u00e0 d\u00e2y \u0111i\u1ec7n kh\u00f4ng th\u1ec3 n\u1ed1i t\u1edbi. T\u00f3m l\u1ea1i, n\u00f3 gi\u1ea3m chi l\u1eafp \u0111\u1eb7t v\u00e0 \u0111\u01a1n gi\u1ea3n h\u00f3a cho nh\u1eefng n\u1ed7 l\u1ef1c tri\u1ec3n khai.<\/span><br \/><span>Qu\u1ea3n l\u00fd qua giao di\u1ec7n Web th\u00e2n thi\u1ec7n<\/span><br \/><span>\u0110\u1ec3 vi\u1ec7c qu\u1ea3n l\u00fd mang l\u1ea1i hi\u1ec7u qu\u1ea3, FNSW-2400PS \u0111\u01b0\u1ee3c trang b\u1ecb v\u1edbi giao di\u1ec7n Web c\u00f3 th\u1ec3 truy c\u1eadp t\u1eeb xa. Thi\u1ebft b\u1ecb \u0111\u01b0\u1ee3c l\u1eadp tr\u00ecnh s\u1eb5n v\u1edbi c\u00e1c t\u00ednh n\u0103ng qu\u1ea3n l\u00fd switch c\u1ea5p cao nh\u01b0 l\u00e0 c\u1ea5u h\u00ecnh c\u00e1c c\u1ed5ng, VLAN, RSTP (Rapid Spanning Tree Protocol), IGMP Snooping, port trunk, QoS, ki\u1ec3m so\u00e1t b\u0103ng th\u00f4ng, v\u00e0 l\u1ecdc \u0111\u1ecba ch\u1ec9 MAC \/ TCP &amp; UDP. TFNSW-2400PS cung c\u1ea5p c\u00e1c giao th\u1ee9c Port-Based \/ IEEE 802.1Q \/ MTU VLAN (port based \/ IEEE 802.1Q VLAN bao g\u1ed3m overlapping). Nh\u00f3m VLAN cho ph\u00e9p tr\u00ean FNSW-2400PS c\u00f3 th\u1ec3 l\u00ean t\u1edbi t\u1ed1i \u0111a 24 nh\u00f3m cho c\u1ed5ng ho\u1eb7c 32 cho c\u00e1c nh\u00f3m IEEE 802.1Q VLAN. M\u1eb7t kh\u00e1c, c\u00e1c MTU VLAN chia t\u1eeb c\u1ed5ng 1 \u0111\u1ebfn c\u1ed5ng 24 l\u00e0 nh\u00f3m m\u1ea1ng LAN ri\u00eang bi\u1ec7t. Nh\u1edd h\u1ed7 tr\u1ee3 port trunking, FNSW-2400PS cho ph\u00e9p ch\u1ebf \u0111\u1ed9 ho\u1ea1t \u0111\u1ed9ng c\u1ee7a m\u1ed9t trunk t\u1ed1c \u0111\u1ed9 cao k\u1ebft h\u1ee3p nhi\u1ec1u c\u1ed5ng. FNSW-2400PS c\u00f2n cung c\u1ea5p hai nh\u00f3m l\u00ean t\u1edbi 4 c\u1ed5ng trunk 10\/ 100Base-TX h\u1ed7 tr\u1ee3 b\u0103ng th\u00f4ng 800Mbps cho m\u1ed7i nh\u00f3m trunk.<\/span><\/p>\n<\/ul>\n","protected":false},"featured_media":12123,"comment_status":"closed","ping_status":"closed","template":"","meta":[],"pwb-brand":[],"product_cat":[2903],"product_tag":[25,55,2849],"class_list":{"0":"post-12122","1":"product","2":"type-product","3":"status-publish","4":"has-post-thumbnail","6":"product_cat-planet","7":"product_tag-man","8":"product_tag-run","9":"product_tag-switch","11":"first","12":"instock","13":"shipping-taxable","14":"product-type-simple"},"brands":[],"_links":{"self":[{"href":"https:\/\/serverhot.vn\/vi\/wp-json\/wp\/v2\/product\/12122","targetHints":{"allow":["GET"]}}],"collection":[{"href":"https:\/\/serverhot.vn\/vi\/wp-json\/wp\/v2\/product"}],"about":[{"href":"https:\/\/serverhot.vn\/vi\/wp-json\/wp\/v2\/types\/product"}],"replies":[{"embeddable":true,"href":"https:\/\/serverhot.vn\/vi\/wp-json\/wp\/v2\/comments?post=12122"}],"wp:featuredmedia":[{"embeddable":true,"href":"https:\/\/serverhot.vn\/vi\/wp-json\/wp\/v2\/media\/12123"}],"wp:attachment":[{"href":"https:\/\/serverhot.vn\/vi\/wp-json\/wp\/v2\/media?parent=12122"}],"wp:term":[{"taxonomy":"pwb-brand","embeddable":true,"href":"https:\/\/serverhot.vn\/vi\/wp-json\/wp\/v2\/pwb-brand?post=12122"},{"taxonomy":"product_cat","embeddable":true,"href":"https:\/\/serverhot.vn\/vi\/wp-json\/wp\/v2\/product_cat?post=12122"},{"taxonomy":"product_tag","embeddable":true,"href":"https:\/\/serverhot.vn\/vi\/wp-json\/wp\/v2\/product_tag?post=12122"}],"curies":[{"name":"wp","href":"https:\/\/api.w.org\/{rel}","templated":true}]}}