{"id":12160,"date":"2024-06-29T16:28:12","date_gmt":"2024-06-29T09:28:12","guid":{"rendered":"https:\/\/serverhot.vn\/product\/uncategorized\/bo-phat-wifi-tp-link-archer-c50-wireless-ac1200mbps-ma-san-pham-c50v6\/"},"modified":"2024-06-29T16:28:13","modified_gmt":"2024-06-29T09:28:13","slug":"bo-phat-wifi-tp-link-archer-c50-wireless-ac1200mbps-ma-san-pham-c50v6","status":"publish","type":"product","link":"https:\/\/serverhot.vn\/vi\/-product-\/bo-phat-wifi-tp-link-archer-c50-wireless-ac1200mbps-ma-san-pham-c50v6\/","title":{"rendered":"B\u1ed9 Ph\u00e1t Wifi TP-Link Archer C50 Wireless AC1200Mbps M\u00e3 s\u1ea3n ph\u1ea9m: C50V6"},"content":{"rendered":"<div class=\"showText tabs\" id=\"tab2\">\n<div class=\"box_right_pro_view\">\n<div class=\"thongso_pro a_technical\" style=\"max-height: fit-content\">\n<table border=\"1\">\n<tbody>\n<tr>\n<th><span>Manufacturer<\/span><\/th>\n<td>\n<h3><span>TP-Link<\/span><\/h3>\n<\/td>\n<\/tr>\n<tr>\n<th><span>Model<\/span><\/th>\n<td><span><span><span><strong>C50V6<\/strong><\/span><\/span><br \/><\/span><\/td>\n<\/tr>\n<tr id=\"tr_5924\">\n<th width=\"35%\"><span>Standards<\/span><\/th>\n<td width=\"65%\"><span>Wi-Fi 5<\/span><br \/><span>IEEE 802.11ac\/n\/a 5 GHz<\/span><br \/><span>IEEE 802.11n\/b\/g 2.4 GHz<\/span><\/td>\n<\/tr>\n<tr id=\"tr_5923\">\n<th width=\"35%\"><span>WiFi Speeds<\/span><\/th>\n<td width=\"65%\"><span>AC1200<\/span><br \/><span>5 GHz: 867 Mbps (802.11ac)<\/span><br \/><span>2.4 GHz: 300 Mbps (802.11n)<\/span><\/td>\n<\/tr>\n<tr id=\"tr_5925\">\n<th width=\"35%\"><span>WiFi Range<\/span><\/th>\n<td width=\"65%\"><span>3 Bedroom Houses<\/span><\/p>\n<hr>\n<p><span>4\u00d7 Fixed Antennas<\/span><br \/><span>Multiple antennas form a signal-boosting array to cover more directions and large areas<\/span><\/p>\n<p><span>Beamforming<\/span><br \/><span>Concentrates wireless signal strength towards clients to expand WiFi range<\/span><\/td>\n<\/tr>\n<tr id=\"tr_5926\">\n<th width=\"35%\"><span>WiFi Capacity<\/span><\/th>\n<td width=\"65%\"><span>Medium<\/span><\/p>\n<hr>\n<p><span>Dual-Band<\/span><br \/><span>Allocate devices to different bands for optimal performance<\/span><\/p>\n<p><span>2\u00d72 MU-MIMO<\/span><br \/><span>Simultaneously communicates with multiple MU-MIMO clients<\/span><\/td>\n<\/tr>\n<tr id=\"tr_5962\">\n<th width=\"35%\"><span>Working Modes<\/span><\/th>\n<td width=\"65%\"><span>Ch\u1ebf \u0110\u1ed9 Router<\/span><br \/><span>Ch\u1ebf \u0110\u1ed9 \u0110i\u1ec3m Truy C\u1eadp<\/span><br \/><span>Ch\u1ebf \u0110\u1ed9 M\u1edf R\u1ed9ng S\u00f3ng<\/span><\/td>\n<\/tr>\n<\/tbody>\n<\/table>\n<table>\n<thead>\n<tr id=\"tr_5793\">\n<th colspan=\"2\"><span><a>HARDWARE<\/a><\/span><\/th>\n<\/tr>\n<\/thead>\n<tbody>\n<tr id=\"tr_5928\">\n<th width=\"35%\"><span>Processor<\/span><\/th>\n<td width=\"65%\"><span>CPU l\u00f5i \u0111\u01a1n<\/span><\/td>\n<\/tr>\n<tr id=\"tr_5929\">\n<th width=\"35%\"><span>Ethernet Ports<\/span><\/th>\n<td width=\"65%\"><span>1 c\u1ed5ng WAN 10\/100 Mbps<\/span><br \/><span>4 c\u1ed5ng LAN 10\/100 Mbps<\/span><\/td>\n<\/tr>\n<tr id=\"tr_5851\">\n<th width=\"35%\"><span>Buttons<\/span><\/th>\n<td width=\"65%\"><span>N\u00fat WPS\/Wi-Fi<\/span><br \/><span>N\u00fat T\u1eaft\/ M\u1edf Ngu\u1ed3n<\/span><br \/><span>N\u00fat Reset<\/span><\/td>\n<\/tr>\n<tr id=\"tr_5931\">\n<th width=\"35%\"><span>Power<\/span><\/th>\n<td width=\"65%\"><span>9 V \u2393 0.85 A<\/span><\/td>\n<\/tr>\n<\/tbody>\n<\/table>\n<table>\n<thead>\n<tr id=\"tr_1625\">\n<th colspan=\"2\"><span><a>B\u1ea2O M\u1eacT<\/a><\/span><\/th>\n<\/tr>\n<\/thead>\n<tbody>\n<tr id=\"tr_5932\">\n<th width=\"35%\"><span>WiFi Encryption<\/span><\/th>\n<td width=\"65%\"><span>WEP<\/span><br \/><span>WPA<\/span><br \/><span>WPA2<\/span><br \/><span>WPA\/WPA2-Enterprise (802.1x)<\/span><\/td>\n<\/tr>\n<tr id=\"tr_5933\">\n<th width=\"35%\"><span>Network Security<\/span><\/th>\n<td width=\"65%\"><span>SPI Firewall<\/span><br \/><span>Access Control<\/span><br \/><span>IP &amp; MAC Binding<\/span><br \/><span>Application Layer Gateway<\/span><\/td>\n<\/tr>\n<tr id=\"tr_5934\">\n<th width=\"35%\"><span>Guest Network<\/span><\/th>\n<td width=\"65%\"><span>1 m\u1ea1ng kh\u00e1ch 5 GHz<\/span><br \/><span>1 m\u1ea1ng kh\u00e1ch 2.4 GHz<\/span><\/td>\n<\/tr>\n<\/tbody>\n<\/table>\n<table>\n<thead>\n<tr id=\"tr_5937\">\n<th colspan=\"2\"><span><a>SOFTWARE<\/a><\/span><\/th>\n<\/tr>\n<\/thead>\n<tbody>\n<tr id=\"tr_5963\">\n<th width=\"35%\"><span>Protocols<\/span><\/th>\n<td width=\"65%\"><span>IPv4<\/span><br \/><span>IPv6<\/span><\/td>\n<\/tr>\n<tr id=\"tr_5942\">\n<th width=\"35%\"><span>Parental Controls<\/span><\/th>\n<td width=\"65%\"><span>L\u1ecdc URL<\/span><br \/><span>Ki\u1ec3m so\u00e1t th\u1eddi gian<\/span><\/td>\n<\/tr>\n<tr id=\"tr_5969\">\n<th width=\"35%\"><span>WAN Types<\/span><\/th>\n<td width=\"65%\"><span>IP \u0110\u1ed9ng<\/span><br \/><span>IP T\u0129nh<\/span><br \/><span>PPPoE<\/span><br \/><span>PPTP<\/span><br \/><span>L2TP<\/span><\/td>\n<\/tr>\n<tr id=\"tr_5943\">\n<th width=\"35%\"><span>Quality of Service<\/span><\/th>\n<td width=\"65%\"><span>\u01afu ti\u00ean thi\u1ebft b\u1ecb<\/span><\/td>\n<\/tr>\n<tr id=\"tr_5946\">\n<th width=\"35%\"><span>NAT Forwarding<\/span><\/th>\n<td width=\"65%\"><span>Port Forwarding<\/span><br \/><span>Port Triggering<\/span><br \/><span>DMZ<\/span><br \/><span>UPnP<\/span><\/td>\n<\/tr>\n<tr id=\"tr_5947\">\n<th width=\"35%\"><span>IPTV<\/span><\/th>\n<td width=\"65%\"><span>IGMP Proxy<\/span><br \/><span>IGMP Snooping<\/span><br \/><span>Bridge<\/span><br \/><span>Tag VLAN<\/span><\/td>\n<\/tr>\n<tr id=\"tr_5948\">\n<th width=\"35%\"><span>DHCP<\/span><\/th>\n<td width=\"65%\"><span>D\u00e0nh ri\u00eang \u0111\u1ecba ch\u1ec9<\/span><br \/><span>Danh s\u00e1ch m\u00e1y kh\u00e1ch DHCP<\/span><br \/><span>M\u00e1y ch\u1ee7<\/span><\/td>\n<\/tr>\n<tr id=\"tr_5949\">\n<th width=\"35%\"><span>DDNS<\/span><\/th>\n<td width=\"65%\"><span>NO-IP<\/span><br \/><span>DynDNS<\/span><\/td>\n<\/tr>\n<tr id=\"tr_5950\">\n<th width=\"35%\"><span>Management<\/span><\/th>\n<td width=\"65%\"><span>\u1ee8ng d\u1ee5ng Tether<\/span><br \/><span>Trang Web<\/span><br \/><span>Check Web Emulator&gt;<\/span><\/td>\n<\/tr>\n<\/tbody>\n<\/table>\n<table>\n<thead>\n<tr id=\"tr_5964\">\n<th colspan=\"2\"><span><a>PHYSICAL<\/a><\/span><\/th>\n<\/tr>\n<\/thead>\n<tbody>\n<tr id=\"tr_5965\">\n<th width=\"35%\"><span>Dimensions (W\u00d7D\u00d7H)<\/span><\/th>\n<td width=\"65%\"><span>9.1 \u00d7 5.7 \u00d7 1.5 in<\/span><br \/><span>(229.9 \u00d7 144.2 \u00d7 36.9 mm)<\/span><\/td>\n<\/tr>\n<tr id=\"tr_5967\">\n<th width=\"35%\"><span>Package Contents<\/span><\/th>\n<td width=\"65%\"><span>Router Wi-Fi Archer C50<\/span><br \/><span>B\u1ed9 chuy\u1ec3n \u0111\u1ed5i ngu\u1ed3n<\/span><br \/><span>C\u00e1p Ethernet RJ45<\/span><br \/><span>H\u01b0\u1edbng d\u1eabn c\u00e0i \u0111\u1eb7t nhanh<\/span><\/td>\n<\/tr>\n<\/tbody>\n<\/table>\n<table>\n<thead>\n<tr id=\"tr_5970\">\n<th colspan=\"2\"><span><a>OTHER<\/a><\/span><\/th>\n<\/tr>\n<\/thead>\n<tbody>\n<tr id=\"tr_5971\">\n<th width=\"35%\"><span>System Requirements<\/span><\/th>\n<td width=\"65%\"><span>Internet Explorer 11+, Firefox 12.0+, Chrome 20.0+, Safari 4.0+ ho\u1eb7c tr\u00ecnh duy\u1ec7t h\u1ed7 tr\u1ee3 JavaScript kh\u00e1c<\/span><\/p>\n<p><span>C\u00e1p ho\u1eb7c Modem DSL (n\u1ebfu c\u1ea7n)<\/span><\/p>\n<p><span>\u0110\u0103ng k\u00fd v\u1edbi nh\u00e0 cung c\u1ea5p d\u1ecbch v\u1ee5 internet (\u0111\u1ec3 truy c\u1eadp internet)<\/span><\/td>\n<\/tr>\n<tr id=\"tr_5972\">\n<th width=\"35%\"><span>Certifications<\/span><\/th>\n<td width=\"65%\"><span>FCC, CE, RoHS<\/span><\/td>\n<\/tr>\n<tr id=\"tr_5973\">\n<th width=\"35%\"><span>Environment<\/span><\/th>\n<td width=\"65%\"><span>Nhi\u1ec7t \u0111\u1ed9 ho\u1ea1t \u0111\u1ed9ng: 0\u2103~40\u2103 (32\u2109 ~104\u2109)<\/span><br \/><span>Nhi\u1ec7t \u0111\u1ed9 b\u1ea3o qu\u1ea3n: -40\u2103~70\u2103 (-40\u2109 ~158\u2109)<\/span><br \/><span>\u0110\u1ed9 \u1ea9m ho\u1ea1t \u0111\u1ed9ng: 10% ~ 90% kh\u00f4ng ng\u01b0ng t\u1ee5<\/span><br \/><span>\u0110\u1ed9 \u1ea9m l\u01b0u tr\u1eef: 5% ~ 90% kh\u00f4ng ng\u01b0ng t\u1ee5<\/span><\/td>\n<\/tr>\n<\/tbody>\n<\/table>\n<table>\n<thead>\n<tr id=\"tr_5959\">\n<th colspan=\"2\"><span><a>TEST DATA<\/a><\/span><\/th>\n<\/tr>\n<\/thead>\n<tbody>\n<tr id=\"tr_5960\">\n<th width=\"35%\"><span>WiFi Transmission Power<\/span><\/th>\n<td width=\"65%\"><span>CE EIRP:<\/span><br \/><span>&lt;20dBm(2.4GHz)<\/span><br \/><span>&lt;23dBm(5GHz)<\/span><br \/><span>FCC:<\/span><br \/><span>&lt;30dBm(2.4GHz &amp; 5GHz)<\/span><\/td>\n<\/tr>\n<tr id=\"tr_5961\">\n<th width=\"35%\"><span>WiFi Reception Sensitivity<\/span><\/th>\n<td width=\"65%\"><span>5GHz:<\/span><br \/><span>11a 54M: -73dBm<\/span><br \/><span>11ac VHT20 MCS8: -68dBm<\/span><br \/><span>11ac VHT40 MCS9: -64dBm<\/span><br \/><span>11ac VHT80 MCS9: -60dBm<\/span><br \/><span>2.4GHz:<\/span><br \/><span>11g 54M: -76dBm<\/span><br \/><span>11n HT20 MCS7: -74dBm<\/span><br \/><span>11n HT40 MCS7: -71dBm<\/span><\/td>\n<\/tr>\n<\/tbody>\n<\/table><\/div>\n<p>                            <!--                            <\/p>\n<div class=\"xemthem_id_r\">--><br \/>\n                            <!--                                <a><!--\/show\/?token=--><br \/>\n                            <!--\"--><br \/>\n                            <!--                                   class=\"preview fancybox fancybox.ajax\" rel=\"nofollow\"&gt;Xem th&#234;m th&#244;ng s&#7889; k&#7929; thu&#7853;t<\/a>--><br \/>\n                            <!--                            <\/div>\n<p>-->\n                        <\/p><\/div>\n<\/p><\/div>\n","protected":false},"excerpt":{"rendered":"<ul>\n<ul>\n<li style=\"text-align: justify\">H\u1ed7 tr\u1ee3 ph\u00e1t tr\u1ef1c tuy\u1ebfn\u00a04K m\u01b0\u1ee3t m\u00e0 v\u1edbi Wi-Fi AC1200\u00a0\u00a0<\/li>\n<li style=\"text-align: justify\">4 \u0103ng ten ngo\u00e0i cung c\u1ea5p k\u1ebft n\u1ed1i Wi-Fi \u1ed5n \u0111\u1ecbnh v\u00e0 v\u00f9ng ph\u1ee7 r\u1ed9ng l\u1edbn<\/li>\n<li style=\"text-align: justify\">Qu\u1ea3n l\u00fd m\u1ea1ng d\u1ec5 d\u00e0ng trong l\u00f2ng b\u00e0n tay b\u1ea1n qua \u1ee9ng d\u1ee5ng Tether c\u1ee7a\u00a0TP-Link<\/li>\n<li style=\"text-align: justify\">H\u1ed7 tr\u1ee3\u00a0IGMP Proxy\/Snooping, C\u1ea7u n\u1ed1i v\u00e0\u00a0Tag VLAN \u0111\u1ec3 t\u1ed1i \u01b0u h\u00f3a lu\u1ed3ng\u00a0IPTV<\/li>\n<li style=\"text-align: justify\">H\u1ed7 tr\u1ee3 ch\u1ebf \u0111\u1ed9 \u0110i\u1ec3m Truy C\u1eadp \u0111\u1ec3 t\u1ea1o ra \u0110i\u1ec3m Truy C\u1eadp Wi-Fi m\u1edbi<\/li>\n<\/ul>\n<\/ul>\n","protected":false},"featured_media":12161,"comment_status":"closed","ping_status":"closed","template":"","meta":[],"pwb-brand":[],"product_cat":[2896],"product_tag":[2856,25,2852],"class_list":{"0":"post-12160","1":"product","2":"type-product","3":"status-publish","4":"has-post-thumbnail","6":"product_cat-tp-link","7":"product_tag-firewall","8":"product_tag-man","9":"product_tag-wireless","11":"first","12":"instock","13":"shipping-taxable","14":"product-type-simple"},"brands":[],"_links":{"self":[{"href":"https:\/\/serverhot.vn\/vi\/wp-json\/wp\/v2\/product\/12160","targetHints":{"allow":["GET"]}}],"collection":[{"href":"https:\/\/serverhot.vn\/vi\/wp-json\/wp\/v2\/product"}],"about":[{"href":"https:\/\/serverhot.vn\/vi\/wp-json\/wp\/v2\/types\/product"}],"replies":[{"embeddable":true,"href":"https:\/\/serverhot.vn\/vi\/wp-json\/wp\/v2\/comments?post=12160"}],"wp:featuredmedia":[{"embeddable":true,"href":"https:\/\/serverhot.vn\/vi\/wp-json\/wp\/v2\/media\/12161"}],"wp:attachment":[{"href":"https:\/\/serverhot.vn\/vi\/wp-json\/wp\/v2\/media?parent=12160"}],"wp:term":[{"taxonomy":"pwb-brand","embeddable":true,"href":"https:\/\/serverhot.vn\/vi\/wp-json\/wp\/v2\/pwb-brand?post=12160"},{"taxonomy":"product_cat","embeddable":true,"href":"https:\/\/serverhot.vn\/vi\/wp-json\/wp\/v2\/product_cat?post=12160"},{"taxonomy":"product_tag","embeddable":true,"href":"https:\/\/serverhot.vn\/vi\/wp-json\/wp\/v2\/product_tag?post=12160"}],"curies":[{"name":"wp","href":"https:\/\/api.w.org\/{rel}","templated":true}]}}