{"id":12232,"date":"2024-06-29T16:40:40","date_gmt":"2024-06-29T09:40:40","guid":{"rendered":"https:\/\/serverhot.vn\/product\/uncategorized\/thiet-bi-mang-tp-link-router-wifi-chuan-ac750-bang-tan-kep-tp-link-archer-c20-ma-san-pham-ac750\/"},"modified":"2024-06-29T16:40:42","modified_gmt":"2024-06-29T09:40:42","slug":"thiet-bi-mang-tp-link-router-wifi-chuan-ac750-bang-tan-kep-tp-link-archer-c20-ma-san-pham-ac750","status":"publish","type":"product","link":"https:\/\/serverhot.vn\/vi\/-product-\/thiet-bi-mang-tp-link-router-wifi-chuan-ac750-bang-tan-kep-tp-link-archer-c20-ma-san-pham-ac750\/","title":{"rendered":"Thi\u1ebft B\u1ecb M\u1ea1ng TP-Link Router Wifi Chu\u1ea9n AC750 B\u0103ng T\u1ea7n K\u00e9p TP-Link Archer C20 M\u00e3 s\u1ea3n ph\u1ea9m: AC750"},"content":{"rendered":"<div class=\"showText tabs\" id=\"tab2\">\n                                    <\/div>\n","protected":false},"excerpt":{"rendered":"<ul>\n<ul id=\"js-tskt-item\" class=\"product-summary-item-ul d-flex flex-wrap mb-0\" style=\"font-size: 12px;color: #444444;padding-left: 16px;font-family: -apple-system, system-ui, 'Segoe UI', Roboto, 'Helvetica Neue', Arial, sans-serif, 'Apple Color Emoji', 'Segoe UI Emoji', 'Segoe UI Symbol';background-color: #ffffff;flex-wrap: wrap !important;margin: 10px 0px !important\">\n<li style=\"line-height: 1.75;float: left;width: 455.078px\">B\u1ed9 ph\u00e1t wifi Tp-Link t\u1ed1c \u0111\u1ed9 AC750<\/li>\n<li style=\"line-height: 1.75;float: left;width: 455.078px\">K\u1ebft n\u1ed1i \u0111\u1ed3ng th\u1eddi t\u1ed1c \u0111\u1ed9 300Mbps \u1edf b\u0103ng t\u1ea7n 2.4GHz v\u00e0 433Mbps \u1edf b\u0103ng t\u1ea7n 5GHz cho t\u1ed5ng b\u0103ng th\u00f4ng kh\u1ea3 d\u1ee5ng l\u00ean \u0111\u1ebfn 733Mbps<\/li>\n<li style=\"line-height: 1.75;float: left;width: 455.078px\">3 \u0103ng ten ngo\u00e0i cung c\u1ea5p v\u00f9ng ph\u1ee7 \u0111\u1eb3ng h\u01b0\u1edbng \u1ed5n \u0111\u1ecbnh v\u00e0 v\u00f9ng ph\u1ee7 Wi-Fi r\u1ed9ng l\u1edbn<\/li>\n<li style=\"line-height: 1.75;float: left;width: 455.078px\">H\u1ed7 tr\u1ee3 3 ch\u1ebf \u0111\u1ed9: Router, M\u1edf R\u1ed9ng S\u00f3ng v\u00e0 \u0110i\u1ec3m Truy C\u1eadp<\/li>\n<li style=\"line-height: 1.75;float: left;width: 455.078px\">IPTV h\u1ed7 tr\u1ee3 IGMP Proxy\/Snooping, C\u1ea7u N\u1ed1i v\u00e0 Tag VLAN \u0111\u1ec3 t\u1ed1i \u01b0u h\u00f3a lu\u1ed3ng HD<\/li>\n<li style=\"line-height: 1.75;float: left;width: 455.078px\">Quy\u1ec1n Ki\u1ec3m So\u00e1t C\u1ee7a Ph\u1ee5 Huynh qu\u1ea3n l\u00fd th\u1eddi gian v\u00e0 ph\u01b0\u01a1ng th\u1ee9c c\u00e1c thi\u1ebft b\u1ecb \u0111\u00e3 k\u1ebft n\u1ed1i truy c\u1eadp internet<\/li>\n<li style=\"line-height: 1.75;float: left;width: 455.078px\">M\u1ea1ng Kh\u00e1ch cung c\u1ea5p truy c\u1eadp ri\u00eang bi\u1ec7t cho kh\u00e1ch khi b\u1ea1n mu\u1ed1n b\u1ea3o m\u1eadt m\u1ea1ng ch\u00ednh.<\/li>\n<\/ul>\n<\/ul>\n","protected":false},"featured_media":12233,"comment_status":"closed","ping_status":"closed","template":"","meta":[],"pwb-brand":[],"product_cat":[2896],"product_tag":[],"class_list":{"0":"post-12232","1":"product","2":"type-product","3":"status-publish","4":"has-post-thumbnail","6":"product_cat-tp-link","8":"first","9":"instock","10":"shipping-taxable","11":"product-type-simple"},"brands":[],"_links":{"self":[{"href":"https:\/\/serverhot.vn\/vi\/wp-json\/wp\/v2\/product\/12232","targetHints":{"allow":["GET"]}}],"collection":[{"href":"https:\/\/serverhot.vn\/vi\/wp-json\/wp\/v2\/product"}],"about":[{"href":"https:\/\/serverhot.vn\/vi\/wp-json\/wp\/v2\/types\/product"}],"replies":[{"embeddable":true,"href":"https:\/\/serverhot.vn\/vi\/wp-json\/wp\/v2\/comments?post=12232"}],"wp:featuredmedia":[{"embeddable":true,"href":"https:\/\/serverhot.vn\/vi\/wp-json\/wp\/v2\/media\/12233"}],"wp:attachment":[{"href":"https:\/\/serverhot.vn\/vi\/wp-json\/wp\/v2\/media?parent=12232"}],"wp:term":[{"taxonomy":"pwb-brand","embeddable":true,"href":"https:\/\/serverhot.vn\/vi\/wp-json\/wp\/v2\/pwb-brand?post=12232"},{"taxonomy":"product_cat","embeddable":true,"href":"https:\/\/serverhot.vn\/vi\/wp-json\/wp\/v2\/product_cat?post=12232"},{"taxonomy":"product_tag","embeddable":true,"href":"https:\/\/serverhot.vn\/vi\/wp-json\/wp\/v2\/product_tag?post=12232"}],"curies":[{"name":"wp","href":"https:\/\/api.w.org\/{rel}","templated":true}]}}