{"id":12254,"date":"2024-06-29T16:45:03","date_gmt":"2024-06-29T09:45:03","guid":{"rendered":"https:\/\/serverhot.vn\/product\/uncategorized\/thiet-bi-mang-switch-tp-link-gigabit-8-ports-10-100-1000mbps-tl-sg108-ma-san-pham-tl-sg108\/"},"modified":"2024-06-29T16:45:05","modified_gmt":"2024-06-29T09:45:05","slug":"thiet-bi-mang-switch-tp-link-gigabit-8-ports-10-100-1000mbps-tl-sg108-ma-san-pham-tl-sg108","status":"publish","type":"product","link":"https:\/\/serverhot.vn\/vi\/-product-\/thiet-bi-mang-switch-tp-link-gigabit-8-ports-10-100-1000mbps-tl-sg108-ma-san-pham-tl-sg108\/","title":{"rendered":"Thi\u1ebft B\u1ecb M\u1ea1ng Switch TP-Link Gigabit 8 Ports 10\/100\/1000Mbps TL-SG108 M\u00e3 s\u1ea3n ph\u1ea9m: TL-SG108"},"content":{"rendered":"<div class=\"showText tabs\" id=\"tab2\">\n<div class=\"box_right_pro_view\">\n<div class=\"thongso_pro a_technical\" style=\"max-height: fit-content\">\n<table border=\"1\">\n<tbody>\n<tr>\n<td colspan=\"2\">\n<p>T\u00cdNH N\u0102NG PH\u1ea6N C\u1ee8NG<\/p>\n<\/td>\n<\/tr>\n<tr>\n<td>\n<p>Giao Th\u1ee9c v\u00e0 Ti\u00eau Chu\u1ea9n<\/p>\n<\/td>\n<td>\n<p>IEEE 802.3\/802.3u\/ 802.3ab\/ 802.3x<\/p>\n<p>CSMA\/CD<\/p>\n<\/td>\n<\/tr>\n<tr>\n<td>\n<p>Giao Di\u1ec7n<\/p>\n<\/td>\n<td>\n<p>8 10\/100\/1000Mbps Ports, Auto-Negotiation, Auto-MDI\/MDIX<\/p>\n<\/td>\n<\/tr>\n<tr>\n<td>\n<p>K\u00edch Th\u01b0\u1edbc B\u1ed9 \u0110\u1ec7m<\/p>\n<\/td>\n<td>\n<p>2Mb<\/p>\n<\/td>\n<\/tr>\n<tr>\n<td>\n<p>Ngu\u1ed3n \u0110i\u1ec7n B\u00ean Ngo\u00e0i<\/p>\n<\/td>\n<td>\n<p>100-240VAC, 50\/60Hz<\/p>\n<\/td>\n<\/tr>\n<tr>\n<td>\n<p>Fan Quantity<\/p>\n<\/td>\n<td>\n<p>Fanless<\/p>\n<\/td>\n<\/tr>\n<tr>\n<td>\n<p>K\u00edch Th\u01b0\u1edbc (W x D x H)<\/p>\n<\/td>\n<td>\n<p>158 x 101 x 25 mm<\/p>\n<\/td>\n<\/tr>\n<tr>\n<td>\n<p>Ch\u1ec9 B\u00e1o \u0110\u00e8n LED<\/p>\n<\/td>\n<td>\n<p>System Power<\/p>\n<p>Link, Speed and activity indicators per port built into each RJ-45 port<\/p>\n<\/td>\n<\/tr>\n<tr>\n<td>\n<p>Ti\u00eau Th\u1ee5 \u0110i\u1ec7n N\u0103ng<\/p>\n<\/td>\n<td>\n<p>Maximum: 4.5W (220V\/50Hz)<\/p>\n<\/td>\n<\/tr>\n<tr>\n<td colspan=\"2\">\n<p>T\u00cdNH N\u0102NG PH\u1ea6N M\u1ec0M<\/p>\n<\/td>\n<\/tr>\n<tr>\n<td>\n<p>T\u00ednh N\u0103ng N\u00e2ng Cao<\/p>\n<\/td>\n<td>\n<p>Green Technology,saving power up to 72%<\/p>\n<p>802.3X Flow Control<\/p>\n<p>Supports QoS (IEEE802.1P)<\/p>\n<\/td>\n<\/tr>\n<tr>\n<td>\n<p>Ph\u01b0\u01a1ng Th\u1ee9c Truy\u1ec1n<\/p>\n<\/td>\n<td>\n<p>Store and Forward<\/p>\n<\/td>\n<\/tr>\n<tr>\n<td colspan=\"2\">\n<p>OTHERS<\/p>\n<\/td>\n<\/tr>\n<tr>\n<td>\n<p>Certification<\/p>\n<\/td>\n<td>\n<p>CE, FCC ,RoHS<\/p>\n<\/td>\n<\/tr>\n<tr>\n<td>\n<p>Package Contents<\/p>\n<\/td>\n<td>\n<p>8-Port 10\/100\/1000Mbps Desktop Switch<\/p>\n<p>Power Adapter<\/p>\n<p>User Guide<\/p>\n<\/td>\n<\/tr>\n<tr>\n<td>\n<p>System Requirements<\/p>\n<\/td>\n<td>\n<p>Microsoft\u00ae Windows\u00ae 98SE, NT, 2000, XP, Vista or Windows 7, Mac\u00ae OS, NetWare\u00ae, UNIX\u00ae or Linux.<\/p>\n<\/td>\n<\/tr>\n<tr>\n<td>\n<p>Environment<\/p>\n<\/td>\n<td>\n<p>Operating Temperature: 0\u00b0C~40\u00b0C (32\u00b0F~104\u00b0F)<\/p>\n<p>Storage Temperature: -40\u00b0C~70\u00b0C (-40\u00b0F~158\u00b0F)<\/p>\n<p>Operating Humidity: 10% ~ 90%, non-condensing<\/p>\n<p>Storage Humidity: 5%~90% non-condensing<\/p>\n<\/td>\n<\/tr>\n<\/tbody>\n<\/table><\/div>\n<p>                            <!--                            <\/p>\n<div class=\"xemthem_id_r\">--><br \/>\n                            <!--                                <a><!--\/show\/?token=--><br \/>\n                            <!--\"--><br \/>\n                            <!--                                   class=\"preview fancybox fancybox.ajax\" rel=\"nofollow\"&gt;Xem th&#234;m th&#244;ng s&#7889; k&#7929; thu&#7853;t<\/a>--><br \/>\n                            <!--                            <\/div>\n<p>-->\n                        <\/p><\/div>\n<\/p><\/div>\n","protected":false},"excerpt":{"rendered":"<ul>\n<ul>\n<li><span style=\"font-size: 16px\"><span style=\"line-height: 107%;font-family: 'Times New Roman', serif;color: black;background: white\">8 c\u1ed5ng RJ45 t\u1ed1c \u0111\u1ed9 10\/100\/1000Mbps.<\/span><\/span><\/li>\n<li><span style=\"font-size: 16px\"><span style=\"line-height: 107%;font-family: 'Times New Roman', serif;color: black\"><span style=\"background: white\"><span style=\"text-align: start\">Auto MDI\/MDIX gi\u00fap lo\u1ea1i b\u1ecf s\u1ef1 c\u1ea7n thi\u1ebft c\u1ee7a c\u00e1p ch\u00e9o.<\/span><\/span><\/span><\/span><\/li>\n<li><span style=\"font-size: 16px\"><span style=\"line-height: 107%;font-family: 'Times New Roman', serif;color: black\"><span style=\"background: white\"><span style=\"text-align: start\">C\u1ed5ng Auto-Negotiation cung c\u1ea5p s\u1ef1 t\u00edch h\u1ee3p th\u00f4ng minh gi\u1eefa ph\u1ea7n c\u1ee9ng t\u1ed1c \u0111\u1ed9 10Mbps, 100Mbps v\u00e0 1000Mbps.<\/span><\/span><\/span><\/span><\/li>\n<li><span style=\"font-size: 16px\"><span style=\"line-height: 107%;font-family: 'Times New Roman', serif;color: black\"><span style=\"background: white\"><span style=\"text-align: start\">H\u1ed7 tr\u1ee3 ki\u1ec3m so\u00e1t l\u01b0u l\u01b0\u1ee3ng IEEE 802.3x cho ph\u00e9p truy\u1ec1n d\u1eef li\u1ec7u \u0111\u00e1ng tin c\u1eady.<\/span><\/span><\/span><\/span><\/li>\n<li><span style=\"font-size: 16px\"><span style=\"line-height: 107%;font-family: 'Times New Roman', serif;color: black\"><span style=\"background: white\"><span style=\"text-align: start\">V\u1ecf b\u1eb1ng th\u00e9p, thi\u1ebft k\u1ebf \u0111\u1ec3 b\u00e0n ho\u1eb7c g\u1eafn t\u01b0\u1eddng.<\/span><\/span><\/span><\/span><\/li>\n<li><span style=\"font-size: 16px\"><span style=\"line-height: 107%;font-family: 'Times New Roman', serif;color: black\"><span style=\"background: white\"><span style=\"text-align: start\">H\u1ed7 tr\u1ee3 ch\u1ee9c n\u0103ng QoS (IEEE 802.1p)<\/span><\/span><\/span><\/span><\/li>\n<li><span style=\"font-size: 16px\"><span style=\"line-height: 107%;font-family: 'Times New Roman', serif;color: black\"><span style=\"background: white\"><span style=\"text-align: start\">T\u00ednh n\u0103ng plug v\u00e0 play, kh\u00f4ng c\u1ea7n c\u1ea5u h\u00ecnh.<\/span><\/span><\/span><\/span><\/li>\n<li><span style=\"font-size: 16px\"><span style=\"line-height: 107%;font-family: 'Times New Roman', serif;color: black\"><span style=\"background: white\"><span style=\"text-align: start\">C\u00f4ng ngh\u1ec7 ti\u1ebft ki\u1ec7m n\u0103ng l\u01b0\u1ee3ng s\u00e1ng t\u1ea1o gi\u00fap ti\u1ebft ki\u1ec7m \u0111\u1ebfn 72% n\u0103ng l\u01b0\u1ee3ng<\/span><\/span><\/span><\/span><\/li>\n<li><span style=\"font-size: 16px\"><span style=\"line-height: 107%;font-family: 'Times New Roman', serif;color: black\"><span style=\"background: white\"><span style=\"text-align: start\">H\u1ed7 tr\u1ee3 ki\u1ec3m so\u00e1t lu\u1ed3ng IEEE 802.3x cho ch\u1ebf \u0111\u1ed9 Full Duplex v\u00e0 backpressure cho ch\u1ebf \u0111\u1ed9 Half Duplex.<\/span><\/span><\/span><\/span><\/li>\n<li><span style=\"font-size: 16px\"><span style=\"line-height: 107%;font-family: 'Times New Roman', serif;color: black\"><span style=\"background: white\"><span style=\"text-align: start\">Ki\u1ebfn tr\u00fac chuy\u1ec3n m\u1ea1ch Non-blocking chuy\u1ec3n ti\u1ebfp v\u00e0 l\u1ecdc g\u00f3i tin v\u1edbi t\u1ed1c \u0111\u1ed9 nhanh nh\u1ea5t cho th\u00f4ng l\u01b0\u1ee3ng cao nh\u1ea5t.<\/span><\/span><\/span><\/span><\/li>\n<li><span style=\"font-size: 16px\"><span style=\"line-height: 107%;font-family: 'Times New Roman', serif;color: black\"><span style=\"background: white\"><span style=\"text-align: start\">Khung Jumbo 12K c\u1ea3i thi\u1ec7n hi\u1ec7u su\u1ea5t truy\u1ec1n d\u1eef li\u1ec7u l\u1edbn.<\/span><\/span><\/span><\/span><\/li>\n<li><span style=\"font-size: 16px\"><span style=\"line-height: 107%;font-family: 'Times New Roman', serif;color: black\"><span style=\"background: white\"><span style=\"text-align: start\">Auto MDI\/MDIX gi\u00fap lo\u1ea1i b\u1ecf s\u1ef1 c\u1ea7n thi\u1ebft c\u1ee7a c\u00e1p ch\u00e9o.<\/span><\/span><\/span><\/span><\/li>\n<li><span style=\"font-size: 16px\"><span style=\"line-height: 107%;font-family: 'Times New Roman', serif;color: black\"><span style=\"background: white\"><span style=\"text-align: start\">H\u1ed7 tr\u1ee3 \u0111\u1ecba ch\u1ec9 MAC v\u1edbi kh\u1ea3 n\u0103ng auto-learning v\u00e0 auto-aging.<\/span><\/span><\/span><\/span><\/li>\n<\/ul>\n<\/ul>\n","protected":false},"featured_media":12255,"comment_status":"closed","ping_status":"closed","template":"","meta":[],"pwb-brand":[],"product_cat":[2896],"product_tag":[50,2849],"class_list":{"0":"post-12254","1":"product","2":"type-product","3":"status-publish","4":"has-post-thumbnail","6":"product_cat-tp-link","7":"product_tag-green","8":"product_tag-switch","10":"first","11":"instock","12":"shipping-taxable","13":"product-type-simple"},"brands":[],"_links":{"self":[{"href":"https:\/\/serverhot.vn\/vi\/wp-json\/wp\/v2\/product\/12254","targetHints":{"allow":["GET"]}}],"collection":[{"href":"https:\/\/serverhot.vn\/vi\/wp-json\/wp\/v2\/product"}],"about":[{"href":"https:\/\/serverhot.vn\/vi\/wp-json\/wp\/v2\/types\/product"}],"replies":[{"embeddable":true,"href":"https:\/\/serverhot.vn\/vi\/wp-json\/wp\/v2\/comments?post=12254"}],"wp:featuredmedia":[{"embeddable":true,"href":"https:\/\/serverhot.vn\/vi\/wp-json\/wp\/v2\/media\/12255"}],"wp:attachment":[{"href":"https:\/\/serverhot.vn\/vi\/wp-json\/wp\/v2\/media?parent=12254"}],"wp:term":[{"taxonomy":"pwb-brand","embeddable":true,"href":"https:\/\/serverhot.vn\/vi\/wp-json\/wp\/v2\/pwb-brand?post=12254"},{"taxonomy":"product_cat","embeddable":true,"href":"https:\/\/serverhot.vn\/vi\/wp-json\/wp\/v2\/product_cat?post=12254"},{"taxonomy":"product_tag","embeddable":true,"href":"https:\/\/serverhot.vn\/vi\/wp-json\/wp\/v2\/product_tag?post=12254"}],"curies":[{"name":"wp","href":"https:\/\/api.w.org\/{rel}","templated":true}]}}