{"id":12358,"date":"2024-06-29T17:13:50","date_gmt":"2024-06-29T10:13:50","guid":{"rendered":"https:\/\/serverhot.vn\/product\/uncategorized\/unifi-cloud-key-gen2-plus-ma-san-pham-uck-g2-plus\/"},"modified":"2024-06-29T17:13:51","modified_gmt":"2024-06-29T10:13:51","slug":"unifi-cloud-key-gen2-plus-ma-san-pham-uck-g2-plus","status":"publish","type":"product","link":"https:\/\/serverhot.vn\/vi\/-product-\/unifi-cloud-key-gen2-plus-ma-san-pham-uck-g2-plus\/","title":{"rendered":"UniFi Cloud Key Gen2 Plus M\u00e3 s\u1ea3n ph\u1ea9m: UCK-G2-PLUS"},"content":{"rendered":"<div class=\"showText tabs\" id=\"tab2\">\n<div class=\"box_right_pro_view\">\n<div class=\"thongso_pro a_technical\" style=\"max-height: fit-content\">\n<table border=\"1\">\n<tbody>\n<tr>\n<td width=\"25%\">K\u00edch th\u01b0\u1edbc<\/td>\n<td>131,16 x 27,10 x 134,20 mm (5,16 x 1,07 x 5,28 &#8220;)<\/td>\n<\/tr>\n<tr>\n<td width=\"25%\">C\u00e2n n\u1eb7ng<\/td>\n<td>582 g (1,28 lb)<\/td>\n<\/tr>\n<tr>\n<td width=\"25%\">Giao di\u1ec7n m\u1ea1ng<\/td>\n<td>(1) C\u1ed5ng Ethernet 10\/100\/1000<\/td>\n<\/tr>\n<tr>\n<td width=\"25%\">n\u00fat<\/td>\n<td>(1) Quy\u1ec1n l\u1ef1c;\u00a0(1) \u0110\u1eb7t l\u1ea1i<\/td>\n<\/tr>\n<tr>\n<td width=\"25%\">Ph\u01b0\u01a1ng ph\u00e1p Power<\/td>\n<td>Chu\u1ea9n 802.3af PoE;\u00a0B\u1ed9 \u0111\u1ed5i ngu\u1ed3n Quick Charge 2.0 \/ 3.0 (9VDC, 2A)<\/td>\n<\/tr>\n<tr>\n<td width=\"25%\">Ti\u00eau th\u1ee5 \u0111i\u1ec7n n\u0103ng t\u1ed1i \u0111a<\/td>\n<td>12,95W (PoE);\u00a0Ngu\u1ed3n USB-C<\/td>\n<\/tr>\n<tr>\n<td width=\"25%\">Nhi\u1ec7t \u0111\u1ed9 ho\u1ea1t \u0111\u1ed9ng<\/td>\n<td>0 \u0111\u1ebfn 35 \u00b0 C (32 \u0111\u1ebfn 104 \u00b0 F)<\/td>\n<\/tr>\n<tr>\n<td width=\"25%\">\u0110\u1ed9 \u1ea9m ho\u1ea1t \u0111\u1ed9ng<\/td>\n<td>20 \u0111\u1ebfn 80% kh\u00f4ng ng\u01b0ng t\u1ee5<\/td>\n<\/tr>\n<tr>\n<td width=\"25%\">\u0110\u00e8n Led<\/td>\n<td>(1) Ngu\u1ed3n, Tr\u1eafng \/ Xanh lam<\/td>\n<\/tr>\n<tr>\n<td width=\"25%\">B\u1ed9 x\u1eed l\u00fd<\/td>\n<td>APQ8053 8 l\u00f5i v\u1edbi RAM 3 GB<\/td>\n<\/tr>\n<tr>\n<td width=\"25%\">Hard Drive Capacity<\/td>\n<td>\u1ed4 c\u1ee9ng SATA 1 TB 2,5 &#8220;(ng\u01b0\u1eddi d\u00f9ng c\u00f3 th\u1ec3 n\u00e2ng c\u1ea5p)<\/td>\n<\/tr>\n<tr>\n<td width=\"25%\">Giao di\u1ec7n qu\u1ea3n l\u00fd<\/td>\n<td>C\u1ed5ng th\u00f4ng tin qu\u1ea3n l\u00fd UniFi;\u00a0UniFi SDN;\u00a0B\u1ea3o v\u1ec7 UniFi<\/td>\n<\/tr>\n<tr>\n<td width=\"25%\">D\u1ea3i \u0111i\u1ec7n \u00e1p \u0111\u01b0\u1ee3c h\u1ed7 tr\u1ee3<\/td>\n<td>Chu\u1ea9n 802.3af PoE ho\u1eb7c 9VDC, 2A<\/td>\n<\/tr>\n<tr>\n<td width=\"25%\">Dung l\u01b0\u1ee3ng thi\u1ebft b\u1ecb<\/td>\n<td>Ch\u1ebf \u0111\u1ed9 b\u1ea3o v\u1ec7 UniFi: L\u00ean \u0111\u1ebfn 20 m\u00e1y \u1ea3nh UniFi UniFi SDN + UniFi Protect: L\u00ean \u0111\u1ebfn 15 m\u00e1y \u1ea3nh UniFi v\u00e0 50 thi\u1ebft b\u1ecb UniFi<\/td>\n<\/tr>\n<tr>\n<td width=\"25%\">K\u1ec9 ni\u1ec7m<\/td>\n<td>32 GB<\/td>\n<\/tr>\n<\/tbody>\n<\/table><\/div>\n<p>                            <!--                            <\/p>\n<div class=\"xemthem_id_r\">--><br \/>\n                            <!--                                <a><!--\/show\/?token=--><br \/>\n                            <!--\"--><br \/>\n                            <!--                                   class=\"preview fancybox fancybox.ajax\" rel=\"nofollow\"&gt;Xem th&#234;m th&#244;ng s&#7889; k&#7929; thu&#7853;t<\/a>--><br \/>\n                            <!--                            <\/div>\n<p>-->\n                        <\/p><\/div>\n<\/p><\/div>\n","protected":false},"excerpt":{"rendered":"<ul>\n<p style=\"margin: 0px 0px 10px;color: #414042;font-family: Roboto, sans-serif;font-size: 14px;background-color: #ffffff;text-align: justify\"><strong><em>UniFi Cloud Key Gen2 Plus \u0111\u01b0\u1ee3c t\u00edch h\u1ee3p s\u1eb5n SDN Controller UniFi v\u00e0 UniFi Protect. D\u00f9ng \u0111\u1ec3 qu\u1ea3n tr\u1ecb c\u00e1c thi\u1ebft b\u1ecb UniFi bao g\u1ed3m unifi sercurity gate, unifi switch, UniFi Access Point v\u00e0 UniFi camera.<\/em><\/strong><\/p>\n<ul>\n<li style=\"text-align: justify\"><span style=\"font-size: 16px\">D\u00f9ng \u0111\u1ec3 qu\u1ea3n tr\u1ecb c\u00e1c thi\u1ebft b\u1ecb d\u00f2ng Enterprise c\u1ee7a UniFi<\/span><\/li>\n<li style=\"text-align: justify\"><span style=\"font-size: 16px\">C\u00e0i \u0111\u1eb7t s\u1eb5n h\u1ec7 \u0111i\u1ec1u h\u00e0nh Linux v\u00e0 ch\u01b0\u01a1ng tr\u00ecnh Controller UniFi<\/span><\/li>\n<li style=\"text-align: justify\"><span style=\"font-size: 16px\"><span style=\"vertical-align: inherit\"><span style=\"vertical-align: inherit\">CPU: 8 nh\u00e2n, 2.0 GHz ARM<\/span><\/span><\/span><\/li>\n<li style=\"text-align: justify\"><span style=\"font-size: 16px\"><span style=\"vertical-align: inherit\"><span style=\"vertical-align: inherit\">RAM: 3 GB DDR<\/span><\/span><\/span><\/li>\n<li style=\"text-align: justify\"><span style=\"font-size: 16px\">Dung l\u01b0\u1ee3ng \u1ed5 c\u1ee9ng\u00a0 : 1 TB<\/span><\/li>\n<li style=\"text-align: justify\"><span style=\"font-size: 16px\">B\u1ed9 nh\u1edb eMMC : 32 GB<\/span><\/li>\n<li style=\"text-align: justify\"><span style=\"font-size: 16px\">C\u1ed5ng k\u1ebft n\u1ed1i: 10\/100\/1000 x 1 c\u1ed5ng.<\/span><\/li>\n<li style=\"text-align: justify\"><span style=\"font-size: 16px\">Ngu\u1ed3n : 802.3af PoE, 9VDC, 3A USB-C<\/span><\/li>\n<li style=\"text-align: justify\"><span style=\"font-size: 16px\">C\u00f4ng su\u1ea5t ti\u00eau th\u1ee5 : 12.95W (PoE), 16W (Adapter)<\/span><\/li>\n<\/ul>\n<\/ul>\n","protected":false},"featured_media":12359,"comment_status":"closed","ping_status":"closed","template":"","meta":[],"pwb-brand":[],"product_cat":[2901],"product_tag":[2853,2849],"class_list":{"0":"post-12358","1":"product","2":"type-product","3":"status-publish","4":"has-post-thumbnail","6":"product_cat-ubiquiti","7":"product_tag-access-point","8":"product_tag-switch","10":"first","11":"instock","12":"shipping-taxable","13":"product-type-simple"},"brands":[],"_links":{"self":[{"href":"https:\/\/serverhot.vn\/vi\/wp-json\/wp\/v2\/product\/12358","targetHints":{"allow":["GET"]}}],"collection":[{"href":"https:\/\/serverhot.vn\/vi\/wp-json\/wp\/v2\/product"}],"about":[{"href":"https:\/\/serverhot.vn\/vi\/wp-json\/wp\/v2\/types\/product"}],"replies":[{"embeddable":true,"href":"https:\/\/serverhot.vn\/vi\/wp-json\/wp\/v2\/comments?post=12358"}],"wp:featuredmedia":[{"embeddable":true,"href":"https:\/\/serverhot.vn\/vi\/wp-json\/wp\/v2\/media\/12359"}],"wp:attachment":[{"href":"https:\/\/serverhot.vn\/vi\/wp-json\/wp\/v2\/media?parent=12358"}],"wp:term":[{"taxonomy":"pwb-brand","embeddable":true,"href":"https:\/\/serverhot.vn\/vi\/wp-json\/wp\/v2\/pwb-brand?post=12358"},{"taxonomy":"product_cat","embeddable":true,"href":"https:\/\/serverhot.vn\/vi\/wp-json\/wp\/v2\/product_cat?post=12358"},{"taxonomy":"product_tag","embeddable":true,"href":"https:\/\/serverhot.vn\/vi\/wp-json\/wp\/v2\/product_tag?post=12358"}],"curies":[{"name":"wp","href":"https:\/\/api.w.org\/{rel}","templated":true}]}}