{"id":12455,"date":"2024-06-29T17:31:58","date_gmt":"2024-06-29T10:31:58","guid":{"rendered":"https:\/\/serverhot.vn\/product\/uncategorized\/card-man-hinh-vga-gigabyte-gt-730-2g-gddr5-gv-n730d5-2gi-ma-san-pham-gv-n730d5-2gi\/"},"modified":"2024-06-29T17:31:59","modified_gmt":"2024-06-29T10:31:59","slug":"card-man-hinh-vga-gigabyte-gt-730-2g-gddr5-gv-n730d5-2gi-ma-san-pham-gv-n730d5-2gi","status":"publish","type":"product","link":"https:\/\/serverhot.vn\/vi\/-product-\/card-man-hinh-vga-gigabyte-gt-730-2g-gddr5-gv-n730d5-2gi-ma-san-pham-gv-n730d5-2gi\/","title":{"rendered":"Card M\u00e0n H\u00ecnh VGA Gigabyte GT 730 2G GDDR5 GV-N730D5-2GI M\u00e3 s\u1ea3n ph\u1ea9m: GV-N730D5-2GI"},"content":{"rendered":"<div class=\"showText tabs\" id=\"tab2\">\n<div class=\"box_right_pro_view\">\n<div class=\"thongso_pro a_technical\" style=\"max-height: fit-content\">\n<table border=\"1\">\n<tbody>\n<tr>\n<td>\u0110\u1ed3 h\u1ecda<\/td>\n<td>\n<div>GeForce GT 730<\/div>\n<\/td>\n<\/tr>\n<tr>\n<td>\u0110\u1ed9 ph\u00e2n gi\u1ea3i<\/td>\n<td>\n<div>4096 X 2160 (Through HDMI connector)<\/div>\n<\/td>\n<\/tr>\n<tr>\n<td>Dung l\u01b0\u1ee3ng<\/td>\n<td>\n<div>2GB GDDR5<\/div>\n<\/td>\n<\/tr>\n<tr>\n<td>Giao ti\u1ebfp<\/td>\n<td>\n<div>Dual-link DVI-D*1 \/ HDMI*1 \/ D-Sub*1<\/div>\n<\/td>\n<\/tr>\n<tr>\n<td>Engine core Clock<\/td>\n<td>\n<div>902 MHz<\/div>\n<\/td>\n<\/tr>\n<tr>\n<td>Clock b\u1ed9 nh\u1edb<\/td>\n<td>\n<div>5000 MHz<\/div>\n<\/td>\n<\/tr>\n<tr>\n<td>Memory Bus<\/td>\n<td>\n<div>64 bit<\/div>\n<\/td>\n<\/tr>\n<tr>\n<td>Giao ti\u1ebfp PCI<\/td>\n<td>\n<div>PCI-E 2.0<\/div>\n<\/td>\n<\/tr>\n<\/tbody>\n<\/table><\/div>\n<p>                            <!--                            <\/p>\n<div class=\"xemthem_id_r\">--><br \/>\n                            <!--                                <a><!--\/show\/?token=--><br \/>\n                            <!--\"--><br \/>\n                            <!--                                   class=\"preview fancybox fancybox.ajax\" rel=\"nofollow\"&gt;Xem th&#234;m th&#244;ng s&#7889; k&#7929; thu&#7853;t<\/a>--><br \/>\n                            <!--                            <\/div>\n<p>-->\n                        <\/p><\/div>\n<\/p><\/div>\n","protected":false},"excerpt":{"rendered":"<ul>\n<ul>\n<li>Chipset: GeForce GT 730<\/li>\n<li>Dung l\u01b0\u1ee3ng b\u1ed9 nh\u1edb: 2GB DDR5<\/li>\n<li>Clock: 902 MHz<\/li>\n<li>Bus b\u1ed9 nh\u1edb: 64-bit<\/li>\n<li>K\u1ebft n\u1ed1i: Dual-link DVD-I*1 \/ HDMI*1 \/ D-Sub*1<\/li>\n<li>Ngu\u1ed3n y\u00eau c\u1ea7u: 300W<\/li>\n<\/ul>\n<\/ul>\n","protected":false},"featured_media":12456,"comment_status":"closed","ping_status":"closed","template":"","meta":[],"pwb-brand":[],"product_cat":[2914],"product_tag":[],"class_list":{"0":"post-12455","1":"product","2":"type-product","3":"status-publish","4":"has-post-thumbnail","6":"product_cat-vga-card-man-hinh","8":"first","9":"instock","10":"shipping-taxable","11":"product-type-simple"},"brands":[],"_links":{"self":[{"href":"https:\/\/serverhot.vn\/vi\/wp-json\/wp\/v2\/product\/12455","targetHints":{"allow":["GET"]}}],"collection":[{"href":"https:\/\/serverhot.vn\/vi\/wp-json\/wp\/v2\/product"}],"about":[{"href":"https:\/\/serverhot.vn\/vi\/wp-json\/wp\/v2\/types\/product"}],"replies":[{"embeddable":true,"href":"https:\/\/serverhot.vn\/vi\/wp-json\/wp\/v2\/comments?post=12455"}],"wp:featuredmedia":[{"embeddable":true,"href":"https:\/\/serverhot.vn\/vi\/wp-json\/wp\/v2\/media\/12456"}],"wp:attachment":[{"href":"https:\/\/serverhot.vn\/vi\/wp-json\/wp\/v2\/media?parent=12455"}],"wp:term":[{"taxonomy":"pwb-brand","embeddable":true,"href":"https:\/\/serverhot.vn\/vi\/wp-json\/wp\/v2\/pwb-brand?post=12455"},{"taxonomy":"product_cat","embeddable":true,"href":"https:\/\/serverhot.vn\/vi\/wp-json\/wp\/v2\/product_cat?post=12455"},{"taxonomy":"product_tag","embeddable":true,"href":"https:\/\/serverhot.vn\/vi\/wp-json\/wp\/v2\/product_tag?post=12455"}],"curies":[{"name":"wp","href":"https:\/\/api.w.org\/{rel}","templated":true}]}}