{"id":12541,"date":"2024-06-29T17:43:13","date_gmt":"2024-06-29T10:43:13","guid":{"rendered":"https:\/\/serverhot.vn\/product\/uncategorized\/phan-mem-ban-quyen-microsoft-win-pro-11-64bit-eng-intl-1pk-dsp-oei-dvd-fqc-10528-ma-san-pham-fqc-10528\/"},"modified":"2024-06-29T17:43:17","modified_gmt":"2024-06-29T10:43:17","slug":"phan-mem-ban-quyen-microsoft-win-pro-11-64bit-eng-intl-1pk-dsp-oei-dvd-fqc-10528-ma-san-pham-fqc-10528","status":"publish","type":"product","link":"https:\/\/serverhot.vn\/vi\/-product-\/phan-mem-ban-quyen-microsoft-win-pro-11-64bit-eng-intl-1pk-dsp-oei-dvd-fqc-10528-ma-san-pham-fqc-10528\/","title":{"rendered":"Ph\u1ea7n M\u1ec1m B\u1ea3n Quy\u1ec1n Microsoft Win Pro 11 64Bit Eng Intl 1pk DSP OEI DVD FQC-10528 M\u00e3 s\u1ea3n ph\u1ea9m: FQC-10528"},"content":{"rendered":"<div class=\"showText tabs\" id=\"tab2\">\n                                    <\/div>\n","protected":false},"excerpt":{"rendered":"<ul>\n<ul>\n<li class=\"pro-info-summary\"><span class=\"item \">S\u1ed1 m\u00e1y c\u00e0i \u0111\u1eb7t: 1 ma\u0301y ti\u0301nh<\/span><\/li>\n<li class=\"pro-info-summary\"><span class=\"item \">H\u1ea1n b\u1ea3n quy\u1ec1n: La\u0300 th\u01a1\u0300i gian s\u01b0\u0309 du\u0323ng ph\u00e2\u0300n c\u01b0\u0301ng ma\u0301y ti\u0301nh. B\u1ea3n n\u00e0y d\u00f9ng m\u00e3i m\u00e3i theo m\u00e1y, c\u00f3 tem b\u1ea3n quy\u1ec1n v\u00e0 Key c\u00f3 th\u1ec3 d\u00e1n l\u00ean m\u00e1y<\/span><\/li>\n<li class=\"pro-info-summary\"><span class=\"item \">H\u00ecnh th\u1ee9c c\u1ea5p ph\u00e9p: Ca\u0300i \u0111\u0103\u0323t l\u00ean tr\u00ean ma\u0301y ti\u0301nh m\u01a1\u0301i .<\/span><\/li>\n<\/ul>\n<\/ul>\n","protected":false},"featured_media":12542,"comment_status":"closed","ping_status":"closed","template":"","meta":[],"pwb-brand":[],"product_cat":[2917],"product_tag":[],"class_list":{"0":"post-12541","1":"product","2":"type-product","3":"status-publish","4":"has-post-thumbnail","6":"product_cat-microsoft","8":"first","9":"instock","10":"shipping-taxable","11":"product-type-simple"},"brands":[],"_links":{"self":[{"href":"https:\/\/serverhot.vn\/vi\/wp-json\/wp\/v2\/product\/12541","targetHints":{"allow":["GET"]}}],"collection":[{"href":"https:\/\/serverhot.vn\/vi\/wp-json\/wp\/v2\/product"}],"about":[{"href":"https:\/\/serverhot.vn\/vi\/wp-json\/wp\/v2\/types\/product"}],"replies":[{"embeddable":true,"href":"https:\/\/serverhot.vn\/vi\/wp-json\/wp\/v2\/comments?post=12541"}],"wp:featuredmedia":[{"embeddable":true,"href":"https:\/\/serverhot.vn\/vi\/wp-json\/wp\/v2\/media\/12542"}],"wp:attachment":[{"href":"https:\/\/serverhot.vn\/vi\/wp-json\/wp\/v2\/media?parent=12541"}],"wp:term":[{"taxonomy":"pwb-brand","embeddable":true,"href":"https:\/\/serverhot.vn\/vi\/wp-json\/wp\/v2\/pwb-brand?post=12541"},{"taxonomy":"product_cat","embeddable":true,"href":"https:\/\/serverhot.vn\/vi\/wp-json\/wp\/v2\/product_cat?post=12541"},{"taxonomy":"product_tag","embeddable":true,"href":"https:\/\/serverhot.vn\/vi\/wp-json\/wp\/v2\/product_tag?post=12541"}],"curies":[{"name":"wp","href":"https:\/\/api.w.org\/{rel}","templated":true}]}}