{"id":12710,"date":"2024-06-29T18:20:07","date_gmt":"2024-06-29T11:20:07","guid":{"rendered":"https:\/\/serverhot.vn\/product\/uncategorized\/thiet-bi-mang-tp-link-cpe210-cpe-outdoor-9dbi-toc-do-300mbps-bang-tan-2-4ghz-ma-san-pham-cpe210\/"},"modified":"2024-06-29T18:20:10","modified_gmt":"2024-06-29T11:20:10","slug":"thiet-bi-mang-tp-link-cpe210-cpe-outdoor-9dbi-toc-do-300mbps-bang-tan-2-4ghz-ma-san-pham-cpe210","status":"publish","type":"product","link":"https:\/\/serverhot.vn\/vi\/-product-\/thiet-bi-mang-tp-link-cpe210-cpe-outdoor-9dbi-toc-do-300mbps-bang-tan-2-4ghz-ma-san-pham-cpe210\/","title":{"rendered":"Thi\u1ebft B\u1ecb M\u1ea1ng TP Link CPE210 CPE Outdoor 9dBi T\u1ed1c \u0110\u1ed9 300Mbps B\u0103ng T\u1ea7n 2.4GHz M\u00e3 s\u1ea3n ph\u1ea9m: CPE210"},"content":{"rendered":"<div class=\"showText tabs\" id=\"tab2\">\n<div class=\"box_right_pro_view\">\n<div class=\"thongso_pro a_technical\" style=\"max-height: fit-content\">\n<table border=\"1\">\n<thead>\n<tr id=\"tr_603\">\n<th colspan=\"2\"><a>T\u00cdNH N\u0102NG PH\u1ea6N C\u1ee8NG<\/a><\/th>\n<\/tr>\n<\/thead>\n<tbody>\n<tr id=\"tr_3890\">\n<th width=\"35%\">B\u1ed9 x\u1eed l\u00fd<\/th>\n<td width=\"65%\">Qualcomm Atheros 560MHz CPU, MIPS 74Kc<\/td>\n<\/tr>\n<tr id=\"tr_3893\">\n<th width=\"35%\">B\u1ed9 nh\u1edb<\/th>\n<td width=\"65%\">64MB DDR2 RAM, 8MB Flash<\/td>\n<\/tr>\n<tr id=\"tr_694\">\n<th width=\"35%\">Giao di\u1ec7n<\/th>\n<td width=\"65%\">1 x c\u1ed5ng Ethernet 10\/100Mbps (LAN0,Passive PoE in)<br \/>1 tr\u1ea1m n\u1ed1i \u0111\u1ea5t<br \/>1 n\u00fat Reset<\/td>\n<\/tr>\n<tr id=\"tr_1111\">\n<th width=\"35%\">B\u1ed9 c\u1ea5p ngu\u1ed3n<\/th>\n<td width=\"65%\">C\u00f4ng su\u1ea5t qua Ethernet qua LAN0 (+4,5pins; -7,8pins)<br \/>Ph\u1ea1m vi \u0111i\u1ec7n \u00e1p: 16-27VDC<\/td>\n<\/tr>\n<tr id=\"tr_1083\">\n<th width=\"35%\">\u0110i\u1ec7n n\u0103ng ti\u00eau th\u1ee5<\/th>\n<td width=\"65%\">T\u1ed1i \u0111a 5 Watt<br \/>L\u01b0u \u00fd: Khi \u0111\u01b0\u1ee3c tri\u1ec3n khai b\u1eb1ng Passive PoE , c\u00f4ng su\u1ea5t \u0111\u01b0\u1ee3c r\u00fat ra t\u1eeb ngu\u1ed3n \u0111i\u1ec7n s\u1ebd cao h\u01a1n m\u1ed9t s\u1ed1 t\u00f9y thu\u1ed9c v\u00e0o \u0111\u1ed9 d\u00e0i c\u1ee7a c\u00e1p k\u1ebft n\u1ed1i.<\/td>\n<\/tr>\n<tr id=\"tr_697\">\n<th width=\"35%\">K\u00edch th\u01b0\u1edbc ( R x D x C )<\/th>\n<td width=\"65%\">224 x 79 x 60 mm<\/td>\n<\/tr>\n<tr id=\"tr_1056\">\n<th width=\"35%\">D\u1ea1ng \u0102ng ten<\/th>\n<td width=\"65%\">T\u00edch h\u1ee3p \u0103ng-ten \u0111\u1ecbnh h\u01b0\u1edbng ph\u00e2n c\u1ef1c k\u00e9p 9dBi 2&#215;2<br \/>\u0110\u1ed9 r\u1ed9ng ch\u00f9m tia: 65 \u00b0 (M\u1eb7t ph\u1eb3ng H) \/ 40 \u00b0 (M\u1eb7t ph\u1eb3ng E)<br \/>L\u01b0u \u00fd: \u0110\u1ec3 bi\u1ebft th\u00eam chi ti\u1ebft, vui l\u00f2ng tham kh\u1ea3o b\u1ea3ng d\u1eef li\u1ec7u<\/td>\n<\/tr>\n<tr id=\"tr_1051\">\n<th width=\"35%\">B\u1ea3o v\u1ec7<\/th>\n<td width=\"65%\">B\u1ea3o v\u1ec7 ESD 15KV<br \/>Ch\u1ed1ng s\u00e9t 6KV<\/td>\n<\/tr>\n<tr id=\"tr_3891\">\n<th width=\"35%\">Enclosure<\/th>\n<td width=\"65%\">V\u1eadt li\u1ec7u nh\u1ef1a \u1ed5n \u0111\u1ecbnh ngo\u00e0i tr\u1eddi ASA<br \/>Ch\u1ee9ng nh\u1eadn ch\u1ed1ng n\u01b0\u1edbc IPX5<\/td>\n<\/tr>\n<\/tbody>\n<\/table>\n<table border=\"1\">\n<thead>\n<tr id=\"tr_604\">\n<th colspan=\"2\"><a>T\u00cdNH N\u0102NG WI-FI<\/a><\/th>\n<\/tr>\n<\/thead>\n<tbody>\n<tr id=\"tr_1058\">\n<th width=\"35%\">Chu\u1ea9n Wi-Fi<\/th>\n<td width=\"65%\">IEEE 802.11b\/g\/n (khi v\u00f4 hi\u1ec7u h\u00f3a Pharos MAXtream)<\/td>\n<\/tr>\n<tr id=\"tr_3892\">\n<th width=\"35%\">Proprietary Protocol<\/th>\n<td width=\"65%\">Ch\u1ebf \u0110\u1ed9 TDMA (v\u1edbi Pharos MAXtream)<\/td>\n<\/tr>\n<tr id=\"tr_3336\">\n<th width=\"35%\">T\u1ed1c \u0111\u1ed9 Wi-Fi<\/th>\n<td width=\"65%\">L\u00ean \u0111\u1ebfn 300Mbps (40 MHz, \u0110\u1ed9ng)<br \/>L\u00ean \u0111\u1ebfn 144.4Mb \/ gi\u00e2y (20 MHz, \u0110\u1ed9ng)<br \/>L\u00ean \u0111\u1ebfn 72.2Mb \/ gi\u00e2y (10 MHz, \u0110\u1ed9ng)<br \/>L\u00ean \u0111\u1ebfn 36.1Mb \/ gi\u00e2y (5 MHz, \u0110\u1ed9ng)<\/td>\n<\/tr>\n<tr id=\"tr_698\">\n<th width=\"35%\">B\u0103ng t\u1ea7n<\/th>\n<td width=\"65%\">2.4~2.483GHz<br \/>L\u01b0u \u00fd: T\u1ea7n su\u1ea5t ho\u1ea1t \u0111\u1ed9ng kh\u1ea3 d\u1ee5ng c\u00f3 th\u1ec3 thay \u0111\u1ed5i t\u00f9y thu\u1ed9c v\u00e0o gi\u1edbi h\u1ea1n c\u1ee7a qu\u1ed1c gia ho\u1eb7c khu v\u1ef1c s\u1eed d\u1ee5ng thi\u1ebft b\u1ecb.<\/td>\n<\/tr>\n<tr id=\"tr_2853\">\n<th width=\"35%\">C\u00f4ng su\u1ea5t truy\u1ec1n t\u1ea3i<\/th>\n<td width=\"65%\">25dBm\/316mw (C\u00f4ng su\u1ea5t t\u00f9y ch\u1ec9nh t\u1eebng 1dBm)<br \/>L\u01b0u \u00fd: C\u00f4ng su\u1ea5t truy\u1ec1n t\u1ed1i \u0111a c\u00f3 th\u1ec3 kh\u00e1c nhau gi\u1eefa c\u00e1c k\u00eanh kh\u00e1c nhau t\u00f9y thu\u1ed9c v\u00e0o gi\u1edbi h\u1ea1n c\u1ee7a qu\u1ed1c gia ho\u1eb7c khu v\u1ef1c s\u1eed d\u1ee5ng thi\u1ebft b\u1ecb.<\/td>\n<\/tr>\n<\/tbody>\n<\/table>\n<table border=\"1\">\n<thead>\n<tr id=\"tr_605\">\n<th colspan=\"2\"><a>T\u00cdNH N\u0102NG PH\u1ea6N M\u1ec0M<\/a><\/th>\n<\/tr>\n<\/thead>\n<tbody>\n<tr id=\"tr_3897\">\n<th width=\"35%\">C\u1ea5u h\u00ecnh Wi-Fi<\/th>\n<td width=\"65%\">Pharos MAXtream TDMA Technology<br \/>802.11b\/g\/n Modes<br \/>Selectable Channel Width: 5\/10\/20\/40MHz<br \/>Automatic Channel Selection<br \/>Transmission Power Control<br \/>Dynamic Frequency Selection (DFS)<br \/>WDS Enable\/Disable<br \/>Security: WPA\/WPA2, WPA-PSK\/WPA2-PSK (AES\/TKIP) Encryption, 64\/128\/152-bit WEP Encryption<br \/>SSID Broadcast Enable\/Disable<br \/>Multi-SSID with VLAN Tagging (AP mode only)<br \/>Distance\/ACK Timeout Setting<br \/>Wireless MAC Address Filter<br \/>Wireless Advanced:<br \/>&gt; Beacon Interval\/RTS Threshold\/Fragmentation<br \/>&gt;Threshold\/DTIM Interval\/AP Isolation\/Short GI\/Wi-Fi Multimedia<\/td>\n<\/tr>\n<tr id=\"tr_713\">\n<th width=\"35%\">Qu\u1ea3n l\u00fd<\/th>\n<td width=\"65%\">Discovery and Remote Management via Pharos Control application<br \/>HTTP\/HTTPS Web-based management<br \/>System Log<br \/>SNMP Agent(v2c)<br \/>Ping Watch Dog<br \/>Dynamic DDNS<br \/>SSH Server<\/td>\n<\/tr>\n<tr id=\"tr_3898\">\n<th width=\"35%\">C\u00f4ng c\u1ee5 h\u1ec7 th\u1ed1ng<\/th>\n<td width=\"65%\">C\u00e1c ch\u1ec9 s\u1ed1 ch\u1ea5t l\u01b0\u1ee3ng t\u00edn hi\u1ec7u kh\u00f4ng d\u00e2y:<br \/>C\u01b0\u1eddng \u0111\u1ed9 t\u00edn hi\u1ec7u \/ Nhi\u1ec5u \/ Truy\u1ec1n CCQ \/ CPU \/ B\u1ed9 nh\u1edb<br \/>M\u00e0n h\u00ecnh: Th\u00f4ng l\u01b0\u1ee3ng \/ Tr\u1ea1m \/ Giao di\u1ec7n \/ ARP \/ Tuy\u1ebfn \/ WAN \/ DHCP<br \/>Ph\u00e2n t\u00edch quang ph\u1ed5<br \/>Ki\u1ec3m tra t\u1ed1c \u0111\u1ed9<br \/>Ping<br \/>Theo d\u00f5i<\/td>\n<\/tr>\n<tr id=\"tr_3899\">\n<th width=\"35%\">System-level Optimizations<\/th>\n<td width=\"65%\">Optimized IGMP Snooping\/Proxy for multicast applications<br \/>Hardware watch dog<\/td>\n<\/tr>\n<\/tbody>\n<\/table>\n<table border=\"1\">\n<thead>\n<tr id=\"tr_3900\">\n<th colspan=\"2\"><a>POE ADAPTER FEATURES<\/a><\/th>\n<\/tr>\n<\/thead>\n<tbody>\n<tr id=\"tr_3901\">\n<th width=\"35%\">K\u00edch th\u01b0\u1edbc (R x D x C)<\/th>\n<td width=\"65%\">110*57*33.5mm<\/td>\n<\/tr>\n<tr id=\"tr_3908\">\n<th width=\"35%\">Interfaces<\/th>\n<td width=\"65%\">1 Jack AC v\u1edbi m\u1eb7t \u0111\u1ea5t<br \/>1 C\u1ed5ng Ethernet \u0111\u01b0\u1ee3c b\u1ea3o v\u1ec7 10 \/ 100Mbps (Ngu\u1ed3n + D\u1eef li\u1ec7u)<br \/>1 C\u1ed5ng Ethernet \u0111\u01b0\u1ee3c b\u1ea3o v\u1ec7 10 \/ 100Mbps (D\u1eef li\u1ec7u)<\/td>\n<\/tr>\n<tr id=\"tr_3909\">\n<th width=\"35%\">Button<\/th>\n<td width=\"65%\">N\u00fat Reset t\u1eeb xa<\/td>\n<\/tr>\n<tr id=\"tr_3910\">\n<th width=\"35%\">Power Status LEDs<\/th>\n<td width=\"65%\">Xanh l\u00e1<\/td>\n<\/tr>\n<tr id=\"tr_3905\">\n<th width=\"35%\">Input<\/th>\n<td width=\"65%\">100-240VAC, 50\/60Hz<\/td>\n<\/tr>\n<tr id=\"tr_3906\">\n<th width=\"35%\">Output<\/th>\n<td width=\"65%\">24 VDC, t\u1ed1i \u0111a 0.6A<br \/>+4, 5pins; -7, 8pins. (H\u1ed7 tr\u1ee3 PoE l\u00ean t\u1edbi 60m)<\/td>\n<\/tr>\n<tr id=\"tr_3907\">\n<th width=\"35%\">Efficiency<\/th>\n<td width=\"65%\">&gt;80%<\/td>\n<\/tr>\n<tr id=\"tr_3911\">\n<th width=\"35%\">Ch\u1ee9ng ch\u1ec9<\/th>\n<td width=\"65%\">CE\/FCC\/UL\/IC\/GS\/PSB\/C-tick\/SAA\/S-Mark\/KC-mark<\/td>\n<\/tr>\n<\/tbody>\n<\/table>\n<table border=\"1\">\n<thead>\n<tr id=\"tr_606\">\n<th colspan=\"2\"><a>KH\u00c1C<\/a><\/th>\n<\/tr>\n<\/thead>\n<tbody>\n<tr id=\"tr_714\">\n<th width=\"35%\">Ch\u1ee9ng ch\u1ec9<\/th>\n<td width=\"65%\">CE, FCC, RoHS, IPX5<\/td>\n<\/tr>\n<tr id=\"tr_715\">\n<th width=\"35%\">S\u1ea3n ph\u1ea9m bao g\u1ed3m<\/th>\n<td width=\"65%\">CPE kh\u00f4ng d\u00e2y ngo\u00e0i tr\u1eddi<br \/>B\u1ed9 chuy\u1ec3n \u0111\u1ed5i Passive PoE 24V 0.6A<br \/>D\u00e2y treo<br \/>D\u00e2y ngu\u1ed3n AC<br \/>H\u01b0\u1edbng d\u1eabn c\u00e0i \u0111\u1eb7t<\/td>\n<\/tr>\n<tr id=\"tr_716\">\n<th width=\"35%\">System Requirements<\/th>\n<td width=\"65%\">Microsoft Windows 98SE, NT, 2000, XP, Vista\u2122 ho\u1eb7c Windows 10, Windows 8, Windows 7, MAC OS, NetWare, UNIX ho\u1eb7c Linux.<br \/>L\u01b0u \u00fd: Ch\u00fang t\u00f4i khuy\u1ebfn ngh\u1ecb b\u1ea1n n\u00ean s\u1eed d\u1ee5ng m\u1ed9t trong c\u00e1c tr\u00ecnh duy\u1ec7t Web sau \u0111\u1ec3 c\u1ea3i thi\u1ec7n tr\u1ea3i nghi\u1ec7m ng\u01b0\u1eddi d\u00f9ng: Google Chrome, Safari v\u00e0 Firefox. C\u00e1c tr\u00ecnh duy\u1ec7t IE kh\u00f4ng \u0111\u01b0\u1ee3c khuy\u1ebfn kh\u00edch.<\/td>\n<\/tr>\n<tr id=\"tr_717\">\n<th width=\"35%\">M\u00f4i tr\u01b0\u1eddng<\/th>\n<td width=\"65%\">Nhi\u1ec7t \u0111\u1ed9 ho\u1ea1t \u0111\u1ed9ng: -40\u2103~70\u2103 (-40\u2109~158\u2109)<br \/>Nhi\u1ec7t \u0111\u1ed9 l\u01b0u tr\u1eef: -40\u2103~70\u2103 (-40\u2109~158\u2109)<br \/>\u0110\u1ed9 \u1ea9m ho\u1ea1t \u0111\u1ed9ng: 10% ~ 90% kh\u00f4ng ng\u01b0ng t\u1ee5<br \/>\u0110\u1ed9 \u1ea9m l\u01b0u tr\u1eef: 5% ~ 95% kh\u00f4ng ng\u01b0ng t\u1ee5<\/td>\n<\/tr>\n<\/tbody>\n<\/table><\/div>\n<p>                            <!--                            <\/p>\n<div class=\"xemthem_id_r\">--><br \/>\n                            <!--                                <a><!--\/show\/?token=--><br \/>\n                            <!--\"--><br \/>\n                            <!--                                   class=\"preview fancybox fancybox.ajax\" rel=\"nofollow\"&gt;Xem th&#234;m th&#244;ng s&#7889; k&#7929; thu&#7853;t<\/a>--><br \/>\n                            <!--                            <\/div>\n<p>-->\n                        <\/p><\/div>\n<\/p><\/div>\n","protected":false},"excerpt":{"rendered":"<ul>\n<ul>\n<li>T\u00edch h\u1ee3p \u0103ng ten MIMO \u0111\u1ecbnh h\u01b0\u1edbng ph\u00e2n c\u1ef1c k\u00e9p 2&#215;2 9dBi.<\/li>\n<li>T\u00f9y ch\u1ec9nh c\u00f4ng su\u1ea5t truy\u1ec1n t\u1ea3i t\u1eeb 0 \u0111\u1ebfn 27dBm\/500mw.<\/li>\n<li>T\u1ed1i \u01b0u h\u00f3a c\u1ea5p \u0111\u1ed9 h\u1ec7 th\u1ed1ng cho kho\u1ea3ng c\u00e1ch truy\u1ec1n t\u1ea3i kh\u00f4ng d\u00e2y xa h\u01a1n 5km.<\/li>\n<li>C\u00f4ng ngh\u1ec7 TP-LINK Pharos MAXtream TDMA (Time-Division-Multiple-Access) c\u1ea3i thi\u1ec7n hi\u1ec7u su\u1ea5t thi\u1ebft b\u1ecb v\u1ec1 throughput, c\u00f4ng su\u1ea5t v\u00e0 \u0111\u1ed9 tr\u1ec5, l\u00fd t\u01b0\u1edfng cho c\u00e1c \u1ee9ng d\u1ee5ng PTMP (Point-to-Multi-Point).<\/li>\n<\/ul>\n<\/ul>\n","protected":false},"featured_media":12711,"comment_status":"closed","ping_status":"closed","template":"","meta":[],"pwb-brand":[],"product_cat":[2896],"product_tag":[25,2852],"class_list":{"0":"post-12710","1":"product","2":"type-product","3":"status-publish","4":"has-post-thumbnail","6":"product_cat-tp-link","7":"product_tag-man","8":"product_tag-wireless","10":"first","11":"instock","12":"shipping-taxable","13":"product-type-simple"},"brands":[],"_links":{"self":[{"href":"https:\/\/serverhot.vn\/vi\/wp-json\/wp\/v2\/product\/12710","targetHints":{"allow":["GET"]}}],"collection":[{"href":"https:\/\/serverhot.vn\/vi\/wp-json\/wp\/v2\/product"}],"about":[{"href":"https:\/\/serverhot.vn\/vi\/wp-json\/wp\/v2\/types\/product"}],"replies":[{"embeddable":true,"href":"https:\/\/serverhot.vn\/vi\/wp-json\/wp\/v2\/comments?post=12710"}],"wp:featuredmedia":[{"embeddable":true,"href":"https:\/\/serverhot.vn\/vi\/wp-json\/wp\/v2\/media\/12711"}],"wp:attachment":[{"href":"https:\/\/serverhot.vn\/vi\/wp-json\/wp\/v2\/media?parent=12710"}],"wp:term":[{"taxonomy":"pwb-brand","embeddable":true,"href":"https:\/\/serverhot.vn\/vi\/wp-json\/wp\/v2\/pwb-brand?post=12710"},{"taxonomy":"product_cat","embeddable":true,"href":"https:\/\/serverhot.vn\/vi\/wp-json\/wp\/v2\/product_cat?post=12710"},{"taxonomy":"product_tag","embeddable":true,"href":"https:\/\/serverhot.vn\/vi\/wp-json\/wp\/v2\/product_tag?post=12710"}],"curies":[{"name":"wp","href":"https:\/\/api.w.org\/{rel}","templated":true}]}}