{"id":12718,"date":"2024-06-29T18:21:28","date_gmt":"2024-06-29T11:21:28","guid":{"rendered":"https:\/\/serverhot.vn\/product\/uncategorized\/cong-chuyen-orico-bta-409-usb-sang-bluetooth-4-0-ma-san-pham-bta-409\/"},"modified":"2024-06-29T18:21:30","modified_gmt":"2024-06-29T11:21:30","slug":"cong-chuyen-orico-bta-409-usb-sang-bluetooth-4-0-ma-san-pham-bta-409","status":"publish","type":"product","link":"https:\/\/serverhot.vn\/vi\/-product-\/cong-chuyen-orico-bta-409-usb-sang-bluetooth-4-0-ma-san-pham-bta-409\/","title":{"rendered":"C\u00f4\u0309ng chuy\u00ea\u0309n Orico BTA-409 USB sang Bluetooth 4.0 M\u00e3 s\u1ea3n ph\u1ea9m: BTA-409"},"content":{"rendered":"<div class=\"showText tabs\" id=\"tab2\">\n                                    <\/div>\n","protected":false},"excerpt":{"rendered":"<ul>\n<ul class=\"ul\">\n<li><span>Thi\u1ebft b\u1ecb k\u1ebft n\u1ed1i Bluetooth 4.0 qua USB.<\/span><\/li>\n<li><em class=\"before\">\u00a0<\/em><span>K\u1ebft n\u1ed1i m\u00e1y Laptop, Desktop v\u1edbi c\u00e1c thi\u1ebft b\u1ecb Bluetooth: \u0111i\u1ec7n tho\u1ea1i, tablet, loa, chu\u1ed9t, b\u00e0n ph\u00edm Bluetooth, c\u00e1c thi\u1ebft b\u1ecb gi\u1ea3i tr\u00ed kh\u00e1c.<\/span><\/li>\n<li><em class=\"before\"><\/em><span>T\u01b0\u01a1ng th\u00edch v\u1edbi c\u00e1c chu\u1ea9n Bluetooth c\u0169: 2.0\/2.1\/3.0.<\/span><\/li>\n<li><em class=\"before\"><\/em><span>Ch\u1ec9 h\u1ed7 tr\u1ee3 h\u1ec7 \u0111i\u1ec1u h\u00e0nh Window 10\/8\/7\/XP\/Vista. Kh\u00f4ng h\u1ed7 tr\u1ee3 Mac.<\/span><\/li>\n<\/ul>\n<\/ul>\n","protected":false},"featured_media":12719,"comment_status":"closed","ping_status":"closed","template":"","meta":[],"pwb-brand":[],"product_cat":[2910],"product_tag":[],"class_list":{"0":"post-12718","1":"product","2":"type-product","3":"status-publish","4":"has-post-thumbnail","6":"product_cat-thiet-bi-van-phong","8":"first","9":"instock","10":"shipping-taxable","11":"product-type-simple"},"brands":[],"_links":{"self":[{"href":"https:\/\/serverhot.vn\/vi\/wp-json\/wp\/v2\/product\/12718","targetHints":{"allow":["GET"]}}],"collection":[{"href":"https:\/\/serverhot.vn\/vi\/wp-json\/wp\/v2\/product"}],"about":[{"href":"https:\/\/serverhot.vn\/vi\/wp-json\/wp\/v2\/types\/product"}],"replies":[{"embeddable":true,"href":"https:\/\/serverhot.vn\/vi\/wp-json\/wp\/v2\/comments?post=12718"}],"wp:featuredmedia":[{"embeddable":true,"href":"https:\/\/serverhot.vn\/vi\/wp-json\/wp\/v2\/media\/12719"}],"wp:attachment":[{"href":"https:\/\/serverhot.vn\/vi\/wp-json\/wp\/v2\/media?parent=12718"}],"wp:term":[{"taxonomy":"pwb-brand","embeddable":true,"href":"https:\/\/serverhot.vn\/vi\/wp-json\/wp\/v2\/pwb-brand?post=12718"},{"taxonomy":"product_cat","embeddable":true,"href":"https:\/\/serverhot.vn\/vi\/wp-json\/wp\/v2\/product_cat?post=12718"},{"taxonomy":"product_tag","embeddable":true,"href":"https:\/\/serverhot.vn\/vi\/wp-json\/wp\/v2\/product_tag?post=12718"}],"curies":[{"name":"wp","href":"https:\/\/api.w.org\/{rel}","templated":true}]}}