{"id":12823,"date":"2024-06-29T18:36:02","date_gmt":"2024-06-29T11:36:02","guid":{"rendered":"https:\/\/serverhot.vn\/product\/uncategorized\/chuot-gaming-logitech-g403-hero-usb-rgb-den-ma-san-pham-g403\/"},"modified":"2024-06-29T18:36:04","modified_gmt":"2024-06-29T11:36:04","slug":"chuot-gaming-logitech-g403-hero-usb-rgb-den-ma-san-pham-g403","status":"publish","type":"product","link":"https:\/\/serverhot.vn\/vi\/-product-\/chuot-gaming-logitech-g403-hero-usb-rgb-den-ma-san-pham-g403\/","title":{"rendered":"Chu\u1ed9t Gaming Logitech G403 Hero (USB\/RGB\/\u0110en) M\u00e3 s\u1ea3n ph\u1ea9m: G403"},"content":{"rendered":"<div class=\"showText tabs\" id=\"tab2\">\n                                    <\/div>\n","protected":false},"excerpt":{"rendered":"<ul>\n<ul id=\"js-tskt-item\" class=\"product-summary-item-ul d-flex flex-wrap mb-0 content-collapse\">\n<li>CHu\u1ed9t Logitech G403 Hero<\/li>\n<li>Phi\u00ean b\u1ea3n n\u00e2ng c\u1ea5p c\u1ee7a ch\u00fa chu\u1ed9t Logitech G403 n\u1ed5i ti\u1ebfng<\/li>\n<li>M\u1eaft c\u1ea3m bi\u1ebfn Hero 16k cao c\u1ea5p cho hi\u1ec7u n\u0103ng v\u01b0\u1ee3t tr\u1ed9i<\/li>\n<li>\u0110\u1ed9 ph\u00e2n gi\u1ea3i : 16000 DPI<\/li>\n<li>T\u00ednh n\u0103ng Lightsync RGB cho ph\u00e9p \u0111\u1ed3ng b\u1ed9 led v\u1edbi c\u00e1c thi\u1ebft b\u1ecb Logitech kh\u00e1c<\/li>\n<li>Tu\u1ef3 ch\u1ec9nh qua ph\u1ea7n m\u00eam G-hub ti\u1ec7n l\u1ee3i<\/li>\n<\/ul>\n<\/ul>\n","protected":false},"featured_media":12824,"comment_status":"closed","ping_status":"closed","template":"","meta":[],"pwb-brand":[],"product_cat":[2910],"product_tag":[],"class_list":{"0":"post-12823","1":"product","2":"type-product","3":"status-publish","4":"has-post-thumbnail","6":"product_cat-thiet-bi-van-phong","8":"first","9":"instock","10":"shipping-taxable","11":"product-type-simple"},"brands":[],"_links":{"self":[{"href":"https:\/\/serverhot.vn\/vi\/wp-json\/wp\/v2\/product\/12823","targetHints":{"allow":["GET"]}}],"collection":[{"href":"https:\/\/serverhot.vn\/vi\/wp-json\/wp\/v2\/product"}],"about":[{"href":"https:\/\/serverhot.vn\/vi\/wp-json\/wp\/v2\/types\/product"}],"replies":[{"embeddable":true,"href":"https:\/\/serverhot.vn\/vi\/wp-json\/wp\/v2\/comments?post=12823"}],"wp:featuredmedia":[{"embeddable":true,"href":"https:\/\/serverhot.vn\/vi\/wp-json\/wp\/v2\/media\/12824"}],"wp:attachment":[{"href":"https:\/\/serverhot.vn\/vi\/wp-json\/wp\/v2\/media?parent=12823"}],"wp:term":[{"taxonomy":"pwb-brand","embeddable":true,"href":"https:\/\/serverhot.vn\/vi\/wp-json\/wp\/v2\/pwb-brand?post=12823"},{"taxonomy":"product_cat","embeddable":true,"href":"https:\/\/serverhot.vn\/vi\/wp-json\/wp\/v2\/product_cat?post=12823"},{"taxonomy":"product_tag","embeddable":true,"href":"https:\/\/serverhot.vn\/vi\/wp-json\/wp\/v2\/product_tag?post=12823"}],"curies":[{"name":"wp","href":"https:\/\/api.w.org\/{rel}","templated":true}]}}