{"id":13057,"date":"2024-06-29T19:06:19","date_gmt":"2024-06-29T12:06:19","guid":{"rendered":"https:\/\/serverhot.vn\/product\/uncategorized\/man-hinh-43-inch-full-hd-panasonic-th-43lfe8w-ma-san-pham-th-43lfe8w\/"},"modified":"2024-06-29T19:06:25","modified_gmt":"2024-06-29T12:06:25","slug":"man-hinh-43-inch-full-hd-panasonic-th-43lfe8w-ma-san-pham-th-43lfe8w","status":"publish","type":"product","link":"https:\/\/serverhot.vn\/vi\/-product-\/man-hinh-43-inch-full-hd-panasonic-th-43lfe8w-ma-san-pham-th-43lfe8w\/","title":{"rendered":"M\u00e0n h\u00ecnh 43 inch Full HD PANASONIC TH-43LFE8W M\u00e3 s\u1ea3n ph\u1ea9m: TH-43LFE8W"},"content":{"rendered":"<div class=\"showText tabs\" id=\"tab2\">\n<div class=\"box_right_pro_view\">\n<div class=\"thongso_pro a_technical\" style=\"max-height: fit-content\">\n<table border=\"1\" cellspacing=\"0\" cellpadding=\"0\">\n<tbody>\n<tr>\n<td><span>H\u00e3ng s\u1ea3n xu\u1ea5t<\/span><\/td>\n<td><span>Panasonic<\/span><\/td>\n<\/tr>\n<tr>\n<td><span>M\u00e3 s\u1ea3n ph\u1eabm<\/span><\/td>\n<td><span>TH-43LFE8W\u00a0\u00a0<\/span><\/td>\n<\/tr>\n<tr>\n<td><span>K\u00edch th\u01b0\u1edbc m\u00e0n h\u00ecnh<\/span><\/td>\n<td><span>43 inch<\/span><\/td>\n<\/tr>\n<tr>\n<td><span>Lo\u1ea1i m\u00e0n h\u00ecnh<\/span><\/td>\n<td><span>D-LED (Direct-LED)<\/span><\/td>\n<\/tr>\n<tr>\n<td><span>\u0110\u1ed9 ph\u00e2n gi\u1ea3i<\/span><\/td>\n<td><span>1920&#215;1080 (Full HD)<\/span><\/td>\n<\/tr>\n<tr>\n<td><span>\u0110\u1ed9 t\u01b0\u01a1ng ph\u1ea3n<\/span><\/td>\n<td><span>3.000:1<\/span><\/td>\n<\/tr>\n<tr>\n<td><span>\u0110\u1ed9 s\u00e1ng m\u00e0n h\u00ecnh<\/span><\/td>\n<td><span>350cd\/m\u00b2<\/span><\/td>\n<\/tr>\n<tr>\n<td><span>G\u00f3c nh\u00ecn<\/span><\/td>\n<td><span>178\u00ba<\/span><\/td>\n<\/tr>\n<tr>\n<td><span>Loa g\u1eafn trong<span><br \/><\/span><\/span><\/td>\n<td><span>20W<span><br \/><\/span><\/span><\/td>\n<\/tr>\n<tr>\n<td><span>\u0110i\u1ec1u khi\u1ec3n<\/span><\/td>\n<td><span>Serial IN, LAN, IR IN\/OUT<\/span><\/td>\n<\/tr>\n<tr>\n<td><span>Th\u1eddi gian \u0111\u00e1p \u1ee9ng<\/span><\/td>\n<td><span>6.5 ms<\/span><\/td>\n<\/tr>\n<tr>\n<td><span>Ngu\u1ed3n \u0111i\u1ec7n<\/span><\/td>\n<td><span>220VAC<\/span><\/td>\n<\/tr>\n<tr>\n<td><span>K\u00edch th\u01b0\u1edbc<\/span><\/td>\n<td><span>969 x 560 x 61mm<\/span><\/td>\n<\/tr>\n<tr>\n<td><span>Tr\u1ecdng l\u01b0\u1ee3ng<\/span><\/td>\n<td><span>8.7kg<\/span><\/td>\n<\/tr>\n<tr>\n<td><span>S\u1ea3n xu\u1ea5t t\u1ea1i<\/span><\/td>\n<td><span>Trung Qu\u1ed1c<\/span><\/td>\n<\/tr>\n<\/tbody>\n<\/table><\/div>\n<p>                            <!--                            <\/p>\n<div class=\"xemthem_id_r\">--><br \/>\n                            <!--                                <a><!--\/show\/?token=--><br \/>\n                            <!--\"--><br \/>\n                            <!--                                   class=\"preview fancybox fancybox.ajax\" rel=\"nofollow\"&gt;Xem th&#234;m th&#244;ng s&#7889; k&#7929; thu&#7853;t<\/a>--><br \/>\n                            <!--                            <\/div>\n<p>-->\n                        <\/p><\/div>\n<\/p><\/div>\n","protected":false},"excerpt":{"rendered":"<ul>\n<ul>\n<li style=\"text-align: justify\"><span style=\"font-size: 18px\">K\u00edch th\u01b0\u1edbc m\u00e0n h\u00ecnh: 43 inch<\/span><\/li>\n<li style=\"text-align: justify\"><span style=\"font-size: 18px\">Lo\u1ea1i m\u00e0n h\u00ecnh: D-LED (Direct-LED)<\/span><\/li>\n<li style=\"text-align: justify\"><span style=\"font-size: 18px\">\u0110\u1ed9 ph\u00e2n gi\u1ea3i: 1920&#215;1080 (Full HD)<\/span><\/li>\n<li style=\"text-align: justify\"><span style=\"font-size: 18px\">\u0110\u1ed9 t\u01b0\u01a1ng ph\u1ea3n: 3.000:1<\/span><\/li>\n<li style=\"text-align: justify\"><span style=\"font-size: 18px\">\u0110\u1ed9 s\u00e1ng m\u00e0n h\u00ecnh: 350cd\/m\u00b2<\/span><\/li>\n<li style=\"text-align: justify\"><span style=\"font-size: 18px\">G\u00f3c nh\u00ecn: 178\u00ba , Loa g\u1eafn trong: 20W<\/span><\/li>\n<li style=\"text-align: justify\"><span style=\"font-size: 18px\">K\u1ebft n\u1ed1i: HDMI IN, DVI IN, PC IN\/OUT, Function Slot, USB<\/span><\/li>\n<\/ul>\n<\/ul>\n","protected":false},"featured_media":13058,"comment_status":"closed","ping_status":"closed","template":"","meta":[],"pwb-brand":[],"product_cat":[2909],"product_tag":[55],"class_list":{"0":"post-13057","1":"product","2":"type-product","3":"status-publish","4":"has-post-thumbnail","6":"product_cat-man-hinh-may-tinh","7":"product_tag-run","9":"first","10":"instock","11":"shipping-taxable","12":"product-type-simple"},"brands":[],"_links":{"self":[{"href":"https:\/\/serverhot.vn\/vi\/wp-json\/wp\/v2\/product\/13057","targetHints":{"allow":["GET"]}}],"collection":[{"href":"https:\/\/serverhot.vn\/vi\/wp-json\/wp\/v2\/product"}],"about":[{"href":"https:\/\/serverhot.vn\/vi\/wp-json\/wp\/v2\/types\/product"}],"replies":[{"embeddable":true,"href":"https:\/\/serverhot.vn\/vi\/wp-json\/wp\/v2\/comments?post=13057"}],"wp:featuredmedia":[{"embeddable":true,"href":"https:\/\/serverhot.vn\/vi\/wp-json\/wp\/v2\/media\/13058"}],"wp:attachment":[{"href":"https:\/\/serverhot.vn\/vi\/wp-json\/wp\/v2\/media?parent=13057"}],"wp:term":[{"taxonomy":"pwb-brand","embeddable":true,"href":"https:\/\/serverhot.vn\/vi\/wp-json\/wp\/v2\/pwb-brand?post=13057"},{"taxonomy":"product_cat","embeddable":true,"href":"https:\/\/serverhot.vn\/vi\/wp-json\/wp\/v2\/product_cat?post=13057"},{"taxonomy":"product_tag","embeddable":true,"href":"https:\/\/serverhot.vn\/vi\/wp-json\/wp\/v2\/product_tag?post=13057"}],"curies":[{"name":"wp","href":"https:\/\/api.w.org\/{rel}","templated":true}]}}