{"id":13067,"date":"2024-06-29T19:07:54","date_gmt":"2024-06-29T12:07:54","guid":{"rendered":"https:\/\/serverhot.vn\/product\/uncategorized\/man-hinh-smart-tivi-panasonic-32-inch-th-32es500v-ma-san-pham-th-32es500v\/"},"modified":"2024-06-29T19:07:55","modified_gmt":"2024-06-29T12:07:55","slug":"man-hinh-smart-tivi-panasonic-32-inch-th-32es500v-ma-san-pham-th-32es500v","status":"publish","type":"product","link":"https:\/\/serverhot.vn\/vi\/-product-\/man-hinh-smart-tivi-panasonic-32-inch-th-32es500v-ma-san-pham-th-32es500v\/","title":{"rendered":"M\u00e0n H\u00ecnh Smart Tivi Panasonic 32 inch TH-32ES500V M\u00e3 s\u1ea3n ph\u1ea9m: TH-32ES500V"},"content":{"rendered":"<div class=\"showText tabs\" id=\"tab2\">\n                                    <\/div>\n","protected":false},"excerpt":{"rendered":"<ul>\n<p>M\u00e0n h\u00ecnh: Smart Tivi 32 inch, HD (1366 x 768 px)<\/p>\n<p>T\u1ea7n s\u1ed1 qu\u00e9t: BMR 800Hz<\/p>\n<p>C\u00f4ng ngh\u1ec7 h\u00ecnh \u1ea3nh: Hexa Chroma Drive, LED IPS<\/p>\n<p>Ch\u1ee9c n\u0103ng kh\u1eed nhi\u1ec5u h\u1ea1t gi\u00fap h\u00ecnh \u1ea3nh r\u00f5 n\u00e9t h\u01a1n<\/p>\n<p>T\u00edch h\u1ee3p \u0111\u1ea7u thu k\u1ef9 thu\u1eadt s\u1ed1 DVB-T2<\/p>\n<p>K\u1ebft n\u1ed1i: 3 c\u1ed5ng HDMI, 2 c\u1ed5ng USB, 1 c\u1ed5ng LAN<\/p>\n<\/ul>\n","protected":false},"featured_media":13068,"comment_status":"closed","ping_status":"closed","template":"","meta":[],"pwb-brand":[],"product_cat":[2909],"product_tag":[],"class_list":{"0":"post-13067","1":"product","2":"type-product","3":"status-publish","4":"has-post-thumbnail","6":"product_cat-man-hinh-may-tinh","8":"first","9":"instock","10":"shipping-taxable","11":"product-type-simple"},"brands":[],"_links":{"self":[{"href":"https:\/\/serverhot.vn\/vi\/wp-json\/wp\/v2\/product\/13067","targetHints":{"allow":["GET"]}}],"collection":[{"href":"https:\/\/serverhot.vn\/vi\/wp-json\/wp\/v2\/product"}],"about":[{"href":"https:\/\/serverhot.vn\/vi\/wp-json\/wp\/v2\/types\/product"}],"replies":[{"embeddable":true,"href":"https:\/\/serverhot.vn\/vi\/wp-json\/wp\/v2\/comments?post=13067"}],"wp:featuredmedia":[{"embeddable":true,"href":"https:\/\/serverhot.vn\/vi\/wp-json\/wp\/v2\/media\/13068"}],"wp:attachment":[{"href":"https:\/\/serverhot.vn\/vi\/wp-json\/wp\/v2\/media?parent=13067"}],"wp:term":[{"taxonomy":"pwb-brand","embeddable":true,"href":"https:\/\/serverhot.vn\/vi\/wp-json\/wp\/v2\/pwb-brand?post=13067"},{"taxonomy":"product_cat","embeddable":true,"href":"https:\/\/serverhot.vn\/vi\/wp-json\/wp\/v2\/product_cat?post=13067"},{"taxonomy":"product_tag","embeddable":true,"href":"https:\/\/serverhot.vn\/vi\/wp-json\/wp\/v2\/product_tag?post=13067"}],"curies":[{"name":"wp","href":"https:\/\/api.w.org\/{rel}","templated":true}]}}