{"id":13093,"date":"2024-06-29T19:11:05","date_gmt":"2024-06-29T12:11:05","guid":{"rendered":"https:\/\/serverhot.vn\/product\/uncategorized\/smart-tivi-panasonic-4k-43inch-th-43gx655v-ma-san-pham-th-43gx655v\/"},"modified":"2024-06-29T19:11:07","modified_gmt":"2024-06-29T12:11:07","slug":"smart-tivi-panasonic-4k-43inch-th-43gx655v-ma-san-pham-th-43gx655v","status":"publish","type":"product","link":"https:\/\/serverhot.vn\/vi\/-product-\/smart-tivi-panasonic-4k-43inch-th-43gx655v-ma-san-pham-th-43gx655v\/","title":{"rendered":"Smart Tivi Panasonic 4K 43inch TH-43GX655V M\u00e3 s\u1ea3n ph\u1ea9m: TH-43GX655V"},"content":{"rendered":"<div class=\"showText tabs\" id=\"tab2\">\n<div class=\"box_right_pro_view\">\n<div class=\"thongso_pro a_technical\" style=\"max-height: fit-content\">\n<table border=\"1\">\n<tbody id=\"custom-scroll-popup-tskt\">\n<tr>\n<td>Model:<\/td>\n<td>TH-43GX655V<\/td>\n<\/tr>\n<tr>\n<td>M\u00e0u s\u1eafc:<\/td>\n<td>\u0110en<\/td>\n<\/tr>\n<tr>\n<td>Nh\u00e0 s\u1ea3n xu\u1ea5t:<\/td>\n<td>Panasonic<\/td>\n<\/tr>\n<tr>\n<td>Xu\u1ea5t x\u1ee9:<\/td>\n<td>Indonesia<\/td>\n<\/tr>\n<tr>\n<td>N\u0103m ra m\u1eaft :<\/td>\n<td>2019<\/td>\n<\/tr>\n<tr>\n<td>Th\u1eddi gian b\u1ea3o h\u00e0nh:<\/td>\n<td>24 Th\u00e1ng<\/td>\n<\/tr>\n<tr>\n<td>\u0110\u1ecba \u0111i\u1ec3m b\u1ea3o h\u00e0nh:<\/td>\n<td>SSN<\/td>\n<\/tr>\n<tr>\n<td>Lo\u1ea1i Tivi:<\/td>\n<td>LED<\/td>\n<\/tr>\n<tr>\n<td>K\u00edch th\u01b0\u1edbc m\u00e0n h\u00ecnh:<\/td>\n<td>43 inch<\/td>\n<\/tr>\n<tr>\n<td>\u0110\u1ed9 ph\u00e2n gi\u1ea3i:<\/td>\n<td>UHD 4K 3840 x 2160 Pixels<\/td>\n<\/tr>\n<tr>\n<td>T\u1ea7n s\u1ed1 qu\u00e9t:<\/td>\n<td>60 Hz<\/td>\n<\/tr>\n<tr>\n<td>B\u1ed9 vi x\u1eed l\u00ed:<\/td>\n<td>Quad-Core<\/td>\n<\/tr>\n<tr>\n<td>Smart Tivi:<\/td>\n<td>C\u00f3<\/td>\n<\/tr>\n<tr>\n<td>Tivi 3D:<\/td>\n<td>Kh\u00f4ng<\/td>\n<\/tr>\n<tr>\n<td>Tivi m\u00e0n h\u00ecnh cong:<\/td>\n<td>Kh\u00f4ng<\/td>\n<\/tr>\n<tr>\n<td>T\u1ed5ng c\u00f4ng su\u1ea5t loa:<\/td>\n<td>8W x 2<\/td>\n<\/tr>\n<tr>\n<td>S\u1ed1 l\u01b0\u1ee3ng loa:<\/td>\n<td>2<\/td>\n<\/tr>\n<tr>\n<td>C\u1ed5ng WiFi:<\/td>\n<td>C\u00f3<\/td>\n<\/tr>\n<tr>\n<td>C\u1ed5ng Internet (LAN):<\/td>\n<td>1<\/td>\n<\/tr>\n<tr>\n<td>C\u1ed5ng HDMI:<\/td>\n<td>3<\/td>\n<\/tr>\n<tr>\n<td>C\u1ed5ng Optical:<\/td>\n<td>C\u00f3<\/td>\n<\/tr>\n<tr>\n<td>C\u1ed5ng AV in (Composite \/ Component):<\/td>\n<td>1<\/td>\n<\/tr>\n<tr>\n<td>C\u1ed5ng USB:<\/td>\n<td>2<\/td>\n<\/tr>\n<tr>\n<td>H\u1ec7 \u0111i\u1ec1u h\u00e0nh &#8211; Giao di\u1ec7n:<\/td>\n<td>Android 9.0<\/td>\n<\/tr>\n<tr>\n<td>Tr\u00ecnh duy\u1ec7t web:<\/td>\n<td>C\u00f3<\/td>\n<\/tr>\n<tr>\n<td>K\u00edch th\u01b0\u1edbc c\u00f3 ch\u00e2n \u0111\u1ebf:<\/td>\n<td>958.2 x 204.7 x 598.7 mm<\/td>\n<\/tr>\n<tr>\n<td>K\u00edch th\u01b0\u1edbc kh\u00f4ng ch\u00e2n \u0111\u1ebf:<\/td>\n<td>958.2 x 89.4 x 555.7 mm<\/td>\n<\/tr>\n<tr>\n<td>Kh\u1ed1i l\u01b0\u1ee3ng c\u00f3 ch\u00e2n \u0111\u1ebf:<\/td>\n<td>6.9 kg<\/td>\n<\/tr>\n<tr>\n<td>Kh\u1ed1i l\u01b0\u1ee3ng th\u00f9ng (kg):<\/td>\n<td>9.6 kg<\/td>\n<\/tr>\n<\/tbody>\n<\/table><\/div>\n<p>                            <!--                            <\/p>\n<div class=\"xemthem_id_r\">--><br \/>\n                            <!--                                <a><!--\/show\/?token=--><br \/>\n                            <!--\"--><br \/>\n                            <!--                                   class=\"preview fancybox fancybox.ajax\" rel=\"nofollow\"&gt;Xem th&#234;m th&#244;ng s&#7889; k&#7929; thu&#7853;t<\/a>--><br \/>\n                            <!--                            <\/div>\n<p>-->\n                        <\/p><\/div>\n<\/p><\/div>\n","protected":false},"excerpt":{"rendered":"<ul>\n<ul>\n<li>M\u00e0n h\u00ecnh UHD IPS LED LCD 43&#8243;\u00a0t\u1ea1o tr\u1ea3i nghi\u1ec7m xem c\u1ef1c \u0111\u1ec9nh<\/li>\n<li>H\u1ec7 \u0111i\u1ec1u h\u00e0nh Android 9.0\u00a0c\u1ea3i ti\u1ebfn t\u1ed1c \u0111\u1ed9 x\u1eed l\u00fd nhanh, m\u01b0\u1ee3t\u00a0<\/li>\n<li>\u0110a d\u1ea1ng c\u1ed5ng k\u1ebft n\u1ed1i\u00a0v\u00e0 chia s\u1ebb v\u1edbi nhi\u1ec1u lo\u1ea1i thi\u1ebft b\u1ecb<\/li>\n<li>\u0110\u1ed9 ph\u00e2n gi\u1ea3i 4K s\u1eafc n\u00e9t g\u1ea5p 4 l\u1ea7n Full HD cho h\u00ecnh \u1ea3nh \u1ea5n t\u01b0\u1ee3ng<\/li>\n<li>C\u00f4ng ngh\u1ec7 Color Pro+ \u0111i\u1ec1u ch\u1ec9nh \u0111\u1ed9 t\u01b0\u01a1ng ph\u1ea3n ho\u00e0n h\u1ea3o<\/li>\n<li>Dolby Audio mang \u0111\u1ebfn nh\u1eefng tr\u1ea3i nghi\u1ec7m \u00e2m thanh s\u1ed1ng \u0111\u1ed9ng<\/li>\n<li>Dolby Vision gi\u00fap n\u00e2ng cao m\u00e0u s\u1eafc c\u1ee7a h\u00ecnh \u1ea3nh<\/li>\n<li>T\u1ea5m n\u1ec1n IPS si\u00eau b\u1ec1n b\u1ec9, hi\u1ec3n th\u1ecb h\u00ecnh \u1ea3nh r\u00f5 n\u00e9t<\/li>\n<li>Thi\u1ebft k\u1ebf vi\u1ec1n m\u00e0n h\u00ecnh si\u00eau m\u1ecfng sang tr\u1ecdng v\u00e0 hi\u1ec7n \u0111\u1ea1i<\/li>\n<\/ul>\n<\/ul>\n","protected":false},"featured_media":13094,"comment_status":"closed","ping_status":"closed","template":"","meta":[],"pwb-brand":[],"product_cat":[2909],"product_tag":[25],"class_list":{"0":"post-13093","1":"product","2":"type-product","3":"status-publish","4":"has-post-thumbnail","6":"product_cat-man-hinh-may-tinh","7":"product_tag-man","9":"first","10":"instock","11":"shipping-taxable","12":"product-type-simple"},"brands":[],"_links":{"self":[{"href":"https:\/\/serverhot.vn\/vi\/wp-json\/wp\/v2\/product\/13093","targetHints":{"allow":["GET"]}}],"collection":[{"href":"https:\/\/serverhot.vn\/vi\/wp-json\/wp\/v2\/product"}],"about":[{"href":"https:\/\/serverhot.vn\/vi\/wp-json\/wp\/v2\/types\/product"}],"replies":[{"embeddable":true,"href":"https:\/\/serverhot.vn\/vi\/wp-json\/wp\/v2\/comments?post=13093"}],"wp:featuredmedia":[{"embeddable":true,"href":"https:\/\/serverhot.vn\/vi\/wp-json\/wp\/v2\/media\/13094"}],"wp:attachment":[{"href":"https:\/\/serverhot.vn\/vi\/wp-json\/wp\/v2\/media?parent=13093"}],"wp:term":[{"taxonomy":"pwb-brand","embeddable":true,"href":"https:\/\/serverhot.vn\/vi\/wp-json\/wp\/v2\/pwb-brand?post=13093"},{"taxonomy":"product_cat","embeddable":true,"href":"https:\/\/serverhot.vn\/vi\/wp-json\/wp\/v2\/product_cat?post=13093"},{"taxonomy":"product_tag","embeddable":true,"href":"https:\/\/serverhot.vn\/vi\/wp-json\/wp\/v2\/product_tag?post=13093"}],"curies":[{"name":"wp","href":"https:\/\/api.w.org\/{rel}","templated":true}]}}