{"id":13263,"date":"2024-06-29T19:32:09","date_gmt":"2024-06-29T12:32:09","guid":{"rendered":"https:\/\/serverhot.vn\/product\/uncategorized\/man-hinh-lcd-cong-chuyen-do-hoa-asus-proart-pa34vc-34-ultra-wide-qhd-219-ips-hdr10-100-srgb-ma-san-pham-pa34vc\/"},"modified":"2024-06-29T19:32:10","modified_gmt":"2024-06-29T12:32:10","slug":"man-hinh-lcd-cong-chuyen-do-hoa-asus-proart-pa34vc-34-ultra-wide-qhd-219-ips-hdr10-100-srgb-ma-san-pham-pa34vc","status":"publish","type":"product","link":"https:\/\/serverhot.vn\/vi\/-product-\/man-hinh-lcd-cong-chuyen-do-hoa-asus-proart-pa34vc-34-ultra-wide-qhd-219-ips-hdr10-100-srgb-ma-san-pham-pa34vc\/","title":{"rendered":"M\u00e0n H\u00ecnh LCD Cong Chuy\u00ean \u0110\u1ed3 H\u1ecda ASUS ProArt PA34VC 34&#8243; Ultra Wide QHD 21:9 IPS HDR10 100% sRGB M\u00e3 s\u1ea3n ph\u1ea9m: PA34VC"},"content":{"rendered":"<div class=\"showText tabs\" id=\"tab2\">\n                                    <\/div>\n","protected":false},"excerpt":{"rendered":"<ul>\n<h1 class=\"product-slogan\" style=\"text-align: justify\"><span style=\"font-size: medium\">ASUS ProArt Display PA34VC Curved Professional Monitor &#8211; 34.1-inch, UWQHD, 1900R Curvature, HDR-10, 100% sRGB, Color Accuracy \u0394E &lt; 2, Hardware Calibration, Thunderbolt\u2122 3, 100Hz, Adaptive-Sync, Ergonomic Design\u200b<\/span><\/h1>\n<div class=\"product-intro\">\n<ul>\n<li style=\"text-align: justify\">34.1-inch UWQHD 1900R IPS display with frameless design<\/li>\n<li>100% of sRGB color gamut, pre-calibrated for excellent color accuracy<\/li>\n<li>Up to 100Hz refresh rate and Adaptive-Sync technology (40~100Hz) to animated content with fast action and eliminate screen tearing<\/li>\n<li>HDR-10 compatible makes it possible to create more dynamic and realistic images<\/li>\n<li>Thunderbolt\u2122 3 USB-C supports video signals, data transfers at up to 40Gbps, and Power Delivery provides up to 60W of power to external devices<\/li>\n<li>ASUS ProArt\u2122 Calibration technology features a 14-bit look-up table (LUT), uniformity compensation and the ability to save color profiles on the monitor<\/li>\n<\/ul>\n<\/div>\n<p><label class=\"checkbox add-to-list\"><\/label><\/p>\n<\/ul>\n","protected":false},"featured_media":13264,"comment_status":"closed","ping_status":"closed","template":"","meta":[],"pwb-brand":[],"product_cat":[2909],"product_tag":[],"class_list":{"0":"post-13263","1":"product","2":"type-product","3":"status-publish","4":"has-post-thumbnail","6":"product_cat-man-hinh-may-tinh","8":"first","9":"instock","10":"shipping-taxable","11":"product-type-simple"},"brands":[],"_links":{"self":[{"href":"https:\/\/serverhot.vn\/vi\/wp-json\/wp\/v2\/product\/13263","targetHints":{"allow":["GET"]}}],"collection":[{"href":"https:\/\/serverhot.vn\/vi\/wp-json\/wp\/v2\/product"}],"about":[{"href":"https:\/\/serverhot.vn\/vi\/wp-json\/wp\/v2\/types\/product"}],"replies":[{"embeddable":true,"href":"https:\/\/serverhot.vn\/vi\/wp-json\/wp\/v2\/comments?post=13263"}],"wp:featuredmedia":[{"embeddable":true,"href":"https:\/\/serverhot.vn\/vi\/wp-json\/wp\/v2\/media\/13264"}],"wp:attachment":[{"href":"https:\/\/serverhot.vn\/vi\/wp-json\/wp\/v2\/media?parent=13263"}],"wp:term":[{"taxonomy":"pwb-brand","embeddable":true,"href":"https:\/\/serverhot.vn\/vi\/wp-json\/wp\/v2\/pwb-brand?post=13263"},{"taxonomy":"product_cat","embeddable":true,"href":"https:\/\/serverhot.vn\/vi\/wp-json\/wp\/v2\/product_cat?post=13263"},{"taxonomy":"product_tag","embeddable":true,"href":"https:\/\/serverhot.vn\/vi\/wp-json\/wp\/v2\/product_tag?post=13263"}],"curies":[{"name":"wp","href":"https:\/\/api.w.org\/{rel}","templated":true}]}}