{"id":13491,"date":"2024-07-06T04:45:07","date_gmt":"2024-07-05T21:45:07","guid":{"rendered":"https:\/\/serverhot.vn\/-product-\/thiet-bi-switch-hikvision-ds-3t0506hp-e-hs-ma-san-pham-ds-3t0506hp-e-hs\/"},"modified":"2024-07-06T04:45:11","modified_gmt":"2024-07-05T21:45:11","slug":"thiet-bi-switch-hikvision-ds-3t0506hp-e-hs-ma-san-pham-ds-3t0506hp-e-hs","status":"publish","type":"product","link":"https:\/\/serverhot.vn\/vi\/-product-\/thiet-bi-switch-hikvision-ds-3t0506hp-e-hs-ma-san-pham-ds-3t0506hp-e-hs\/","title":{"rendered":"Thi\u1ebft b\u1ecb Switch HIKVISION DS-3T0506HP-E\/HS M\u00e3 s\u1ea3n ph\u1ea9m: DS-3T0506HP-E\/HS"},"content":{"rendered":"<div class=\"showText tabs\" id=\"tab2\">\n                                    <\/div>\n","protected":false},"excerpt":{"rendered":"<ul>\n<p>3 \u00d7 Gb PoE Ports, 1 \u00d7 Gb Hi-PoE Port, 2 \u00d7 Gb SFP Fiber Optical Ports<\/p>\n<p>IEEE 802.3at\/af\/bt Standard for Hi-PoE Port (Maximum 60 W PoE Output)<\/p>\n<p>IEEE 802.3, IEEE 802.3u, IEEE 802.3x, IEEE 802.3z, and IEEE 802.3ab Standard<\/p>\n<p>PoE Output Power Management<\/p>\n<p>Up to 980 ft (300 m) Long-Range Transmission<\/p>\n<p>Wide Temperature -22\u00b0 to 149\u00b0 F<\/p>\n<\/ul>\n","protected":false},"featured_media":13492,"comment_status":"closed","ping_status":"closed","template":"","meta":[],"pwb-brand":[],"product_cat":[2902],"product_tag":[25,2849],"class_list":{"0":"post-13491","1":"product","2":"type-product","3":"status-publish","4":"has-post-thumbnail","6":"product_cat-hikvison","7":"product_tag-man","8":"product_tag-switch","10":"first","11":"instock","12":"shipping-taxable","13":"product-type-simple"},"brands":[],"_links":{"self":[{"href":"https:\/\/serverhot.vn\/vi\/wp-json\/wp\/v2\/product\/13491","targetHints":{"allow":["GET"]}}],"collection":[{"href":"https:\/\/serverhot.vn\/vi\/wp-json\/wp\/v2\/product"}],"about":[{"href":"https:\/\/serverhot.vn\/vi\/wp-json\/wp\/v2\/types\/product"}],"replies":[{"embeddable":true,"href":"https:\/\/serverhot.vn\/vi\/wp-json\/wp\/v2\/comments?post=13491"}],"wp:featuredmedia":[{"embeddable":true,"href":"https:\/\/serverhot.vn\/vi\/wp-json\/wp\/v2\/media\/13492"}],"wp:attachment":[{"href":"https:\/\/serverhot.vn\/vi\/wp-json\/wp\/v2\/media?parent=13491"}],"wp:term":[{"taxonomy":"pwb-brand","embeddable":true,"href":"https:\/\/serverhot.vn\/vi\/wp-json\/wp\/v2\/pwb-brand?post=13491"},{"taxonomy":"product_cat","embeddable":true,"href":"https:\/\/serverhot.vn\/vi\/wp-json\/wp\/v2\/product_cat?post=13491"},{"taxonomy":"product_tag","embeddable":true,"href":"https:\/\/serverhot.vn\/vi\/wp-json\/wp\/v2\/product_tag?post=13491"}],"curies":[{"name":"wp","href":"https:\/\/api.w.org\/{rel}","templated":true}]}}