{"id":13836,"date":"2024-10-02T16:45:13","date_gmt":"2024-10-02T09:45:13","guid":{"rendered":"https:\/\/serverhot.vn\/-product-\/laptop-dell-latitude-3540-71038102-intel-core-i7-1355u-16gb-512gb-15-6-inch-fhd-win-11-den-ma-san-pham-71038102\/"},"modified":"2024-10-02T16:45:16","modified_gmt":"2024-10-02T09:45:16","slug":"laptop-dell-latitude-3540-71038102-intel-core-i7-1355u-16gb-512gb-15-6-inch-fhd-win-11-den-ma-san-pham-71038102","status":"publish","type":"product","link":"https:\/\/serverhot.vn\/vi\/-product-\/laptop-dell-latitude-3540-71038102-intel-core-i7-1355u-16gb-512gb-15-6-inch-fhd-win-11-den-ma-san-pham-71038102\/","title":{"rendered":"Laptop Dell Latitude 3540 71038102 (Intel Core i7-1355U | 16GB | 512GB | 15.6 inch FHD | Win 11 | \u0110en M\u00e3 s\u1ea3n ph\u1ea9m: 71038102"},"content":{"rendered":"<div class=\"showText tabs\" id=\"tab2\">\n<div class=\"box_right_pro_view\">\n<div class=\"thongso_pro a_technical\" style=\"max-height: fit-content\">\n<p><span>T\u00ean b\u1ed9 vi x\u1eed l\u00fd<\/span><\/p>\n<p><span>Intel\u00ae Core\u2122 i7-1355U Processor<\/span><\/p>\n<p><span>T\u1ed1c \u0111\u1ed9<\/span><\/p>\n<p><span>Up to 5.00GHz, 10 Cores, 12 Threads<\/span><\/p>\n<p><span>P-Cores: 2 Cores, 4 Threads, 1.70GHz Base, 5.00GHz Turbo<\/span><\/p>\n<p><span>E-Cores: 8 Cores, 8 Threads, 1.20GHz Base, 3.70GHz Turbo<\/span><\/p>\n<p><span>B\u1ed9 nh\u1edb \u0111\u1ec7m<\/span><\/p>\n<p><span>L1: 80K, L2: 1280K, L3: 12MB<\/span><\/p>\n<p><span>B\u1ed9 nh\u1edb trong (RAM Laptop)<\/span><\/p>\n<p><span>Dung l\u01b0\u1ee3ng<\/span><\/p>\n<p><span>16GB DDR4 3200MHz<\/span><\/p>\n<p><span>S\u1ed1 khe c\u1eafm<\/span><\/p>\n<p><span>\u00a0<\/span><span>Dung l\u01b0\u1ee3ng l\u01b0u tr\u1eef (SSD Laptop)<\/span><\/p>\n<p><span>Dung l\u01b0\u1ee3ng<\/span><\/p>\n<p><span>512GB SSD M.2 2230 PCIe NVMe Class 35<\/span><\/p>\n<p><span>S\u1ed1 c\u1ed5ng l\u01b0u tr\u1eef t\u1ed1i \u0111a<\/span><\/p>\n<p><span>\u1ed4 \u0111\u0129a quang (ODD)\u00a0 \u00a0 \u00a0 \u00a0 \u00a0 \u00a0 \u00a0 \u00a0 \u00a0 \u00a0 \u00a0 \u00a0 \u00a0<\/span><\/p>\n<\/p><\/div>\n<p>                            <!--                            <\/p>\n<div class=\"xemthem_id_r\">--><br \/>\n                            <!--                                <a><!--\/show\/?token=--><br \/>\n                            <!--\"--><br \/>\n                            <!--                                   class=\"preview fancybox fancybox.ajax\" rel=\"nofollow\"&gt;Xem th&#234;m th&#244;ng s&#7889; k&#7929; thu&#7853;t<\/a>--><br \/>\n                            <!--                            <\/div>\n<p>-->\n                        <\/p><\/div>\n<\/p><\/div>\n","protected":false},"excerpt":{"rendered":"<ul>\n<p><span style=\"font-size: 14px\">Thi\u1ebft k\u1ebf m\u00e1y c\u00f3 s\u1ef1 k\u1ebft h\u1ee3p gi\u1eefa t\u00ednh chuy\u00ean nghi\u1ec7p v\u00e0 \u0111\u01a1n gi\u1ea3n, l\u00e0m cho m\u00e1y tr\u1edf n\u00ean h\u1ea5p d\u1eabn v\u00e0 ph\u00f9 h\u1ee3p cho nhi\u1ec1u m\u00f4i tr\u01b0\u1eddng s\u1eed d\u1ee5ng. Laptop Dell Latitude 3540 71038102 c\u00f3 m\u00e0u \u0111en l\u00e0m m\u00e0u ch\u1ee7 \u0111\u1ea1o, t\u1ea1o n\u00ean s\u1ef1 trang nh\u00e3 v\u00e0 l\u1ecbch l\u00e3m. M\u00e0u \u0111en kh\u00f4ng ch\u1ec9 gi\u00fap m\u00e1y tr\u00f4ng sang tr\u1ecdng m\u00e0 c\u00f2n gi\u00fap che \u0111i c\u00e1c v\u1ebft b\u00e1m b\u1ea9n v\u00e0 v\u1ebft x\u01b0\u1edbc nh\u1ecf tr\u00ean b\u1ec1 m\u1eb7t m\u00e1y.<\/span><\/p>\n<\/ul>\n","protected":false},"featured_media":13837,"comment_status":"closed","ping_status":"closed","template":"","meta":[],"pwb-brand":[],"product_cat":[2890],"product_tag":[],"class_list":{"0":"post-13836","1":"product","2":"type-product","3":"status-publish","4":"has-post-thumbnail","6":"product_cat-dell-laptop","8":"first","9":"instock","10":"shipping-taxable","11":"product-type-simple"},"brands":[],"_links":{"self":[{"href":"https:\/\/serverhot.vn\/vi\/wp-json\/wp\/v2\/product\/13836","targetHints":{"allow":["GET"]}}],"collection":[{"href":"https:\/\/serverhot.vn\/vi\/wp-json\/wp\/v2\/product"}],"about":[{"href":"https:\/\/serverhot.vn\/vi\/wp-json\/wp\/v2\/types\/product"}],"replies":[{"embeddable":true,"href":"https:\/\/serverhot.vn\/vi\/wp-json\/wp\/v2\/comments?post=13836"}],"wp:featuredmedia":[{"embeddable":true,"href":"https:\/\/serverhot.vn\/vi\/wp-json\/wp\/v2\/media\/13837"}],"wp:attachment":[{"href":"https:\/\/serverhot.vn\/vi\/wp-json\/wp\/v2\/media?parent=13836"}],"wp:term":[{"taxonomy":"pwb-brand","embeddable":true,"href":"https:\/\/serverhot.vn\/vi\/wp-json\/wp\/v2\/pwb-brand?post=13836"},{"taxonomy":"product_cat","embeddable":true,"href":"https:\/\/serverhot.vn\/vi\/wp-json\/wp\/v2\/product_cat?post=13836"},{"taxonomy":"product_tag","embeddable":true,"href":"https:\/\/serverhot.vn\/vi\/wp-json\/wp\/v2\/product_tag?post=13836"}],"curies":[{"name":"wp","href":"https:\/\/api.w.org\/{rel}","templated":true}]}}