{"id":13870,"date":"2024-10-09T04:45:11","date_gmt":"2024-10-08T21:45:11","guid":{"rendered":"https:\/\/serverhot.vn\/-product-\/thiet-bi-luu-tru-ts-253e-8g-ma-san-pham-ts-253e-8g\/"},"modified":"2024-10-09T04:45:14","modified_gmt":"2024-10-08T21:45:14","slug":"thiet-bi-luu-tru-ts-253e-8g-ma-san-pham-ts-253e-8g","status":"publish","type":"product","link":"https:\/\/serverhot.vn\/vi\/-product-\/thiet-bi-luu-tru-ts-253e-8g-ma-san-pham-ts-253e-8g\/","title":{"rendered":"Thi\u1ebft B\u1ecb L\u01b0u Tr\u1eef TS-253E-8G M\u00e3 s\u1ea3n ph\u1ea9m: TS-253E-8G"},"content":{"rendered":"<div class=\"showText tabs\" id=\"tab2\">\n                                    <\/div>\n","protected":false},"excerpt":{"rendered":"<ul>\n<p><strong>QNAP TS-253E-8G<\/strong>\u00a0l\u00e0 m\u1ed9t NAS 2-bay linh ho\u1ea1t \u0111\u01b0\u1ee3c thi\u1ebft k\u1ebf cho ng\u01b0\u1eddi d\u00f9ng gia \u0111\u00ecnh v\u00e0 v\u0103n ph\u00f2ng nh\u1ecf.\u00a0<\/p>\n<ul style=\"list-style-type: square\">\n<li>CPU: Intel Celeron J6412, 4 l\u00f5i\/4 lu\u1ed3ng, t\u0103ng t\u1ed1c l\u00ean \u0111\u1ebfn 2.6 GHz<\/li>\n<li>Ki\u1ebfn tr\u00fac: 64-bit x86<\/li>\n<li>B\u1ed9 nh\u1edb h\u1ec7 th\u1ed1ng: 8 GB tr\u00ean bo m\u1ea1ch (kh\u00f4ng m\u1edf r\u1ed9ng \u0111\u01b0\u1ee3c)<\/li>\n<li>B\u1ed9 nh\u1edb Flash: 4 GB (B\u1ea3o v\u1ec7 h\u1ec7 \u0111i\u1ec1u h\u00e0nh dual boot)<\/li>\n<li>Khe \u1ed5 \u0111\u0129a: 2 x 3.5-inch SATA 6Gb\/s, 3Gb\/s (\u0111\u01b0\u1ee3c giao m\u00e0 kh\u00f4ng c\u00f3 HDD)<\/li>\n<li>T\u01b0\u01a1ng th\u00edch \u1ed5 \u0111\u0129a: \u1ed4 \u0111\u0129a c\u1ee9ng SATA 3.5-inch, \u1ed5 \u0111\u0129a th\u1ec3 r\u1eafn SATA 2.5-inch<\/li>\n<li>Hot-swappable: C\u00f3<\/li>\n<li>H\u1ed7 tr\u1ee3 t\u0103ng t\u1ed1c b\u1ed9 nh\u1edb \u0111\u1ec7m SSD: C\u00f3<\/li>\n<li>C\u1ed5ng Ethernet: 2 c\u1ed5ng Ethernet 2.5 Gigabit (2.5G\/1G\/100M)<\/li>\n<li>C\u1ed5ng USB: 2 c\u1ed5ng USB 3.2 Gen 2 (5Gbps), 2 c\u1ed5ng USB 2.0<\/li>\n<li>\u0110\u1ea7u ra HDMI: 2 c\u1ed5ng HDMI 2.0 (l\u00ean \u0111\u1ebfn 3840 x 2160 @ 60Hz)<\/li>\n<li>H\u1ec7 \u0111i\u1ec1u h\u00e0nh: QTS 5.0.1<\/li>\n<\/ul>\n<\/ul>\n","protected":false},"featured_media":13871,"comment_status":"closed","ping_status":"closed","template":"","meta":[],"pwb-brand":[],"product_cat":[2884],"product_tag":[2841],"class_list":{"0":"post-13870","1":"product","2":"type-product","3":"status-publish","4":"has-post-thumbnail","6":"product_cat-qnap","7":"product_tag-hdd","9":"first","10":"instock","11":"shipping-taxable","12":"product-type-simple"},"brands":[],"_links":{"self":[{"href":"https:\/\/serverhot.vn\/vi\/wp-json\/wp\/v2\/product\/13870","targetHints":{"allow":["GET"]}}],"collection":[{"href":"https:\/\/serverhot.vn\/vi\/wp-json\/wp\/v2\/product"}],"about":[{"href":"https:\/\/serverhot.vn\/vi\/wp-json\/wp\/v2\/types\/product"}],"replies":[{"embeddable":true,"href":"https:\/\/serverhot.vn\/vi\/wp-json\/wp\/v2\/comments?post=13870"}],"wp:featuredmedia":[{"embeddable":true,"href":"https:\/\/serverhot.vn\/vi\/wp-json\/wp\/v2\/media\/13871"}],"wp:attachment":[{"href":"https:\/\/serverhot.vn\/vi\/wp-json\/wp\/v2\/media?parent=13870"}],"wp:term":[{"taxonomy":"pwb-brand","embeddable":true,"href":"https:\/\/serverhot.vn\/vi\/wp-json\/wp\/v2\/pwb-brand?post=13870"},{"taxonomy":"product_cat","embeddable":true,"href":"https:\/\/serverhot.vn\/vi\/wp-json\/wp\/v2\/product_cat?post=13870"},{"taxonomy":"product_tag","embeddable":true,"href":"https:\/\/serverhot.vn\/vi\/wp-json\/wp\/v2\/product_tag?post=13870"}],"curies":[{"name":"wp","href":"https:\/\/api.w.org\/{rel}","templated":true}]}}