{"id":14046,"date":"2024-10-14T13:30:09","date_gmt":"2024-10-14T06:30:09","guid":{"rendered":"https:\/\/serverhot.vn\/-product-\/may-tinh-de-ban-hp-pro-tower-280-g9-9h1u8pt-core-i3-13100-intel-h670-8gb-256gb-ssd-intel-uhd-graphics-730-windows-11-home-ma-san-pham-9h1u8pt\/"},"modified":"2024-10-14T13:30:11","modified_gmt":"2024-10-14T06:30:11","slug":"may-tinh-de-ban-hp-pro-tower-280-g9-9h1u8pt-core-i3-13100-intel-h670-8gb-256gb-ssd-intel-uhd-graphics-730-windows-11-home-ma-san-pham-9h1u8pt","status":"publish","type":"product","link":"https:\/\/serverhot.vn\/vi\/-product-\/may-tinh-de-ban-hp-pro-tower-280-g9-9h1u8pt-core-i3-13100-intel-h670-8gb-256gb-ssd-intel-uhd-graphics-730-windows-11-home-ma-san-pham-9h1u8pt\/","title":{"rendered":"M\u00e1y t\u00ednh \u0111\u1ec3 b\u00e0n HP Pro Tower 280 G9 9H1U8PT (Core i3-13100\/ Intel H670\/ 8GB\/ 256Gb SSD\/ Intel UHD Graphics 730\/ Windows 11 Home) M\u00e3 s\u1ea3n ph\u1ea9m: 9H1U8PT"},"content":{"rendered":"<div class=\"showText tabs\" id=\"tab2\">\n<div class=\"box_right_pro_view\">\n<div class=\"thongso_pro a_technical\" style=\"max-height: fit-content\">\n<table class=\"attributes\">\n<tbody>\n<tr class=\"option-item\">\n<td class=\"op_name\">\n<p><span>OS<\/span><\/p>\n<\/td>\n<td>\n<p class=\"wordWrap\"><span>Windows 11 Home Single Language<\/span><\/p>\n<\/td>\n<\/tr>\n<tr class=\"option-item\">\n<td class=\"op_name\">\n<p><span>CPU<\/span><\/p>\n<\/td>\n<td>\n<p class=\"wordWrap\"><span>Intel Core i3-13100 (up to 4.5 GHz), 12 MB <\/span><\/p>\n<\/td>\n<\/tr>\n<tr class=\"option-item\">\n<td class=\"op_name\">\n<p><span>RAM<\/span><\/p>\n<\/td>\n<td>\n<p class=\"wordWrap\"><span>8GB DDR4 3200MHz (1 x 8GB), 2 khe c\u1eafm Ram <\/span><\/p>\n<\/td>\n<\/tr>\n<tr class=\"option-item\">\n<td class=\"op_name\">\n<p><span>\u1ed4 c\u1ee9ng<\/span><\/p>\n<\/td>\n<td>\n<p class=\"wordWrap\"><span>256 GB PCIe NVMe M.2 SSD<\/span><\/p>\n<\/td>\n<\/tr>\n<tr class=\"option-item\">\n<td class=\"op_name\">\n<p><span>VGA<\/span><\/p>\n<\/td>\n<td>\n<p class=\"wordWrap\"><span>Intel UHD Graphics 730<\/span><\/p>\n<\/td>\n<\/tr>\n<tr class=\"option-item\">\n<td class=\"op_name\">\n<p><span>\u1ed4 \u0111\u0129a quang (DVD)<\/span><\/p>\n<\/td>\n<td>\n<p class=\"wordWrap\"><span>Kh\u00f4ng DVD<\/span><\/p>\n<\/td>\n<\/tr>\n<tr class=\"option-item\">\n<td class=\"op_name\">\n<p><span>Keyboard<\/span><\/p>\n<\/td>\n<td>\n<p class=\"wordWrap\"><span>B\u00e0n ph\u00edm + Chu\u1ed9t HP c\u00f3 d\u00e2y<\/span><\/p>\n<\/td>\n<\/tr>\n<tr class=\"option-item\">\n<td class=\"op_name\">\n<p><span>Ph\u00e2n lo\u1ea1i<\/span><\/p>\n<\/td>\n<td>\n<p class=\"wordWrap\"><span>Tower<\/span><\/p>\n<\/td>\n<\/tr>\n<tr class=\"option-item\">\n<td class=\"op_name\">\n<p><span>C\u1ed5ng k\u1ebft n\u1ed1i<\/span><\/p>\n<\/td>\n<td>\n<p class=\"wordWrap\"><span>2 x USB 2.0 Type-A, 1 x HDMI, 1 x VGA, 1 x RJ-45, 1 x power connector, 1 x serial, 1 x line in, 1 x line out <\/span><\/p>\n<\/td>\n<\/tr>\n<tr class=\"option-item\">\n<td class=\"op_name\">\n<p><span>C\u00f4\u0309ng xu\u00e2\u0301t hi\u0300nh<\/span><\/p>\n<\/td>\n<td>\n<p class=\"wordWrap\"><span>HDMI, VGA<\/span><\/p>\n<\/td>\n<\/tr>\n<tr class=\"option-item\">\n<td class=\"op_name\">\n<p><span>Wifi<\/span><\/p>\n<\/td>\n<td>\n<p class=\"wordWrap\"><span>Realtek Wi-Fi 6 (2&#215;2) <\/span><\/p>\n<\/td>\n<\/tr>\n<tr class=\"option-item\">\n<td class=\"op_name\">\n<p><span>Bluetooth<\/span><\/p>\n<\/td>\n<td>\n<p class=\"wordWrap\"><span>5.3 <\/span><\/p>\n<\/td>\n<\/tr>\n<tr class=\"option-item\">\n<td class=\"op_name\">\n<p><span>K\u1ebft n\u1ed1i m\u1ea1ng LAN<\/span><\/p>\n<\/td>\n<td>\n<p class=\"wordWrap\"><span>1 x RJ-45<\/span><\/p>\n<\/td>\n<\/tr>\n<tr class=\"option-item\">\n<td class=\"op_name\">\n<p><span>Ph\u1ee5 ki\u1ec7n k\u00e8m theo<\/span><\/p>\n<\/td>\n<td>\n<p class=\"wordWrap\"><span>Full box<\/span><\/p>\n<\/td>\n<\/tr>\n<tr class=\"option-item\">\n<td class=\"op_name\">\n<p><span>K\u00edch th\u01b0\u1edbc<\/span><\/p>\n<\/td>\n<td>\n<p class=\"wordWrap\"><span>15.5cm x 30.3cm x 33.7cm (W x D x H)<\/span><\/p>\n<\/td>\n<\/tr>\n<tr class=\"option-item\">\n<td class=\"op_name\">\n<p><span>Kh\u1ed1i l\u01b0\u1ee3ng<\/span><\/p>\n<\/td>\n<td>\n<p class=\"wordWrap\"><span>4.7 kg<\/span><\/p>\n<\/td>\n<\/tr>\n<tr class=\"option-item\">\n<td class=\"op_name\">\n<p><span>B\u1ea3o h\u00e0nh<\/span><\/p>\n<\/td>\n<td>\n<p class=\"wordWrap\"><span>12 th\u00e1ng<\/span><\/p>\n<\/td>\n<\/tr>\n<\/tbody>\n<\/table><\/div>\n<p>                            <!--                            <\/p>\n<div class=\"xemthem_id_r\">--><br \/>\n                            <!--                                <a><!--\/show\/?token=--><br \/>\n                            <!--\"--><br \/>\n                            <!--                                   class=\"preview fancybox fancybox.ajax\" rel=\"nofollow\"&gt;Xem th&#234;m th&#244;ng s&#7889; k&#7929; thu&#7853;t<\/a>--><br \/>\n                            <!--                            <\/div>\n<p>-->\n                        <\/p><\/div>\n<\/p><\/div>\n","protected":false},"excerpt":{"rendered":"<ul>\n<ul>\n<li><span style=\"font-size: 14px\">B\u1ed9 VXL: Core i3-13100 processor (3.4 GHz upto 4.5 GHz, 4-Core, 12MB Cache)<\/span><\/li>\n<li><span style=\"font-size: 14px\">B\u1ed9 nh\u1edb RAM: 8GB DDR4 2933MHz<\/span><\/li>\n<li><span style=\"font-size: 14px\">\u1ed4 c\u1ee9ng: 256Gb SSD<\/span><\/li>\n<li><span style=\"font-size: 14px\">Card \u0111\u1ed3 h\u1ecda: Intel UHD Graphics 730<\/span><\/li>\n<li><span style=\"font-size: 14px\">H\u1ec7 \u0111i\u1ec1u h\u00e0nh: Windows 11 Home<\/span><\/li>\n<\/ul>\n<\/ul>\n","protected":false},"featured_media":14047,"comment_status":"closed","ping_status":"closed","template":"","meta":[],"pwb-brand":[],"product_cat":[2887],"product_tag":[],"class_list":{"0":"post-14046","1":"product","2":"type-product","3":"status-publish","4":"has-post-thumbnail","6":"product_cat-hp","8":"first","9":"instock","10":"shipping-taxable","11":"product-type-simple"},"brands":[],"_links":{"self":[{"href":"https:\/\/serverhot.vn\/vi\/wp-json\/wp\/v2\/product\/14046","targetHints":{"allow":["GET"]}}],"collection":[{"href":"https:\/\/serverhot.vn\/vi\/wp-json\/wp\/v2\/product"}],"about":[{"href":"https:\/\/serverhot.vn\/vi\/wp-json\/wp\/v2\/types\/product"}],"replies":[{"embeddable":true,"href":"https:\/\/serverhot.vn\/vi\/wp-json\/wp\/v2\/comments?post=14046"}],"wp:featuredmedia":[{"embeddable":true,"href":"https:\/\/serverhot.vn\/vi\/wp-json\/wp\/v2\/media\/14047"}],"wp:attachment":[{"href":"https:\/\/serverhot.vn\/vi\/wp-json\/wp\/v2\/media?parent=14046"}],"wp:term":[{"taxonomy":"pwb-brand","embeddable":true,"href":"https:\/\/serverhot.vn\/vi\/wp-json\/wp\/v2\/pwb-brand?post=14046"},{"taxonomy":"product_cat","embeddable":true,"href":"https:\/\/serverhot.vn\/vi\/wp-json\/wp\/v2\/product_cat?post=14046"},{"taxonomy":"product_tag","embeddable":true,"href":"https:\/\/serverhot.vn\/vi\/wp-json\/wp\/v2\/product_tag?post=14046"}],"curies":[{"name":"wp","href":"https:\/\/api.w.org\/{rel}","templated":true}]}}