{"id":14128,"date":"2024-10-14T23:45:08","date_gmt":"2024-10-14T16:45:08","guid":{"rendered":"https:\/\/serverhot.vn\/-product-\/may-tinh-ban-hp-proone-440g9-aio-touch-i3-12100t8gb-ram256gb-ssddvdrwintel-graphics23-8-ma-san-pham-6m7w9pa\/"},"modified":"2024-10-14T23:45:10","modified_gmt":"2024-10-14T16:45:10","slug":"may-tinh-ban-hp-proone-440g9-aio-touch-i3-12100t8gb-ram256gb-ssddvdrwintel-graphics23-8-ma-san-pham-6m7w9pa","status":"publish","type":"product","link":"https:\/\/serverhot.vn\/vi\/-product-\/may-tinh-ban-hp-proone-440g9-aio-touch-i3-12100t8gb-ram256gb-ssddvdrwintel-graphics23-8-ma-san-pham-6m7w9pa\/","title":{"rendered":"M\u00e1y t\u00ednh b\u00e0n HP ProOne 440G9 AIO Touch (i3-12100T,8GB RAM,256GB SSD,DVDRW,Intel Graphics,23.8) M\u00e3 s\u1ea3n ph\u1ea9m: 6M7W9PA"},"content":{"rendered":"<div class=\"showText tabs\" id=\"tab2\">\n                                    <\/div>\n","protected":false},"excerpt":{"rendered":"<ul>\n<p>&#8211; Th\u01b0\u01a1ng hi\u1ec7u: HP &#8211; Part-number: 6M7W9PA &#8211; Do\u0300ng CPU: Core i3 &#8211; Th\u00ea\u0301 h\u00ea\u0323 CPU: Intel Core th\u1ebf h\u1ec7 th\u1ee9 12 &#8211; CPU: Intel Core i3-12100T ( 2.2 GHz &#8211; 4.1 GHz \/ 12MB \/ 4 nh\u00e2n, 8 lu\u00f4\u0300ng ) &#8211; RAM: 1 x 8GB DDR4 3200MHz ( 2 Khe c\u1eafm &#8211; L\u01b0u tr\u01b0\u0303: 256GB M.2 NVMe SSD &#8211; H\u00ea\u0323 \u0111i\u00ea\u0300u ha\u0300nh: Windows 11 Home &#8211; Chip \u0111\u00f4\u0300 ho\u0323a: Intel UHD Graphics &#8211; S\u00f4\u0301 c\u00f4\u0309ng l\u01b0u tr\u01b0\u0303 t\u00f4\u0301i \u0111a: 2 x M.2 (2230\/2280) , 1 x 3.5&#8243; SATA &#8211; C\u00f4\u0309ng k\u00ea\u0301t n\u00f4\u0301i: 1 x USB Type C , 6 x USB 3.1 , 4 x USB 2.0 , 3 x 3.5 mm , LAN 1 Gb\/s , 1 x PS\/2 &#8211; C\u00f4\u0309ng xu\u00e2\u0301t hi\u0300nh: 1 x HDMI , 1 x DisplayPort , 1 x VGA\/D-sub &#8211; K\u00ea\u0301t n\u00f4\u0301i kh\u00f4ng d\u00e2y: Bluetooth 5.2 ; WiFi 802.11ax &#8211; Ma\u0300n hi\u0300nh: 23.8&#8243; IPS Full HD ( 1920 x 1080 ) ca\u0309m \u01b0\u0301ng<\/p>\n<\/ul>\n","protected":false},"featured_media":14129,"comment_status":"closed","ping_status":"closed","template":"","meta":[],"pwb-brand":[],"product_cat":[2887],"product_tag":[],"class_list":{"0":"post-14128","1":"product","2":"type-product","3":"status-publish","4":"has-post-thumbnail","6":"product_cat-hp","8":"first","9":"instock","10":"shipping-taxable","11":"product-type-simple"},"brands":[],"_links":{"self":[{"href":"https:\/\/serverhot.vn\/vi\/wp-json\/wp\/v2\/product\/14128","targetHints":{"allow":["GET"]}}],"collection":[{"href":"https:\/\/serverhot.vn\/vi\/wp-json\/wp\/v2\/product"}],"about":[{"href":"https:\/\/serverhot.vn\/vi\/wp-json\/wp\/v2\/types\/product"}],"replies":[{"embeddable":true,"href":"https:\/\/serverhot.vn\/vi\/wp-json\/wp\/v2\/comments?post=14128"}],"wp:featuredmedia":[{"embeddable":true,"href":"https:\/\/serverhot.vn\/vi\/wp-json\/wp\/v2\/media\/14129"}],"wp:attachment":[{"href":"https:\/\/serverhot.vn\/vi\/wp-json\/wp\/v2\/media?parent=14128"}],"wp:term":[{"taxonomy":"pwb-brand","embeddable":true,"href":"https:\/\/serverhot.vn\/vi\/wp-json\/wp\/v2\/pwb-brand?post=14128"},{"taxonomy":"product_cat","embeddable":true,"href":"https:\/\/serverhot.vn\/vi\/wp-json\/wp\/v2\/product_cat?post=14128"},{"taxonomy":"product_tag","embeddable":true,"href":"https:\/\/serverhot.vn\/vi\/wp-json\/wp\/v2\/product_tag?post=14128"}],"curies":[{"name":"wp","href":"https:\/\/api.w.org\/{rel}","templated":true}]}}