{"id":14374,"date":"2024-10-31T02:15:12","date_gmt":"2024-10-30T19:15:12","guid":{"rendered":"https:\/\/serverhot.vn\/-product-\/thiet-bi-wifi-point-to-point-ubiquiti-loco-5ac-loco5ac-ma-san-pham-loco5ac\/"},"modified":"2024-10-31T02:15:15","modified_gmt":"2024-10-30T19:15:15","slug":"thiet-bi-wifi-point-to-point-ubiquiti-loco-5ac-loco5ac-ma-san-pham-loco5ac","status":"publish","type":"product","link":"https:\/\/serverhot.vn\/vi\/-product-\/thiet-bi-wifi-point-to-point-ubiquiti-loco-5ac-loco5ac-ma-san-pham-loco5ac\/","title":{"rendered":"Thi\u1ebft B\u1ecb Wifi Point to Point Ubiquiti Loco 5AC (Loco5AC) M\u00e3 s\u1ea3n ph\u1ea9m: LOCO5AC"},"content":{"rendered":"<div class=\"showText tabs\" id=\"tab2\">\n                                    <\/div>\n","protected":false},"excerpt":{"rendered":"<ul>\n<p><span style=\"font-size: 14px\"><strong>Radio WiFi compact, s\u1eb5n s\u00e0ng cho UISP, v\u1edbi thi\u1ebft k\u1ebf NanoStation truy\u1ec1n th\u1ed1ng v\u00e0 chipset airMAX AC m\u1edbi nh\u1ea5t.<\/strong><\/span><\/p>\n<ul>\n<li>\n<p><span style=\"font-size: 14px\"><strong>T\u1ea7n s\u1ed1<\/strong>: 5 GHz<\/span><\/p>\n<\/li>\n<li>\n<p><span style=\"font-size: 14px\"><strong>Kho\u1ea3ng c\u00e1ch k\u1ebft n\u1ed1i<\/strong>: 10+ km<\/span><\/p>\n<\/li>\n<li>\n<p><span style=\"font-size: 14px\"><strong>T\u1ed1c \u0111\u1ed9 truy\u1ec1n d\u1eef li\u1ec7u<\/strong>: 450+ Mbps<\/span><\/p>\n<\/li>\n<li>\n<p><span style=\"font-size: 14px\"><strong>Radio ph\u00e2n t\u00edch t\u1ea7n s\u1ed1<\/strong>: \u0110\u1eb7c bi\u1ec7t<\/span><\/p>\n<\/li>\n<li><span style=\"font-size: 14px\"><strong><span style=\"color: #333333;font-family: Roboto, sans-serif;background-color: #ffffff\">\u0110\u00f3ng g\u00f3i ch\u01b0a bao g\u1ed3m ngu\u1ed3n PoE<\/span><\/strong><\/span><\/li>\n<\/ul>\n<\/ul>\n","protected":false},"featured_media":14375,"comment_status":"closed","ping_status":"closed","template":"","meta":[],"pwb-brand":[],"product_cat":[2901],"product_tag":[],"class_list":{"0":"post-14374","1":"product","2":"type-product","3":"status-publish","4":"has-post-thumbnail","6":"product_cat-ubiquiti","8":"first","9":"instock","10":"shipping-taxable","11":"product-type-simple"},"brands":[],"_links":{"self":[{"href":"https:\/\/serverhot.vn\/vi\/wp-json\/wp\/v2\/product\/14374","targetHints":{"allow":["GET"]}}],"collection":[{"href":"https:\/\/serverhot.vn\/vi\/wp-json\/wp\/v2\/product"}],"about":[{"href":"https:\/\/serverhot.vn\/vi\/wp-json\/wp\/v2\/types\/product"}],"replies":[{"embeddable":true,"href":"https:\/\/serverhot.vn\/vi\/wp-json\/wp\/v2\/comments?post=14374"}],"wp:featuredmedia":[{"embeddable":true,"href":"https:\/\/serverhot.vn\/vi\/wp-json\/wp\/v2\/media\/14375"}],"wp:attachment":[{"href":"https:\/\/serverhot.vn\/vi\/wp-json\/wp\/v2\/media?parent=14374"}],"wp:term":[{"taxonomy":"pwb-brand","embeddable":true,"href":"https:\/\/serverhot.vn\/vi\/wp-json\/wp\/v2\/pwb-brand?post=14374"},{"taxonomy":"product_cat","embeddable":true,"href":"https:\/\/serverhot.vn\/vi\/wp-json\/wp\/v2\/product_cat?post=14374"},{"taxonomy":"product_tag","embeddable":true,"href":"https:\/\/serverhot.vn\/vi\/wp-json\/wp\/v2\/product_tag?post=14374"}],"curies":[{"name":"wp","href":"https:\/\/api.w.org\/{rel}","templated":true}]}}