{"id":10637,"date":"2024-06-29T07:25:04","date_gmt":"2024-06-29T00:25:04","guid":{"rendered":"https:\/\/serverhot.vn\/product\/uncategorized\/bo-phat-wifi-aruba-ap-635-rw-r7j27a-ma-san-pham-r7j27a\/"},"modified":"2024-06-29T07:25:05","modified_gmt":"2024-06-29T00:25:05","slug":"bo-phat-wifi-aruba-ap-635-rw-r7j27a-ma-san-pham-r7j27a","status":"publish","type":"product","link":"https:\/\/serverhot.vn\/zh\/-product-\/bo-phat-wifi-aruba-ap-635-rw-r7j27a-ma-san-pham-r7j27a\/","title":{"rendered":"B\u1ed9 ph\u00e1t WiFi Aruba AP-635 (RW) R7J27A M\u00e3 s\u1ea3n ph\u1ea9m: R7J27A"},"content":{"rendered":"<div class=\"showText tabs\" id=\"tab2\">\n<div class=\"box_right_pro_view\">\n<div class=\"thongso_pro a_technical\" style=\"max-height: fit-content\">\n<table border=\"1\">\n<tbody>\n<tr>\n<th>Lo\u1ea1i AP<\/th>\n<td>\n<p>Indoor, tri-radio, 2.4GHz, 5GHz v\u00e0 6GHz (\u0111\u1ed3ng th\u1eddi) 802.11ax 2\u00d72 MIMO<\/p>\n<\/td>\n<\/tr>\n<tr>\n<th>M\u00f4 t\u1ea3<\/th>\n<td>\n<p>\u2013 2,4 GHz: Hai lu\u1ed3ng kh\u00f4ng gian Single User (SU) MIMO cho t\u1ed1c \u0111\u1ed9 d\u1eef li\u1ec7u kh\u00f4ng d\u00e2y l\u00ean \u0111\u1ebfn 574 Mbps v\u1edbi thi\u1ebft b\u1ecb kh\u00e1ch 2SS HE40 802.11ax<br \/>\u2013 5 GHz: Hai lu\u1ed3ng kh\u00f4ng gian Single User (SU) MIMO cho t\u1ed1c \u0111\u1ed9 d\u1eef li\u1ec7u kh\u00f4ng d\u00e2y l\u00ean \u0111\u1ebfn 1,2 Gbps v\u1edbi c\u00e1c thi\u1ebft b\u1ecb kh\u00e1ch 2SS HE80 802.11ax<br \/>\u2013 6 GHz: Hai lu\u1ed3ng kh\u00f4ng gian Single User (SU) MIMO cho t\u1ed1c \u0111\u1ed9 d\u1eef li\u1ec7u kh\u00f4ng d\u00e2y l\u00ean \u0111\u1ebfn 2,4 Gbps v\u1edbi thi\u1ebft b\u1ecb kh\u00e1ch 2SS HE160 802.11ax T\u1ed1i \u0111a 512 thi\u1ebft b\u1ecb kh\u00e1ch \u0111\u01b0\u1ee3c k\u1ebft h\u1ee3p tr\u00ean m\u1ed7i Radio v\u00e0 l\u00ean \u0111\u1ebfn 16 BSSID tr\u00ean m\u1ed7i \u0111\u00e0i (gi\u1edbi h\u1ea1n \u1edf 4 cho \u0111\u00e0i 6GHz)<\/p>\n<\/td>\n<\/tr>\n<tr>\n<th>\u0102ng ten WiFi<\/th>\n<td>\n<p>\u2013 T\u00edch h\u1ee3p \u0103ng-ten \u0111a h\u01b0\u1edbng xu\u1ed1ng cho 2\u00d72 MIMO v\u1edbi \u0111\u1ed9 khu\u1ebfch \u0111\u1ea1i \u0103ng-ten cao nh\u1ea5t l\u00e0 4,6 dBi \u1edf 2,4 GHz, 7,0 dBi \u1edf 5 GHz v\u00e0 6,3 dBi \u1edf 6 GHz.<br \/>\u2013 \u0102ng-ten t\u00edch h\u1ee3p \u0111\u01b0\u1ee3c t\u1ed1i \u01b0u h\u00f3a cho h\u01b0\u1edbng ngang c\u1ee7a AP.<br \/>\u2013 G\u00f3c downtilt \u0111\u1ec3 \u0111\u1ea1t \u0111\u01b0\u1ee3c t\u1ed1i \u0111a l\u00e0 kho\u1ea3ng 30 \u0111\u1ebfn 40 \u0111\u1ed9.<br \/>\u2013 K\u1ebft h\u1ee3p c\u00e1c m\u00f4 h\u00ecnh \u0103ng-ten c\u1ee7a radip MIMO, m\u1ee9c t\u0103ng trung b\u00ecnh cao nh\u1ea5t c\u1ee7a c\u00e1c m\u00f4 h\u00ecnh k\u1ebft h\u1ee3p l\u00e0 2,9 dBi \u1edf 2,4 GHz, 4,9 dBi \u1edf 5 GHz v\u00e0 4,3 dBi \u1edf 6 GHz.<\/p>\n<\/td>\n<\/tr>\n<tr>\n<th>C\u00e1c giao di\u1ec7n kh\u00e1c<\/th>\n<td>\n<p>\u2013 E0, E1: Hai c\u1ed5ng m\u1ea1ng c\u00f3 d\u00e2y Ethernet (RJ-45)<br \/>T\u1ed1c \u0111\u1ed9 li\u00ean k\u1ebft t\u1ef1 \u0111\u1ed9ng c\u1ea3m bi\u1ebfn (100\/1000 \/ 2500BASE-T) v\u00e0 MDI \/ MDX<br \/>T\u1ed1c \u0111\u1ed9 2,5 Gbps tu\u00e2n th\u1ee7 c\u00e1c th\u00f4ng s\u1ed1 k\u1ef9 thu\u1eadt NBase-T v\u00e0 802.3bz<br \/>PoE-PD: 48Vdc (danh ngh\u0129a) 802.3at \/ bt PoE (l\u1edbp 4 tr\u1edf l\u00ean)<br \/>802.3az Ethernet hi\u1ec7u qu\u1ea3 n\u0103ng l\u01b0\u1ee3ng (EEE)<br \/>H\u1ed7 tr\u1ee3 t\u1ed5ng h\u1ee3p li\u00ean k\u1ebft (LACP) gi\u1eefa c\u1ea3 hai c\u1ed5ng m\u1ea1ng \u0111\u1ec3 d\u1ef1 ph\u00f2ng v\u00e0 t\u0103ng dung l\u01b0\u1ee3ng<br \/>\u2013 Giao di\u1ec7n ngu\u1ed3n DC: 12Vdc (danh ngh\u0129a, +\/- 5%), ch\u1ea5p nh\u1eadn ph\u00edch c\u1eafm tr\u00f2n d\u01b0\u01a1ng trung t\u00e2m 2,1mm \/ 5,5mm v\u1edbi chi\u1ec1u d\u00e0i 9,5mm<br \/>\u2013 Giao di\u1ec7n m\u00e1y ch\u1ee7 USB 2.0 (\u0111\u1ea7u n\u1ed1i Lo\u1ea1i A)<br \/>C\u00f3 kh\u1ea3 n\u0103ng c\u1ea5p ngu\u1ed3n l\u00ean \u0111\u1ebfn 1A \/ 5W cho m\u1ed9t thi\u1ebft b\u1ecb \u0111\u00ednh k\u00e8m<br \/>\u2013 Radio Bluetooth Low Energy (BLE5.0) v\u00e0 Zigbee (802.15.4)<br \/>BLE: c\u00f4ng su\u1ea5t ph\u00e1t l\u00ean \u0111\u1ebfn 5 dBm (l\u1edbp 1) v\u00e0 \u0111\u1ed9 nh\u1ea1y nh\u1eadn -100 dBm (125 kbps)<br \/>Zigbee: c\u00f4ng su\u1ea5t ph\u00e1t l\u00ean \u0111\u1ebfn 5 dBm v\u00e0 \u0111\u1ed9 nh\u1ea1y nh\u1eadn -97 dBm (250 kbps)<br \/>\u0102ng ten \u0111a h\u01b0\u1edbng t\u00edch h\u1ee3p v\u1edbi kho\u1ea3ng 30 \u0111\u1ebfn 40 \u0111\u1ed9 gi\u1ea3m xu\u1ed1ng v\u00e0 \u0111\u1ed9 khu\u1ebfch \u0111\u1ea1i cao nh\u1ea5t l\u00e0 3,0 dBi<br \/>\u2013 Advanced IoT Coexistence (AIC) cho ph\u00e9p ho\u1ea1t \u0111\u1ed9ng \u0111\u1ed3ng th\u1eddi nhi\u1ec1u radio trong b\u0103ng t\u1ea7n 2,4 GHz<br \/>\u2013 T\u00edch h\u1ee3p m\u00f4-\u0111un n\u1ec1n t\u1ea3ng \u0111\u00e1ng tin c\u1eady (TPM) \u0111\u1ec3 t\u0103ng c\u01b0\u1eddng b\u1ea3o m\u1eadt v\u00e0 ch\u1ed1ng gi\u1ea3 m\u1ea1o<br \/>\u2013 Ch\u1ec9 s\u1ed1 tr\u1ef1c quan (b\u1ed1n \u0111\u00e8n LED nhi\u1ec1u m\u00e0u): cho tr\u1ea1ng th\u00e1i System (1x) v\u00e0 Radio (3x)<br \/>\u2013 N\u00fat \u0111\u1eb7t l\u1ea1i: kh\u00f4i ph\u1ee5c c\u00e0i \u0111\u1eb7t g\u1ed1c, \u0111i\u1ec1u khi\u1ec3n ch\u1ebf \u0111\u1ed9 \u0111\u00e8n LED (b\u00ecnh th\u01b0\u1eddng \/ t\u1eaft)<br \/>\u2013 Giao di\u1ec7n b\u1ea3ng \u0111i\u1ec1u khi\u1ec3n n\u1ed1i ti\u1ebfp (gi\u1eafc c\u1eafm v\u1eadt l\u00fd USB micro-B \u0111\u1ed9c quy\u1ec1n)<br \/>\u2013 Khe b\u1ea3o m\u1eadt Kensington<br \/>\u2013 Ch\u1ee9c n\u0103ng t\u1ef1 \u0111\u1ed9ng t\u1eaft v\u00e0 ph\u1ee5c h\u1ed3i nhi\u1ec7t<\/p>\n<\/td>\n<\/tr>\n<tr>\n<th>Ngu\u1ed3n \u0111i\u1ec7n v\u00e0 m\u1ee9c ti\u00eau th\u1ee5<\/th>\n<td>\n<p>\u2013 AP h\u1ed7 tr\u1ee3 ngu\u1ed3n DC tr\u1ef1c ti\u1ebfp v\u00e0 Ngu\u1ed3n qua Ethernet (PoE) tr\u00ean c\u1ed5ng E0 v\u00e0 \/ ho\u1eb7c E1<br \/>\u2013 Khi c\u00f3 c\u1ea3 ngu\u1ed3n \u0111i\u1ec7n DC v\u00e0 PoE, ngu\u1ed3n DC \u0111\u01b0\u1ee3c \u01b0u ti\u00ean h\u01a1n PoE<br \/>\u2013 Khi ngu\u1ed3n PoE \u0111\u01b0\u1ee3c cung c\u1ea5p cho c\u1ea3 hai c\u1ed5ng Ethernet, m\u1ed9t trong hai c\u1ed5ng c\u00f3 th\u1ec3 \u0111\u01b0\u1ee3c \u0111\u1ecbnh c\u1ea5u h\u00ecnh l\u00e0m ngu\u1ed3n \u0111i\u1ec7n ho\u1ea1t \u0111\u1ed9ng<br \/>\u2013 C\u00e1c ngu\u1ed3n PoE kh\u00f4ng ho\u1ea1t \u0111\u1ed9ng \/ \u1edf ch\u1ebf \u0111\u1ed9 ch\u1edd c\u00f3 th\u1ec3 \u0111\u01b0\u1ee3c s\u1eed d\u1ee5ng \u0111\u1ec3 chuy\u1ec3n \u0111\u1ed5i d\u1ef1 ph\u00f2ng li\u00ean t\u1ee5c<br \/>\u2013 Ngu\u1ed3n \u0111i\u1ec7n \u0111\u01b0\u1ee3c b\u00e1n ri\u00eang; xem H\u01b0\u1edbng d\u1eabn \u0111\u1eb7t h\u00e0ng d\u00f2ng 630 \u0111\u1ec3 bi\u1ebft chi ti\u1ebft<br \/>\u2013 Khi \u0111\u01b0\u1ee3c c\u1ea5p ngu\u1ed3n b\u1edfi PoE DC ho\u1eb7c 802.3bt (l\u1edbp 5), AP s\u1ebd ho\u1ea1t \u0111\u1ed9ng m\u00e0 kh\u00f4ng b\u1ecb h\u1ea1n ch\u1ebf.<br \/>\u2013 Khi \u0111\u01b0\u1ee3c c\u1ea5p ngu\u1ed3n b\u1edfi PoE 802.3at (l\u1edbp 4) v\u1edbi t\u00ednh n\u0103ng IPM b\u1ecb v\u00f4 hi\u1ec7u h\u00f3a, AP s\u1ebd v\u00f4 hi\u1ec7u h\u00f3a c\u1ed5ng USB.<br \/>\u2013 Kh\u00f4ng h\u1ed7 tr\u1ee3 v\u1eadn h\u00e0nh AP b\u1eb1ng ngu\u1ed3n POE 802.3af (l\u1edbp 3 tr\u1edf xu\u1ed1ng).<br \/>\u2013 V\u1edbi IPM \u0111\u01b0\u1ee3c b\u1eadt, AP s\u1ebd kh\u1edfi \u0111\u1ed9ng \u1edf ch\u1ebf \u0111\u1ed9 kh\u00f4ng h\u1ea1n ch\u1ebf nh\u01b0ng c\u00f3 th\u1ec3 t\u1ef1 \u0111\u1ed9ng \u00e1p d\u1ee5ng c\u00e1c h\u1ea1n ch\u1ebf t\u00f9y thu\u1ed9c v\u00e0o ng\u00e2n s\u00e1ch n\u0103ng l\u01b0\u1ee3ng hi\u1ec7n c\u00f3 v\u00e0 m\u1ee9c ti\u00eau th\u1ee5 th\u1ef1c t\u1ebf. C\u00e1c gi\u1edbi h\u1ea1n t\u00ednh n\u0103ng v\u00e0 th\u1ee9 t\u1ef1 \u00e1p d\u1ee5ng c\u00e1c gi\u1edbi h\u1ea1n n\u00e0y \u0111\u1ec1u c\u00f3 th\u1ec3 c\u1ea5u h\u00ecnh \u0111\u01b0\u1ee3c.<br \/>\u2013 M\u1ee9c ti\u00eau th\u1ee5 \u0111i\u1ec7n n\u0103ng t\u1ed1i \u0111a (tr\u01b0\u1eddng h\u1ee3p x\u1ea5u nh\u1ea5t) (kh\u00f4ng c\u00f3 \/ c\u00f3 g\u1eafn thi\u1ebft b\u1ecb USB):<br \/>Ngu\u1ed3n DC: 20,7W \/ 26,4W.<br \/>C\u1ea5p ngu\u1ed3n PoE: 23,8W \/ 29,4W<br \/>\u0110i\u1ec1u n\u00e0y gi\u1ea3 \u0111\u1ecbnh r\u1eb1ng t\u1ed1i \u0111a 5W \u0111\u01b0\u1ee3c cung c\u1ea5p cho thi\u1ebft b\u1ecb USB \u0111i k\u00e8m.<br \/>\u2013 C\u00f4ng su\u1ea5t ti\u00eau th\u1ee5 t\u1ed1i \u0111a (tr\u01b0\u1eddng h\u1ee3p x\u1ea5u nh\u1ea5t) \u1edf ch\u1ebf \u0111\u1ed9 nh\u00e0n r\u1ed7i: 8,7W \/ 14,2W (DC) ho\u1eb7c 11,7W \/ 17,2W (PoE).<br \/>\u2013 C\u00f4ng su\u1ea5t ti\u00eau th\u1ee5 t\u1ed1i \u0111a (tr\u01b0\u1eddng h\u1ee3p x\u1ea5u nh\u1ea5t) \u1edf ch\u1ebf \u0111\u1ed9 ng\u1ee7 s\u00e2u: 1.1W (DC) ho\u1eb7c 1.9W (PoE).<\/p>\n<\/td>\n<\/tr>\n<tr>\n<th>L\u1eafp r\u00e1p<\/th>\n<td>\n<p>M\u1ed9t gi\u00e1 \u0111\u1ee1 \u0111\u00e3 \u0111\u01b0\u1ee3c c\u00e0i \u0111\u1eb7t s\u1eb5n \u1edf m\u1eb7t sau c\u1ee7a AP. Gi\u00e1 \u0111\u1ee1 n\u00e0y \u0111\u01b0\u1ee3c s\u1eed d\u1ee5ng \u0111\u1ec3 c\u1ed1 \u0111\u1ecbnh AP v\u00e0o b\u1ea5t k\u1ef3 b\u1ed9 gi\u00e1 \u0111\u1ee1 n\u00e0o (\u0111\u01b0\u1ee3c b\u00e1n ri\u00eang)<\/p>\n<\/td>\n<\/tr>\n<tr>\n<th>K\u00edch th\u01b0\u1edbc<\/th>\n<td>\n<p>\u2013 K\u00edch th\u01b0\u1edbc \/ tr\u1ecdng l\u01b0\u1ee3ng (AP 635 \u2013 thi\u1ebft b\u1ecb kh\u00f4ng c\u00f3 gi\u00e1 \u0111\u1ee1):<br \/>220mm (W) x 220mm (D) x 51mm (H)<br \/>1300g<br \/>\u2013 K\u00edch th\u01b0\u1edbc \/ tr\u1ecdng l\u01b0\u1ee3ng (AP 635 \u2013 v\u1eadn chuy\u1ec3n):<br \/>250mm (W) x 240mm (D) x 85mm (H)<br \/>1650g<\/p>\n<\/td>\n<\/tr>\n<tr>\n<th>M\u00f4i tr\u01b0\u1eddng<\/th>\n<td>\n<p>\u2013 \u0110i\u1ec1u ki\u1ec7n ho\u1ea1t \u0111\u1ed9ng<br \/>Nhi\u1ec7t \u0111\u1ed9: 0C \u0111\u1ebfn + 50C \/ + 32F \u0111\u1ebfn + 122F<br \/>\u0110\u1ed9 \u1ea9m t\u01b0\u01a1ng \u0111\u1ed1i: 5% \u0111\u1ebfn 95%<br \/>M\u00f4i tr\u01b0\u1eddng ETS 300 019 l\u1edbp 3.2<br \/>AP \u0111\u01b0\u1ee3c \u0111\u00e1nh gi\u00e1 cao \u0111\u1ec3 s\u1eed d\u1ee5ng trong c\u00e1c kh\u00f4ng gian x\u1eed l\u00fd kh\u00f4ng kh\u00ed<br \/>\u2013 \u0110i\u1ec1u ki\u1ec7n b\u1ea3o qu\u1ea3n<br \/>Nhi\u1ec7t \u0111\u1ed9: -25C \u0111\u1ebfn + 55C \/ + 13F \u0111\u1ebfn + 131F<br \/>\u0110\u1ed9 \u1ea9m t\u01b0\u01a1ng \u0111\u1ed1i: 10% \u0111\u1ebfn 100%<br \/>M\u00f4i tr\u01b0\u1eddng ETS 300 019 l\u1edbp 1.2<br \/>\u2013 \u0110i\u1ec1u ki\u1ec7n v\u1eadn chuy\u1ec3n<br \/>Nhi\u1ec7t \u0111\u1ed9: -40C \u0111\u1ebfn + 70C \/ -40F \u0111\u1ebfn + 158F<br \/>\u0110\u1ed9 \u1ea9m t\u01b0\u01a1ng \u0111\u1ed1i: l\u00ean \u0111\u1ebfn 95%<br \/>M\u00f4i tr\u01b0\u1eddng ETS 300 019 l\u1edbp 2.3<\/p>\n<\/td>\n<\/tr>\n<tr>\n<th>\u0110\u1ed9 tin c\u1eady<\/th>\n<td>\n<p>Th\u1eddi gian trung b\u00ecnh gi\u1eefa l\u1ed7i (MTBF): 520 khrs (59 yrs) \u1edf nhi\u1ec7t \u0111\u1ed9 ho\u1ea1t \u0111\u1ed9ng + 25C<\/p>\n<\/td>\n<\/tr>\n<tr>\n<th>B\u1ea3o h\u00e0nh<\/th>\n<td>\n<p>Aruba b\u1ea3o h\u00e0nh tr\u1ecdn \u0111\u1eddi c\u00f3 gi\u1edbi h\u1ea1n<\/p>\n<\/td>\n<\/tr>\n<tr>\n<th>Phi\u00ean b\u1ea3n ph\u1ea7n m\u1ec1m t\u1ed1i thi\u1ec3u<\/th>\n<td>\n<p>ArubaOS and Aruba InstantOS 8.9.0.0<\/p>\n<\/td>\n<\/tr>\n<\/tbody>\n<\/table><\/div>\n<p>                            <!--                            <\/p>\n<div class=\"xemthem_id_r\">--><br \/>\n                            <!--                                <a><!--\/show\/?token=--><br \/>\n                            <!--\"--><br \/>\n                            <!--                                   class=\"preview fancybox fancybox.ajax\" rel=\"nofollow\"&gt;Xem th&#234;m th&#244;ng s&#7889; k&#7929; thu&#7853;t<\/a>--><br \/>\n                            <!--                            <\/div>\n<p>-->\n                        <\/p><\/div>\n<\/p><\/div>","protected":false},"excerpt":{"rendered":"<ul>\n<ul>\n<li style=\"text-align: justify\">AP h\u1ed7 tr\u1ee3 ngu\u1ed3n DC tr\u1ef1c ti\u1ebfp v\u00e0 Ngu\u1ed3n qua Ethernet (POE; tr\u00ean c\u1ed5ng E0 v\u00e0 \/ ho\u1eb7c E1)<\/li>\n<li style=\"text-align: justify\">C\u1ea5p ngu\u1ed3n DC: 20,7W\/26,4W. C\u1ea5p ngu\u1ed3n PoE: 23,8W \/ 29,4W<\/li>\n<li style=\"text-align: justify\">T\u1ed1c \u0111\u1ed9:\u00a02.4GHz (574Mbps), 5GHz (1,2Gbps) v\u00e0 6GHz (2,4Gbps)<\/li>\n<li style=\"text-align: justify\">Qu\u1ea3n l\u00fd v\u1edbi Controller<\/li>\n<li style=\"text-align: justify\">K\u00edch th\u01b0\u1edbc: 220mm (W) x 220mm (D) x 51mm (H) 1300g<\/li>\n<li style=\"text-align: justify\">Ch\u1ecbu t\u1ea3i: 512 Client \/ radio<\/li>\n<li style=\"text-align: justify\">Radio Bluetooth Low Energy (BLE5.0) v\u00e0 Zigbee (802.15.4)<\/li>\n<\/ul>\n<\/ul>","protected":false},"featured_media":10638,"comment_status":"closed","ping_status":"closed","template":"","meta":[],"pwb-brand":[],"product_cat":[2895],"product_tag":[2840,55],"class_list":{"0":"post-10637","1":"product","2":"type-product","3":"status-publish","4":"has-post-thumbnail","6":"product_cat-hpe-networking","7":"product_tag-do-tin-cay","8":"product_tag-run","10":"first","11":"instock","12":"shipping-taxable","13":"product-type-simple"},"brands":[],"_links":{"self":[{"href":"https:\/\/serverhot.vn\/zh\/wp-json\/wp\/v2\/product\/10637","targetHints":{"allow":["GET"]}}],"collection":[{"href":"https:\/\/serverhot.vn\/zh\/wp-json\/wp\/v2\/product"}],"about":[{"href":"https:\/\/serverhot.vn\/zh\/wp-json\/wp\/v2\/types\/product"}],"replies":[{"embeddable":true,"href":"https:\/\/serverhot.vn\/zh\/wp-json\/wp\/v2\/comments?post=10637"}],"wp:featuredmedia":[{"embeddable":true,"href":"https:\/\/serverhot.vn\/zh\/wp-json\/wp\/v2\/media\/10638"}],"wp:attachment":[{"href":"https:\/\/serverhot.vn\/zh\/wp-json\/wp\/v2\/media?parent=10637"}],"wp:term":[{"taxonomy":"pwb-brand","embeddable":true,"href":"https:\/\/serverhot.vn\/zh\/wp-json\/wp\/v2\/pwb-brand?post=10637"},{"taxonomy":"product_cat","embeddable":true,"href":"https:\/\/serverhot.vn\/zh\/wp-json\/wp\/v2\/product_cat?post=10637"},{"taxonomy":"product_tag","embeddable":true,"href":"https:\/\/serverhot.vn\/zh\/wp-json\/wp\/v2\/product_tag?post=10637"}],"curies":[{"name":"wp","href":"https:\/\/api.w.org\/{rel}","templated":true}]}}