{"id":10995,"date":"2024-06-29T13:08:21","date_gmt":"2024-06-29T06:08:21","guid":{"rendered":"https:\/\/serverhot.vn\/product\/uncategorized\/thiet-bi-luu-tru-nas-synology-sa3610-ma-san-pham-sa3610\/"},"modified":"2024-06-29T13:08:22","modified_gmt":"2024-06-29T06:08:22","slug":"thiet-bi-luu-tru-nas-synology-sa3610-ma-san-pham-sa3610","status":"publish","type":"product","link":"https:\/\/serverhot.vn\/zh\/-product-\/thiet-bi-luu-tru-nas-synology-sa3610-ma-san-pham-sa3610\/","title":{"rendered":"Thi\u1ebft B\u1ecb L\u01b0u Tr\u1eef NAS Synology SA3610 M\u00e3 s\u1ea3n ph\u1ea9m: SA3610"},"content":{"rendered":"<div class=\"showText tabs\" id=\"tab2\">\n                                    <\/div>","protected":false},"excerpt":{"rendered":"<ul>\n<p>CPU: Intel Xeon D-1567 12-core 2.1 (base) \/ 2.7 (turbo) GHz<\/p>\n<p>RAM: 16 GB DDR4 ECC RDIMM n\u00e2ng c\u1ea5p 128 GB (32 GB x 4)<\/p>\n<p>Storage: 12 khay \u1ed5 \u0111\u0129a c\u00f3 th\u1ec3 m\u1edf r\u1ed9ng 96 (RX1222sas x 7)<\/p>\n<p>Dung l\u01b0\u1ee3ng l\u01b0u tr\u1eef: L\u00ean \u0111\u1ebfn 1,7 PB<\/p>\n<p>External ports: 4 c\u1ed5ng RJ-45 1GbE, 2 c\u1ed5ng RJ-45 10GbE<\/p>\n<p>B\u1ea3o h\u00e0nh 60 th\u00e1ng<\/p>\n<\/ul>","protected":false},"featured_media":10996,"comment_status":"closed","ping_status":"closed","template":"","meta":[],"pwb-brand":[],"product_cat":[2881],"product_tag":[],"class_list":{"0":"post-10995","1":"product","2":"type-product","3":"status-publish","4":"has-post-thumbnail","6":"product_cat-synology","8":"first","9":"instock","10":"shipping-taxable","11":"product-type-simple"},"brands":[],"_links":{"self":[{"href":"https:\/\/serverhot.vn\/zh\/wp-json\/wp\/v2\/product\/10995","targetHints":{"allow":["GET"]}}],"collection":[{"href":"https:\/\/serverhot.vn\/zh\/wp-json\/wp\/v2\/product"}],"about":[{"href":"https:\/\/serverhot.vn\/zh\/wp-json\/wp\/v2\/types\/product"}],"replies":[{"embeddable":true,"href":"https:\/\/serverhot.vn\/zh\/wp-json\/wp\/v2\/comments?post=10995"}],"wp:featuredmedia":[{"embeddable":true,"href":"https:\/\/serverhot.vn\/zh\/wp-json\/wp\/v2\/media\/10996"}],"wp:attachment":[{"href":"https:\/\/serverhot.vn\/zh\/wp-json\/wp\/v2\/media?parent=10995"}],"wp:term":[{"taxonomy":"pwb-brand","embeddable":true,"href":"https:\/\/serverhot.vn\/zh\/wp-json\/wp\/v2\/pwb-brand?post=10995"},{"taxonomy":"product_cat","embeddable":true,"href":"https:\/\/serverhot.vn\/zh\/wp-json\/wp\/v2\/product_cat?post=10995"},{"taxonomy":"product_tag","embeddable":true,"href":"https:\/\/serverhot.vn\/zh\/wp-json\/wp\/v2\/product_tag?post=10995"}],"curies":[{"name":"wp","href":"https:\/\/api.w.org\/{rel}","templated":true}]}}