{"id":11319,"date":"2024-06-29T14:09:07","date_gmt":"2024-06-29T07:09:07","guid":{"rendered":"https:\/\/serverhot.vn\/product\/uncategorized\/may-tinh-de-ban-dong-bo-dell-inspiron-3020-mt-i5-13400-8gb-512gb-ssd-wifi_bt-kb_m-win-11-home-1y-wty-_-mti51012w1-8g-512g-ma-san-pham-mti51012w1-8g-512g\/"},"modified":"2024-06-29T14:09:08","modified_gmt":"2024-06-29T07:09:08","slug":"may-tinh-de-ban-dong-bo-dell-inspiron-3020-mt-i5-13400-8gb-512gb-ssd-wifi_bt-kb_m-win-11-home-1y-wty-_-mti51012w1-8g-512g-ma-san-pham-mti51012w1-8g-512g","status":"publish","type":"product","link":"https:\/\/serverhot.vn\/zh\/-product-\/may-tinh-de-ban-dong-bo-dell-inspiron-3020-mt-i5-13400-8gb-512gb-ssd-wifi_bt-kb_m-win-11-home-1y-wty-_-mti51012w1-8g-512g-ma-san-pham-mti51012w1-8g-512g\/","title":{"rendered":"M\u00e1y t\u00ednh \u0111\u1ec3 b\u00e0n \u0111\u1ed3ng b\u1ed9 Dell Inspiron 3020 MT (i5 &#8211; 13400 | 8GB | 512GB SSD | Wifi_BT| KB_M | Win 11 Home| 1Y WTY) _ MTI51012W1-8G-512G M\u00e3 s\u1ea3n ph\u1ea9m: MTI51012W1-8G-512G"},"content":{"rendered":"<div class=\"showText tabs\" id=\"tab2\">\n                                    <\/div>","protected":false},"excerpt":{"rendered":"<ul>\n<p>Ch\u00edp x\u1eed l\u00fd: Intel Core i5-13400 2.5GHz up to 4.6GHz, 9.5MB<\/p>\n<p>B\u1ed9 nh\u1edb Ram: 8GB DDR4 3200MHz (1x8GB) (x2 slot) &#8211; max 64GB<\/p>\n<p>\u1ed4 \u0111\u0129a c\u1ee9ng: 512GB SSD M.2 PCIe NVMe (x1 HDD 3.5&#8243; sata)<\/p>\n<p>\u1ed4 \u0111\u0129a quang: Kh\u00f4ng<\/p>\n<p>C\u1ed5ng xu\u1ea5t h\u00ecnh:1x HDMI,1x Displayport 1.4<\/p>\n<p>K\u1ebft n\u1ed1i m\u1ea1ng: Lan Gigabit, Wifi + Bluetooth<\/p>\n<p>Card \u0111\u1ed3 h\u1ecda: Intel UHD Graphics 730<\/p>\n<p>H\u1ec7 \u0111i\u1ec1u h\u00e0nh: Windows 11 Home 64bit<\/p>\n<\/ul>","protected":false},"featured_media":11320,"comment_status":"closed","ping_status":"closed","template":"","meta":[],"pwb-brand":[],"product_cat":[2886],"product_tag":[2841],"class_list":{"0":"post-11319","1":"product","2":"type-product","3":"status-publish","4":"has-post-thumbnail","6":"product_cat-dell-workstation","7":"product_tag-hdd","9":"first","10":"instock","11":"shipping-taxable","12":"product-type-simple"},"brands":[],"_links":{"self":[{"href":"https:\/\/serverhot.vn\/zh\/wp-json\/wp\/v2\/product\/11319","targetHints":{"allow":["GET"]}}],"collection":[{"href":"https:\/\/serverhot.vn\/zh\/wp-json\/wp\/v2\/product"}],"about":[{"href":"https:\/\/serverhot.vn\/zh\/wp-json\/wp\/v2\/types\/product"}],"replies":[{"embeddable":true,"href":"https:\/\/serverhot.vn\/zh\/wp-json\/wp\/v2\/comments?post=11319"}],"wp:featuredmedia":[{"embeddable":true,"href":"https:\/\/serverhot.vn\/zh\/wp-json\/wp\/v2\/media\/11320"}],"wp:attachment":[{"href":"https:\/\/serverhot.vn\/zh\/wp-json\/wp\/v2\/media?parent=11319"}],"wp:term":[{"taxonomy":"pwb-brand","embeddable":true,"href":"https:\/\/serverhot.vn\/zh\/wp-json\/wp\/v2\/pwb-brand?post=11319"},{"taxonomy":"product_cat","embeddable":true,"href":"https:\/\/serverhot.vn\/zh\/wp-json\/wp\/v2\/product_cat?post=11319"},{"taxonomy":"product_tag","embeddable":true,"href":"https:\/\/serverhot.vn\/zh\/wp-json\/wp\/v2\/product_tag?post=11319"}],"curies":[{"name":"wp","href":"https:\/\/api.w.org\/{rel}","templated":true}]}}