{"id":11425,"date":"2024-06-29T14:22:54","date_gmt":"2024-06-29T07:22:54","guid":{"rendered":"https:\/\/serverhot.vn\/product\/uncategorized\/may-tinh-mini-intel-nuc-12-pro-rnuc12wshi30001-ma-san-pham-rnuc12wshi30001\/"},"modified":"2024-06-29T14:22:55","modified_gmt":"2024-06-29T07:22:55","slug":"may-tinh-mini-intel-nuc-12-pro-rnuc12wshi30001-ma-san-pham-rnuc12wshi30001","status":"publish","type":"product","link":"https:\/\/serverhot.vn\/zh\/-product-\/may-tinh-mini-intel-nuc-12-pro-rnuc12wshi30001-ma-san-pham-rnuc12wshi30001\/","title":{"rendered":"M\u00e1y t\u00ednh mini Intel NUC 12 PRO RNUC12WSHI30001 M\u00e3 s\u1ea3n ph\u1ea9m: RNUC12WSHI30001"},"content":{"rendered":"<div class=\"showText tabs\" id=\"tab2\">\n                                    <\/div>","protected":false},"excerpt":{"rendered":"<ul>\n<p>&#8220;Intel\u00ae Core\u2122 i3-1220P Processor (12M Cache, up to 4.40 GHz)<\/p>\n<p>&#8211; Chipset: Intel\u00ae UHD Graphics for 12th Gen Intel\u00ae Processors<\/p>\n<p>&#8211; Ram :\u00a0 2x DDR4-3200 1.2V SO-DIMM ( max 64GB)<\/p>\n<p>&#8211; Storge : 22&#215;80 NVMe (M); 22&#215;42 SATA (B)<\/p>\n<p>&#8211; Graphics : 2x HDMI 2.1 TMDS Compatible, 2x DP 1.4a via Type C<\/p>\n<p>&#8211; LAN : Intel\u00ae Ethernet Controller i225-V<\/p>\n<p>&#8211; Wireless : Intel\u00ae Wi-Fi 6E AX211(Gig+)<\/p>\n<p>&#8211; I\/O : 7.1 digital (HDMI mDP); L+R out\u00a0 mono mic in (F)<\/p>\n<p>Front: 2x USB 3.2<\/p>\n<p>Rear: 2x USB 4 (type C), 1x USB 3.2, 1x USB 2.0<\/p>\n<p>Internal: 1x USB 3.2 on m.2 22&#215;42 (pins), 2x USB 2.0 (headers) 3 , Support 4 Monitor<\/p>\n<p>&#8211; OS Support Windows 10 &#8211; 11 64bit<\/p>\n<p>&#8211; Warranty :\u00a0 3Years&#8221;\u00a0<\/p>\n<\/ul>","protected":false},"featured_media":11426,"comment_status":"closed","ping_status":"closed","template":"","meta":[],"pwb-brand":[],"product_cat":[2889],"product_tag":[2852],"class_list":{"0":"post-11425","1":"product","2":"type-product","3":"status-publish","4":"has-post-thumbnail","6":"product_cat-intel","7":"product_tag-wireless","9":"first","10":"instock","11":"shipping-taxable","12":"product-type-simple"},"brands":[],"_links":{"self":[{"href":"https:\/\/serverhot.vn\/zh\/wp-json\/wp\/v2\/product\/11425","targetHints":{"allow":["GET"]}}],"collection":[{"href":"https:\/\/serverhot.vn\/zh\/wp-json\/wp\/v2\/product"}],"about":[{"href":"https:\/\/serverhot.vn\/zh\/wp-json\/wp\/v2\/types\/product"}],"replies":[{"embeddable":true,"href":"https:\/\/serverhot.vn\/zh\/wp-json\/wp\/v2\/comments?post=11425"}],"wp:featuredmedia":[{"embeddable":true,"href":"https:\/\/serverhot.vn\/zh\/wp-json\/wp\/v2\/media\/11426"}],"wp:attachment":[{"href":"https:\/\/serverhot.vn\/zh\/wp-json\/wp\/v2\/media?parent=11425"}],"wp:term":[{"taxonomy":"pwb-brand","embeddable":true,"href":"https:\/\/serverhot.vn\/zh\/wp-json\/wp\/v2\/pwb-brand?post=11425"},{"taxonomy":"product_cat","embeddable":true,"href":"https:\/\/serverhot.vn\/zh\/wp-json\/wp\/v2\/product_cat?post=11425"},{"taxonomy":"product_tag","embeddable":true,"href":"https:\/\/serverhot.vn\/zh\/wp-json\/wp\/v2\/product_tag?post=11425"}],"curies":[{"name":"wp","href":"https:\/\/api.w.org\/{rel}","templated":true}]}}