{"id":11530,"date":"2024-06-29T14:35:11","date_gmt":"2024-06-29T07:35:11","guid":{"rendered":"https:\/\/serverhot.vn\/product\/uncategorized\/thiet-bi-mang-switch-ubiquiti-gigabit-24-port-unifi-us-24-ma-san-pham-us-24\/"},"modified":"2024-06-29T14:35:13","modified_gmt":"2024-06-29T07:35:13","slug":"thiet-bi-mang-switch-ubiquiti-gigabit-24-port-unifi-us-24-ma-san-pham-us-24","status":"publish","type":"product","link":"https:\/\/serverhot.vn\/zh\/-product-\/thiet-bi-mang-switch-ubiquiti-gigabit-24-port-unifi-us-24-ma-san-pham-us-24\/","title":{"rendered":"Thi\u1ebft B\u1ecb M\u1ea1ng Switch Ubiquiti Gigabit 24 Port Unifi US-24 M\u00e3 s\u1ea3n ph\u1ea9m: US-24"},"content":{"rendered":"<div class=\"showText tabs\" id=\"tab2\">\n<div class=\"box_right_pro_view\">\n<div class=\"thongso_pro a_technical\" style=\"max-height: fit-content\">\n<table border=\"1\">\n<tbody>\n<tr>\n<td align=\"left\"><span lang=\"EN-US\">M\u00e3<\/span><\/td>\n<td align=\"left\"><span lang=\"EN-US\">US-24<\/span><\/td>\n<\/tr>\n<tr>\n<td align=\"left\"><span lang=\"EN-US\">Giao di\u1ec7n m\u1ea1ng<\/span><\/td>\n<td align=\"left\"><span lang=\"EN-US\"><span><span>(24) C\u1ed5ng Ethernet RJ45 10\/100\/1000 Mbps<\/span><\/span><br \/><span><span>(2) C\u1ed5ng Ethernet SFP 1 Gbps<\/span><\/span><\/span><\/td>\n<\/tr>\n<tr>\n<td align=\"left\"><span lang=\"EN-US\">Giao di\u1ec7n qu\u1ea3n l\u00fd<\/span><\/td>\n<td align=\"left\"><span lang=\"EN-US\">(1) C\u1ed5ng n\u1ed1i ti\u1ebfp RJ45 ngo\u00e0i b\u0103ng t\u1ea7n, Ethernet trong b\u0103ng t\u1ea7n<\/span><\/td>\n<\/tr>\n<tr>\n<td align=\"left\"><span lang=\"EN-US\">T\u1ed5ng th\u00f4ng l\u01b0\u1ee3ng kh\u00f4ng ch\u1eb7n<\/span><\/td>\n<td align=\"left\"><span lang=\"EN-US\">26 Gb \/ gi\u00e2y<\/span><\/td>\n<\/tr>\n<tr>\n<td align=\"left\"><span lang=\"EN-US\">Chuy\u1ec3n \u0111\u1ed5i c\u00f4ng su\u1ea5t<\/span><\/td>\n<td align=\"left\"><span lang=\"EN-US\">52 Gb \/ gi\u00e2y<\/span><\/td>\n<\/tr>\n<tr>\n<td align=\"left\"><span lang=\"EN-US\">T\u1ef7 l\u1ec7 chuy\u1ec3n ti\u1ebfp<\/span><\/td>\n<td align=\"left\"><span lang=\"EN-US\">38,69 Mpps<\/span><\/td>\n<\/tr>\n<tr>\n<td align=\"left\"><span lang=\"EN-US\">Ph\u01b0\u01a1ng ph\u00e1p Power<\/span><\/td>\n<td align=\"left\"><span lang=\"EN-US\">100-240VAC \/ 50-60 Hz, \u0110\u1ea7u v\u00e0o \u0111a n\u0103ng<\/span><\/td>\n<\/tr>\n<tr>\n<td align=\"left\"><span lang=\"EN-US\">Ngu\u1ed3n c\u1ea5p<\/span><\/td>\n<td align=\"left\"><span lang=\"EN-US\">AC \/ DC, N\u1ed9i b\u1ed9, 25W DC<\/span><\/td>\n<\/tr>\n<tr>\n<td align=\"left\"><span lang=\"EN-US\"><span><span>T\u1ed1i \u0111a\u00a0<\/span><span>S\u1ef1 ti\u00eau th\u1ee5 n\u0103ng l\u01b0\u1ee3ng<\/span><\/span><\/span><\/td>\n<td align=\"left\"><span lang=\"EN-US\">25W<\/span><\/td>\n<\/tr>\n<tr>\n<td align=\"left\"><span lang=\"EN-US\">\u0110\u00e8n LED tr\u00ean m\u1ed7i c\u1ed5ng<\/span><\/td>\n<td align=\"left\"><span lang=\"EN-US\">T\u1ed1c \u0111\u1ed9 \/ Li\u00ean k\u1ebft \/ Ho\u1ea1t \u0111\u1ed9ng<\/span><\/td>\n<\/tr>\n<tr>\n<td align=\"left\"><span lang=\"EN-US\">B\u1ea3o v\u1ec7 ESD \/ EMP<\/span><\/td>\n<td align=\"left\"><span lang=\"EN-US\">Kh\u00f4ng kh\u00ed: \u00b1 24 kV, Ti\u1ebfp x\u00fac: \u00b1 24 kV<\/span><\/td>\n<\/tr>\n<tr>\n<td align=\"left\"><span lang=\"EN-US\">Gi\u00e1 \u0111\u1ee1<\/span><\/td>\n<td align=\"left\"><span lang=\"EN-US\">C\u00f3, cao 1U<\/span><\/td>\n<\/tr>\n<tr>\n<td align=\"left\"><span lang=\"EN-US\">S\u1ed1c v\u00e0 rung<\/span><\/td>\n<td align=\"left\"><span lang=\"EN-US\">Ti\u00eau chu\u1ea9n ETSI300-019-1.4<\/span><\/td>\n<\/tr>\n<tr>\n<td align=\"left\"><span lang=\"EN-US\">Nhi\u1ec7t \u0111\u1ed9 ho\u1ea1t \u0111\u1ed9ng<\/span><\/td>\n<td align=\"left\"><span lang=\"EN-US\">-5 \u0111\u1ebfn 40 \u00b0 C<\/span><\/td>\n<\/tr>\n<tr>\n<td align=\"left\"><span lang=\"EN-US\">\u0110\u1ed9 \u1ea9m ho\u1ea1t \u0111\u1ed9ng<\/span><\/td>\n<td align=\"left\"><span lang=\"EN-US\">5 \u0111\u1ebfn 95% kh\u00f4ng ng\u01b0ng t\u1ee5<\/span><\/td>\n<\/tr>\n<tr>\n<td align=\"left\"><span lang=\"EN-US\">K\u00edch th\u01b0\u1edbc<\/span><\/td>\n<td align=\"left\"><span lang=\"EN-US\">443 x 43 x 221 mm<\/span><\/td>\n<\/tr>\n<tr>\n<td align=\"left\"><span lang=\"EN-US\">C\u00e2n n\u1eb7ng<\/span><\/td>\n<td align=\"left\"><span lang=\"EN-US\">2,51kg<\/p>\n<p><\/span><\/td>\n<\/tr>\n<\/tbody>\n<\/table><\/div>\n<p>                            <!--                            <\/p>\n<div class=\"xemthem_id_r\">--><br \/>\n                            <!--                                <a><!--\/show\/?token=--><br \/>\n                            <!--\"--><br \/>\n                            <!--                                   class=\"preview fancybox fancybox.ajax\" rel=\"nofollow\"&gt;Xem th&#234;m th&#244;ng s&#7889; k&#7929; thu&#7853;t<\/a>--><br \/>\n                            <!--                            <\/div>\n<p>-->\n                        <\/p><\/div>\n<\/p><\/div>","protected":false},"excerpt":{"rendered":"<ul>\n<ul>\n<li>C\u1ed5ng Gigabit RJ45 : 24<\/li>\n<li>C\u1ed5ng SFP : 2<\/li>\n<li>C\u1ed5ng console : 1<\/li>\n<li>Hi\u1ec7u su\u1ea5t: 26 Gbps<\/li>\n<li>C\u00f4ng su\u1ea5t chuy\u1ec3n ti\u1ebfp: 52 Gbps<\/li>\n<li>N\u0103ng su\u1ea5t chuy\u1ec3n ti\u1ebfp: 38.69 Mpps<\/li>\n<li>Ngu\u1ed3n ti\u00eau th\u1ee5 t\u1ed1i \u0111a: 25W<\/li>\n<li>C\u1ea5p ngu\u1ed3n \u0111i\u1ec7n 100\/240VAC<\/li>\n<li>Thi\u1ebft k\u1ebf : \u0111\u1ec3 tr\u00ean b\u00e0n ho\u1eb7c l\u1eafp tr\u00ean gi\u00e1 \u0111\u1ee1 1U.\u00a0 C\u00f3 th\u1ec3 d\u1ec5 d\u00e0ng l\u1eafp \u0111\u1eb7t tr\u00ean t\u01b0\u1eddng, trong t\u1ee7 Rack ho\u1eb7c \u0111\u1ec3 b\u00e0n h\u1ebft s\u1ee9c ti\u1ec7n d\u1ee5ng.<\/li>\n<\/ul>\n<\/ul>","protected":false},"featured_media":11531,"comment_status":"closed","ping_status":"closed","template":"","meta":[],"pwb-brand":[],"product_cat":[2901],"product_tag":[55,2849],"class_list":{"0":"post-11530","1":"product","2":"type-product","3":"status-publish","4":"has-post-thumbnail","6":"product_cat-ubiquiti","7":"product_tag-run","8":"product_tag-switch","10":"first","11":"instock","12":"shipping-taxable","13":"product-type-simple"},"brands":[],"_links":{"self":[{"href":"https:\/\/serverhot.vn\/zh\/wp-json\/wp\/v2\/product\/11530","targetHints":{"allow":["GET"]}}],"collection":[{"href":"https:\/\/serverhot.vn\/zh\/wp-json\/wp\/v2\/product"}],"about":[{"href":"https:\/\/serverhot.vn\/zh\/wp-json\/wp\/v2\/types\/product"}],"replies":[{"embeddable":true,"href":"https:\/\/serverhot.vn\/zh\/wp-json\/wp\/v2\/comments?post=11530"}],"wp:featuredmedia":[{"embeddable":true,"href":"https:\/\/serverhot.vn\/zh\/wp-json\/wp\/v2\/media\/11531"}],"wp:attachment":[{"href":"https:\/\/serverhot.vn\/zh\/wp-json\/wp\/v2\/media?parent=11530"}],"wp:term":[{"taxonomy":"pwb-brand","embeddable":true,"href":"https:\/\/serverhot.vn\/zh\/wp-json\/wp\/v2\/pwb-brand?post=11530"},{"taxonomy":"product_cat","embeddable":true,"href":"https:\/\/serverhot.vn\/zh\/wp-json\/wp\/v2\/product_cat?post=11530"},{"taxonomy":"product_tag","embeddable":true,"href":"https:\/\/serverhot.vn\/zh\/wp-json\/wp\/v2\/product_tag?post=11530"}],"curies":[{"name":"wp","href":"https:\/\/api.w.org\/{rel}","templated":true}]}}