{"id":11558,"date":"2024-06-29T14:38:55","date_gmt":"2024-06-29T07:38:55","guid":{"rendered":"https:\/\/serverhot.vn\/product\/uncategorized\/may-tinh-de-ban-dell-vostro-3020t-71021400-core-i5-13400-intel-b660-8gb-256gb-ssd-1tb-hdd-intel-uhd-graphics-730-windows-11-home-ma-san-pham-71021400\/"},"modified":"2024-06-29T14:38:56","modified_gmt":"2024-06-29T07:38:56","slug":"may-tinh-de-ban-dell-vostro-3020t-71021400-core-i5-13400-intel-b660-8gb-256gb-ssd-1tb-hdd-intel-uhd-graphics-730-windows-11-home-ma-san-pham-71021400","status":"publish","type":"product","link":"https:\/\/serverhot.vn\/zh\/-product-\/may-tinh-de-ban-dell-vostro-3020t-71021400-core-i5-13400-intel-b660-8gb-256gb-ssd-1tb-hdd-intel-uhd-graphics-730-windows-11-home-ma-san-pham-71021400\/","title":{"rendered":"M\u00e1y t\u00ednh \u0111\u1ec3 b\u00e0n Dell Vostro 3020T 71021400 (Core i5-13400\/ Intel B660\/ 8GB\/ 256GB SSD + 1TB HDD\/ Intel UHD Graphics 730\/ Windows 11 Home) M\u00e3 s\u1ea3n ph\u1ea9m: 71021400"},"content":{"rendered":"<div class=\"showText tabs\" id=\"tab2\">\n                                    <\/div>","protected":false},"excerpt":{"rendered":"<ul>\n<p>B\u1ed9 vi x\u1eed l\u00fd: Core i5-13400 (2.5 GHz upto 4.6 GHz, b\u1ed9 nh\u1edb \u0111\u1ec7m 20M)<\/p>\n<p>B\u1ed9 nh\u1edb RAM: 8GB DDR4 3200<\/p>\n<p>\u1ed4 c\u1ee9ng: 256GB SSD + 1TB HDD<\/p>\n<p>Card \u0111\u1ed3 h\u1ecda: Intel UHD Graphics 730<\/p>\n<p>H\u1ec7 \u0111i\u1ec1u h\u00e0nh: Windows 11 Home<\/p>\n<p>Ph\u1ea7n m\u1ec1m \u1ee9ng d\u1ee5ng: Nos Office\u00a0<\/p>\n<\/ul>","protected":false},"featured_media":11559,"comment_status":"closed","ping_status":"closed","template":"","meta":[],"pwb-brand":[],"product_cat":[2886],"product_tag":[2841],"class_list":{"0":"post-11558","1":"product","2":"type-product","3":"status-publish","4":"has-post-thumbnail","6":"product_cat-dell-workstation","7":"product_tag-hdd","9":"first","10":"instock","11":"shipping-taxable","12":"product-type-simple"},"brands":[],"_links":{"self":[{"href":"https:\/\/serverhot.vn\/zh\/wp-json\/wp\/v2\/product\/11558","targetHints":{"allow":["GET"]}}],"collection":[{"href":"https:\/\/serverhot.vn\/zh\/wp-json\/wp\/v2\/product"}],"about":[{"href":"https:\/\/serverhot.vn\/zh\/wp-json\/wp\/v2\/types\/product"}],"replies":[{"embeddable":true,"href":"https:\/\/serverhot.vn\/zh\/wp-json\/wp\/v2\/comments?post=11558"}],"wp:featuredmedia":[{"embeddable":true,"href":"https:\/\/serverhot.vn\/zh\/wp-json\/wp\/v2\/media\/11559"}],"wp:attachment":[{"href":"https:\/\/serverhot.vn\/zh\/wp-json\/wp\/v2\/media?parent=11558"}],"wp:term":[{"taxonomy":"pwb-brand","embeddable":true,"href":"https:\/\/serverhot.vn\/zh\/wp-json\/wp\/v2\/pwb-brand?post=11558"},{"taxonomy":"product_cat","embeddable":true,"href":"https:\/\/serverhot.vn\/zh\/wp-json\/wp\/v2\/product_cat?post=11558"},{"taxonomy":"product_tag","embeddable":true,"href":"https:\/\/serverhot.vn\/zh\/wp-json\/wp\/v2\/product_tag?post=11558"}],"curies":[{"name":"wp","href":"https:\/\/api.w.org\/{rel}","templated":true}]}}