{"id":11588,"date":"2024-06-29T14:42:05","date_gmt":"2024-06-29T07:42:05","guid":{"rendered":"https:\/\/serverhot.vn\/product\/uncategorized\/dau-ghi-hinh-ip-32-kenh-dahua-dhi-nvr4232-4ks2-l-ma-san-pham-dhi-nvr4232-4ks2-l\/"},"modified":"2024-06-29T14:42:07","modified_gmt":"2024-06-29T07:42:07","slug":"dau-ghi-hinh-ip-32-kenh-dahua-dhi-nvr4232-4ks2-l-ma-san-pham-dhi-nvr4232-4ks2-l","status":"publish","type":"product","link":"https:\/\/serverhot.vn\/zh\/-product-\/dau-ghi-hinh-ip-32-kenh-dahua-dhi-nvr4232-4ks2-l-ma-san-pham-dhi-nvr4232-4ks2-l\/","title":{"rendered":"\u0110\u1ea7u ghi h\u00ecnh IP 32 k\u00eanh DAHUA DHI-NVR4232-4KS2\/L M\u00e3 s\u1ea3n ph\u1ea9m: DHI-NVR4232-4KS2\/L"},"content":{"rendered":"<div class=\"showText tabs\" id=\"tab2\">\n                                    <\/div>","protected":false},"excerpt":{"rendered":"<ul>\n<p>\u0110\u1ea7u ghi h\u00ecnh IP 32 k\u00eanh DAHUA DHI-NVR4232-4KS2\/L<\/p>\n<p><span style=\"color: #333333;font-family: Roboto, sans-serif;font-size: 13px;background-color: #ffffff\">\u2013 \u0110\u1ea7u ghi h\u00ecnh 32 k\u00eanh camera IP.<\/span><br style=\"color: #333333;font-family: Roboto, sans-serif;font-size: 13px;background-color: #ffffff\"><span style=\"color: #333333;font-family: Roboto, sans-serif;font-size: 13px;background-color: #ffffff\">\u2013 Chu\u1ea9n n\u00e9n h\u00ecnh \u1ea3nh H.265+\/H.264 v\u1edbi hai lu\u1ed3ng d\u1eef li\u1ec7u.<\/span><br style=\"color: #333333;font-family: Roboto, sans-serif;font-size: 13px;background-color: #ffffff\"><span style=\"color: #333333;font-family: Roboto, sans-serif;font-size: 13px;background-color: #ffffff\">\u2013 B\u0103ng th\u00f4ng \u0111\u1ea7u v\u00e0o max 160Mpb.<\/span><br style=\"color: #333333;font-family: Roboto, sans-serif;font-size: 13px;background-color: #ffffff\"><span style=\"color: #333333;font-family: Roboto, sans-serif;font-size: 13px;background-color: #ffffff\">\u2013 H\u1ed7 tr\u1ee3 l\u00ean \u0111\u1ebfn camera 8MP.<\/span><br style=\"color: #333333;font-family: Roboto, sans-serif;font-size: 13px;background-color: #ffffff\"><span style=\"color: #333333;font-family: Roboto, sans-serif;font-size: 13px;background-color: #ffffff\">\u2013 H\u1ed7 tr\u1ee3 2 \u1ed5 c\u1ee9ng, m\u1ed7i \u1ed5 t\u1ed1i \u0111a 8TB, h\u1ed7 tr\u1ee3 SMD<\/span><br style=\"color: #333333;font-family: Roboto, sans-serif;font-size: 13px;background-color: #ffffff\"><span style=\"color: #333333;font-family: Roboto, sans-serif;font-size: 13px;background-color: #ffffff\">\u2013 2 usd 2.0, 1 c\u1ed5ng RJ4(10\/100M), 1 c\u1ed5ng audio v\u00e0o ra h\u1ed7 tr\u1ee3 \u0111\u00e0m tho\u1ea1i 2 chi\u1ec1u.<\/span><br style=\"color: #333333;font-family: Roboto, sans-serif;font-size: 13px;background-color: #ffffff\"><span style=\"color: #333333;font-family: Roboto, sans-serif;font-size: 13px;background-color: #ffffff\">\u2013 Ch\u1ea5t li\u1ec7u kim lo\u1ea1i.<\/span><\/p>\n<\/ul>","protected":false},"featured_media":11589,"comment_status":"closed","ping_status":"closed","template":"","meta":[],"pwb-brand":[],"product_cat":[2911],"product_tag":[],"class_list":{"0":"post-11588","1":"product","2":"type-product","3":"status-publish","4":"has-post-thumbnail","6":"product_cat-thiet-bi-camera","8":"first","9":"instock","10":"shipping-taxable","11":"product-type-simple"},"brands":[],"_links":{"self":[{"href":"https:\/\/serverhot.vn\/zh\/wp-json\/wp\/v2\/product\/11588","targetHints":{"allow":["GET"]}}],"collection":[{"href":"https:\/\/serverhot.vn\/zh\/wp-json\/wp\/v2\/product"}],"about":[{"href":"https:\/\/serverhot.vn\/zh\/wp-json\/wp\/v2\/types\/product"}],"replies":[{"embeddable":true,"href":"https:\/\/serverhot.vn\/zh\/wp-json\/wp\/v2\/comments?post=11588"}],"wp:featuredmedia":[{"embeddable":true,"href":"https:\/\/serverhot.vn\/zh\/wp-json\/wp\/v2\/media\/11589"}],"wp:attachment":[{"href":"https:\/\/serverhot.vn\/zh\/wp-json\/wp\/v2\/media?parent=11588"}],"wp:term":[{"taxonomy":"pwb-brand","embeddable":true,"href":"https:\/\/serverhot.vn\/zh\/wp-json\/wp\/v2\/pwb-brand?post=11588"},{"taxonomy":"product_cat","embeddable":true,"href":"https:\/\/serverhot.vn\/zh\/wp-json\/wp\/v2\/product_cat?post=11588"},{"taxonomy":"product_tag","embeddable":true,"href":"https:\/\/serverhot.vn\/zh\/wp-json\/wp\/v2\/product_tag?post=11588"}],"curies":[{"name":"wp","href":"https:\/\/api.w.org\/{rel}","templated":true}]}}