{"id":11743,"date":"2024-06-29T15:02:07","date_gmt":"2024-06-29T08:02:07","guid":{"rendered":"https:\/\/serverhot.vn\/product\/uncategorized\/tu-rack-12u-d600-h650w550-mm-ma-san-pham-hnr-12u600\/"},"modified":"2024-06-29T15:02:10","modified_gmt":"2024-06-29T08:02:10","slug":"tu-rack-12u-d600-h650w550-mm-ma-san-pham-hnr-12u600","status":"publish","type":"product","link":"https:\/\/serverhot.vn\/zh\/-product-\/tu-rack-12u-d600-h650w550-mm-ma-san-pham-hnr-12u600\/","title":{"rendered":"T\u1ee7 Rack 12U &#8211; D600* H650*W550 (mm) M\u00e3 s\u1ea3n ph\u1ea9m: HNR-12U600"},"content":{"rendered":"<div class=\"showText tabs\" id=\"tab2\">\n<div class=\"box_right_pro_view\">\n<div class=\"thongso_pro a_technical\" style=\"max-height: fit-content\">\n<table border=\"1\">\n<tbody>\n<tr>\n<td valign=\"top\" width=\"151\">\n<p align=\"center\">T\u00ean s\u1ea3n ph\u1ea9m<\/p>\n<\/td>\n<td valign=\"top\" width=\"113\">\n<p align=\"center\">M\u00e3 s\u1ea3n ph\u1ea9m<\/p>\n<\/td>\n<td valign=\"top\" width=\"407\">\n<p align=\"center\">Th\u00f4ng s\u1ed1 k\u1ef9 thu\u1eadt<\/p>\n<\/td>\n<\/tr>\n<tr>\n<td valign=\"top\" width=\"151\">\n<p>T\u1ee7 Rack 12U &#8211; D600 xH650 xW550 (Mm)<\/p>\n<p align=\"center\">\u00a0<\/p>\n<\/td>\n<td valign=\"top\" width=\"113\">\n<p>HNR-12U600<\/p>\n<p align=\"center\">\u00a0<\/p>\n<\/td>\n<td valign=\"top\" width=\"407\">\n<p>HQ-Rack 12U-D600 (HQR-12U600)<\/p>\n<p>-K\u00edch th\u01b0\u1edbc: Cao 700 x R\u1ed9ng 550 xS\u00e2u 600 (mm)<\/p>\n<p>-K\u1ebft c\u1ea5u: D\u1ea1ng \u0111\u1ee9ng,h\u00e0n li\u1ec1n.C\u00f3 th\u1ec3 treo t\u01b0\u1eddng<\/p>\n<p>-M\u00e0u s\u1eafc: M\u00e0u \u0111en s\u1ea7n ho\u1eb7c Ghi s\u1ea7n<\/p>\n<p>-C\u00e1nh tr\u01b0\u1edbc: C\u1eeda \u0111\u1ed9t l\u1ed7 l\u01b0\u1edbi ho\u1eb7c d\u1ea1ng mica<\/p>\n<p>-T\u1ea3i tr\u1ecdng: 40kg<\/p>\n<p>-V\u1eadt li\u1ec7u: T\u00f4n m\u1ea1 k\u1ebdm d\u00e0y 1mm- 1,5mm<\/p>\n<p>-Di chuy\u1ec3n: 04 B\u00e1nh xe \u0111i\u1ec1u h\u01b0\u1edbng, xoay 360 \u0111\u1ed9<\/p>\n<p>-Ph\u1ee5 ki\u1ec7n: 01 Qu\u1ea1t h\u00fat gi\u00f3 c\u00f4ng su\u1ea5t 24W, \u1ed4 c\u1eafm ngu\u1ed3n 3 ch\u1ea5u \u0111a n\u0103ng<\/p>\n<p>-T\u01b0\u01a1ng th\u00edch c\u00e1c thi\u1ebft b\u1ecb ti\u00eau chu\u1ea9n 19&#8243;<\/p>\n<\/td>\n<\/tr>\n<\/tbody>\n<\/table>\n<p align=\"center\">\u00a0<\/p>\n<p>\u00a0<\/p>\n<p>\u00a0<\/p>\n<\/p><\/div>\n<p>                            <!--                            <\/p>\n<div class=\"xemthem_id_r\">--><br \/>\n                            <!--                                <a><!--\/show\/?token=--><br \/>\n                            <!--\"--><br \/>\n                            <!--                                   class=\"preview fancybox fancybox.ajax\" rel=\"nofollow\"&gt;Xem th&#234;m th&#244;ng s&#7889; k&#7929; thu&#7853;t<\/a>--><br \/>\n                            <!--                            <\/div>\n<p>-->\n                        <\/p><\/div>\n<\/p><\/div>","protected":false},"excerpt":{"rendered":"<ul>\n<p><strong><span class=\"item\" style=\"font-size: 16px\"><span style=\"font-family: 'Times New Roman', serif;color: #222222;background: white\">HQ-Rack 12U-D600 (HQR-12U600)<\/span><\/span><\/strong><\/p>\n<ul>\n<li class=\"MsoNormal\" style=\"text-align: justify;line-height: 27pt\"><span style=\"font-size: 16px;font-family: 'Times New Roman', serif;color: #222222;background: white\">K\u00edch th\u01b0\u1edbc: Cao 700 x R\u1ed9ng 550 xS\u00e2u 600 (mm)<\/span><\/li>\n<li class=\"MsoNormal\" style=\"text-align: justify;line-height: 27pt\"><span style=\"font-size: 16px;font-family: 'Times New Roman', serif;color: #222222;background: white\">K\u1ebft c\u1ea5u: D\u1ea1ng \u0111\u1ee9ng,h\u00e0n li\u1ec1n.C\u00f3 th\u1ec3 treo t\u01b0\u1eddng<\/span><\/li>\n<li class=\"MsoNormal\" style=\"text-align: justify;line-height: 27pt\"><span style=\"font-size: 16px;font-family: 'Times New Roman', serif;color: #222222;background: white\">M\u00e0u s\u1eafc: M\u00e0u \u0111en s\u1ea7n ho\u1eb7c Ghi s\u1ea7n<\/span><\/li>\n<li class=\"MsoNormal\" style=\"text-align: justify;line-height: 27pt\"><span style=\"font-size: 16px;font-family: 'Times New Roman', serif;color: #222222;background: white\">C\u00e1nh tr\u01b0\u1edbc: C\u1eeda \u0111\u1ed9t l\u1ed7 l\u01b0\u1edbi ho\u1eb7c d\u1ea1ng mica<\/span><\/li>\n<li class=\"MsoNormal\" style=\"text-align: justify;line-height: 27pt\"><span style=\"font-size: 16px;font-family: 'Times New Roman', serif;color: #222222;background: white\">T\u1ea3i tr\u1ecdng: 40kg<\/span><\/li>\n<li class=\"MsoNormal\" style=\"text-align: justify;line-height: 27pt\"><span style=\"font-size: 16px;font-family: 'Times New Roman', serif;color: #222222;background: white\">V\u1eadt li\u1ec7u: T\u00f4n m\u1ea1 k\u1ebdm d\u00e0y 1mm- 1,5mm<\/span><\/li>\n<li class=\"MsoNormal\" style=\"text-align: justify;line-height: 27pt\"><span style=\"font-size: 16px;font-family: 'Times New Roman', serif;color: #222222;background: white\">Di chuy\u1ec3n: 04 B\u00e1nh xe \u0111i\u1ec1u h\u01b0\u1edbng, xoay 360 \u0111\u1ed9<\/span><\/li>\n<li class=\"MsoNormal\" style=\"text-align: justify;line-height: 27pt\"><span style=\"font-size: 16px;font-family: 'Times New Roman', serif;color: #222222;background: white\">Ph\u1ee5 ki\u1ec7n: 01 Qu\u1ea1t h\u00fat gi\u00f3 c\u00f4ng su\u1ea5t 24W, \u1ed4 c\u1eafm ngu\u1ed3n 3 ch\u1ea5u \u0111a n\u0103ng<\/span><\/li>\n<li class=\"MsoNormal\" style=\"text-align: justify;line-height: 27pt\"><span style=\"font-size: 16px;font-family: 'Times New Roman', serif;color: #222222;background: white\">T\u01b0\u01a1ng th\u00edch c\u00e1c thi\u1ebft b\u1ecb ti\u00eau chu\u1ea9n 19&#8243;<\/span><\/li>\n<\/ul>\n<\/ul>","protected":false},"featured_media":11744,"comment_status":"closed","ping_status":"closed","template":"","meta":[],"pwb-brand":[],"product_cat":[2915],"product_tag":[],"class_list":{"0":"post-11743","1":"product","2":"type-product","3":"status-publish","4":"has-post-thumbnail","6":"product_cat-tu-rack","8":"first","9":"instock","10":"shipping-taxable","11":"product-type-simple"},"brands":[],"_links":{"self":[{"href":"https:\/\/serverhot.vn\/zh\/wp-json\/wp\/v2\/product\/11743","targetHints":{"allow":["GET"]}}],"collection":[{"href":"https:\/\/serverhot.vn\/zh\/wp-json\/wp\/v2\/product"}],"about":[{"href":"https:\/\/serverhot.vn\/zh\/wp-json\/wp\/v2\/types\/product"}],"replies":[{"embeddable":true,"href":"https:\/\/serverhot.vn\/zh\/wp-json\/wp\/v2\/comments?post=11743"}],"wp:featuredmedia":[{"embeddable":true,"href":"https:\/\/serverhot.vn\/zh\/wp-json\/wp\/v2\/media\/11744"}],"wp:attachment":[{"href":"https:\/\/serverhot.vn\/zh\/wp-json\/wp\/v2\/media?parent=11743"}],"wp:term":[{"taxonomy":"pwb-brand","embeddable":true,"href":"https:\/\/serverhot.vn\/zh\/wp-json\/wp\/v2\/pwb-brand?post=11743"},{"taxonomy":"product_cat","embeddable":true,"href":"https:\/\/serverhot.vn\/zh\/wp-json\/wp\/v2\/product_cat?post=11743"},{"taxonomy":"product_tag","embeddable":true,"href":"https:\/\/serverhot.vn\/zh\/wp-json\/wp\/v2\/product_tag?post=11743"}],"curies":[{"name":"wp","href":"https:\/\/api.w.org\/{rel}","templated":true}]}}