{"id":12100,"date":"2024-06-29T16:17:00","date_gmt":"2024-06-29T09:17:00","guid":{"rendered":"https:\/\/serverhot.vn\/product\/uncategorized\/microsoft-office-pro-2021-win-all-lng-apac-em-pk-lic-online-dwnld-c2r-nr-269-17185-ma-san-pham-269-17185\/"},"modified":"2024-06-29T16:17:04","modified_gmt":"2024-06-29T09:17:04","slug":"microsoft-office-pro-2021-win-all-lng-apac-em-pk-lic-online-dwnld-c2r-nr-269-17185-ma-san-pham-269-17185","status":"publish","type":"product","link":"https:\/\/serverhot.vn\/zh\/-product-\/microsoft-office-pro-2021-win-all-lng-apac-em-pk-lic-online-dwnld-c2r-nr-269-17185-ma-san-pham-269-17185\/","title":{"rendered":"Microsoft Office Pro 2021 Win All Lng APAC EM PK Lic Online DwnLd C2R NR 269-17185 M\u00e3 s\u1ea3n ph\u1ea9m: 269-17185"},"content":{"rendered":"<div class=\"showText tabs\" id=\"tab2\">\n<div class=\"box_right_pro_view\">\n<div class=\"thongso_pro a_technical\" style=\"max-height: fit-content\">\n<p>\u00a0<\/p>\n<table dir=\"ltr\" border=\"1\" cellspacing=\"0\" cellpadding=\"0\" data-sheets-root=\"1\">\n<colgroup>\n<col width=\"501\">\n<col width=\"780\"><\/colgroup>\n<tbody>\n<tr>\n<td colspan=\"2\" rowspan=\"1\" data-sheets-value=\"{\">T\u00ean \u0111\u1ea7y \u0111\u1ee7: Office Pro 2021 Win All Lng APAC EM PK Lic Online DwnLd C2R NR<\/td>\n<\/tr>\n<tr>\n<td colspan=\"2\" rowspan=\"1\" data-sheets-value=\"{\">H\u00ecnh th\u1ee9c key \u0111i\u1ec7n t\u1eed<\/td>\n<\/tr>\n<tr>\n<td colspan=\"2\" rowspan=\"1\" data-sheets-value=\"{\">G\u00f3i mua 1 l\u1ea7n, cho 1 PC<\/td>\n<\/tr>\n<tr>\n<td colspan=\"2\" rowspan=\"1\" data-sheets-value=\"{\">T\u01b0\u01a1ng th\u00edch v\u1edbi Windows 10, Windows 11, v\u00e0 MacOs<\/td>\n<\/tr>\n<tr>\n<td colspan=\"2\" rowspan=\"1\" data-sheets-value=\"{\">C\u00f3 th\u1ec3 chuy\u1ec3n key sang m\u00e1y t\u00ednh kh\u00e1c<\/td>\n<\/tr>\n<tr>\n<td colspan=\"2\" rowspan=\"1\" data-sheets-value=\"{\">H\u1ed7 tr\u1ee3 c\u1ee7a Microsoft 60 ng\u00e0y \u0111\u1ea7u ti\u00ean kh\u00f4ng t\u00ednh ph\u00ed<\/td>\n<\/tr>\n<tr>\n<td colspan=\"2\" rowspan=\"1\" data-sheets-value=\"{\">C\u00e1c \u1ee9ng d\u1ee5ng Office c\u1ed5 \u0111i\u1ec3n: Word, Excel, Power Point, Outlook<\/td>\n<\/tr>\n<tr>\n<td colspan=\"2\" rowspan=\"1\" data-sheets-value=\"{\">C\u00e1c t\u00ednh n\u0103ng b\u1ed5 sung: Publisher, Access (ch\u1ec9 d\u00e0nh cho PC)<\/td>\n<\/tr>\n<tr>\n<td colspan=\"2\" rowspan=\"1\" data-sheets-value=\"{\">Kh\u00f4ng th\u1ec3 h\u1ea1 c\u1ea5p xu\u1ed1ng Office Professional 2019<\/td>\n<\/tr>\n<tr>\n<td colspan=\"2\" rowspan=\"1\" data-sheets-value=\"{\">*Truy c\u1eadp aka.ms\/systemrequirements \u0111\u1ec3 bi\u1ebft c\u00e1c phi\u00ean b\u1ea3n t\u01b0\u01a1ng th\u00edch c\u1ee7a Windows 11, Windows 10 v\u00e0 macOS v\u00e0 \u0111\u1ec3 bi\u1ebft c\u00e1c y\u00eau c\u1ea7u v\u1ec1 t\u00ednh n\u0103ng kh\u00e1c.<\/td>\n<\/tr>\n<\/tbody>\n<\/table><\/div>\n<p>                            <!--                            <\/p>\n<div class=\"xemthem_id_r\">--><br \/>\n                            <!--                                <a><!--\/show\/?token=--><br \/>\n                            <!--\"--><br \/>\n                            <!--                                   class=\"preview fancybox fancybox.ajax\" rel=\"nofollow\"&gt;Xem th&#234;m th&#244;ng s&#7889; k&#7929; thu&#7853;t<\/a>--><br \/>\n                            <!--                            <\/div>\n<p>-->\n                        <\/p><\/div>\n<\/p><\/div>","protected":false},"excerpt":{"rendered":"<ul>\n<p>Office Professional 2021 &#8211; D\u00e0nh cho gia \u0111\u00ecnh v\u00e0 doanh nghi\u1ec7p nh\u1ecf mu\u1ed1n c\u00e0i \u0111\u1eb7t c\u00e1c \u1ee9ng d\u1ee5ng Office c\u1ed5 \u0111i\u1ec3n v\u00e0 email tr\u00ean m\u1ed9t PC \u0111\u1ec3 s\u1eed d\u1ee5ng t\u1ea1i nh\u00e0 ho\u1eb7c c\u01a1 quan.\u00a0<\/p>\n<ul>\n<li>Phi\u00ean b\u1ea3n Word, Excel, PowerPoint v\u00e0 Outlook Classic 2021, c\u00f9ng v\u1edbi Publisher v\u00e0 Access<\/li>\n<li>T\u01b0\u01a1ng th\u00edch v\u1edbi Windows 10, Windows 11, v\u00e0 MacOs<\/li>\n<li>Da\u0300nh cho 1 Ma\u0301y ti\u0301nh, Cho 1 ng\u01b0\u1eddi<\/li>\n<\/ul>\n<\/ul>","protected":false},"featured_media":12101,"comment_status":"closed","ping_status":"closed","template":"","meta":[],"pwb-brand":[],"product_cat":[2917],"product_tag":[47],"class_list":{"0":"post-12100","1":"product","2":"type-product","3":"status-publish","4":"has-post-thumbnail","6":"product_cat-microsoft","7":"product_tag-classic","9":"first","10":"instock","11":"shipping-taxable","12":"product-type-simple"},"brands":[],"_links":{"self":[{"href":"https:\/\/serverhot.vn\/zh\/wp-json\/wp\/v2\/product\/12100","targetHints":{"allow":["GET"]}}],"collection":[{"href":"https:\/\/serverhot.vn\/zh\/wp-json\/wp\/v2\/product"}],"about":[{"href":"https:\/\/serverhot.vn\/zh\/wp-json\/wp\/v2\/types\/product"}],"replies":[{"embeddable":true,"href":"https:\/\/serverhot.vn\/zh\/wp-json\/wp\/v2\/comments?post=12100"}],"wp:featuredmedia":[{"embeddable":true,"href":"https:\/\/serverhot.vn\/zh\/wp-json\/wp\/v2\/media\/12101"}],"wp:attachment":[{"href":"https:\/\/serverhot.vn\/zh\/wp-json\/wp\/v2\/media?parent=12100"}],"wp:term":[{"taxonomy":"pwb-brand","embeddable":true,"href":"https:\/\/serverhot.vn\/zh\/wp-json\/wp\/v2\/pwb-brand?post=12100"},{"taxonomy":"product_cat","embeddable":true,"href":"https:\/\/serverhot.vn\/zh\/wp-json\/wp\/v2\/product_cat?post=12100"},{"taxonomy":"product_tag","embeddable":true,"href":"https:\/\/serverhot.vn\/zh\/wp-json\/wp\/v2\/product_tag?post=12100"}],"curies":[{"name":"wp","href":"https:\/\/api.w.org\/{rel}","templated":true}]}}