{"id":12332,"date":"2024-06-29T17:06:31","date_gmt":"2024-06-29T10:06:31","guid":{"rendered":"https:\/\/serverhot.vn\/product\/uncategorized\/man-hinh-aoc-25i2579v-led-ips-ma-san-pham-i2579v\/"},"modified":"2024-06-29T17:06:33","modified_gmt":"2024-06-29T10:06:33","slug":"man-hinh-aoc-25i2579v-led-ips-ma-san-pham-i2579v","status":"publish","type":"product","link":"https:\/\/serverhot.vn\/zh\/-product-\/man-hinh-aoc-25i2579v-led-ips-ma-san-pham-i2579v\/","title":{"rendered":"M\u00e0n h\u00ecnh AOC 25&#8243;I2579V LED IPS M\u00e3 s\u1ea3n ph\u1ea9m: I2579V"},"content":{"rendered":"<div class=\"showText tabs\" id=\"tab2\">\n                                    <\/div>","protected":false},"excerpt":{"rendered":"<ul>\n<p><span>M\u00e0n h\u00ecnh 25&#8243; c\u1ef1c r\u1ed9ng, ph\u00f9 h\u1ee3p cho gi\u1ea3i tr\u00ed l\u1eabn c\u00f4ng vi\u1ec7c\u00a0<\/span><br \/><span>\u0110\u1ed9 ph\u00e2n gi\u1ea3i full HD 1920&#215;1080, hi\u1ec3n th\u1ecb 16,7 tri\u1ec7u m\u00e0u, th\u1eddi gian \u0111\u00e1p \u1ee9ng 6ms \u0111\u1ea3m b\u1ea3o \u0111em l\u1ea1i tr\u1ea3i nghi\u1ec7m tuy\u1ec7t v\u1eddi khi s\u1eed d\u1ee5ng\u00a0<\/span><br \/><span>Panel IPS cho m\u00e0u s\u1eafc trung th\u1ef1c, g\u00f3c nh\u00ecn si\u00eau r\u1ed9ng l\u00ean t\u1edbi 178 \u0111\u1ed9\u00a0<\/span><br \/><span>Thi\u1ebft k\u1ebf kh\u00f4ng vi\u1ec1n trang nh\u00e3, hi\u1ec7n \u0111\u1ea1i.\u00a0<\/span><br \/><span>C\u00f4ng ngh\u1ec7 Flicker Free gi\u1ea3m thi\u1ec3u t\u00ecnh tr\u1ea1ng x\u00e9 h\u00ecnh, r\u00e1ch h\u00ecnh khi s\u1eed d\u1ee5ng.\u00a0<\/span><br \/><span>Ch\u1ebf \u0111\u1ed9 NightView ch\u1ed1ng m\u1ecfi m\u1eaft khi s\u1eed d\u1ee5ng bu\u1ed5i \u0111\u00eam<\/span><\/p>\n<\/ul>","protected":false},"featured_media":12333,"comment_status":"closed","ping_status":"closed","template":"","meta":[],"pwb-brand":[],"product_cat":[2909],"product_tag":[55],"class_list":{"0":"post-12332","1":"product","2":"type-product","3":"status-publish","4":"has-post-thumbnail","6":"product_cat-man-hinh-may-tinh","7":"product_tag-run","9":"first","10":"instock","11":"shipping-taxable","12":"product-type-simple"},"brands":[],"_links":{"self":[{"href":"https:\/\/serverhot.vn\/zh\/wp-json\/wp\/v2\/product\/12332","targetHints":{"allow":["GET"]}}],"collection":[{"href":"https:\/\/serverhot.vn\/zh\/wp-json\/wp\/v2\/product"}],"about":[{"href":"https:\/\/serverhot.vn\/zh\/wp-json\/wp\/v2\/types\/product"}],"replies":[{"embeddable":true,"href":"https:\/\/serverhot.vn\/zh\/wp-json\/wp\/v2\/comments?post=12332"}],"wp:featuredmedia":[{"embeddable":true,"href":"https:\/\/serverhot.vn\/zh\/wp-json\/wp\/v2\/media\/12333"}],"wp:attachment":[{"href":"https:\/\/serverhot.vn\/zh\/wp-json\/wp\/v2\/media?parent=12332"}],"wp:term":[{"taxonomy":"pwb-brand","embeddable":true,"href":"https:\/\/serverhot.vn\/zh\/wp-json\/wp\/v2\/pwb-brand?post=12332"},{"taxonomy":"product_cat","embeddable":true,"href":"https:\/\/serverhot.vn\/zh\/wp-json\/wp\/v2\/product_cat?post=12332"},{"taxonomy":"product_tag","embeddable":true,"href":"https:\/\/serverhot.vn\/zh\/wp-json\/wp\/v2\/product_tag?post=12332"}],"curies":[{"name":"wp","href":"https:\/\/api.w.org\/{rel}","templated":true}]}}