{"id":12471,"date":"2024-06-29T17:34:37","date_gmt":"2024-06-29T10:34:37","guid":{"rendered":"https:\/\/serverhot.vn\/product\/uncategorized\/thiet-bi-mang-switch-tp-link-5-ports-with-poe-desktop-switch-tl-sf1005p-ma-san-pham-sf1005p\/"},"modified":"2024-06-29T17:34:38","modified_gmt":"2024-06-29T10:34:38","slug":"thiet-bi-mang-switch-tp-link-5-ports-with-poe-desktop-switch-tl-sf1005p-ma-san-pham-sf1005p","status":"publish","type":"product","link":"https:\/\/serverhot.vn\/zh\/-product-\/thiet-bi-mang-switch-tp-link-5-ports-with-poe-desktop-switch-tl-sf1005p-ma-san-pham-sf1005p\/","title":{"rendered":"Thi\u1ebft B\u1ecb M\u1ea1ng Switch TP-Link 5 Ports With PoE Desktop Switch TL-SF1005P M\u00e3 s\u1ea3n ph\u1ea9m: SF1005P"},"content":{"rendered":"<div class=\"showText tabs\" id=\"tab2\">\n<div class=\"box_right_pro_view\">\n<div class=\"thongso_pro a_technical\" style=\"max-height: fit-content\">\n<table border=\"1\">\n<thead>\n<tr id=\"tr_603\">\n<th colspan=\"2\"><a>T\u00cdNH N\u0102NG PH\u1ea6N C\u1ee8NG<\/a><\/th>\n<\/tr>\n<\/thead>\n<tbody>\n<tr id=\"tr_694\">\n<th width=\"35%\">Giao di\u1ec7n<\/th>\n<td width=\"65%\">\u2022 5\u00d7 10\/100 Mbps RJ45 Ports (4\u00d7 10\/100 Mbps 802.3af\/at PoE+ ports)<br \/>\u2022 AUTO Negotiation<br \/>\u2022 AUTO MDI\/MDIX<\/td>\n<\/tr>\n<tr id=\"tr_1097\">\n<th width=\"35%\">M\u1ea1ng Media<\/th>\n<td width=\"65%\">\u2022 10BASE-T: UTP category 3, 4, 5 cable (maximum 100m)<br \/>\u2022 EIA\/TIA-568 100\u03a9 STP (maximum 100m)<br \/>\u2022 100BASE-TX: UTP category 5, 5e cable (maximum 100m)<br \/>\u2022 EIA\/TIA-568 100\u03a9 STP (maximum 100m)<\/td>\n<\/tr>\n<tr id=\"tr_2336\">\n<th width=\"35%\">S\u1ed1 l\u01b0\u1ee3ng qu\u1ea1t<\/th>\n<td width=\"65%\">Kh\u00f4ng qu\u1ea1t<\/td>\n<\/tr>\n<tr id=\"tr_4027\">\n<th width=\"35%\">Kh\u00f3a b\u1ea3o m\u1eadt v\u1eadt l\u00fd<\/th>\n<td width=\"65%\">C\u00f3<\/td>\n<\/tr>\n<tr id=\"tr_613\">\n<th width=\"35%\">B\u1ed9 c\u1ea5p ngu\u1ed3n b\u00ean ngo\u00e0i (EU)<\/th>\n<td width=\"65%\">B\u1ed9 chuy\u1ec3n \u0111\u1ed5i ngu\u1ed3n (\u0110\u1ea7u ra: 53.5 V DC \/ 1.31 A)<\/td>\n<\/tr>\n<tr id=\"tr_1131\">\n<th width=\"35%\">T\u1ed1c \u0111\u1ed9 truy\u1ec1n t\u1ea3i g\u00f3i<\/th>\n<td width=\"65%\">0.744 Mpps<\/td>\n<\/tr>\n<tr id=\"tr_1576\">\n<th width=\"35%\">C\u1ed5ng PoE (RJ45)<\/th>\n<td width=\"65%\">\u2022 Ti\u00eau chu\u1ea9n: tu\u00e2n th\u1ee7 802.3 af \/ at<br \/>\u2022 C\u1ed5ng PoE: C\u1ed5ng 1\u20134<br \/>\u2022 Ngu\u1ed3n cung c\u1ea5p: 67 W<\/td>\n<\/tr>\n<tr id=\"tr_1129\">\n<th width=\"35%\">B\u1ea3ng \u0111\u1ecba ch\u1ec9 Mac<\/th>\n<td width=\"65%\">2K<\/td>\n<\/tr>\n<tr id=\"tr_1137\">\n<th width=\"35%\">Khung Jumbo<\/th>\n<td width=\"65%\">2 KB<\/td>\n<\/tr>\n<tr id=\"tr_1130\">\n<th width=\"35%\">C\u00f4ng su\u1ea5t chuy\u1ec3n<\/th>\n<td width=\"65%\">1 Gbps<\/td>\n<\/tr>\n<tr id=\"tr_697\">\n<th width=\"35%\">K\u00edch th\u01b0\u1edbc ( R x D x C )<\/th>\n<td width=\"65%\">3.9 x 3.9 x 1.0 in (99.8 x 98 x 25 mm)<\/td>\n<\/tr>\n<tr id=\"tr_5530\">\n<th width=\"35%\">Ti\u00eau th\u1ee5 \u0111i\u1ec7n t\u1ed1i \u0111a<\/th>\n<td width=\"65%\">\u2022 1.9 W (220 V \/ 50 Hz, no PD connected)<br \/>\u2022 74 W (220 V \/ 50 Hz, with 67 W PD connected)<\/td>\n<\/tr>\n<tr id=\"tr_5854\">\n<th width=\"35%\">Max Heat Dissipation<\/th>\n<td width=\"65%\">\u2022 6.48 BTU\/h(no PD connected)<br \/>\u2022 252.34 BTU\/h(with 67 W PD connected)<\/td>\n<\/tr>\n<\/tbody>\n<\/table>\n<table>\n<thead>\n<tr id=\"tr_605\">\n<th colspan=\"2\"><a>T\u00cdNH N\u0102NG PH\u1ea6N M\u1ec0M<\/a><\/th>\n<\/tr>\n<\/thead>\n<tbody>\n<tr id=\"tr_1575\">\n<th width=\"35%\">Transmission Method<\/th>\n<td width=\"65%\">L\u01b0u tr\u1eef v\u00e0 chuy\u1ec3n ti\u1ebfp<\/td>\n<\/tr>\n<tr id=\"tr_1087\">\n<th width=\"35%\">T\u00ednh n\u0103ng n\u00e2ng cao<\/th>\n<td width=\"65%\">\u2022 Compatible With IEEE 802.3af\/at Compliant PDs<br \/>\u2022 Extend Mode Button (Ports 1\u20134)<br \/>\u2022 Priority Mode Button (Ports 1\u20132)<br \/>\u2022 Mac Address Auto-Learning And Auto-Aging<br \/>\u2022 IEEE802.3x Flow Control For Full-Duplex Mode And Backpressure For Half-Duplex Mode<\/td>\n<\/tr>\n<\/tbody>\n<\/table>\n<table>\n<thead>\n<tr id=\"tr_606\">\n<th colspan=\"2\"><a>KH\u00c1C<\/a><\/th>\n<\/tr>\n<\/thead>\n<tbody>\n<tr id=\"tr_714\">\n<th width=\"35%\">Ch\u1ee9ng ch\u1ec9<\/th>\n<td width=\"65%\">FCC, CE, RoHS<\/td>\n<\/tr>\n<tr id=\"tr_715\">\n<th width=\"35%\">S\u1ea3n ph\u1ea9m bao g\u1ed3m<\/th>\n<td width=\"65%\">\u2022 TL-SF1005P<br \/>\u2022 B\u1ed9 chuy\u1ec3n \u0111\u1ed5i ngu\u1ed3n<br \/>\u2022 H\u01b0\u1edbng d\u1eabn c\u00e0i \u0111\u1eb7t<\/td>\n<\/tr>\n<tr id=\"tr_5209\">\n<th width=\"35%\">M\u00f4i tr\u01b0\u1eddng<\/th>\n<td width=\"65%\">\u2022 Nhi\u1ec7t \u0111\u1ed9 ho\u1ea1t \u0111\u1ed9ng: 0\u201340 \u2103 (32\u2013104 \u2109)<br \/>\u2022 Nhi\u1ec7t \u0111\u1ed9 l\u01b0u tr\u1eef: -40\u201370 \u2103 (-40\u2013158 \u2109)<br \/>\u2022 \u0110\u1ed9 \u1ea9m ho\u1ea1t \u0111\u1ed9ng: 10\u201390% RH kh\u00f4ng ng\u01b0ng t\u1ee5<br \/>\u2022 \u0110\u1ed9 \u1ea9m l\u01b0u tr\u1eef: 5\u201390% RH kh\u00f4ng ng\u01b0ng t\u1ee5<\/td>\n<\/tr>\n<\/tbody>\n<\/table><\/div>\n<p>                            <!--                            <\/p>\n<div class=\"xemthem_id_r\">--><br \/>\n                            <!--                                <a><!--\/show\/?token=--><br \/>\n                            <!--\"--><br \/>\n                            <!--                                   class=\"preview fancybox fancybox.ajax\" rel=\"nofollow\"&gt;Xem th&#234;m th&#244;ng s&#7889; k&#7929; thu&#7853;t<\/a>--><br \/>\n                            <!--                            <\/div>\n<p>-->\n                        <\/p><\/div>\n<\/p><\/div>","protected":false},"excerpt":{"rendered":"<ul>\n<ul>\n<li>5 c\u1ed5ng RJ45\u00a010\/100 Mbps<\/li>\n<li>4 c\u1ed5ng\u00a0PoE+ truy\u1ec1n t\u00edn hi\u1ec7u v\u00e0 ngu\u1ed3n tr\u00ean t\u1eebng c\u00e1p ri\u00eang l\u1ebb<\/li>\n<li>C\u00f4ng su\u1ea5t truy\u1ec1n t\u1ea3i : 1Gbps<\/li>\n<li>Ho\u1ea1t \u0111\u1ed9ng v\u1edbi c\u00e1c PD tu\u00e2n theo chu\u1ea9n\u00a0IEEE 802.3af\/at<\/li>\n<li>H\u1ed7 tr\u1ee3 ngu\u1ed3n\u00a0PoE l\u00ean t\u1edbi\u00a030 W cho m\u1ed7i c\u1ed5ng\u00a0PoE<\/li>\n<li>H\u1ed7 tr\u1ee3 ngu\u1ed3n\u00a0PoE l\u00ean t\u1edbi\u00a067 W cho t\u1ed5ng\u00a0c\u1ed5ng PoE<sup>*<\/sup><\/li>\n<li>Truy\u1ec1n d\u1eef li\u1ec7u v\u00e0 ngu\u1ed3n l\u00ean t\u1edbi\u00a0250m trong Ch\u1ebf \u0110\u1ed9 M\u1edf R\u1ed9ng<sup>**<\/sup><\/li>\n<li>Ch\u1ebf \u0111\u1ed9 \u01b0u ti\u00ean \u0111\u1ea3m b\u1ea3o\u00a0m\u1ee9c \u0111\u1ed9 \u01b0u ti\u00ean cao c\u1ee7a c\u00e1c c\u1ed5ng 1\u20132 \u0111\u1ec3 \u0111\u1ea3m b\u1ea3o ch\u1ea5t l\u01b0\u1ee3ng c\u1ee7a \u1ee9ng d\u1ee5ng \u0111\u00f2i h\u1ecfi \u0111\u1ed9 nh\u1ea1y cao<\/li>\n<li>Ch\u1ec9 c\u1ea7n C\u1eafm v\u00e0 Ch\u1ea1y, kh\u00f4ng y\u00eau c\u1ea7u c\u1ea5u h\u00ecnh\u00a0<\/li>\n<\/ul>\n<\/ul>","protected":false},"featured_media":12472,"comment_status":"closed","ping_status":"closed","template":"","meta":[],"pwb-brand":[],"product_cat":[2896],"product_tag":[2849],"class_list":{"0":"post-12471","1":"product","2":"type-product","3":"status-publish","4":"has-post-thumbnail","6":"product_cat-tp-link","7":"product_tag-switch","9":"first","10":"instock","11":"shipping-taxable","12":"product-type-simple"},"brands":[],"_links":{"self":[{"href":"https:\/\/serverhot.vn\/zh\/wp-json\/wp\/v2\/product\/12471","targetHints":{"allow":["GET"]}}],"collection":[{"href":"https:\/\/serverhot.vn\/zh\/wp-json\/wp\/v2\/product"}],"about":[{"href":"https:\/\/serverhot.vn\/zh\/wp-json\/wp\/v2\/types\/product"}],"replies":[{"embeddable":true,"href":"https:\/\/serverhot.vn\/zh\/wp-json\/wp\/v2\/comments?post=12471"}],"wp:featuredmedia":[{"embeddable":true,"href":"https:\/\/serverhot.vn\/zh\/wp-json\/wp\/v2\/media\/12472"}],"wp:attachment":[{"href":"https:\/\/serverhot.vn\/zh\/wp-json\/wp\/v2\/media?parent=12471"}],"wp:term":[{"taxonomy":"pwb-brand","embeddable":true,"href":"https:\/\/serverhot.vn\/zh\/wp-json\/wp\/v2\/pwb-brand?post=12471"},{"taxonomy":"product_cat","embeddable":true,"href":"https:\/\/serverhot.vn\/zh\/wp-json\/wp\/v2\/product_cat?post=12471"},{"taxonomy":"product_tag","embeddable":true,"href":"https:\/\/serverhot.vn\/zh\/wp-json\/wp\/v2\/product_tag?post=12471"}],"curies":[{"name":"wp","href":"https:\/\/api.w.org\/{rel}","templated":true}]}}