{"id":12611,"date":"2024-06-29T18:03:28","date_gmt":"2024-06-29T11:03:28","guid":{"rendered":"https:\/\/serverhot.vn\/product\/uncategorized\/thiet-bi-mang-router-wifi-khong-day-tp-link-chuan-n-300mbps-tl-wr841hp-ma-san-pham-tl-wr841hp\/"},"modified":"2024-06-29T18:03:30","modified_gmt":"2024-06-29T11:03:30","slug":"thiet-bi-mang-router-wifi-khong-day-tp-link-chuan-n-300mbps-tl-wr841hp-ma-san-pham-tl-wr841hp","status":"publish","type":"product","link":"https:\/\/serverhot.vn\/zh\/-product-\/thiet-bi-mang-router-wifi-khong-day-tp-link-chuan-n-300mbps-tl-wr841hp-ma-san-pham-tl-wr841hp\/","title":{"rendered":"Thi\u1ebft B\u1ecb M\u1ea1ng Router Wifi Kh\u00f4ng D\u00e2y TP-Link Chu\u1ea9n N 300Mbps TL-WR841HP M\u00e3 s\u1ea3n ph\u1ea9m: TL-WR841HP"},"content":{"rendered":"<div class=\"showText tabs\" id=\"tab2\">\n                                    <\/div>","protected":false},"excerpt":{"rendered":"<ul>\n<p>&#8211; B\u1ed9 khu\u1ebfch \u0111\u1ea1i c\u00f4ng su\u1ea5t cao v\u00e0 2 \u0103ng ten c\u00f3 th\u1ec3 th\u00e1o r\u1eddi b\u00ean ngo\u00e0i v\u1edbi \u0111\u1ed9 l\u1ee3i cao 9dBi cung c\u1ea5p ph\u1ea1m vi ph\u00e1t s\u00f3ng kh\u00f4ng d\u00e2y t\u1ed1t h\u01a1n.<\/p>\n<p>&#8211; T\u0103ng c\u01b0\u1eddng t\u00edn hi\u1ec7u Wi-Fi xuy\u00ean t\u01b0\u1eddng v\u00e0 v\u1eadt c\u1ea3n, lo\u1ea1i b\u1ecf \u0111i\u1ec3m ch\u1ebft<\/p>\n<p>&#8211; T\u1ed1c \u0111\u1ed9 kh\u00f4ng d\u00e2y tuy\u1ec7t h\u1ea3o qua kho\u1ea3ng c\u00e1ch xa mang l\u1ea1i cho b\u1ea1n m\u1ed9t tr\u1ea3i nghi\u1ec7m truy c\u1eadp m\u1ea1ng cho c\u1ea3 ng\u00f4i nh\u00e0 th\u00fa v\u1ecb h\u01a1n.<\/p>\n<p>&#8211; T\u1ed1c \u0111\u1ed9 kh\u00f4ng d\u00e2y 300Mbps r\u1ea5t l\u00fd t\u01b0\u1edfng cho vi\u1ec7c xem video tr\u1ef1c tuy\u1ebfn, ch\u01a1i game tr\u1ef1c tuy\u1ebfn v\u00e0 c\u00e1c cu\u1ed9c g\u1ecdi VoIP.<\/p>\n<div class=\"attribute-item py10 mx20\">\n<p class=\"w40 ml10\">&#8211; B\u0103ng t\u1ea7n h\u1ed7 tr\u1ee3: 2.4 GHz<\/p>\n<\/div>\n<div class=\"attribute-item py10 mx20\">\n<p class=\"w40 ml10\">&#8211; T\u1ed1c \u0111\u1ed9: 2.4GHz &#8211; 300Mbps<\/p>\n<\/div>\n<div class=\"attribute-item py10 mx20\">\n<p class=\"w40 ml10\">&#8211; Chu\u1ea9n k\u1ebft n\u1ed1i: 802.11 b\/g\/n<\/p>\n<\/div>\n<div class=\"attribute-item py10 mx20\">\n<p class=\"w40 ml10\">&#8211; C\u1ed5ng k\u1ebft n\u1ed1i: 1x WAN 100Mbps, 4x LAN 100Mbps<\/p>\n<\/div>\n<div class=\"attribute-item py10 mx20\">\n<p class=\"w40 ml10\">&#8211; \u0102ng ten: 2x ngo\u00e0i \/ 9 dBi<\/p>\n<\/div>\n<div class=\"attribute-item py10 mx20\">\n<p class=\"w40 ml10\">&#8211; Ngu\u1ed3n \u0111i\u1ec7n c\u1ea5p: 12V DC \/ 1A<\/p>\n<\/div>\n<p>\u00a0<\/p>\n<ul>\n<\/ul>\n<\/ul>","protected":false},"featured_media":12612,"comment_status":"closed","ping_status":"closed","template":"","meta":[],"pwb-brand":[],"product_cat":[2896],"product_tag":[2839,25],"class_list":{"0":"post-12611","1":"product","2":"type-product","3":"status-publish","4":"has-post-thumbnail","6":"product_cat-tp-link","7":"product_tag-choi-game","8":"product_tag-man","10":"first","11":"instock","12":"shipping-taxable","13":"product-type-simple"},"brands":[],"_links":{"self":[{"href":"https:\/\/serverhot.vn\/zh\/wp-json\/wp\/v2\/product\/12611","targetHints":{"allow":["GET"]}}],"collection":[{"href":"https:\/\/serverhot.vn\/zh\/wp-json\/wp\/v2\/product"}],"about":[{"href":"https:\/\/serverhot.vn\/zh\/wp-json\/wp\/v2\/types\/product"}],"replies":[{"embeddable":true,"href":"https:\/\/serverhot.vn\/zh\/wp-json\/wp\/v2\/comments?post=12611"}],"wp:featuredmedia":[{"embeddable":true,"href":"https:\/\/serverhot.vn\/zh\/wp-json\/wp\/v2\/media\/12612"}],"wp:attachment":[{"href":"https:\/\/serverhot.vn\/zh\/wp-json\/wp\/v2\/media?parent=12611"}],"wp:term":[{"taxonomy":"pwb-brand","embeddable":true,"href":"https:\/\/serverhot.vn\/zh\/wp-json\/wp\/v2\/pwb-brand?post=12611"},{"taxonomy":"product_cat","embeddable":true,"href":"https:\/\/serverhot.vn\/zh\/wp-json\/wp\/v2\/product_cat?post=12611"},{"taxonomy":"product_tag","embeddable":true,"href":"https:\/\/serverhot.vn\/zh\/wp-json\/wp\/v2\/product_tag?post=12611"}],"curies":[{"name":"wp","href":"https:\/\/api.w.org\/{rel}","templated":true}]}}