{"id":13311,"date":"2024-06-29T19:38:09","date_gmt":"2024-06-29T12:38:09","guid":{"rendered":"https:\/\/serverhot.vn\/product\/uncategorized\/man-hinh-lcd-viewsonic-va3456-mhdj-34inch-wqhd-ips-75hz-4ms-400nits-hdmidp-loa-ma-san-pham-va3456-mhdj\/"},"modified":"2024-06-29T19:38:11","modified_gmt":"2024-06-29T12:38:11","slug":"man-hinh-lcd-viewsonic-va3456-mhdj-34inch-wqhd-ips-75hz-4ms-400nits-hdmidp-loa-ma-san-pham-va3456-mhdj","status":"publish","type":"product","link":"https:\/\/serverhot.vn\/zh\/-product-\/man-hinh-lcd-viewsonic-va3456-mhdj-34inch-wqhd-ips-75hz-4ms-400nits-hdmidp-loa-ma-san-pham-va3456-mhdj\/","title":{"rendered":"M\u00e0n H\u00ecnh LCD Viewsonic VA3456-MHDJ (34inch\/WQHD\/IPS\/75hz\/4ms\/400nits\/HDMI+DP\/Loa) M\u00e3 s\u1ea3n ph\u1ea9m: VA3456-MHDJ"},"content":{"rendered":"<div class=\"showText tabs\" id=\"tab2\">\n<div class=\"box_right_pro_view\">\n<div class=\"thongso_pro a_technical\" style=\"max-height: fit-content\">\n<table border=\"1\" cellpadding=\"0.75pt\">\n<tbody>\n<tr>\n<td width=\"145\">\n<p><span>H\u00e3ng s\u1ea3n xu\u1ea5t<\/span><\/p>\n<\/td>\n<td width=\"353\">\n<p><span>Viewsonic\u00a0<\/span><\/p>\n<\/td>\n<\/tr>\n<tr>\n<td width=\"145\">\n<p><span>Model<\/span><\/p>\n<\/td>\n<td width=\"353\">\n<p><span>VA3456-MHDJ<\/span><\/p>\n<\/td>\n<\/tr>\n<tr>\n<td width=\"145\">\n<p><span>K\u00edch th\u01b0\u1edbc m\u00e0n h\u00ecnh<\/span><\/p>\n<\/td>\n<td width=\"353\">\n<p><span>34 inch<\/span><\/p>\n<\/td>\n<\/tr>\n<tr>\n<td width=\"145\">\n<p><span>\u0110\u1ed9 ph\u00e2n gi\u1ea3i<\/span><\/p>\n<\/td>\n<td width=\"353\">\n<p><span>WQHD (3440 x 1440)<\/span><\/p>\n<\/td>\n<\/tr>\n<tr>\n<td width=\"145\">\n<p><span>T\u1ec9 l\u1ec7<\/span><\/p>\n<\/td>\n<td width=\"353\">\n<p><span>21:9<\/span><\/p>\n<\/td>\n<\/tr>\n<tr>\n<td width=\"145\">\n<p><span>T\u1ea5m n\u1ec1n m\u00e0n h\u00ecnh<\/span><\/p>\n<\/td>\n<td width=\"353\">\n<p><span>IPS<\/span><\/p>\n<\/td>\n<\/tr>\n<tr>\n<td width=\"145\">\n<p><span>\u0110\u1ed9 s\u00e1ng<\/span><\/p>\n<\/td>\n<td width=\"353\">\n<p><span>400 cd\/m\u00b2 (typ)<\/span><\/p>\n<\/td>\n<\/tr>\n<tr>\n<td width=\"145\">\n<p><span>M\u00e0u s\u1eafc hi\u1ec3n th\u1ecb<\/span><\/p>\n<\/td>\n<td width=\"353\">\n<p><span>1.07B<\/span><\/p>\n<\/td>\n<\/tr>\n<tr>\n<td width=\"145\">\n<p><span>\u0110\u1ed9 t\u01b0\u01a1ng ph\u1ea3n<\/span><\/p>\n<\/td>\n<td width=\"353\">\n<p><span><span>\u00a0<\/span>1,000:1 (typ)<\/span><\/p>\n<\/td>\n<\/tr>\n<tr>\n<td width=\"145\">\n<p><span>T\u1ea7n s\u1ed1 qu\u00e9t<\/span><\/p>\n<\/td>\n<td width=\"353\">\n<p><span>75Hz<\/span><\/p>\n<\/td>\n<\/tr>\n<tr>\n<td width=\"145\">\n<p><span>C\u1ed5ng k\u1ebft n\u1ed1i<\/span><\/p>\n<\/td>\n<td width=\"353\">\n<p><span>3.5mm Audio Out:\u00a01<\/span><br \/><span>HDMI 2.0 (with HDCP 2.2):\u00a02<\/span><br \/><span>DisplayPort:\u00a01<\/span><br \/><span>Power in:\u00a03-pin Socket (IEC C14 \/ CEE22)<\/span><\/p>\n<\/td>\n<\/tr>\n<tr>\n<td width=\"145\">\n<p><span>Th\u1eddi gian \u0111\u00e1p \u1ee9ng<\/span><\/p>\n<\/td>\n<td width=\"353\">\n<p><span>4ms<\/span><\/p>\n<\/td>\n<\/tr>\n<tr>\n<td width=\"145\">\n<p><span>G\u00f3c nh\u00ecn<\/span><\/p>\n<\/td>\n<td width=\"353\">\n<p><span>178\u00ba horizontal, 178\u00ba vertical<\/span><\/p>\n<\/td>\n<\/tr>\n<tr>\n<td width=\"145\">\n<p><span>T\u00ednh n\u0103ng<\/span><\/p>\n<\/td>\n<td width=\"353\">\n<p>\u00a0<\/p>\n<\/td>\n<\/tr>\n<tr>\n<td width=\"145\">\n<p><span>\u0110i\u1ec7n n\u0103ng ti\u00eau th\u1ee5<\/span><\/p>\n<\/td>\n<td width=\"353\">\n<p><span>Eco Mode (Conserve):\u00a030W<\/span><br \/><span>Eco Mode (optimized):\u00a037W<\/span><br \/><span>Consumption (typical):\u00a043W<\/span><br \/><span>Consumption (max):\u00a045W<\/span><br \/><span>Voltage:\u00a0AC 100-240V, 50\/60 Hz<\/span><br \/><span>Stand-by:\u00a00.5W<\/span><\/p>\n<\/td>\n<\/tr>\n<tr>\n<td width=\"145\">\n<p><span>K\u00edch th\u01b0\u1edbc<\/span><\/p>\n<\/td>\n<td width=\"353\">\n<p><span>Packaging (mm):\u00a0900 x 460 x 230<\/span><br \/><span>Physical (mm):\u00a0817 x 413.31~513.31 x 201<\/span><br \/><span>Physical Without Stand (mm):\u00a0817 x 367 x 59<\/span><\/p>\n<\/td>\n<\/tr>\n<tr>\n<td width=\"145\">\n<p><span>C\u00e2n n\u1eb7ng<\/span><\/p>\n<\/td>\n<td width=\"353\">\n<p><span>Net (kg):\u00a09.2<\/span><br \/><span>Net Without Stand (kg):\u00a06.8<\/span><br \/><span>Gross (kg):\u00a011.6<\/span><\/p>\n<\/td>\n<\/tr>\n<tr>\n<td width=\"145\">\n<p><span>Ph\u1ee5 ki\u1ec7n<\/span><\/p>\n<\/td>\n<td width=\"353\">\n<p><span>C\u00e1p ngu\u1ed3n, H\u01b0\u1edbng d\u1eabn s\u1eed d\u1ee5ng,&#8230;<\/span><\/p>\n<\/td>\n<\/tr>\n<\/tbody>\n<\/table><\/div>\n<p>                            <!--                            <\/p>\n<div class=\"xemthem_id_r\">--><br \/>\n                            <!--                                <a><!--\/show\/?token=--><br \/>\n                            <!--\"--><br \/>\n                            <!--                                   class=\"preview fancybox fancybox.ajax\" rel=\"nofollow\"&gt;Xem th&#234;m th&#244;ng s&#7889; k&#7929; thu&#7853;t<\/a>--><br \/>\n                            <!--                            <\/div>\n<p>-->\n                        <\/p><\/div>\n<\/p><\/div>","protected":false},"excerpt":{"rendered":"<ul>\n<div class=\"product-summary-item-title\">\u00a0<\/div>\n<ul id=\"js-tskt-item\" class=\"product-summary-item-ul d-flex flex-wrap mb-0\">\n<li>M\u00e0n h\u00ecnh 34 inch, WQHD,IPS , 75Hz, 4ms, loa k\u00e9p<\/li>\n<li>\u0110\u1ed9 s\u00e1ng: 400 cd\/m\u00b2 (typ) | 50M:1 | 1.07B|<\/li>\n<li>T\/g \u0111\u00e1p \u1ee9ng: 4ms (MPRT)<\/li>\n<li>K\u1ebft n\u1ed1i: Display Port: 1, 3.5mm Audio Out: 1, HDMI 2.0 : 2<\/li>\n<li>G\u00f3c Nh\u00ecn: 178\u00b0(H)\/178\u00b0(V)<\/li>\n<li>Treo t\u01b0\u1eddng: 100 x 100 mm<\/li>\n<li>Ph\u1ee5 ki\u1ec7n: HDMI cable|Power cable<\/li>\n<\/ul>\n<\/ul>","protected":false},"featured_media":13312,"comment_status":"closed","ping_status":"closed","template":"","meta":[],"pwb-brand":[],"product_cat":[2909],"product_tag":[],"class_list":{"0":"post-13311","1":"product","2":"type-product","3":"status-publish","4":"has-post-thumbnail","6":"product_cat-man-hinh-may-tinh","8":"first","9":"instock","10":"shipping-taxable","11":"product-type-simple"},"brands":[],"_links":{"self":[{"href":"https:\/\/serverhot.vn\/zh\/wp-json\/wp\/v2\/product\/13311","targetHints":{"allow":["GET"]}}],"collection":[{"href":"https:\/\/serverhot.vn\/zh\/wp-json\/wp\/v2\/product"}],"about":[{"href":"https:\/\/serverhot.vn\/zh\/wp-json\/wp\/v2\/types\/product"}],"replies":[{"embeddable":true,"href":"https:\/\/serverhot.vn\/zh\/wp-json\/wp\/v2\/comments?post=13311"}],"wp:featuredmedia":[{"embeddable":true,"href":"https:\/\/serverhot.vn\/zh\/wp-json\/wp\/v2\/media\/13312"}],"wp:attachment":[{"href":"https:\/\/serverhot.vn\/zh\/wp-json\/wp\/v2\/media?parent=13311"}],"wp:term":[{"taxonomy":"pwb-brand","embeddable":true,"href":"https:\/\/serverhot.vn\/zh\/wp-json\/wp\/v2\/pwb-brand?post=13311"},{"taxonomy":"product_cat","embeddable":true,"href":"https:\/\/serverhot.vn\/zh\/wp-json\/wp\/v2\/product_cat?post=13311"},{"taxonomy":"product_tag","embeddable":true,"href":"https:\/\/serverhot.vn\/zh\/wp-json\/wp\/v2\/product_tag?post=13311"}],"curies":[{"name":"wp","href":"https:\/\/api.w.org\/{rel}","templated":true}]}}