{"id":13495,"date":"2024-07-06T11:15:09","date_gmt":"2024-07-06T04:15:09","guid":{"rendered":"https:\/\/serverhot.vn\/-product-\/camera-ip-hong-ngoai-2-0-megapixel-hikvision-ds-2cd2021g1-i-ma-san-pham-ds-2cd2021g1-i\/"},"modified":"2024-07-06T11:15:12","modified_gmt":"2024-07-06T04:15:12","slug":"camera-ip-hong-ngoai-2-0-megapixel-hikvision-ds-2cd2021g1-i-ma-san-pham-ds-2cd2021g1-i","status":"publish","type":"product","link":"https:\/\/serverhot.vn\/zh\/-product-\/camera-ip-hong-ngoai-2-0-megapixel-hikvision-ds-2cd2021g1-i-ma-san-pham-ds-2cd2021g1-i\/","title":{"rendered":"Camera IP H\u1ed3ng Ngo\u1ea1i 2.0 Megapixel HIKVISION DS-2CD2021G1-I M\u00e3 s\u1ea3n ph\u1ea9m: DS-2CD2021G1-I"},"content":{"rendered":"<div class=\"showText tabs\" id=\"tab2\">\n                                    <\/div>","protected":false},"excerpt":{"rendered":"<ul>\n<p>&#8211; C\u1ea3m bi\u1ebfn h\u00ecnh \u1ea3nh: 1\/2.7 inch Progressive CMOS.<\/p>\n<p>&#8211; \u0110\u1ed9 ph\u00e2n gi\u1ea3i: 1920 \u00d7 1080 @30fps.<\/p>\n<p>&#8211; Chu\u1ea9n n\u00e9n h\u00ecnh \u1ea3nh: H.265+, H.265, H.264+, H.264.<\/p>\n<p>&#8211; \u1ed0ng k\u00ednh: 2.8\/4\/6 mm.<\/p>\n<p>&#8211; T\u1ea7m quan s\u00e1t h\u1ed3ng ngo\u1ea1i: 30 m\u00e9t.<\/p>\n<p>&#8211; \u0110\u1ed9 nh\u1ea1y s\u00e1ng: Color: 0.01 Lux @(F1.2; AGC ON), 0.028 Lux @(F2.0; AGC ON).<\/p>\n<p>&#8211; Ch\u1ee9c n\u0103ng gi\u1ea3m nhi\u1ec5u s\u1ed1 3D.<\/p>\n<p>&#8211; Ch\u1ee9c n\u0103ng ch\u1ed1ng ng\u01b0\u1ee3c s\u00e1ng BLC.<\/p>\n<p>&#8211; Ch\u1ee9c n\u0103ng ch\u1ed1ng ng\u01b0\u1ee3c s\u00e1ng k\u1ef9 thu\u1eadt s\u1ed1 DWDR.<\/p>\n<p>&#8211; H\u1ed7 tr\u1ee3 khe c\u1eafm th\u1ebb nh\u1edb l\u00ean \u0111\u1ebfn 128GB.<\/p>\n<p>&#8211; T\u00ednh n\u0103ng th\u00f4ng minh: Ph\u00e1t hi\u1ec7n v\u01b0\u1ee3t h\u00e0ng r\u00e0o \u1ea3o, ph\u00e1t hi\u1ec7n x\u00e2m nh\u1eadp.<\/p>\n<p>&#8211; D\u1ec5 d\u00e0ng gi\u00e1m s\u00e1t qua \u0111i\u1ec7n tho\u1ea1i di \u0111\u1ed9ng, iPad, iPhone\u2026<\/p>\n<p>&#8211; Ph\u1ea7n m\u1ec1m gi\u00e1m s\u00e1t v\u00e0 t\u00ean mi\u1ec1n mi\u1ec5n ph\u00ed\u2026<\/p>\n<p>&#8211; Ti\u00eau chu\u1ea9n ch\u1ed1ng th\u1ea5m n\u01b0\u1edbc v\u00e0 b\u1ee5i: IP67 (th\u00edch h\u1ee3p s\u1eed d\u1ee5ng trong nh\u00e0 v\u00e0 ngo\u00e0i tr\u1eddi).<\/p>\n<p>&#8211; H\u1ed7 tr\u1ee3 c\u1ea5p ngu\u1ed3n qua m\u1ea1ng PoE (Power over Ethernet).<\/p>\n<p>&#8211; Ngu\u1ed3n \u0111i\u1ec7n: 12VDC.<\/p>\n<\/ul>","protected":false},"featured_media":13496,"comment_status":"closed","ping_status":"closed","template":"","meta":[],"pwb-brand":[],"product_cat":[2911],"product_tag":[],"class_list":{"0":"post-13495","1":"product","2":"type-product","3":"status-publish","4":"has-post-thumbnail","6":"product_cat-thiet-bi-camera","8":"first","9":"instock","10":"shipping-taxable","11":"product-type-simple"},"brands":[],"_links":{"self":[{"href":"https:\/\/serverhot.vn\/zh\/wp-json\/wp\/v2\/product\/13495","targetHints":{"allow":["GET"]}}],"collection":[{"href":"https:\/\/serverhot.vn\/zh\/wp-json\/wp\/v2\/product"}],"about":[{"href":"https:\/\/serverhot.vn\/zh\/wp-json\/wp\/v2\/types\/product"}],"replies":[{"embeddable":true,"href":"https:\/\/serverhot.vn\/zh\/wp-json\/wp\/v2\/comments?post=13495"}],"wp:featuredmedia":[{"embeddable":true,"href":"https:\/\/serverhot.vn\/zh\/wp-json\/wp\/v2\/media\/13496"}],"wp:attachment":[{"href":"https:\/\/serverhot.vn\/zh\/wp-json\/wp\/v2\/media?parent=13495"}],"wp:term":[{"taxonomy":"pwb-brand","embeddable":true,"href":"https:\/\/serverhot.vn\/zh\/wp-json\/wp\/v2\/pwb-brand?post=13495"},{"taxonomy":"product_cat","embeddable":true,"href":"https:\/\/serverhot.vn\/zh\/wp-json\/wp\/v2\/product_cat?post=13495"},{"taxonomy":"product_tag","embeddable":true,"href":"https:\/\/serverhot.vn\/zh\/wp-json\/wp\/v2\/product_tag?post=13495"}],"curies":[{"name":"wp","href":"https:\/\/api.w.org\/{rel}","templated":true}]}}