{"id":13529,"date":"2024-07-09T13:45:13","date_gmt":"2024-07-09T06:45:13","guid":{"rendered":"https:\/\/serverhot.vn\/-product-\/unifi-network-video-recorder-professional-unvr-pro-ma-san-pham-unvr-pro\/"},"modified":"2024-07-09T13:45:20","modified_gmt":"2024-07-09T06:45:20","slug":"unifi-network-video-recorder-professional-unvr-pro-ma-san-pham-unvr-pro","status":"publish","type":"product","link":"https:\/\/serverhot.vn\/zh\/-product-\/unifi-network-video-recorder-professional-unvr-pro-ma-san-pham-unvr-pro\/","title":{"rendered":"UniFi Network Video Recorder Professional &#8211; UNVR Pro M\u00e3 s\u1ea3n ph\u1ea9m: UNVR-PRO"},"content":{"rendered":"<div class=\"showText tabs\" id=\"tab2\">\n                                    <\/div>","protected":false},"excerpt":{"rendered":"<ul>\n<p><span style=\"color: #555555;font-family: Arial, sans-serif;font-size: 15px;background-color: #ffffff\">S\u1ed1 khay \u0111\u1ef1ng \u1ed5 c\u1ee9ng:\u00a0<\/span><span style=\"background-color: #ffffff;color: #555555;font-family: Arial, sans-serif;font-size: 15px\">7 khay<\/span><\/p>\n<p><span style=\"color: #555555;font-family: Arial, sans-serif;font-size: 15px;background-color: #ffffff\">\u1ed4 c\u1ee9ng:\u00a0<\/span><span style=\"background-color: #ffffff;color: #555555;font-family: Arial, sans-serif;font-size: 15px\">Kh\u00f4ng \u0111i k\u00e8m<\/span><\/p>\n<p><span style=\"color: #555555;font-family: Arial, sans-serif;font-size: 15px;background-color: #ffffff\">LCM display:\u00a0<\/span><span style=\"background-color: #ffffff;color: #555555;font-family: Arial, sans-serif;font-size: 15px\">1.3&#8243; touchscreen<\/span><\/p>\n<p><span style=\"color: #555555;font-family: Arial, sans-serif;font-size: 15px;background-color: #ffffff\">H\u1ed7 tr\u1ee3 Raid:\u00a0<\/span><span style=\"background-color: #ffffff;color: #555555;font-family: Arial, sans-serif;font-size: 15px\">Yes<\/span><\/p>\n<p><span style=\"color: #555555;font-family: Arial, sans-serif;font-size: 15px;background-color: #ffffff\">Chu\u1ea9n \u1ed5 c\u1ee9ng:\u00a0<\/span><span style=\"background-color: #ffffff;color: #555555;font-family: Arial, sans-serif;font-size: 15px\">3.5&#8243; SATA HDD &#8211; <\/span><span style=\"color: #555555;font-family: Arial, sans-serif;font-size: 15px;background-color: #ffffff\">2.5&#8243; SATA SSD<\/span><\/p>\n<p><span style=\"color: #555555;font-family: Arial, sans-serif;font-size: 15px;background-color: #ffffff\">C\u1ed5ng giao ti\u1ebfp:\u00a0<\/span><span style=\"background-color: #ffffff;color: #555555;font-family: Arial, sans-serif;font-size: 15px\">GbE RJ45 port &#8211;\u00a0<\/span><span style=\"background-color: #ffffff;color: #555555;font-family: Arial, sans-serif;font-size: 15px\">1\/10 GbE SFP+ port<\/span><\/p>\n<p><span style=\"color: #555555;font-family: Arial, sans-serif;font-size: 15px;background-color: #ffffff\">K\u00edch th\u01b0\u1edbc:\u00a0<\/span><span style=\"background-color: #ffffff;color: #555555;font-family: Arial, sans-serif;font-size: 15px\">442 x 325 x 87 mm (17.4 x 12.8 x 3.4&#8243;)<\/span><\/p>\n<\/ul>","protected":false},"featured_media":13530,"comment_status":"closed","ping_status":"closed","template":"","meta":[],"pwb-brand":[],"product_cat":[2901],"product_tag":[2841],"class_list":{"0":"post-13529","1":"product","2":"type-product","3":"status-publish","4":"has-post-thumbnail","6":"product_cat-ubiquiti","7":"product_tag-hdd","9":"first","10":"instock","11":"shipping-taxable","12":"product-type-simple"},"brands":[],"_links":{"self":[{"href":"https:\/\/serverhot.vn\/zh\/wp-json\/wp\/v2\/product\/13529","targetHints":{"allow":["GET"]}}],"collection":[{"href":"https:\/\/serverhot.vn\/zh\/wp-json\/wp\/v2\/product"}],"about":[{"href":"https:\/\/serverhot.vn\/zh\/wp-json\/wp\/v2\/types\/product"}],"replies":[{"embeddable":true,"href":"https:\/\/serverhot.vn\/zh\/wp-json\/wp\/v2\/comments?post=13529"}],"wp:featuredmedia":[{"embeddable":true,"href":"https:\/\/serverhot.vn\/zh\/wp-json\/wp\/v2\/media\/13530"}],"wp:attachment":[{"href":"https:\/\/serverhot.vn\/zh\/wp-json\/wp\/v2\/media?parent=13529"}],"wp:term":[{"taxonomy":"pwb-brand","embeddable":true,"href":"https:\/\/serverhot.vn\/zh\/wp-json\/wp\/v2\/pwb-brand?post=13529"},{"taxonomy":"product_cat","embeddable":true,"href":"https:\/\/serverhot.vn\/zh\/wp-json\/wp\/v2\/product_cat?post=13529"},{"taxonomy":"product_tag","embeddable":true,"href":"https:\/\/serverhot.vn\/zh\/wp-json\/wp\/v2\/product_tag?post=13529"}],"curies":[{"name":"wp","href":"https:\/\/api.w.org\/{rel}","templated":true}]}}