{"id":13563,"date":"2024-07-31T11:30:12","date_gmt":"2024-07-31T04:30:12","guid":{"rendered":"https:\/\/serverhot.vn\/-product-\/intel-xeon-gold-6330h-processor-33m-cache-2-00-ghz-ma-san-pham-vxl6330h\/"},"modified":"2024-07-31T11:30:14","modified_gmt":"2024-07-31T04:30:14","slug":"intel-xeon-gold-6330h-processor-33m-cache-2-00-ghz-ma-san-pham-vxl6330h","status":"publish","type":"product","link":"https:\/\/serverhot.vn\/zh\/-product-\/intel-xeon-gold-6330h-processor-33m-cache-2-00-ghz-ma-san-pham-vxl6330h\/","title":{"rendered":"Intel\u00ae Xeon\u00ae Gold 6330H Processor 33M Cache, 2.00 GHz M\u00e3 s\u1ea3n ph\u1ea9m: VXL6330H"},"content":{"rendered":"<div class=\"showText tabs\" id=\"tab2\">\n<div class=\"box_right_pro_view\">\n<div class=\"thongso_pro a_technical\" style=\"max-height: fit-content\">\n<div class=\"blade-core-content\">\n<div class=\"marl_20\">\n<div id=\"arkProductPageComponent-1\" class=\"arkProductPageComponent component\" data-component-id=\"1\" data-component=\"arkProductPageComponent\">\n<div class=\"container\">\n<div class=\"row flex-specs\">\n<section class=\"col-sm-9 specs-content-container col-xl-8\">\n<div class=\"arkProductSpecifications\">\n<div id=\"tab-blade-1-0\" class=\"specs-section active\">\n<section id=\"tab-blade-1-0-0\" class=\"blade specs-blade specifications\">\n<div id=\"bladeInside\" class=\"blade-inside\">\n<div class=\"subhead\">\n<h2 class=\"h2\">Thi\u1ebft y\u1ebfu<\/h2>\n<\/div>\n<ul class=\"specs-list\">\n<li><span class=\"label\"><span>B\u1ed9 s\u01b0u t\u1eadp s\u1ea3n ph\u1ea9m<\/span><\/span><span class=\"value\" data-key=\"ProductGroup\">B\u1ed9 x\u1eed l\u00fd c\u00f3 kh\u1ea3 n\u0103ng thay \u0111\u1ed5i Intel\u00ae Xeon\u00ae th\u1ebf h\u1ec7 th\u1ee9 3<\/span><\/li>\n<li><span class=\"label\">T\u00ean m\u00e3<\/span><span class=\"value\" data-key=\"CodeNameText\">Cooper Lake tr\u01b0\u1edbc \u0111\u00e2y c\u1ee7a ca\u0301c s\u1ea3n ph\u1ea9m<\/span><\/li>\n<li><span class=\"label\">Ph\u00e2n \u0111o\u1ea1n th\u1eb3ng<\/span><span class=\"value\" data-key=\"MarketSegment\">Server<\/span><\/li>\n<li><span class=\"label\">S\u00f4\u0301 hi\u00ea\u0323u B\u00f4\u0323 x\u01b0\u0309 ly\u0301<\/span><span class=\"value\" data-key=\"ProcessorNumber\">6330H<\/span><\/li>\n<li><span class=\"label\">Ti\u0300nh tra\u0323ng<\/span><span class=\"value\" data-key=\"StatusCodeText\">Launched<\/span><\/li>\n<li><span class=\"label\"><a class=\"view-modal info-modal ark-accessible-color\" data-modal=\"tt-BornOnDate\"><span>Ng\u00e0y ph\u00e1t h\u00e0nh<\/span><\/a><\/span><span class=\"value\" data-key=\"BornOnDate\">Q3&#8217;20<\/span><\/li>\n<li><span class=\"label\"><a class=\"view-modal info-modal ark-accessible-color\" data-modal=\"tt-Lithography\"><span>Thu\u1eadt in th\u1ea1ch b\u1ea3n<\/span><\/a><\/span><span class=\"value\" data-key=\"Lithography\">14 nm<\/span><\/li>\n<\/ul>\n<\/div>\n<\/section>\n<section id=\"tab-blade-1-0-1\" class=\"blade specs-blade specifications\">\n<div id=\"bladeInside\" class=\"blade-inside\">\n<div class=\"subhead\">\n<h2 class=\"h2\">Th\u00f4ng tin k\u1ef9 thu\u1eadt CPU<\/h2>\n<\/div>\n<ul class=\"specs-list\">\n<li><span class=\"label\"><a class=\"view-modal info-modal ark-accessible-color\" data-modal=\"tt-CoreCount\"><span>S\u1ed1 l\u00f5i<\/span><\/a><\/span><span class=\"value\" data-key=\"CoreCount\">24<\/span><\/li>\n<li><span class=\"label\"><a class=\"view-modal info-modal ark-accessible-color\" data-modal=\"tt-ThreadCount\"><span>S\u1ed1 lu\u1ed3ng<\/span><\/a><\/span><span class=\"value\" data-key=\"ThreadCount\">48<\/span><\/li>\n<li><span class=\"label\"><a class=\"view-modal info-modal ark-accessible-color\" data-modal=\"tt-ClockSpeed\"><span>T\u1ea7n s\u1ed1 c\u01a1 s\u1edf c\u1ee7a b\u1ed9 x\u1eed l\u00fd<\/span><\/a><\/span><span class=\"value\" data-key=\"ClockSpeed\">2.00 GHz<\/span><\/li>\n<li><span class=\"label\"><a class=\"view-modal info-modal ark-accessible-color\" data-modal=\"tt-ClockSpeedMax\"><span>T\u1ea7n s\u1ed1 turbo t\u1ed1i \u0111a<\/span><\/a><\/span><span class=\"value\" data-key=\"ClockSpeedMax\">3.70 GHz<\/span><\/li>\n<li><span class=\"label\"><a class=\"view-modal info-modal ark-accessible-color\" data-modal=\"tt-Cache\"><span>B\u00f4\u0323 nh\u01a1\u0301 \u0111\u00ea\u0323m<\/span><\/a><\/span><span class=\"value\" data-key=\"Cache\">33 MB<\/span><\/li>\n<li><span class=\"label\"><a class=\"view-modal info-modal ark-accessible-color\" data-modal=\"tt-UltraPathInterconnectLinks\"><span>S\u1ed1 l\u01b0\u1ee3ng li\u00ean k\u1ebft UPI<\/span><\/a><\/span><span class=\"value\" data-key=\"UltraPathInterconnectLinks\">6<\/span><\/li>\n<li><span class=\"label\"><a class=\"view-modal info-modal ark-accessible-color\" data-modal=\"tt-MaxTDP\"><span>TDP<\/span><\/a><\/span><span class=\"value\" data-key=\"MaxTDP\">150 W<\/span><\/li>\n<\/ul>\n<\/div>\n<\/section>\n<section id=\"tab-blade-1-0-2\" class=\"blade specs-blade specifications\">\n<div id=\"bladeInside\" class=\"blade-inside\">\n<div class=\"subhead\">\n<h2 class=\"h2\">Th\u00f4ng tin b\u1ed5 sung<\/h2>\n<\/div>\n<ul class=\"specs-list\">\n<li><span class=\"label\"><a class=\"view-modal info-modal ark-accessible-color\" data-modal=\"tt-Embedded\"><span>C\u00f3 s\u1eb5n T\u00f9y ch\u1ecdn nh\u00fang<\/span><\/a><\/span><span class=\"value\" data-key=\"Embedded\">Kh\u00f4ng<\/span><\/li>\n<\/ul>\n<\/div>\n<\/section>\n<section id=\"tab-blade-1-0-3\" class=\"blade specs-blade specifications\">\n<div id=\"bladeInside\" class=\"blade-inside\">\n<div class=\"subhead\">\n<h2 class=\"h2\">Th\u00f4ng s\u1ed1 b\u1ed9 nh\u1edb<\/h2>\n<\/div>\n<ul class=\"specs-list\">\n<li><span class=\"label\"><a class=\"view-modal info-modal ark-accessible-color\" data-modal=\"tt-MaxMem\"><span>Dung l\u01b0\u1ee3ng b\u1ed9 nh\u1edb t\u1ed1i \u0110a (t\u00f9y v\u00e0o lo\u1ea1i b\u1ed9 nh\u1edb)<\/span><\/a><\/span><span class=\"value\" data-key=\"MaxMem\">1.12 TB<\/span><\/li>\n<li><span class=\"label\"><a class=\"view-modal info-modal ark-accessible-color\" data-modal=\"tt-MemoryTypes\"><span>Ca\u0301c loa\u0323i b\u00f4\u0323 nh\u01a1\u0301<\/span><\/a><\/span><span class=\"value\" data-key=\"MemoryTypes\">DDR4 RDIMM<\/span><\/li>\n<li><span class=\"label\">T\u1ed1c \u0110\u1ed9 B\u1ed9 Nh\u1edb T\u1ed1i \u0110a<\/span><span class=\"value\" data-key=\"MemoryMaxSpeedMhz\">2933 MHz<\/span><\/li>\n<li><span class=\"label\"><a class=\"view-modal info-modal ark-accessible-color\" data-modal=\"tt-NumMemoryChannels\"><span>S\u1ed1 K\u00eanh B\u1ed9 Nh\u1edb T\u1ed1i \u0110a<\/span><\/a><\/span><span class=\"value\" data-key=\"NumMemoryChannels\">6<\/span><\/li>\n<li><span class=\"label\"><a class=\"view-modal info-modal ark-accessible-color\" data-modal=\"tt-ECCMemory\"><span>H\u1ed7 tr\u1ee3 B\u1ed9 nh\u1edb ECC\u00a0<small><span>\u2021<\/span><\/small><\/span><\/a><\/span><span class=\"value\" data-key=\"ECCMemory\">C\u00f3<\/span><\/li>\n<li><span class=\"label\"><a class=\"view-modal info-modal ark-accessible-color\" data-modal=\"tt-OptaneDCPersistentMemoryVersion\"><span>C\u00f3 h\u1ed7 tr\u1ee3 b\u1ed9 nh\u1edb li\u00ean t\u1ee5c Intel\u00ae Optane\u2122 DC<\/span><\/a><\/span><span class=\"value\" data-key=\"OptaneDCPersistentMemoryVersion\">C\u00f3<\/span><\/li>\n<\/ul>\n<\/div>\n<\/section>\n<section id=\"tab-blade-1-0-4\" class=\"blade specs-blade specifications\">\n<div id=\"bladeInside\" class=\"blade-inside\">\n<div class=\"subhead\">\n<h2 class=\"h2\">C\u00e1c t\u00f9y ch\u1ecdn m\u1edf r\u1ed9ng<\/h2>\n<\/div>\n<ul class=\"specs-list\">\n<li><span class=\"label\">Kh\u1ea3 n\u0103ng m\u1edf r\u1ed9ng<\/span><span class=\"value\" data-key=\"ScalableSockets\">4S<\/span><\/li>\n<li><span class=\"label\"><a class=\"view-modal info-modal ark-accessible-color\" data-modal=\"tt-PCIExpressRevision\"><span>Phi\u00ean b\u1ea3n PCI Express<\/span><\/a><\/span><span class=\"value\" data-key=\"PCIExpressRevision\">3.0<\/span><\/li>\n<li><span class=\"label\"><a class=\"view-modal info-modal ark-accessible-color\" data-modal=\"tt-NumPCIExpressPorts\"><span>S\u1ed1 c\u1ed5ng PCI Express t\u1ed1i \u0111a<\/span><\/a><\/span><span class=\"value\" data-key=\"NumPCIExpressPorts\">48<\/span><\/li>\n<\/ul>\n<\/div>\n<\/section>\n<section id=\"tab-blade-1-0-5\" class=\"blade specs-blade specifications\">\n<div id=\"bladeInside\" class=\"blade-inside\">\n<div class=\"subhead\">\n<h2 class=\"h2\">Th\u00f4ng s\u1ed1 g\u00f3i<\/h2>\n<\/div>\n<ul class=\"specs-list\">\n<li><span class=\"label\"><a class=\"view-modal info-modal ark-accessible-color\" data-modal=\"tt-SocketsSupported\"><span>H\u1ed7 tr\u1ee3 socket<\/span><\/a><\/span><span class=\"value\" data-key=\"SocketsSupported\">FCLGA4189<\/span><\/li>\n<li><span class=\"label\">K\u00edch th\u01b0\u1edbc g\u00f3i<\/span><span class=\"value\" data-key=\"PackageSize\">77.5&#215;56.5mm<\/span><\/li>\n<\/ul>\n<\/div>\n<\/section>\n<section id=\"tab-blade-1-0-6\" class=\"blade specs-blade specifications\">\n<div id=\"bladeInside\" class=\"blade-inside\">\n<div class=\"subhead\">\n<h2 class=\"h2\">C\u00e1c c\u00f4ng ngh\u1ec7 ti\u00ean ti\u1ebfn<\/h2>\n<\/div>\n<ul class=\"specs-list\">\n<li><span class=\"label\">Intel\u00ae Speed Select Technology \u2013 Core Power<\/span><span class=\"value\" data-key=\"SpeedSelectCorePowerInd\">C\u00f3<\/span><\/li>\n<li><span class=\"label\">Intel\u00ae Speed Select Technology \u2013 Turbo Frequency<\/span><span class=\"value\" data-key=\"SpeedSelectTurboFreqInd\">C\u00f3<\/span><\/li>\n<li><span class=\"label\"><a class=\"view-modal info-modal ark-accessible-color\" data-modal=\"tt-DeepLearningBoostVersion\"><span>T\u0103ng c\u01b0\u1eddng h\u1ecdc s\u00e2u Intel\u00ae Deep Learning Boost (Intel\u00ae DL Boost)<\/span><\/a><\/span><span class=\"value\" data-key=\"DeepLearningBoostVersion\">C\u00f3<\/span><\/li>\n<li><span class=\"label\"><a class=\"view-modal info-modal ark-accessible-color\" data-modal=\"tt-ResourceDirectorTechVersion\"><span>C\u00f4ng ngh\u1ec7 ch\u1ec9 \u0111\u1ea1o t\u00e0i nguy\u00ean Intel\u00ae Resource Director (Intel\u00ae RDT)<\/span><\/a><\/span><span class=\"value\" data-key=\"ResourceDirectorTechVersion\">C\u00f3<\/span><\/li>\n<li><span class=\"label\"><a class=\"view-modal info-modal ark-accessible-color\" data-modal=\"tt-OptaneMemorySupport\"><span>H\u1ed7 tr\u1ee3 b\u1ed9 nh\u1edb Intel\u00ae Optane\u2122\u00a0<small><span>\u2021<\/span><\/small><\/span><\/a><\/span><span class=\"value\" data-key=\"OptaneMemorySupport\">C\u00f3<\/span><\/li>\n<li><span class=\"label\"><a class=\"view-modal info-modal ark-accessible-color\" data-modal=\"tt-SpeedShiftTechVersion\"><span>C\u00f4ng Ngh\u1ec7 Intel\u00ae Speed Shift<\/span><\/a><\/span><span class=\"value\" data-key=\"SpeedShiftTechVersion\">C\u00f3<\/span><\/li>\n<li><span class=\"label\"><a class=\"view-modal info-modal ark-accessible-color\" data-modal=\"tt-HyperThreading\"><span>C\u00f4ng ngh\u1ec7 si\u00eau Ph\u00e2n lu\u1ed3ng Intel\u00ae\u00a0<small><span>\u2021<\/span><\/small><\/span><\/a><\/span><span class=\"value\" data-key=\"HyperThreading\">C\u00f3<\/span><\/li>\n<li><span class=\"label\"><a class=\"view-modal info-modal ark-accessible-color\" data-modal=\"tt-VTX\"><span>C\u00f4ng ngh\u1ec7 \u1ea3o h\u00f3a Intel\u00ae (VT-x)\u00a0<small><span>\u2021<\/span><\/small><\/span><\/a><\/span><span class=\"value\" data-key=\"VTX\">C\u00f3<\/span><\/li>\n<li><span class=\"label\"><a class=\"view-modal info-modal ark-accessible-color\" data-modal=\"tt-VTD\"><span>C\u00f4ng ngh\u1ec7 \u1ea3o h\u00f3a Intel\u00ae cho nh\u1eadp\/xu\u1ea5t \u0111\u01b0\u1ee3c h\u01b0\u1edbng v\u00e0o (VT-d)\u00a0<small><span>\u2021<\/span><\/small><\/span><\/a><\/span><span class=\"value\" data-key=\"VTD\">C\u00f3<\/span><\/li>\n<li><span class=\"label\"><a class=\"view-modal info-modal ark-accessible-color\" data-modal=\"tt-ExtendedPageTables\"><span>Intel\u00ae VT-x v\u1edbi b\u1ea3ng trang m\u1edf r\u1ed9ng\u00a0<small><span>\u2021<\/span><\/small><\/span><\/a><\/span><span class=\"value\" data-key=\"ExtendedPageTables\">C\u00f3<\/span><\/li>\n<li><span class=\"label\"><a class=\"view-modal info-modal ark-accessible-color\" data-modal=\"tt-TransactionalSynchronizationExtensionVersion\"><span>Intel\u00ae TSX-NI<\/span><\/a><\/span><span class=\"value\" data-key=\"TransactionalSynchronizationExtensionVersion\">C\u00f3<\/span><\/li>\n<li><span class=\"label\"><a class=\"view-modal info-modal ark-accessible-color\" data-modal=\"tt-EM64\"><span>Intel\u00ae 64\u00a0<small><span>\u2021<\/span><\/small><\/span><\/a><\/span><span class=\"value\" data-key=\"EM64\">C\u00f3<\/span><\/li>\n<li><span class=\"label\"><a class=\"view-modal info-modal ark-accessible-color\" data-modal=\"tt-InstructionSetExtensions\"><span>Ph\u1ea7n m\u1edf r\u1ed9ng b\u1ed9 h\u01b0\u1edbng d\u1eabn<\/span><\/a><\/span><span class=\"value\" data-key=\"InstructionSetExtensions\">Intel\u00ae SSE4.2, Intel\u00ae AVX, Intel\u00ae AVX2, Intel\u00ae AVX-512<\/span><\/li>\n<li><span class=\"label\"><a class=\"view-modal info-modal ark-accessible-color\" data-modal=\"tt-AVX512FusedMultiplyAddUnits\"><span>S\u1ed1 l\u01b0\u1ee3ng \u0111\u01a1n v\u1ecb FMA AVX-512<\/span><\/a><\/span><span class=\"value\" data-key=\"AVX512FusedMultiplyAddUnits\">2<\/span><\/li>\n<li><span class=\"label\"><a class=\"view-modal info-modal ark-accessible-color\" data-modal=\"tt-SpeedstepTechnology\"><span>C\u00f4ng ngh\u1ec7 Intel SpeedStep\u00ae n\u00e2ng cao<\/span><\/a><\/span><span class=\"value\" data-key=\"SpeedstepTechnology\">C\u00f3<\/span><\/li>\n<li><span class=\"label\"><a class=\"view-modal info-modal ark-accessible-color\" data-modal=\"tt-VolumeManagementDeviceVersion\"><span>Intel\u00ae Volume Management Device (VMD)<\/span><\/a><\/span><span class=\"value\" data-key=\"VolumeManagementDeviceVersion\">C\u00f3<\/span><\/li>\n<\/ul>\n<\/div>\n<\/section>\n<section id=\"tab-blade-1-0-7\" class=\"blade specs-blade specifications\">\n<div id=\"bladeInside\" class=\"blade-inside\">\n<div class=\"subhead\">\n<h2 class=\"h2\">B\u1ea3o m\u1eadt &amp; \u0111\u1ed9 tin c\u1eady<\/h2>\n<\/div>\n<ul class=\"specs-list\">\n<li><span class=\"label\"><a class=\"view-modal info-modal ark-accessible-color\" data-modal=\"tt-AESTech\"><span>Intel\u00ae AES New Instructions<\/span><\/a><\/span><span class=\"value\" data-key=\"AESTech\">C\u00f3<\/span><\/li>\n<li><span class=\"label\"><a class=\"view-modal info-modal ark-accessible-color\" data-modal=\"tt-ExecuteDisable\"><span>Bit v\u00f4 hi\u1ec7u ho\u00e1 th\u1ef1c thi\u00a0<small><span>\u2021<\/span><\/small><\/span><\/a><\/span><span class=\"value\" data-key=\"ExecuteDisable\">C\u00f3<\/span><\/li>\n<li><span class=\"label\"><a class=\"view-modal info-modal ark-accessible-color\" data-modal=\"tt-RunSureTechnologyVersion\"><span>C\u00f4ng ngh\u1ec7 Intel\u00ae Run Sure<\/span><\/a><\/span><span class=\"value\" data-key=\"RunSureTechnologyVersion\">C\u00f3<\/span><\/li>\n<li><span class=\"label\"><a class=\"view-modal info-modal ark-accessible-color\" data-modal=\"tt-ModeBasedExecutionControlVersion\"><span>\u0110i\u1ec1u Khi\u1ec3n Th\u1ef1c Thi Theo T\u1eebng Ch\u1ebf \u0110\u1ed9 (MBE)<\/span><\/a><\/span><span class=\"value\" data-key=\"ModeBasedExecutionControlVersion\">C\u00f3<\/span><\/li>\n<\/ul>\n<\/div>\n<\/section>\n<\/div>\n<\/div>\n<div class=\"orderingCompliance\">\n<div class=\"orderingCompliance component\" data-component=\"orderingInformation\" data-component-id=\"1\">\u00a0<\/div>\n<\/div>\n<div class=\"arkProductImage\">\u00a0<\/div>\n<div class=\"arkCompatibleProducts\">\u00a0<\/div>\n<div class=\"downloadsSoftwareBlade driversSoftwareBlade\">\n<div class=\"new-DCBlade\">\u00a0<\/div>\n<\/div>\n<div class=\"technicalDocumentationBlade\">\n<div class=\"new-TDBlade\">\u00a0<\/div>\n<\/div>\n<\/section>\n<\/div>\n<div class=\"container support-modal-container no-print\">\n<div class=\"row\">\u00a0<\/div>\n<\/div>\n<div class=\"container support-modal-container no-print\">\n<div class=\"row\">\u00a0<\/div>\n<\/div>\n<\/div>\n<\/div>\n<\/div>\n<\/div>\n<div id=\"arkSupportOptions-1\" class=\"arkSupportOptionsBlade component\" data-component-id=\"1\" data-component=\"arkSupportOptions\">\n<section class=\"footer-support-options no-print\">\n<div class=\"container\">\n<div class=\"row\">\n<div class=\"col-sm-12\">\u00a0<\/div>\n<\/div>\n<\/div>\n<\/section>\n<\/div>\n<div class=\"marl_20\">\n<div class=\"par1 intelparsys\">\u00a0<\/div>\n<\/div><\/div>\n<p>                            <!--                            <\/p>\n<div class=\"xemthem_id_r\">--><br \/>\n                            <!--                                <a><!--\/show\/?token=--><br \/>\n                            <!--\"--><br \/>\n                            <!--                                   class=\"preview fancybox fancybox.ajax\" rel=\"nofollow\"&gt;Xem th&#234;m th&#244;ng s&#7889; k&#7929; thu&#7853;t<\/a>--><br \/>\n                            <!--                            <\/div>\n<p>-->\n                        <\/p><\/div>\n<\/p><\/div>","protected":false},"excerpt":{"rendered":"<ul>\n<ul style=\"margin: 0px auto 20px 20px;padding: 0px;font-family: 'Roboto Condensed', Arial, Helvetica, Tahoma, sans-serif;font-size: 17px;background-color: #ffffff\">\n<li style=\"margin: 0px auto;padding: 0px\"><span style=\"margin: 0px auto;padding: 0px;font-size: 16px;font-family: Helvetica, sans-serif\">S\u1ed1 nh\u00e2n (Core)\u00a0 \u00a0 \u00a0 \u00a0 \u00a0 \u00a0 \u00a0 \u00a0 \u00a0 \u00a0 \u00a0 \u00a0 \u00a0 \u00a0 \u00a0 \u00a0 24<\/span><\/li>\n<li style=\"margin: 0px auto;padding: 0px\"><span style=\"margin: 0px auto;padding: 0px;font-size: 16px;font-family: Helvetica, sans-serif\">S\u1ed1 lu\u1ed3ng (Threads)\u00a0 \u00a0 \u00a0 \u00a0 \u00a0 \u00a0 \u00a0 \u00a0 \u00a0 \u00a0 \u00a0 \u00a0 \u00a0 48<\/span><\/li>\n<li style=\"margin: 0px auto;padding: 0px\"><span style=\"margin: 0px auto;padding: 0px;font-size: 16px\"><span style=\"margin: 0px auto;padding: 0px;font-family: Helvetica, sans-serif\">Xung nh\u1ecbp m\u1eb7c \u0111\u1ecbnh\u00a0 \u00a0 \u00a0 \u00a0 \u00a0 \u00a0 \u00a0 \u00a0 \u00a0 \u00a0 \u00a0 \u00a0 \u00a02.0 GHz<\/span><\/span><\/li>\n<li style=\"margin: 0px auto;padding: 0px\"><span style=\"margin: 0px auto;padding: 0px;font-size: 16px\"><span style=\"margin: 0px auto;padding: 0px;font-family: Helvetica, sans-serif\">Xung nh\u1ecbp t\u1ed1i \u0111a\u00a0 \u00a0 \u00a0 \u00a0 \u00a0 \u00a0 \u00a0 \u00a0 \u00a0 \u00a0 \u00a0 \u00a0 \u00a0 \u00a0 \u00a0 \u00a03.70 GHz<\/span><\/span><\/li>\n<li style=\"margin: 0px auto;padding: 0px\"><span style=\"margin: 0px auto;padding: 0px;font-size: 16px\"><span style=\"margin: 0px auto;padding: 0px;font-family: Helvetica, sans-serif\">B\u1ed9 nh\u1edb \u0111\u1ec7m (cache)\u00a0 \u00a0 \u00a0 \u00a0 \u00a0 \u00a0 \u00a0 \u00a0 \u00a0 \u00a0 \u00a0 \u00a0 33 MB<\/span><\/span><\/li>\n<li style=\"margin: 0px auto;padding: 0px\"><span style=\"margin: 0px auto;padding: 0px;font-size: 16px\"><span style=\"margin: 0px auto;padding: 0px;font-family: Helvetica, sans-serif\">\u0110i\u1ec7n n\u0103ng ti\u00eau th\u1ee5 (TDP)\u00a0 \u00a0 \u00a0 \u00a0 \u00a0 \u00a0 \u00a0 \u00a0 \u00a0150 W<\/span><\/span><\/li>\n<li style=\"margin: 0px auto;padding: 0px\"><span style=\"margin: 0px auto;padding: 0px;font-size: 16px;font-family: Helvetica, sans-serif\">Chu\u1ea9n ram h\u1ed7 tr\u1ee3\u00a0 \u00a0 \u00a0 \u00a0 \u00a0 \u00a0 \u00a0 \u00a0 \u00a0 \u00a0 \u00a0 \u00a0 \u00a0 \u00a0 DDR4-2933<\/span><\/li>\n<li style=\"margin: 0px auto;padding: 0px\"><span style=\"margin: 0px auto;padding: 0px;font-size: 16px;font-family: Helvetica, sans-serif\">B\u0103ng th\u00f4ng ram t\u1ed1i \u0111a\u00a0 \u00a0 \u00a0 \u00a0 \u00a0 \u00a0 \u00a0 \u00a0 \u00a0 \u00a0 \u00a02933 MHz<\/span><\/li>\n<\/ul>\n<\/ul>","protected":false},"featured_media":13564,"comment_status":"closed","ping_status":"closed","template":"","meta":[],"pwb-brand":[],"product_cat":[2916],"product_tag":[25,55],"class_list":{"0":"post-13563","1":"product","2":"type-product","3":"status-publish","4":"has-post-thumbnail","6":"product_cat-linh-kien-may-chu","7":"product_tag-man","8":"product_tag-run","10":"first","11":"instock","12":"shipping-taxable","13":"product-type-simple"},"brands":[],"_links":{"self":[{"href":"https:\/\/serverhot.vn\/zh\/wp-json\/wp\/v2\/product\/13563","targetHints":{"allow":["GET"]}}],"collection":[{"href":"https:\/\/serverhot.vn\/zh\/wp-json\/wp\/v2\/product"}],"about":[{"href":"https:\/\/serverhot.vn\/zh\/wp-json\/wp\/v2\/types\/product"}],"replies":[{"embeddable":true,"href":"https:\/\/serverhot.vn\/zh\/wp-json\/wp\/v2\/comments?post=13563"}],"wp:featuredmedia":[{"embeddable":true,"href":"https:\/\/serverhot.vn\/zh\/wp-json\/wp\/v2\/media\/13564"}],"wp:attachment":[{"href":"https:\/\/serverhot.vn\/zh\/wp-json\/wp\/v2\/media?parent=13563"}],"wp:term":[{"taxonomy":"pwb-brand","embeddable":true,"href":"https:\/\/serverhot.vn\/zh\/wp-json\/wp\/v2\/pwb-brand?post=13563"},{"taxonomy":"product_cat","embeddable":true,"href":"https:\/\/serverhot.vn\/zh\/wp-json\/wp\/v2\/product_cat?post=13563"},{"taxonomy":"product_tag","embeddable":true,"href":"https:\/\/serverhot.vn\/zh\/wp-json\/wp\/v2\/product_tag?post=13563"}],"curies":[{"name":"wp","href":"https:\/\/api.w.org\/{rel}","templated":true}]}}