{"id":13820,"date":"2024-10-02T04:15:08","date_gmt":"2024-10-01T21:15:08","guid":{"rendered":"https:\/\/serverhot.vn\/-product-\/bo-ban-phim-chuot-dell-km7321w-ma-san-pham-km7321w\/"},"modified":"2024-10-02T04:15:09","modified_gmt":"2024-10-01T21:15:09","slug":"bo-ban-phim-chuot-dell-km7321w-ma-san-pham-km7321w","status":"publish","type":"product","link":"https:\/\/serverhot.vn\/zh\/-product-\/bo-ban-phim-chuot-dell-km7321w-ma-san-pham-km7321w\/","title":{"rendered":"B\u1ed9 B\u00e0n ph\u00edm + Chu\u1ed9t Dell KM7321W M\u00e3 s\u1ea3n ph\u1ea9m: KM7321W"},"content":{"rendered":"<div class=\"showText tabs\" id=\"tab2\">\n<div class=\"box_right_pro_view\">\n<div class=\"thongso_pro a_technical\" style=\"max-height: fit-content\">\n<table class=\"attributes\" border=\"1\" cellspacing=\"0\" cellpadding=\"0\">\n<tbody>\n<tr class=\"option-item\">\n<td class=\"op_name\"><span>H\u00e3ng s\u1ea3n xu\u1ea5t<\/span><\/td>\n<td>\n<div class=\"wordWrap\"><span>Dell<\/span><\/div>\n<\/td>\n<\/tr>\n<tr class=\"option-item\">\n<td class=\"op_name\"><span>M\u00e3 s\u1ea3n ph\u1eabm<\/span><\/td>\n<td>\n<div class=\"wordWrap\"><span>KM7321W<\/span><\/div>\n<\/td>\n<\/tr>\n<tr class=\"option-item\">\n<td class=\"op_name\"><span>C\u1ed5ng k\u1ebft n\u1ed1i<\/span><\/td>\n<td>\n<div class=\"wordWrap\"><span>USB, 2.4 GHz, Bluetooth 5.0<\/span><\/div>\n<\/td>\n<\/tr>\n<tr class=\"option-item\">\n<td class=\"op_name\"><span>S\u1ed1 l\u01b0\u1ee3ng ph\u00edm<\/span><\/td>\n<td>\n<div class=\"wordWrap\"><span>109<\/span><\/div>\n<\/td>\n<\/tr>\n<tr class=\"option-item\">\n<td class=\"op_name\"><span>\u0110\u00e8n b\u00e0n ph\u00edm<\/span><\/td>\n<td>\n<div class=\"wordWrap\"><span>Kh\u00f4ng<\/span><\/div>\n<\/td>\n<\/tr>\n<tr class=\"option-item\">\n<td class=\"op_name\"><span>Ch\u1ea5t li\u1ec7u<\/span><\/td>\n<td>\n<div class=\"wordWrap\"><span>Nh\u1ef1a<\/span><\/div>\n<\/td>\n<\/tr>\n<tr class=\"option-item\">\n<td class=\"op_name\"><span>H\u1ec7 \u0111i\u1ec1u h\u00e0nh h\u1ed7 tr\u1ee3<\/span><\/td>\n<td>\n<div class=\"wordWrap\"><span>Apple MacOS, Microsoft Windows 7, Android, Ubuntu, Google Chrome OS, Windows 8, Windows 8.1, Windows 10, Windows 11<\/span><\/div>\n<\/td>\n<\/tr>\n<tr class=\"option-item\">\n<td class=\"op_name\"><span>M\u00e0u s\u1eafc<\/span><\/td>\n<td>\n<div class=\"wordWrap\"><span>\u0110en x\u00e1m<\/span><\/div>\n<\/td>\n<\/tr>\n<tr class=\"option-item\">\n<td class=\"op_name\"><span>K\u00edch th\u01b0\u1edbc<\/span><\/td>\n<td>\n<div class=\"wordWrap\"><span>B\u00e0n ph\u00edm: 434 x 122 x 27.9 mm ; Chu\u1ed9t: 68.5 x 114.3 x 40.64 mm<\/span><\/div>\n<\/td>\n<\/tr>\n<tr class=\"option-item\">\n<td class=\"op_name\"><span>Kh\u1ed1i l\u01b0\u1ee3ng<\/span><\/td>\n<td>\n<div class=\"wordWrap\"><span>B\u00e0n ph\u00edm: 562g, Chu\u1ed9t: 85g<\/span><\/div>\n<\/td>\n<\/tr>\n<tr class=\"option-item\">\n<td class=\"op_name\"><span>\u0110\u1ed9 ph\u00e2n gi\u1ea3i<\/span><\/td>\n<td>\n<div class=\"wordWrap\"><span>l\u00ean \u0111\u1ebfn 4000 dpi<\/span><\/div>\n<\/td>\n<\/tr>\n<tr class=\"option-item\">\n<td class=\"op_name\"><span>\u5b89\u5168<\/span><\/td>\n<td>\n<div class=\"wordWrap\"><span>M\u00e3 h\u00f3a AES 128-bit<\/span><\/div>\n<\/td>\n<\/tr>\n<\/tbody>\n<\/table><\/div>\n<p>                            <!--                            <\/p>\n<div class=\"xemthem_id_r\">--><br \/>\n                            <!--                                <a><!--\/show\/?token=--><br \/>\n                            <!--\"--><br \/>\n                            <!--                                   class=\"preview fancybox fancybox.ajax\" rel=\"nofollow\"&gt;Xem th&#234;m th&#244;ng s&#7889; k&#7929; thu&#7853;t<\/a>--><br \/>\n                            <!--                            <\/div>\n<p>-->\n                        <\/p><\/div>\n<\/p><\/div>","protected":false},"excerpt":{"rendered":"<ul>\n<ul>\n<li style=\"text-align: justify\"><span style=\"font-size: 18px\">M\u00e0u s\u1eafc: \u0110en x\u00e1m <\/span><\/li>\n<li style=\"text-align: justify\"><span style=\"font-size: 18px\">C\u1ed5ng k\u1ebft n\u1ed1i: USB, 2.4 GHz, Bluetooth 5.0<\/span><\/li>\n<li style=\"text-align: justify\"><span style=\"font-size: 18px\">B\u00e0n ph\u00edm thi\u1ebft k\u1ebf d\u1ea1ng m\u1ecfng, sang tr\u1ecdng <\/span><\/li>\n<li style=\"text-align: justify\"><span style=\"font-size: 18px\">Chu\u1ed9t c\u00f3 \u0111\u1ed9 ph\u00e2n gi\u1ea3i: 1000,1600(default)<\/span><\/li>\n<li style=\"text-align: justify\"><span style=\"font-size: 18px\">T\u01b0\u01a1ng th\u00edch nhi\u1ec1u h\u1ec7 \u0111i\u1ec1u h\u00e0nh<\/span><\/li>\n<\/ul>\n<\/ul>","protected":false},"featured_media":13821,"comment_status":"closed","ping_status":"closed","template":"","meta":[],"pwb-brand":[],"product_cat":[2910],"product_tag":[],"class_list":{"0":"post-13820","1":"product","2":"type-product","3":"status-publish","4":"has-post-thumbnail","6":"product_cat-thiet-bi-van-phong","8":"first","9":"instock","10":"shipping-taxable","11":"product-type-simple"},"brands":[],"_links":{"self":[{"href":"https:\/\/serverhot.vn\/zh\/wp-json\/wp\/v2\/product\/13820","targetHints":{"allow":["GET"]}}],"collection":[{"href":"https:\/\/serverhot.vn\/zh\/wp-json\/wp\/v2\/product"}],"about":[{"href":"https:\/\/serverhot.vn\/zh\/wp-json\/wp\/v2\/types\/product"}],"replies":[{"embeddable":true,"href":"https:\/\/serverhot.vn\/zh\/wp-json\/wp\/v2\/comments?post=13820"}],"wp:featuredmedia":[{"embeddable":true,"href":"https:\/\/serverhot.vn\/zh\/wp-json\/wp\/v2\/media\/13821"}],"wp:attachment":[{"href":"https:\/\/serverhot.vn\/zh\/wp-json\/wp\/v2\/media?parent=13820"}],"wp:term":[{"taxonomy":"pwb-brand","embeddable":true,"href":"https:\/\/serverhot.vn\/zh\/wp-json\/wp\/v2\/pwb-brand?post=13820"},{"taxonomy":"product_cat","embeddable":true,"href":"https:\/\/serverhot.vn\/zh\/wp-json\/wp\/v2\/product_cat?post=13820"},{"taxonomy":"product_tag","embeddable":true,"href":"https:\/\/serverhot.vn\/zh\/wp-json\/wp\/v2\/product_tag?post=13820"}],"curies":[{"name":"wp","href":"https:\/\/api.w.org\/{rel}","templated":true}]}}