{"id":13988,"date":"2024-10-13T00:02:05","date_gmt":"2024-10-12T17:02:05","guid":{"rendered":"https:\/\/serverhot.vn\/-product-\/thiet-bi-luu-tru-asustor-drivestor-2-as1102t-ma-san-pham-as1102t\/"},"modified":"2024-10-13T00:02:09","modified_gmt":"2024-10-12T17:02:09","slug":"thiet-bi-luu-tru-asustor-drivestor-2-as1102t-ma-san-pham-as1102t","status":"publish","type":"product","link":"https:\/\/serverhot.vn\/zh\/-product-\/thiet-bi-luu-tru-asustor-drivestor-2-as1102t-ma-san-pham-as1102t\/","title":{"rendered":"Thi\u1ebft b\u1ecb l\u01b0u tr\u1eef Asustor DRIVESTOR 2 (AS1102T) M\u00e3 s\u1ea3n ph\u1ea9m: AS1102T"},"content":{"rendered":"<div class=\"showText tabs\" id=\"tab2\">\n<div class=\"box_right_pro_view\">\n<div class=\"thongso_pro a_technical\" style=\"max-height: fit-content\">\n<table border=\"1\">\n<tbody>\n<tr>\n<td>Nh\u00e0 s\u1ea3n xu\u1ea5t<\/td>\n<td>Asustor<\/td>\n<\/tr>\n<tr>\n<td>Model<\/td>\n<td>AS1102T<\/td>\n<\/tr>\n<tr>\n<td>CPU<\/td>\n<td>Realtek RTD1296 Quad-Core 1.4 GHz<\/td>\n<\/tr>\n<tr>\n<td>Memory<\/td>\n<td>1GB DDR4<\/td>\n<\/tr>\n<tr>\n<td>Flash Memory<\/td>\n<td>8GB eMMC<\/td>\n<\/tr>\n<tr>\n<td>Compatible Drive Type<\/td>\n<td>\n<p>2 x 3.5 inch SATA HDD (drive not included)<br \/>c\u00f3 th\u1ec3 k\u1ebft h\u1ee3p b\u1ed9 m\u1edf r\u1ed9ng l\u00ean \u0111\u1ebfn 10 \u1ed5 c\u1ee9ng<\/p>\n<\/td>\n<\/tr>\n<tr>\n<td>M.2 drive bay<\/td>\n<td>None<\/td>\n<\/tr>\n<tr>\n<td>Max Raw Storage Capacity<\/td>\n<td>\n<p>36TB (18TB x 2)\u00a0<\/p>\n<\/td>\n<\/tr>\n<tr>\n<td>Maximum total net storage capacity with expansion device<\/td>\n<td>180 TB (18TB HDD x 10) (Capacity may vary by RAID types)<\/td>\n<\/tr>\n<tr>\n<td>External port<\/td>\n<td>2 x USB 3.2 Gen1<\/td>\n<\/tr>\n<tr>\n<td>K\u00edch th\u01b0\u1edbt<\/td>\n<td>165 mm x 102 mm x 218 mm<\/td>\n<\/tr>\n<tr>\n<td>Tr\u1ecdng l\u01b0\u1ee3ng<\/td>\n<td>1.14 kg<\/td>\n<\/tr>\n<tr>\n<td>LAN<\/td>\n<td>1 x 2.5 Gigabit\u00a0Ethernet (2.5G\/1G\/100M)<\/td>\n<\/tr>\n<tr>\n<td>IP Cam<\/td>\n<td>4 Lisence (Up to 12)<\/td>\n<\/tr>\n<tr>\n<td>Ngu\u1ed3n v\u00e0o<\/td>\n<td>65W Adapter<\/td>\n<\/tr>\n<tr>\n<td>N\u0103ng l\u01b0\u1ee3ng ti\u00eau th\u1ee5<\/td>\n<td>\n<p>11,6 W (ho\u1ea1t \u0111\u1ed9ng)<br \/>5,97 W (ng\u1ee7 \u0111\u00f4ng)<\/p>\n<\/td>\n<\/tr>\n<tr>\n<td>Wake on LAN\/WAN<\/td>\n<td>Yes<\/td>\n<\/tr>\n<tr>\n<td>System Fan<\/td>\n<td>1 x 70mm<\/td>\n<\/tr>\n<tr>\n<td>Supported RAID Type<\/td>\n<td>RAID 1<\/td>\n<\/tr>\n<tr>\n<td>S\u1ea3n xu\u1ea5t t\u1ea1i<\/td>\n<td>Trung Qu\u1ed1c<\/td>\n<\/tr>\n<\/tbody>\n<\/table><\/div>\n<p>                            <!--                            <\/p>\n<div class=\"xemthem_id_r\">--><br \/>\n                            <!--                                <a><!--\/show\/?token=--><br \/>\n                            <!--\"--><br \/>\n                            <!--                                   class=\"preview fancybox fancybox.ajax\" rel=\"nofollow\"&gt;Xem th&#234;m th&#244;ng s&#7889; k&#7929; thu&#7853;t<\/a>--><br \/>\n                            <!--                            <\/div>\n<p>-->\n                        <\/p><\/div>\n<\/p><\/div>","protected":false},"excerpt":{"rendered":"<ul>\n<p><strong>DRIVESTOR 2 (AS1102T) l\u00e0 d\u00f2ng NAS nh\u1ecf g\u1ecdn nh\u1ea5t<\/strong><\/p>\n<ul>\n<li style=\"text-align: justify\">Ch\u00edp x\u1eed l\u00fd: Realtek RTD1296 (ARM64 64-bit), Quad-Core, 1.4GHz<\/li>\n<li style=\"text-align: justify\">S\u1eed d\u1ee5ng b\u1ed9 nh\u1edb 1 GB DDR4 &#8211; hi\u1ec7u qu\u1ea3 h\u01a1n 40%<\/li>\n<li style=\"text-align: justify\">C\u1ed5ng m\u1ea1ng 2,5 Gigabit si\u00eau nhanh<\/li>\n<li style=\"text-align: justify\">\u1ed4 \u0111\u0129a c\u1ee9ng: 2 x 3.5 inch HDD SATA3 6Gb\/s<\/li>\n<li style=\"text-align: justify\">C\u1ed5ng k\u1ebft n\u1ed1i: USB 3.2 Gen 1 x 2<\/li>\n<li style=\"text-align: justify\">Fan: 70mm x 1<\/li>\n<li style=\"text-align: justify\">Th\u01b0\u1edfng th\u1ee9c, t\u1ea3i xu\u1ed1ng, t\u1ea3i l\u00ean v\u00e0 ph\u00e1t tr\u1ef1c tuy\u1ebfn n\u1ed9i dung v\u1edbi chuy\u1ec3n m\u00e3 4K.<\/li>\n<li style=\"text-align: justify\">H\u1ed7 tr\u1ee3 \u0110\u00e1nh th\u1ee9c tr\u00ean m\u1ea1ng LAN v\u00e0 \u0110\u00e1nh th\u1ee9c tr\u00ean WAN<\/li>\n<li style=\"text-align: justify\">Logo v\u00e0ng h\u1ed3ng m\u1edbi<\/li>\n<li style=\"text-align: justify\">C\u00e0i \u0111\u1eb7t kh\u00f4ng c\u1ea7n c\u00f4ng c\u1ee5<\/li>\n<\/ul>\n<\/ul>","protected":false},"featured_media":13989,"comment_status":"closed","ping_status":"closed","template":"","meta":[],"pwb-brand":[],"product_cat":[2880],"product_tag":[2841,55],"class_list":{"0":"post-13988","1":"product","2":"type-product","3":"status-publish","4":"has-post-thumbnail","6":"product_cat-asustor","7":"product_tag-hdd","8":"product_tag-run","10":"first","11":"instock","12":"shipping-taxable","13":"product-type-simple"},"brands":[],"_links":{"self":[{"href":"https:\/\/serverhot.vn\/zh\/wp-json\/wp\/v2\/product\/13988","targetHints":{"allow":["GET"]}}],"collection":[{"href":"https:\/\/serverhot.vn\/zh\/wp-json\/wp\/v2\/product"}],"about":[{"href":"https:\/\/serverhot.vn\/zh\/wp-json\/wp\/v2\/types\/product"}],"replies":[{"embeddable":true,"href":"https:\/\/serverhot.vn\/zh\/wp-json\/wp\/v2\/comments?post=13988"}],"wp:featuredmedia":[{"embeddable":true,"href":"https:\/\/serverhot.vn\/zh\/wp-json\/wp\/v2\/media\/13989"}],"wp:attachment":[{"href":"https:\/\/serverhot.vn\/zh\/wp-json\/wp\/v2\/media?parent=13988"}],"wp:term":[{"taxonomy":"pwb-brand","embeddable":true,"href":"https:\/\/serverhot.vn\/zh\/wp-json\/wp\/v2\/pwb-brand?post=13988"},{"taxonomy":"product_cat","embeddable":true,"href":"https:\/\/serverhot.vn\/zh\/wp-json\/wp\/v2\/product_cat?post=13988"},{"taxonomy":"product_tag","embeddable":true,"href":"https:\/\/serverhot.vn\/zh\/wp-json\/wp\/v2\/product_tag?post=13988"}],"curies":[{"name":"wp","href":"https:\/\/api.w.org\/{rel}","templated":true}]}}