{"id":14064,"date":"2024-10-14T15:45:10","date_gmt":"2024-10-14T08:45:10","guid":{"rendered":"https:\/\/serverhot.vn\/-product-\/may-tinh-de-ban-dong-bo-hp-pro-mini-260-g9-73d09pa-core-i3-1215u-8gb-ddr4-ssd-256gb-usb-m-kb-win11home-1y-onsite-ma-san-pham-73d09pa\/"},"modified":"2024-10-14T15:45:12","modified_gmt":"2024-10-14T08:45:12","slug":"may-tinh-de-ban-dong-bo-hp-pro-mini-260-g9-73d09pa-core-i3-1215u-8gb-ddr4-ssd-256gb-usb-m-kb-win11home-1y-onsite-ma-san-pham-73d09pa","status":"publish","type":"product","link":"https:\/\/serverhot.vn\/zh\/-product-\/may-tinh-de-ban-dong-bo-hp-pro-mini-260-g9-73d09pa-core-i3-1215u-8gb-ddr4-ssd-256gb-usb-m-kb-win11home-1y-onsite-ma-san-pham-73d09pa\/","title":{"rendered":"M\u00e1y t\u00ecnh \u0111\u1ec3 b\u00e0n \u0111\u1ed3ng b\u1ed9 HP Pro Mini 260 G9 &#8211; 73D09PA (Core i3 1215U | 8GB DDR4 | SSD 256GB | USB M &amp; KB\/ Win11Home | 1Y Onsite) M\u00e3 s\u1ea3n ph\u1ea9m: 73D09PA"},"content":{"rendered":"<div class=\"showText tabs\" id=\"tab2\">\n                                    <\/div>","protected":false},"excerpt":{"rendered":"<ul>\n<p>CPU: Intel Core i3-1215U (l\u00ean \u0111\u1ebfn 4.4 GHz v\u1edbi Intel Turbo Boost Technology, 10 MB L3 cache, 6 cores, 8 threads)<\/p>\n<p>RAM: 8GB DDR4-3200 MHz (C\u00f3 2 khe Ram Laptop)<\/p>\n<p>\u1ed4 c\u1ee9ng: 256GB M.2 2280 PCIe NVMe SSD (x1 slot HDD 2.5&#8243; sata)<\/p>\n<p>VGA: Intel UHD Graphics<\/p>\n<p>C\u1ed5 xu\u1ea5t h\u00ecnh: 1x DisplayPort\u2122 1.4; 1x HDMI 1.4b.<\/p>\n<p>K\u1ebft n\u1ed1i m\u1ea1ng: Lan gigabit, wifi + bluetooth<\/p>\n<p>DVDRW: kh\u00f4ng<\/p>\n<p>H\u1ec7 \u0111i\u1ec1u h\u00e0nh: Windows 11 Home Single Language<\/p>\n<\/ul>","protected":false},"featured_media":14065,"comment_status":"closed","ping_status":"closed","template":"","meta":[],"pwb-brand":[],"product_cat":[2887],"product_tag":[2841],"class_list":{"0":"post-14064","1":"product","2":"type-product","3":"status-publish","4":"has-post-thumbnail","6":"product_cat-hp","7":"product_tag-hdd","9":"first","10":"instock","11":"shipping-taxable","12":"product-type-simple"},"brands":[],"_links":{"self":[{"href":"https:\/\/serverhot.vn\/zh\/wp-json\/wp\/v2\/product\/14064","targetHints":{"allow":["GET"]}}],"collection":[{"href":"https:\/\/serverhot.vn\/zh\/wp-json\/wp\/v2\/product"}],"about":[{"href":"https:\/\/serverhot.vn\/zh\/wp-json\/wp\/v2\/types\/product"}],"replies":[{"embeddable":true,"href":"https:\/\/serverhot.vn\/zh\/wp-json\/wp\/v2\/comments?post=14064"}],"wp:featuredmedia":[{"embeddable":true,"href":"https:\/\/serverhot.vn\/zh\/wp-json\/wp\/v2\/media\/14065"}],"wp:attachment":[{"href":"https:\/\/serverhot.vn\/zh\/wp-json\/wp\/v2\/media?parent=14064"}],"wp:term":[{"taxonomy":"pwb-brand","embeddable":true,"href":"https:\/\/serverhot.vn\/zh\/wp-json\/wp\/v2\/pwb-brand?post=14064"},{"taxonomy":"product_cat","embeddable":true,"href":"https:\/\/serverhot.vn\/zh\/wp-json\/wp\/v2\/product_cat?post=14064"},{"taxonomy":"product_tag","embeddable":true,"href":"https:\/\/serverhot.vn\/zh\/wp-json\/wp\/v2\/product_tag?post=14064"}],"curies":[{"name":"wp","href":"https:\/\/api.w.org\/{rel}","templated":true}]}}