{"id":14076,"date":"2024-10-14T17:15:10","date_gmt":"2024-10-14T10:15:10","guid":{"rendered":"https:\/\/serverhot.vn\/-product-\/may-tinh-de-ban-dong-bo-hp-pro-tower-280-g9-72j47pa-pci-intel-core-i3-12100-8gb-256gb-ssd-wlbt-win-11-home-64-ma-san-pham-72j47pa\/"},"modified":"2024-10-14T17:15:13","modified_gmt":"2024-10-14T10:15:13","slug":"may-tinh-de-ban-dong-bo-hp-pro-tower-280-g9-72j47pa-pci-intel-core-i3-12100-8gb-256gb-ssd-wlbt-win-11-home-64-ma-san-pham-72j47pa","status":"publish","type":"product","link":"https:\/\/serverhot.vn\/zh\/-product-\/may-tinh-de-ban-dong-bo-hp-pro-tower-280-g9-72j47pa-pci-intel-core-i3-12100-8gb-256gb-ssd-wlbt-win-11-home-64-ma-san-pham-72j47pa\/","title":{"rendered":"M\u00e1y t\u00ednh \u0111\u1ec3 b\u00e0n \u0111\u1ed3ng b\u1ed9 HP Pro Tower 280 G9 72J47PA PCI\/ Intel Core i3-12100\/ 8GB\/ 256GB SSD\/ WL+BT\/ Win 11 Home 64 M\u00e3 s\u1ea3n ph\u1ea9m: 72J47PA"},"content":{"rendered":"<div class=\"showText tabs\" id=\"tab2\">\n                                    <\/div>","protected":false},"excerpt":{"rendered":"<ul>\n<p>&#8211; CPU: Intel Core i3-12100<\/p>\n<p>&#8211; RAM:\u00a08GB DDR4 3200Mhz (2 x slot)<\/p>\n<p>&#8211; \u1ed4 c\u1ee9ng: SSD 256GB\u00a0 PCIe NVMe (x1 HDD 3.5&#8243; Sata)<\/p>\n<p>&#8211; WL+BT<\/p>\n<p>&#8211; H\u1ec7 \u0111i\u1ec1u h\u00e0nh: Win 11 Home 64<\/p>\n<\/ul>","protected":false},"featured_media":14077,"comment_status":"closed","ping_status":"closed","template":"","meta":[],"pwb-brand":[],"product_cat":[2887],"product_tag":[2841],"class_list":{"0":"post-14076","1":"product","2":"type-product","3":"status-publish","4":"has-post-thumbnail","6":"product_cat-hp","7":"product_tag-hdd","9":"first","10":"instock","11":"shipping-taxable","12":"product-type-simple"},"brands":[],"_links":{"self":[{"href":"https:\/\/serverhot.vn\/zh\/wp-json\/wp\/v2\/product\/14076","targetHints":{"allow":["GET"]}}],"collection":[{"href":"https:\/\/serverhot.vn\/zh\/wp-json\/wp\/v2\/product"}],"about":[{"href":"https:\/\/serverhot.vn\/zh\/wp-json\/wp\/v2\/types\/product"}],"replies":[{"embeddable":true,"href":"https:\/\/serverhot.vn\/zh\/wp-json\/wp\/v2\/comments?post=14076"}],"wp:featuredmedia":[{"embeddable":true,"href":"https:\/\/serverhot.vn\/zh\/wp-json\/wp\/v2\/media\/14077"}],"wp:attachment":[{"href":"https:\/\/serverhot.vn\/zh\/wp-json\/wp\/v2\/media?parent=14076"}],"wp:term":[{"taxonomy":"pwb-brand","embeddable":true,"href":"https:\/\/serverhot.vn\/zh\/wp-json\/wp\/v2\/pwb-brand?post=14076"},{"taxonomy":"product_cat","embeddable":true,"href":"https:\/\/serverhot.vn\/zh\/wp-json\/wp\/v2\/product_cat?post=14076"},{"taxonomy":"product_tag","embeddable":true,"href":"https:\/\/serverhot.vn\/zh\/wp-json\/wp\/v2\/product_tag?post=14076"}],"curies":[{"name":"wp","href":"https:\/\/api.w.org\/{rel}","templated":true}]}}